{"id":15,"date":"2019-12-04T11:24:01","date_gmt":"2019-12-04T11:24:01","guid":{"rendered":"https:\/\/sites.ipleiria.pt\/ipce2020\/?page_id=15"},"modified":"2022-03-21T10:13:05","modified_gmt":"2022-03-21T10:13:05","slug":"submissao-de-propostas-2","status":"publish","type":"page","link":"https:\/\/sites.ipleiria.pt\/ipce2022\/submissao-de-propostas-2\/","title":{"rendered":"Submiss\u00e3o de propostas"},"content":{"rendered":"\n<p>As sess\u00f5es paralelas de comunica\u00e7\u00e3o destinam-se \u00e0 apresenta\u00e7\u00e3o de experi\u00eancias educativas, projetos, trabalhos de investiga\u00e7\u00e3o, ferramentas e materiais dentro dos temas definidos para a confer\u00eancia IPCE.<br>A Comiss\u00e3o Organizadora da IPCE2022 convida a comunidade educativa, nomeadamente, educadores, professores, investigadores, estudantes do ensino superior, \u00f3rg\u00e3os de dire\u00e7\u00e3o e gest\u00e3o de institui\u00e7\u00f5es e t\u00e9cnicos da \u00e1rea da educa\u00e7\u00e3o, \u00e0 apresenta\u00e7\u00e3o de trabalhos num dos seguintes formatos:<\/p>\n\n\n\n<p><strong>Relato<\/strong><br>Este formato \u00e9 particularmente adequado a experi\u00eancias educativas e projetos que ainda estejam a decorrer. Um relato pode ser:<br>\u2013 uma experi\u00eancia educativa (introdu\u00e7\u00e3o, apresenta\u00e7\u00e3o experi\u00eancia, conclus\u00f5es, refer\u00eancias)<br>\u2013 um projeto em curso (introdu\u00e7\u00e3o, apresenta\u00e7\u00e3o projecto, conclus\u00f5es, refer\u00eancias)<br>\u2013 e\/ou um projeto de investiga\u00e7\u00e3o\/educativo (com metodologia, resultados e refer\u00eancias).<\/p>\n\n\n\n<p>As submiss\u00f5es devem ser textos in\u00e9ditos, n\u00e3o editados ou apresentados em quaisquer outras publica\u00e7\u00f5es. Os textos podem ser submetidos em Portugu\u00eas, Ingl\u00eas ou Espanhol. Os textos s\u00e3o limitados a 4200 caracteres, incluindo espa\u00e7os e excluindo: t\u00edtulo; afilia\u00e7\u00e3o e contacto; resumo e palavras-chave (em duas l\u00ednguas).<br>Os textos devem seguir, obrigatoriamente, as normas de formata\u00e7\u00e3o do IPCE2022 (.pdf). O modelo deve ser descarregado (descarregue <a href=\"http:\/\/sites.ipleiria.pt\/ipce2022\/files\/2022\/03\/IPCE2022_Modelo-Relato-POR.docx\">aqui<\/a>) e deve ser usado para trabalhar diretamente sobre o ficheiro. No caso de estas normas n\u00e3o serem respeitadas, os textos n\u00e3o ser\u00e3o publicados.<br>A submiss\u00e3o do relato, devidamente identificado com o apelido do(s) autor(es), t\u00edtulo do relato e a indica\u00e7\u00e3o REL, dever\u00e1 ser feita na plataforma at\u00e9 ao dia <strong><strong><s>14 de mar\u00e7o de 2022<\/s><\/strong> <strong>21 de mar\u00e7o de 2022<\/strong>.<\/strong> (<a href=\"https:\/\/eur02.safelinks.protection.outlook.com\/?url=https%3A%2F%2Feasychair.org%2Fconferences%2F%3Fconf%3Dipce2022&amp;data=04%7C01%7Cromain.gillain%40ipleiria.pt%7C897149dd96f1421bf74d08d9e35de885%7C536b85ada4484186a9afe3ccad3302c5%7C0%7C1%7C637790814746096554%7CUnknown%7CTWFpbGZsb3d8eyJWIjoiMC4wLjAwMDAiLCJQIjoiV2luMzIiLCJBTiI6Ik1haWwiLCJXVCI6Mn0%3D%7C3000&amp;sdata=Qo%2FEu5p7ZVsUuFgibmfxTue4jgcBK8sH3E4oX%2FGzpJA%3D&amp;reserved=0\">submeter<\/a>).<br><\/p>\n\n\n\n<p><strong>Artigo<\/strong><br>As submiss\u00f5es devem ser textos in\u00e9ditos, n\u00e3o editados ou apresentados em quaisquer outras publica\u00e7\u00f5es. Os textos podem ser submetidos em Portugu\u00eas, Ingl\u00eas ou Espanhol. Os textos s\u00e3o limitados a 30 000 caracteres, incluindo espa\u00e7os e excluindo: t\u00edtulo; afilia\u00e7\u00e3o e contacto; resumo e palavras-chave (em duas l\u00ednguas).<br>Os textos devem seguir, obrigatoriamente, as normas de formata\u00e7\u00e3o do IPCE2022 (.pdf). O modelo deve ser descarregado (descarregue <a href=\"http:\/\/sites.ipleiria.pt\/ipce2022\/files\/2022\/03\/IPCE2022_Modelo_artigo-POR.docx\">aqui<\/a>) e deve ser usado para trabalhar diretamente sobre o ficheiro. No caso de estas normas n\u00e3o serem respeitadas, os textos n\u00e3o ser\u00e3o publicados.<br>A submiss\u00e3o do artigo, devidamente identificado com o apelido do(s) autor(es), t\u00edtulo do artigo e a indica\u00e7\u00e3o ART, dever\u00e1 ser feita na plataforma at\u00e9 ao dia<strong> <s>14 de mar\u00e7o de 2022<\/s><\/strong> <strong>21 de mar\u00e7o de 2022<\/strong>. (<a href=\"https:\/\/eur02.safelinks.protection.outlook.com\/?url=https%3A%2F%2Feasychair.org%2Fconferences%2F%3Fconf%3Dipce2022&amp;data=04%7C01%7Cromain.gillain%40ipleiria.pt%7C897149dd96f1421bf74d08d9e35de885%7C536b85ada4484186a9afe3ccad3302c5%7C0%7C1%7C637790814746096554%7CUnknown%7CTWFpbGZsb3d8eyJWIjoiMC4wLjAwMDAiLCJQIjoiV2luMzIiLCJBTiI6Ik1haWwiLCJXVCI6Mn0%3D%7C3000&amp;sdata=Qo%2FEu5p7ZVsUuFgibmfxTue4jgcBK8sH3E4oX%2FGzpJA%3D&amp;reserved=0\">submeter<\/a>).<\/p>\n\n\n\n<p><\/p>\n\n\n\n<p><strong>P\u00f3ster<\/strong><br>Visa a divulga\u00e7\u00e3o de trabalhos de investiga\u00e7\u00e3o, experi\u00eancias educativas, projetos, ferramentas e materiais. A apresenta\u00e7\u00e3o de posters na IPCE2022 constitui uma excelente oportunidade para os autores divulgarem e discutirem os seus trabalhos de um modo interativo e informal.<br>A submiss\u00e3o de posters \u00e9 feita via modelo predefinido.<br>Os posters aceites \u00e0 IPCE2022 dever\u00e3o ser afixados no in\u00edcio do primeiro dia da confer\u00eancia, mantendo-se at\u00e9 ao final (tamanho A0, vertical). Os autores dever\u00e3o estar presentes durante a sess\u00e3o de apresenta\u00e7\u00e3o de posters, de modo a poderem apresentar e discutir informalmente o seu trabalho. A sess\u00e3o de apresenta\u00e7\u00e3o de posters durar\u00e1 uma hora. Os materiais a expor s\u00e3o da responsabilidade dos autores e dever\u00e3o ser preparados previamente \u00e0 confer\u00eancia.<br>Modelo para P\u00f3ster (.pdf) (descarregue <a href=\"http:\/\/sites.ipleiria.pt\/ipce2022\/files\/2022\/03\/IPCE2022_Modelo_poster-POR.pptx\">aqui<\/a>)<br>A submiss\u00e3o do P\u00f3ster, devidamente identificado com o apelido do(s) autor(es), t\u00edtulo do p\u00f3ster e a indica\u00e7\u00e3o POS, dever\u00e1 ser feita na plataforma at\u00e9 ao dia<strong> <strong><strong>14 de mar\u00e7o de 2022<\/strong> <strong>21 de mar\u00e7o de 2022<\/strong><\/strong>.<\/strong> (<a href=\"https:\/\/eur02.safelinks.protection.outlook.com\/?url=https%3A%2F%2Feasychair.org%2Fconferences%2F%3Fconf%3Dipce2022&amp;data=04%7C01%7Cromain.gillain%40ipleiria.pt%7C897149dd96f1421bf74d08d9e35de885%7C536b85ada4484186a9afe3ccad3302c5%7C0%7C1%7C637790814746096554%7CUnknown%7CTWFpbGZsb3d8eyJWIjoiMC4wLjAwMDAiLCJQIjoiV2luMzIiLCJBTiI6Ik1haWwiLCJXVCI6Mn0%3D%7C3000&amp;sdata=Qo%2FEu5p7ZVsUuFgibmfxTue4jgcBK8sH3E4oX%2FGzpJA%3D&amp;reserved=0\">submeter<\/a>).<\/p>\n\n\n\n<p><strong>NOTA IMPORTANTE<\/strong><br>Os trabalhos submetidos ser\u00e3o sujeitos a uma avalia\u00e7\u00e3o cega por especialistas da Comiss\u00e3o Cient\u00edfica do IPCE2022. Nesta avalia\u00e7\u00e3o ter-se-\u00e1 em considera\u00e7\u00e3o a:<br>i) Pertin\u00eancia da proposta em rela\u00e7\u00e3o \u00e0 tem\u00e1tica da confer\u00eancia<br>ii) Qualidade cient\u00edfica e contributos do trabalho<br>iii) <mark style=\"background-color:yellow;color:black\">Respeito das normas de reda\u00e7\u00e3o (nomeadamente das normas <a href=\"http:\/\/sites.ipleiria.pt\/ipce2022\/files\/2022\/02\/Guia_APA_7aEd._v1.pdf\">APA 7\u00ba edi\u00e7\u00e3o)<\/a><\/mark><br>Ap\u00f3s a avalia\u00e7\u00e3o, a Comiss\u00e3o Organizadora da IPCE enviar\u00e1 aos autores, por correio eletr\u00f3nico, nota sobre a aceita\u00e7\u00e3o das propostas submetidas, <strong>at\u00e9 ao dia 13 de abril de 2022<\/strong>.<\/p>\n\n\n\n<p>A apresenta\u00e7\u00e3o dos relatos ter\u00e1 uma dura\u00e7\u00e3o m\u00e1xima de 10 minutos e dos artigos de 15 minutos.<br>A publica\u00e7\u00e3o em Livro de Atas est\u00e1 dependente da inscri\u00e7\u00e3o no IPCE2022 de pelo menos um dos autores. <\/p>\n","protected":false},"excerpt":{"rendered":"<p>As sess\u00f5es paralelas de comunica\u00e7\u00e3o destinam-se \u00e0 apresenta\u00e7\u00e3o de experi\u00eancias educativas, projetos, trabalhos de investiga\u00e7\u00e3o, ferramentas e materiais dentro dos temas definidos para a confer\u00eancia IPCE.A Comiss\u00e3o Organizadora da IPCE2022 convida a comunidade educativa, nomeadamente, educadores, professores, investigadores, estudantes do&hellip;  <\/p>\n<p class=\"more-link\"><a href=\"https:\/\/sites.ipleiria.pt\/ipce2022\/submissao-de-propostas-2\/\">Continue reading <span class=\"meta-nav\">&rarr;<\/span><\/a><\/p>\n","protected":false},"author":102,"featured_media":0,"parent":0,"menu_order":0,"comment_status":"closed","ping_status":"closed","template":"","meta":{"footnotes":""},"class_list":["post-15","page","type-page","status-publish","hentry"],"yoast_head":"<!-- This site is optimized with the Yoast SEO plugin v26.8 - https:\/\/yoast.com\/product\/yoast-seo-wordpress\/ -->\n<title>Submiss\u00e3o de propostas - IPCE 2022<\/title>\n<meta name=\"robots\" content=\"index, follow, max-snippet:-1, max-image-preview:large, max-video-preview:-1\" \/>\n<link rel=\"canonical\" href=\"https:\/\/sites.ipleiria.pt\/ipce2022\/submissao-de-propostas-2\/\" \/>\n<meta property=\"og:locale\" content=\"pt_PT\" \/>\n<meta property=\"og:type\" content=\"article\" \/>\n<meta property=\"og:title\" content=\"Submiss\u00e3o de propostas - IPCE 2022\" \/>\n<meta property=\"og:description\" content=\"As sess\u00f5es paralelas de comunica\u00e7\u00e3o destinam-se \u00e0 apresenta\u00e7\u00e3o de experi\u00eancias educativas, projetos, trabalhos de investiga\u00e7\u00e3o, ferramentas e materiais dentro dos temas definidos para a confer\u00eancia IPCE.A Comiss\u00e3o Organizadora da IPCE2022 convida a comunidade educativa, nomeadamente, educadores, professores, investigadores, estudantes do&hellip; Continue reading &rarr;\" \/>\n<meta property=\"og:url\" content=\"https:\/\/sites.ipleiria.pt\/ipce2022\/submissao-de-propostas-2\/\" \/>\n<meta property=\"og:site_name\" content=\"IPCE 2022\" \/>\n<meta property=\"article:modified_time\" content=\"2022-03-21T10:13:05+00:00\" \/>\n<meta name=\"twitter:card\" content=\"summary_large_image\" \/>\n<meta name=\"twitter:label1\" content=\"Tempo estimado de leitura\" \/>\n\t<meta name=\"twitter:data1\" content=\"4 minutos\" \/>\n<script type=\"application\/ld+json\" class=\"yoast-schema-graph\">{\"@context\":\"https:\/\/schema.org\",\"@graph\":[{\"@type\":\"WebPage\",\"@id\":\"https:\/\/sites.ipleiria.pt\/ipce2022\/submissao-de-propostas-2\/\",\"url\":\"https:\/\/sites.ipleiria.pt\/ipce2022\/submissao-de-propostas-2\/\",\"name\":\"Submiss\u00e3o de propostas - IPCE 2022\",\"isPartOf\":{\"@id\":\"https:\/\/sites.ipleiria.pt\/ipce2022\/#website\"},\"datePublished\":\"2019-12-04T11:24:01+00:00\",\"dateModified\":\"2022-03-21T10:13:05+00:00\",\"breadcrumb\":{\"@id\":\"https:\/\/sites.ipleiria.pt\/ipce2022\/submissao-de-propostas-2\/#breadcrumb\"},\"inLanguage\":\"pt-PT\",\"potentialAction\":[{\"@type\":\"ReadAction\",\"target\":[\"https:\/\/sites.ipleiria.pt\/ipce2022\/submissao-de-propostas-2\/\"]}]},{\"@type\":\"BreadcrumbList\",\"@id\":\"https:\/\/sites.ipleiria.pt\/ipce2022\/submissao-de-propostas-2\/#breadcrumb\",\"itemListElement\":[{\"@type\":\"ListItem\",\"position\":1,\"name\":\"In\u00edcio\",\"item\":\"https:\/\/sites.ipleiria.pt\/ipce2022\/\"},{\"@type\":\"ListItem\",\"position\":2,\"name\":\"Submiss\u00e3o de propostas\"}]},{\"@type\":\"WebSite\",\"@id\":\"https:\/\/sites.ipleiria.pt\/ipce2022\/#website\",\"url\":\"https:\/\/sites.ipleiria.pt\/ipce2022\/\",\"name\":\"IPCE 2022\",\"description\":\"\",\"potentialAction\":[{\"@type\":\"SearchAction\",\"target\":{\"@type\":\"EntryPoint\",\"urlTemplate\":\"https:\/\/sites.ipleiria.pt\/ipce2022\/?s={search_term_string}\"},\"query-input\":{\"@type\":\"PropertyValueSpecification\",\"valueRequired\":true,\"valueName\":\"search_term_string\"}}],\"inLanguage\":\"pt-PT\"}]}<\/script>\n<!-- \/ Yoast SEO plugin. -->","yoast_head_json":{"title":"Submiss\u00e3o de propostas - IPCE 2022","robots":{"index":"index","follow":"follow","max-snippet":"max-snippet:-1","max-image-preview":"max-image-preview:large","max-video-preview":"max-video-preview:-1"},"canonical":"https:\/\/sites.ipleiria.pt\/ipce2022\/submissao-de-propostas-2\/","og_locale":"pt_PT","og_type":"article","og_title":"Submiss\u00e3o de propostas - IPCE 2022","og_description":"As sess\u00f5es paralelas de comunica\u00e7\u00e3o destinam-se \u00e0 apresenta\u00e7\u00e3o de experi\u00eancias educativas, projetos, trabalhos de investiga\u00e7\u00e3o, ferramentas e materiais dentro dos temas definidos para a confer\u00eancia IPCE.A Comiss\u00e3o Organizadora da IPCE2022 convida a comunidade educativa, nomeadamente, educadores, professores, investigadores, estudantes do&hellip; Continue reading &rarr;","og_url":"https:\/\/sites.ipleiria.pt\/ipce2022\/submissao-de-propostas-2\/","og_site_name":"IPCE 2022","article_modified_time":"2022-03-21T10:13:05+00:00","twitter_card":"summary_large_image","twitter_misc":{"Tempo estimado de leitura":"4 minutos"},"schema":{"@context":"https:\/\/schema.org","@graph":[{"@type":"WebPage","@id":"https:\/\/sites.ipleiria.pt\/ipce2022\/submissao-de-propostas-2\/","url":"https:\/\/sites.ipleiria.pt\/ipce2022\/submissao-de-propostas-2\/","name":"Submiss\u00e3o de propostas - IPCE 2022","isPartOf":{"@id":"https:\/\/sites.ipleiria.pt\/ipce2022\/#website"},"datePublished":"2019-12-04T11:24:01+00:00","dateModified":"2022-03-21T10:13:05+00:00","breadcrumb":{"@id":"https:\/\/sites.ipleiria.pt\/ipce2022\/submissao-de-propostas-2\/#breadcrumb"},"inLanguage":"pt-PT","potentialAction":[{"@type":"ReadAction","target":["https:\/\/sites.ipleiria.pt\/ipce2022\/submissao-de-propostas-2\/"]}]},{"@type":"BreadcrumbList","@id":"https:\/\/sites.ipleiria.pt\/ipce2022\/submissao-de-propostas-2\/#breadcrumb","itemListElement":[{"@type":"ListItem","position":1,"name":"In\u00edcio","item":"https:\/\/sites.ipleiria.pt\/ipce2022\/"},{"@type":"ListItem","position":2,"name":"Submiss\u00e3o de propostas"}]},{"@type":"WebSite","@id":"https:\/\/sites.ipleiria.pt\/ipce2022\/#website","url":"https:\/\/sites.ipleiria.pt\/ipce2022\/","name":"IPCE 2022","description":"","potentialAction":[{"@type":"SearchAction","target":{"@type":"EntryPoint","urlTemplate":"https:\/\/sites.ipleiria.pt\/ipce2022\/?s={search_term_string}"},"query-input":{"@type":"PropertyValueSpecification","valueRequired":true,"valueName":"search_term_string"}}],"inLanguage":"pt-PT"}]}},"_links":{"self":[{"href":"https:\/\/sites.ipleiria.pt\/ipce2022\/wp-json\/wp\/v2\/pages\/15","targetHints":{"allow":["GET"]}}],"collection":[{"href":"https:\/\/sites.ipleiria.pt\/ipce2022\/wp-json\/wp\/v2\/pages"}],"about":[{"href":"https:\/\/sites.ipleiria.pt\/ipce2022\/wp-json\/wp\/v2\/types\/page"}],"author":[{"embeddable":true,"href":"https:\/\/sites.ipleiria.pt\/ipce2022\/wp-json\/wp\/v2\/users\/102"}],"replies":[{"embeddable":true,"href":"https:\/\/sites.ipleiria.pt\/ipce2022\/wp-json\/wp\/v2\/comments?post=15"}],"version-history":[{"count":31,"href":"https:\/\/sites.ipleiria.pt\/ipce2022\/wp-json\/wp\/v2\/pages\/15\/revisions"}],"predecessor-version":[{"id":710,"href":"https:\/\/sites.ipleiria.pt\/ipce2022\/wp-json\/wp\/v2\/pages\/15\/revisions\/710"}],"wp:attachment":[{"href":"https:\/\/sites.ipleiria.pt\/ipce2022\/wp-json\/wp\/v2\/media?parent=15"}],"curies":[{"name":"wp","href":"https:\/\/api.w.org\/{rel}","templated":true}]}}