{"id":19,"date":"2019-12-04T11:24:46","date_gmt":"2019-12-04T11:24:46","guid":{"rendered":"https:\/\/sites.ipleiria.pt\/ipce2020\/?page_id=19"},"modified":"2022-04-12T09:41:27","modified_gmt":"2022-04-12T09:41:27","slug":"oradores-2","status":"publish","type":"page","link":"https:\/\/sites.ipleiria.pt\/ipce2022\/oradores-2\/","title":{"rendered":"Oradores"},"content":{"rendered":"\n<p style=\"font-size:25px\"><strong><strong>6 de maio &#8211; 9h30 <em>Sess\u00e3o Plen\u00e1ria<\/em><\/strong><\/strong><\/p>\n\n\n\n<h2 class=\"wp-block-heading\" style=\"font-size:30px\"><strong>CARLOS RABAD\u00c3O<\/strong><\/h2>\n\n\n<h5><img decoding=\"async\" class=\"alignright wp-image-298\" src=\"http:\/\/sites.ipleiria.pt\/ipce2022\/files\/2022\/03\/Carlos-Rabadao.png\" alt=\"\" width=\"156\" height=\"208\" \/><\/h5>\n\n\n<p class=\"has-medium-font-size\"><strong>Ciberseguran\u00e7a: Ser\u00e3o efetivamente os humanos&nbsp; o elo mais fraco da corrente?<\/strong><\/p>\n\n\n\n<p>Carlos Rabad\u00e3o \u00e9 Professor Coordenador com Agrega\u00e7\u00e3o afeto ao Departamento de Engenharia Inform\u00e1tica da Escola Superior de Tecnologia e Gest\u00e3o do Instituto Polit\u00e9cnico de Leiria. Det\u00e9m o t\u00edtulo de Agregado em Inform\u00e1tica (Ciberseguran\u00e7a), Doutoramento em Engenharia Inform\u00e1tica e Mestrado em Engenharia Eletr\u00f3nica e Telecomunica\u00e7\u00f5es. O seu trabalho de investiga\u00e7\u00e3o centra-se nas \u00e1reas da Seguran\u00e7a Inform\u00e1tica e das Redes de Computadores. Ao n\u00edvel da participa\u00e7\u00e3o em atividades com a comunidade, tem proferido diversas palestras e <em>webinars<\/em>, a convite de associa\u00e7\u00f5es empresarias, industriais e profissionais, bem como escrito alguns artigos de opini\u00e3o na comunica\u00e7\u00e3o social, essencialmente na \u00e1rea da Ciberseguran\u00e7a.<\/p>\n\n\n\n<p style=\"font-size:25px\"><strong><strong>6 de maio &#8211; 14h00 <em>Sess\u00e3o Plen\u00e1ria<\/em><\/strong><\/strong><\/p>\n\n\n\n<h2 class=\"wp-block-heading\" style=\"font-size:30px\"><strong>MARTA LICARDO<\/strong><\/h2>\n\n\n<h5><img decoding=\"async\" class=\"alignright wp-image-298\" src=\"http:\/\/sites.ipleiria.pt\/ipce2022\/files\/2022\/03\/Marta-Licardo.jpg\" alt=\"\" width=\"156\" height=\"208\"><\/h5>\n\n\n<p class=\"has-medium-font-size\"><strong>Inclusion of immigrant children<\/strong><\/p>\n\n\n\n<p>Marta Licardo \u00e9 Professora da Universidade de Maribor, Faculdade de Educa\u00e7\u00e3o, Eslov\u00e9nia. \u00c9 coordenadora do Departamento de Educa\u00e7\u00e3o Pr\u00e9-Escolar da Faculdade de Educa\u00e7\u00e3o. O seu trabalho de investiga\u00e7\u00e3o centra-se nas \u00e1reas da pedagogia, did\u00e1tica, ci\u00eancias sociais na educa\u00e7\u00e3o dos primeiros anos, inclus\u00e3o, educa\u00e7\u00e3o de crian\u00e7as com necessidades especiais e crian\u00e7as imigrantes. \u00c9 coordenadora nacional da European Early Childhood Education Research Association para a Eslov\u00e9nia. Lidera e\/ou participa em v\u00e1rios projetos a n\u00edvel nacional e internacional relacionados com os seus focos de investiga\u00e7\u00e3o (ver mais: <a href=\"https:\/\/pef.um.si\/en\/kontakt\/10693\/\">https:\/\/pef.um.si\/en\/kontakt\/10693\/<\/a>).<\/p>\n\n\n\n<p style=\"font-size:25px\"><strong><strong>6 de maio &#8211; <strong>18h30&nbsp;<\/strong><em><strong>Sess\u00e3o Plen\u00e1ria<\/strong><\/em><\/strong><\/strong><\/p>\n\n\n\n<h2 class=\"wp-block-heading\" style=\"font-size:30px\"><strong>Celina Vieira<\/strong><\/h2>\n\n\n<h5><img decoding=\"async\" class=\"wp-image-721 alignright\" src=\"http:\/\/sites.ipleiria.pt\/ipce2022\/files\/2022\/04\/Imagem1.png\" alt=\"\" width=\"150\" height=\"150\" srcset=\"https:\/\/sites.ipleiria.pt\/ipce2022\/files\/2022\/04\/Imagem1.png 300w, https:\/\/sites.ipleiria.pt\/ipce2022\/files\/2022\/04\/Imagem1-150x150.png 150w\" sizes=\"(max-width: 150px) 100vw, 150px\" \/><\/h5>\n\n\n<p class=\"has-medium-font-size\"><strong><strong>Desenvolver o Pensamento Cr\u00edtico e Criativo: De que falamos?<\/strong><\/strong><\/p>\n\n\n\n<p>Celina Tenreiro Vieira&nbsp;\u00e9 professora de Matem\u00e1tica e Ci\u00eancias e membro do CIDTFF \u2013 Centro de Investiga\u00e7\u00e3o em Did\u00e1tica e Tecnologia na Forma\u00e7\u00e3o de Formadores. &nbsp;\u00c9 autora de v\u00e1rios, livros, artigos sobre pensamento cr\u00edtico e criativo no ensino b\u00e1sico e nas \u00e1reas das Ci\u00eancias e Matem\u00e1tica.&nbsp;\u00c9 conferencista convidada em v\u00e1rios semin\u00e1rios e encontros cient\u00edficos.<\/p>\n\n\n\n<h2 class=\"wp-block-heading\" style=\"font-size:30px\"><strong>Rui Vieira<\/strong><\/h2>\n\n\n<h5><img loading=\"lazy\" decoding=\"async\" class=\"wp-image-719 alignright\" src=\"http:\/\/sites.ipleiria.pt\/ipce2022\/files\/2022\/04\/Rui-Vieira.png\" alt=\"\" width=\"150\" height=\"150\" srcset=\"https:\/\/sites.ipleiria.pt\/ipce2022\/files\/2022\/04\/Rui-Vieira.png 300w, https:\/\/sites.ipleiria.pt\/ipce2022\/files\/2022\/04\/Rui-Vieira-150x150.png 150w\" sizes=\"(max-width: 150px) 100vw, 150px\" \/><\/h5>\n\n\n<p class=\"has-medium-font-size\"><strong><strong>Desenvolver o Pensamento Cr\u00edtico e Criativo: De que falamos?<\/strong><\/strong><\/p>\n\n\n\n<p>Rui M. Vieira \u00e9\u00a0professor associado com Agrega\u00e7\u00e3o da Universidade de Aveiro, e membro do CIDTFF \u2013 Centro de Investiga\u00e7\u00e3o em Did\u00e1tica e Tecnologia na Forma\u00e7\u00e3o de Formadores. Tem estado envolvido em projetos de investiga\u00e7\u00e3o nacionais e internacionais ligados \u00e0s suas \u00e1reas de especializa\u00e7\u00e3o, como a did\u00e1tica das ci\u00eancias e pensamento cr\u00edtico e criativo. \u00c9 autor de v\u00e1rios, livros, artigos e conferencista convidado em v\u00e1rios semin\u00e1rios e encontros cient\u00edficos.<\/p>\n\n\n\n<p style=\"font-size:25px\"><strong><strong>7 de maio &#8211; <strong>11h00&nbsp;<\/strong><em><strong>Sess\u00e3o Plen\u00e1ria<\/strong><\/em><\/strong><\/strong><\/p>\n\n\n\n<h2 class=\"wp-block-heading\" style=\"font-size:30px\"><strong>Ariana Cosme<\/strong><\/h2>\n\n\n<h5><img loading=\"lazy\" decoding=\"async\" class=\"wp-image-724 alignright\" src=\"http:\/\/sites.ipleiria.pt\/ipce2022\/files\/2022\/04\/Ariana.png\" alt=\"\" width=\"150\" height=\"150\" srcset=\"https:\/\/sites.ipleiria.pt\/ipce2022\/files\/2022\/04\/Ariana.png 300w, https:\/\/sites.ipleiria.pt\/ipce2022\/files\/2022\/04\/Ariana-150x150.png 150w\" sizes=\"(max-width: 150px) 100vw, 150px\" \/><\/h5>\n\n\n<p class=\"has-medium-font-size\"><strong><strong><strong>Novas constru\u00e7\u00f5es sociais de aprendizagem e educa\u00e7\u00e3o&nbsp;<\/strong><\/strong><\/strong><\/p>\n\n\n\n<p>\u00c9 professora na Faculdade de Psicologia e de Ci\u00eancias da Educa\u00e7\u00e3o na Universidade do Porto. \u00c9 doutorada em Ci\u00eancias da Educa\u00e7\u00e3o pela Universidade do Porto, realizou um P\u00f3s-Doutoramento no campo da Forma\u00e7\u00e3o de Professores na Pontif\u00edcia Universidade Cat\u00f3lica do Paran\u00e1, Brasil onde \u00e9 professora visitante. \u00c9 autora de obras que se debru\u00e7am sobre a problem\u00e1tica da media\u00e7\u00e3o educativa e pedag\u00f3gica e a reconfigura\u00e7\u00e3o da profiss\u00e3o docente. Foi consultora do Minist\u00e9rio da Educa\u00e7\u00e3o para o Programa de implementa\u00e7\u00e3o do novo modelo de Autonomia e Flexibilidade Curricular na Escola e coordena o estudo avaliativo sobre a implementa\u00e7\u00e3o e generaliza\u00e7\u00e3o do referido programa.<\/p>\n\n\n\n<h2 class=\"wp-block-heading\" style=\"font-size:30px\"><strong>Jos\u00e9 Pacheco<\/strong><\/h2>\n\n\n<h5><img loading=\"lazy\" decoding=\"async\" class=\"wp-image-722 alignright\" src=\"http:\/\/sites.ipleiria.pt\/ipce2022\/files\/2022\/04\/Jose-Pacheco.png\" alt=\"\" width=\"150\" height=\"150\" srcset=\"https:\/\/sites.ipleiria.pt\/ipce2022\/files\/2022\/04\/Jose-Pacheco.png 300w, https:\/\/sites.ipleiria.pt\/ipce2022\/files\/2022\/04\/Jose-Pacheco-150x150.png 150w\" sizes=\"(max-width: 150px) 100vw, 150px\" \/><\/h5>\n\n\n<p class=\"has-medium-font-size\"><strong><strong><strong>Novas constru\u00e7\u00f5es sociais de aprendizagem e educa\u00e7\u00e3o&nbsp;<\/strong><\/strong><\/strong><\/p>\n\n\n\n<p>\u00c9 mestre em Ci\u00eancias da Educa\u00e7\u00e3o pela Universidade do Porto e especialista em Alfabetiza\u00e7\u00e3o. \u00c9 fundador da Escola da Ponte, em Portugal &#8211; refer\u00eancia de inova\u00e7\u00e3o. Foi membro do Conselho Nacional de Educa\u00e7\u00e3o de Portugal. Pela sua relevante contribui\u00e7\u00e3o para a educa\u00e7\u00e3o, recebeu diversos pr\u00e9mios, tendo-lhe sido conferido o t\u00edtulo de \u201cnot\u00f3rio especialista\u201d. Recebeu da Presid\u00eancia da Rep\u00fablica a &#8220;Comenda da Ordem da Instru\u00e7\u00e3o P\u00fablica&#8221;. Em 2005, passou a residir no Brasil e, desde ent\u00e3o, viaja pelo pa\u00eds mobilizando professores, educadores, estudantes, crian\u00e7as, jovens e entusiastas da educa\u00e7\u00e3o, que acreditam em uma educa\u00e7\u00e3o transformadora e democr\u00e1tica que integra comunidades e as artes. \u00c9 autor de in\u00fameros livros e artigos sobre educa\u00e7\u00e3o e um grande dinamizador da gest\u00e3o democr\u00e1tica.<\/p>\n\n\n\n<h2 class=\"wp-block-heading\" style=\"font-size:30px\"><strong>Rui Trindade<\/strong><\/h2>\n\n\n<h5><img loading=\"lazy\" decoding=\"async\" class=\"wp-image-720 alignright\" src=\"http:\/\/sites.ipleiria.pt\/ipce2022\/files\/2022\/04\/Rui-Trindade.png\" alt=\"\" width=\"150\" height=\"150\" srcset=\"https:\/\/sites.ipleiria.pt\/ipce2022\/files\/2022\/04\/Rui-Trindade.png 300w, https:\/\/sites.ipleiria.pt\/ipce2022\/files\/2022\/04\/Rui-Trindade-150x150.png 150w\" sizes=\"(max-width: 150px) 100vw, 150px\" \/><\/h5>\n\n\n<p class=\"has-medium-font-size\"><strong><strong><strong>Novas constru\u00e7\u00f5es sociais de aprendizagem e educa\u00e7\u00e3o&nbsp;<\/strong><\/strong><\/strong><\/p>\n\n\n\n<p>Possui o curso de Professor do Ensino Prim\u00e1rio, a licenciatura em Psicologia do Desenvolvimento e da Educa\u00e7\u00e3o da Crian\u00e7a, sendo Mestre e Doutor em Ci\u00eancias da Educa\u00e7\u00e3o. \u00c9 professor Associado com Agrega\u00e7\u00e3o da Faculdade de Psicologia e de Ci\u00eancias da Educa\u00e7\u00e3o da Universidade do Porto, bem como membro integrado do Centro de Interven\u00e7\u00e3o e Investiga\u00e7\u00e3o Educativas (CIIE). As suas \u00e1reas de interesse, como investigador e autor de livros e artigos, relacionam-se com a organiza\u00e7\u00e3o e a gest\u00e3o do processo de ensino e de aprendizagem em contextos escolares, a forma\u00e7\u00e3o inicial e cont\u00ednua de professores ou a Pedagogia no Ensino Superior. Foi consultor do Minist\u00e9rio da Educa\u00e7\u00e3o, no \u00e2mbito do Projeto de Autonomia e Flexibilidade Curricular. Atualmente, \u00e9 presidente do Conselho Cient\u00edfico-Pedag\u00f3gico da Forma\u00e7\u00e3o Cont\u00ednua, para al\u00e9m de ser membro do Conselho de Gest\u00e3o quer do \u00abCentre for Educational Research and Innovation\u00bb (CERI) da OCDE quer do Instituto de Avalia\u00e7\u00e3o Educativa.<\/p>\n\n\n\n<p style=\"font-size:25px\"><strong><strong>7 de maio &#8211; <strong>16h00&nbsp;<\/strong><em><strong>Sess\u00e3o Plen\u00e1ria<\/strong><\/em><\/strong><\/strong><\/p>\n\n\n\n<h2 class=\"wp-block-heading\" style=\"font-size:30px\"><strong>Cl\u00e9o Lima<\/strong><\/h2>\n\n\n<h5><img loading=\"lazy\" decoding=\"async\" class=\"wp-image-723 alignright\" src=\"http:\/\/sites.ipleiria.pt\/ipce2022\/files\/2022\/04\/cleo.png\" alt=\"\" width=\"150\" height=\"150\" srcset=\"https:\/\/sites.ipleiria.pt\/ipce2022\/files\/2022\/04\/cleo.png 300w, https:\/\/sites.ipleiria.pt\/ipce2022\/files\/2022\/04\/cleo-150x150.png 150w\" sizes=\"(max-width: 150px) 100vw, 150px\" \/><\/h5>\n\n\n<p class=\"has-medium-font-size\"><strong><strong><strong>A desmedicaliza\u00e7\u00e3o na educa\u00e7\u00e3o: a import\u00e2ncia do brincar<\/strong><\/strong><\/strong><\/p>\n\n\n\n<p>Cl\u00e9o Lima \u00e9 psicossoci\u00f3loga&nbsp;e investigadora na linha de Micropol\u00edtica do Cuidado em Trabalho e Sa\u00fade (UFRJ &#8211; Brasil). E tamb\u00e9m especialista e investigadora do&nbsp;Brincar e&nbsp;Design&nbsp;Educacional&nbsp;em&nbsp;Comunidade de Aprendizagem.<\/p>\n","protected":false},"excerpt":{"rendered":"<p>6 de maio &#8211; 9h30 Sess\u00e3o Plen\u00e1ria CARLOS RABAD\u00c3O Ciberseguran\u00e7a: Ser\u00e3o efetivamente os humanos&nbsp; o elo mais fraco da corrente? Carlos Rabad\u00e3o \u00e9 Professor Coordenador com Agrega\u00e7\u00e3o afeto ao Departamento de Engenharia Inform\u00e1tica da Escola Superior de Tecnologia e Gest\u00e3o&hellip;  <\/p>\n<p class=\"more-link\"><a href=\"https:\/\/sites.ipleiria.pt\/ipce2022\/oradores-2\/\">Continue reading <span class=\"meta-nav\">&rarr;<\/span><\/a><\/p>\n","protected":false},"author":102,"featured_media":0,"parent":0,"menu_order":0,"comment_status":"closed","ping_status":"closed","template":"","meta":{"footnotes":""},"class_list":["post-19","page","type-page","status-publish","hentry"],"yoast_head":"<!-- This site is optimized with the Yoast SEO plugin v26.8 - https:\/\/yoast.com\/product\/yoast-seo-wordpress\/ -->\n<title>Oradores - IPCE 2022<\/title>\n<meta name=\"robots\" content=\"index, follow, max-snippet:-1, max-image-preview:large, max-video-preview:-1\" \/>\n<link rel=\"canonical\" href=\"https:\/\/sites.ipleiria.pt\/ipce2022\/oradores-2\/\" \/>\n<meta property=\"og:locale\" content=\"pt_PT\" \/>\n<meta property=\"og:type\" content=\"article\" \/>\n<meta property=\"og:title\" content=\"Oradores - IPCE 2022\" \/>\n<meta property=\"og:description\" content=\"6 de maio &#8211; 9h30 Sess\u00e3o Plen\u00e1ria CARLOS RABAD\u00c3O Ciberseguran\u00e7a: Ser\u00e3o efetivamente os humanos&nbsp; o elo mais fraco da corrente? Carlos Rabad\u00e3o \u00e9 Professor Coordenador com Agrega\u00e7\u00e3o afeto ao Departamento de Engenharia Inform\u00e1tica da Escola Superior de Tecnologia e Gest\u00e3o&hellip; Continue reading &rarr;\" \/>\n<meta property=\"og:url\" content=\"https:\/\/sites.ipleiria.pt\/ipce2022\/oradores-2\/\" \/>\n<meta property=\"og:site_name\" content=\"IPCE 2022\" \/>\n<meta property=\"article:modified_time\" content=\"2022-04-12T09:41:27+00:00\" \/>\n<meta property=\"og:image\" content=\"http:\/\/sites.ipleiria.pt\/ipce2022\/files\/2022\/03\/Carlos-Rabadao.png\" \/>\n<meta name=\"twitter:card\" content=\"summary_large_image\" \/>\n<meta name=\"twitter:label1\" content=\"Tempo estimado de leitura\" \/>\n\t<meta name=\"twitter:data1\" content=\"7 minutos\" \/>\n<script type=\"application\/ld+json\" class=\"yoast-schema-graph\">{\"@context\":\"https:\/\/schema.org\",\"@graph\":[{\"@type\":\"WebPage\",\"@id\":\"https:\/\/sites.ipleiria.pt\/ipce2022\/oradores-2\/\",\"url\":\"https:\/\/sites.ipleiria.pt\/ipce2022\/oradores-2\/\",\"name\":\"Oradores - IPCE 2022\",\"isPartOf\":{\"@id\":\"https:\/\/sites.ipleiria.pt\/ipce2022\/#website\"},\"primaryImageOfPage\":{\"@id\":\"https:\/\/sites.ipleiria.pt\/ipce2022\/oradores-2\/#primaryimage\"},\"image\":{\"@id\":\"https:\/\/sites.ipleiria.pt\/ipce2022\/oradores-2\/#primaryimage\"},\"thumbnailUrl\":\"http:\/\/sites.ipleiria.pt\/ipce2022\/files\/2022\/03\/Carlos-Rabadao.png\",\"datePublished\":\"2019-12-04T11:24:46+00:00\",\"dateModified\":\"2022-04-12T09:41:27+00:00\",\"breadcrumb\":{\"@id\":\"https:\/\/sites.ipleiria.pt\/ipce2022\/oradores-2\/#breadcrumb\"},\"inLanguage\":\"pt-PT\",\"potentialAction\":[{\"@type\":\"ReadAction\",\"target\":[\"https:\/\/sites.ipleiria.pt\/ipce2022\/oradores-2\/\"]}]},{\"@type\":\"ImageObject\",\"inLanguage\":\"pt-PT\",\"@id\":\"https:\/\/sites.ipleiria.pt\/ipce2022\/oradores-2\/#primaryimage\",\"url\":\"http:\/\/sites.ipleiria.pt\/ipce2022\/files\/2022\/03\/Carlos-Rabadao.png\",\"contentUrl\":\"http:\/\/sites.ipleiria.pt\/ipce2022\/files\/2022\/03\/Carlos-Rabadao.png\"},{\"@type\":\"BreadcrumbList\",\"@id\":\"https:\/\/sites.ipleiria.pt\/ipce2022\/oradores-2\/#breadcrumb\",\"itemListElement\":[{\"@type\":\"ListItem\",\"position\":1,\"name\":\"In\u00edcio\",\"item\":\"https:\/\/sites.ipleiria.pt\/ipce2022\/\"},{\"@type\":\"ListItem\",\"position\":2,\"name\":\"Oradores\"}]},{\"@type\":\"WebSite\",\"@id\":\"https:\/\/sites.ipleiria.pt\/ipce2022\/#website\",\"url\":\"https:\/\/sites.ipleiria.pt\/ipce2022\/\",\"name\":\"IPCE 2022\",\"description\":\"\",\"potentialAction\":[{\"@type\":\"SearchAction\",\"target\":{\"@type\":\"EntryPoint\",\"urlTemplate\":\"https:\/\/sites.ipleiria.pt\/ipce2022\/?s={search_term_string}\"},\"query-input\":{\"@type\":\"PropertyValueSpecification\",\"valueRequired\":true,\"valueName\":\"search_term_string\"}}],\"inLanguage\":\"pt-PT\"}]}<\/script>\n<!-- \/ Yoast SEO plugin. -->","yoast_head_json":{"title":"Oradores - IPCE 2022","robots":{"index":"index","follow":"follow","max-snippet":"max-snippet:-1","max-image-preview":"max-image-preview:large","max-video-preview":"max-video-preview:-1"},"canonical":"https:\/\/sites.ipleiria.pt\/ipce2022\/oradores-2\/","og_locale":"pt_PT","og_type":"article","og_title":"Oradores - IPCE 2022","og_description":"6 de maio &#8211; 9h30 Sess\u00e3o Plen\u00e1ria CARLOS RABAD\u00c3O Ciberseguran\u00e7a: Ser\u00e3o efetivamente os humanos&nbsp; o elo mais fraco da corrente? Carlos Rabad\u00e3o \u00e9 Professor Coordenador com Agrega\u00e7\u00e3o afeto ao Departamento de Engenharia Inform\u00e1tica da Escola Superior de Tecnologia e Gest\u00e3o&hellip; Continue reading &rarr;","og_url":"https:\/\/sites.ipleiria.pt\/ipce2022\/oradores-2\/","og_site_name":"IPCE 2022","article_modified_time":"2022-04-12T09:41:27+00:00","og_image":[{"url":"http:\/\/sites.ipleiria.pt\/ipce2022\/files\/2022\/03\/Carlos-Rabadao.png","type":"","width":"","height":""}],"twitter_card":"summary_large_image","twitter_misc":{"Tempo estimado de leitura":"7 minutos"},"schema":{"@context":"https:\/\/schema.org","@graph":[{"@type":"WebPage","@id":"https:\/\/sites.ipleiria.pt\/ipce2022\/oradores-2\/","url":"https:\/\/sites.ipleiria.pt\/ipce2022\/oradores-2\/","name":"Oradores - IPCE 2022","isPartOf":{"@id":"https:\/\/sites.ipleiria.pt\/ipce2022\/#website"},"primaryImageOfPage":{"@id":"https:\/\/sites.ipleiria.pt\/ipce2022\/oradores-2\/#primaryimage"},"image":{"@id":"https:\/\/sites.ipleiria.pt\/ipce2022\/oradores-2\/#primaryimage"},"thumbnailUrl":"http:\/\/sites.ipleiria.pt\/ipce2022\/files\/2022\/03\/Carlos-Rabadao.png","datePublished":"2019-12-04T11:24:46+00:00","dateModified":"2022-04-12T09:41:27+00:00","breadcrumb":{"@id":"https:\/\/sites.ipleiria.pt\/ipce2022\/oradores-2\/#breadcrumb"},"inLanguage":"pt-PT","potentialAction":[{"@type":"ReadAction","target":["https:\/\/sites.ipleiria.pt\/ipce2022\/oradores-2\/"]}]},{"@type":"ImageObject","inLanguage":"pt-PT","@id":"https:\/\/sites.ipleiria.pt\/ipce2022\/oradores-2\/#primaryimage","url":"http:\/\/sites.ipleiria.pt\/ipce2022\/files\/2022\/03\/Carlos-Rabadao.png","contentUrl":"http:\/\/sites.ipleiria.pt\/ipce2022\/files\/2022\/03\/Carlos-Rabadao.png"},{"@type":"BreadcrumbList","@id":"https:\/\/sites.ipleiria.pt\/ipce2022\/oradores-2\/#breadcrumb","itemListElement":[{"@type":"ListItem","position":1,"name":"In\u00edcio","item":"https:\/\/sites.ipleiria.pt\/ipce2022\/"},{"@type":"ListItem","position":2,"name":"Oradores"}]},{"@type":"WebSite","@id":"https:\/\/sites.ipleiria.pt\/ipce2022\/#website","url":"https:\/\/sites.ipleiria.pt\/ipce2022\/","name":"IPCE 2022","description":"","potentialAction":[{"@type":"SearchAction","target":{"@type":"EntryPoint","urlTemplate":"https:\/\/sites.ipleiria.pt\/ipce2022\/?s={search_term_string}"},"query-input":{"@type":"PropertyValueSpecification","valueRequired":true,"valueName":"search_term_string"}}],"inLanguage":"pt-PT"}]}},"_links":{"self":[{"href":"https:\/\/sites.ipleiria.pt\/ipce2022\/wp-json\/wp\/v2\/pages\/19","targetHints":{"allow":["GET"]}}],"collection":[{"href":"https:\/\/sites.ipleiria.pt\/ipce2022\/wp-json\/wp\/v2\/pages"}],"about":[{"href":"https:\/\/sites.ipleiria.pt\/ipce2022\/wp-json\/wp\/v2\/types\/page"}],"author":[{"embeddable":true,"href":"https:\/\/sites.ipleiria.pt\/ipce2022\/wp-json\/wp\/v2\/users\/102"}],"replies":[{"embeddable":true,"href":"https:\/\/sites.ipleiria.pt\/ipce2022\/wp-json\/wp\/v2\/comments?post=19"}],"version-history":[{"count":16,"href":"https:\/\/sites.ipleiria.pt\/ipce2022\/wp-json\/wp\/v2\/pages\/19\/revisions"}],"predecessor-version":[{"id":729,"href":"https:\/\/sites.ipleiria.pt\/ipce2022\/wp-json\/wp\/v2\/pages\/19\/revisions\/729"}],"wp:attachment":[{"href":"https:\/\/sites.ipleiria.pt\/ipce2022\/wp-json\/wp\/v2\/media?parent=19"}],"curies":[{"name":"wp","href":"https:\/\/api.w.org\/{rel}","templated":true}]}}