{"id":2,"date":"2021-02-09T15:57:43","date_gmt":"2021-02-09T15:57:43","guid":{"rendered":"http:\/\/ipce2021.sites.ipleiria.pt\/?page_id=2"},"modified":"2022-11-21T11:31:49","modified_gmt":"2022-11-21T11:31:49","slug":"apresentacao","status":"publish","type":"page","link":"https:\/\/sites.ipleiria.pt\/ipce2022\/","title":{"rendered":"Apresenta\u00e7\u00e3o"},"content":{"rendered":"\n<p>A <strong>XI Confer\u00eancia Internacional de Investiga\u00e7\u00e3o, Pr\u00e1ticas e Contextos em Educa\u00e7\u00e3o (IPCE)<\/strong> \u00e9 um evento internacional que visa contribuir para o avan\u00e7o da teoria e da pr\u00e1tica em Educa\u00e7\u00e3o.<br>A confer\u00eancia IPCE insere-se no conjunto de atividades do Polit\u00e9cnico de Leiria, que visam promover a colabora\u00e7\u00e3o entre investigadores, professores, estudantes e decisores na identifica\u00e7\u00e3o e discuss\u00e3o de desafios e solu\u00e7\u00f5es para os mais diversos contextos educativos, indo ao encontro de uma das dimens\u00f5es da a\u00e7\u00e3o do Polit\u00e9cnico de Leiria \u2013 a de promover a rela\u00e7\u00e3o com a regi\u00e3o em que est\u00e1 inserido. <\/p>\n\n\n\n<p>O objetivo da confer\u00eancia IPCE \u00e9 proporcionar uma oportunidade para que profissionais de diversas \u00e1reas ligadas \u00e0 Educa\u00e7\u00e3o e com interesses multidisciplinares interajam e partilhem experi\u00eancias e conhecimentos, contribuindo e estimulando a investiga\u00e7\u00e3o e o desenvolvimento de pr\u00e1ticas em Educa\u00e7\u00e3o.<\/p>\n\n\n\n<p>A confer\u00eancia IPCE \u00e9 acreditada pelo Conselho Cient\u00edfico Pedag\u00f3gico da Forma\u00e7\u00e3o Cont\u00ednua como curso de forma\u00e7\u00e3o de 13 horas, para progress\u00e3o na carreira de Educadores e professores dos Ensinos B\u00e1sico e Secund\u00e1rio, com o registo n\u00ba CCPFC\/ACC-114169\/22.<\/p>\n\n\n\n<p><strong>L\u00ednguas de trabalho<\/strong>: Portugu\u00eas, ingl\u00eas e espanhol<\/p>\n\n\n\n<p><strong>Participantes<\/strong>: Educadores, professores, investigadores, estudantes do ensino superior, \u00f3rg\u00e3os de dire\u00e7\u00e3o e de gest\u00e3o de institui\u00e7\u00f5es e t\u00e9cnicos da \u00e1rea da educa\u00e7\u00e3o.<\/p>\n\n\n\n<hr class=\"wp-block-separator has-text-color has-background has-black-background-color has-black-color\"\/>\n\n\n\n<p><strong>Temas da Confer\u00eancia:<\/strong><\/p>\n\n\n\n<p class=\"has-black-color has-luminous-vivid-amber-background-color has-text-color has-background\">1 &#8211; Experi\u00eancias de Ensino e Aprendizagem<\/p>\n\n\n\n<div class=\"wp-block-columns is-layout-flex wp-container-core-columns-is-layout-1 wp-block-columns-is-layout-flex\">\n<div class=\"wp-block-column is-layout-flow wp-block-column-is-layout-flow\">\n<p><em><strong>a) na Educa\u00e7\u00e3o de Inf\u00e2ncia<\/strong><\/em><br>Pedagogia da Educa\u00e7\u00e3o de Inf\u00e2ncia Desenvolvimento\/aprendizagem | \u00c1rea da  Forma\u00e7\u00e3o Pessoal e Social | Dom\u00ednio da Educa\u00e7\u00e3o F\u00edsica | Dom\u00ednio da Educa\u00e7\u00e3o Art\u00edstica | Dom\u00ednio da Linguagem Oral e Abordagem \u00e0 Escrita | Dom\u00ednio da Matem\u00e1tica<\/p>\n<\/div>\n\n\n\n<div class=\"wp-block-column is-layout-flow wp-block-column-is-layout-flow\">\n<p><em><strong>b) na Educa\u00e7\u00e3o B\u00e1sica<\/strong><\/em><br>Pedagogia do Ensino B\u00e1sico | L\u00edngua materna  L\u00edngua n\u00e3o materna | Matem\u00e1tica | Ci\u00eancias Sociais | Ci\u00eancias Naturais | Express\u00f5es | TIC Educa\u00e7\u00e3o F\u00edsica\/Desporto<\/p>\n<\/div>\n<\/div>\n\n\n\n<div class=\"wp-block-columns is-layout-flex wp-container-core-columns-is-layout-2 wp-block-columns-is-layout-flex\">\n<div class=\"wp-block-column is-layout-flow wp-block-column-is-layout-flow\">\n<p><em><strong>c) no Ensino Secund\u00e1rio<\/strong><\/em><br>Pedagogia do Ensino Secund\u00e1rio | L\u00edngua materna  L\u00edngua n\u00e3o materna | Matem\u00e1tica | Ci\u00eancias Sociais | Ci\u00eancias Naturais | Express\u00f5es | TIC Educa\u00e7\u00e3o F\u00edsica\/Desporto<\/p>\n<\/div>\n\n\n\n<div class=\"wp-block-column is-layout-flow wp-block-column-is-layout-flow\">\n<p><em><strong>d) no Ensino Superior<\/strong><\/em><br>Pedagogia do Ensino Superior | L\u00edngua materna L\u00edngua n\u00e3o materna | Matem\u00e1tica | Ci\u00eancias Sociais | Ci\u00eancias Naturais | Express\u00f5es | TIC Educa\u00e7\u00e3o f\u00edsica\/Desporto<\/p>\n<\/div>\n<\/div>\n\n\n\n<div class=\"wp-block-columns is-layout-flex wp-container-core-columns-is-layout-3 wp-block-columns-is-layout-flex\">\n<div class=\"wp-block-column is-layout-flow wp-block-column-is-layout-flow\">\n<p><em><strong>e) em Contextos Educativos N\u00e3o Formais<\/strong><\/em><br>Pedagogia | L\u00edngua materna | L\u00edngua n\u00e3o materna Matem\u00e1tica | Ci\u00eancias Sociais | Ci\u00eancias Naturais Express\u00f5es | TIC | Educa\u00e7\u00e3o F\u00edsica\/Desporto<\/p>\n<\/div>\n\n\n\n<div class=\"wp-block-column is-layout-flow wp-block-column-is-layout-flow\"><\/div>\n<\/div>\n\n\n\n<p class=\"has-black-color has-luminous-vivid-amber-background-color has-text-color has-background\">2 &#8211; Desenvolvimento Comunit\u00e1rio<\/p>\n\n\n\n<p><\/p>\n\n\n\n<p class=\"has-black-color has-luminous-vivid-amber-background-color has-text-color has-background\">3 &#8211; Outras experi\u00eancias &#8230; <\/p>\n\n\n\n<div class=\"wp-block-columns is-layout-flex wp-container-core-columns-is-layout-4 wp-block-columns-is-layout-flex\">\n<div class=\"wp-block-column is-layout-flow wp-block-column-is-layout-flow\">\n<p>&#8230;<em><strong>na Educa\u00e7\u00e3o de Inf\u00e2ncia<\/strong><\/em><br>Pedagogia da Educa\u00e7\u00e3o de Inf\u00e2ncia Desenvolvimento\/aprendizagem | \u00c1rea da Forma\u00e7\u00e3o Pessoal e Social | \u00c1rea do Conhecimento do Mundo | \u00c1rea da Express\u00e3o e Comunica\u00e7\u00e3o | Dom\u00ednio da Educa\u00e7\u00e3o F\u00edsica  Dom\u00ednio da Educa\u00e7\u00e3o Art\u00edstica | Dom\u00ednio da Linguagem Oral e Abordagem \u00e0 Escrita | Dom\u00ednio da Matem\u00e1tica<\/p>\n<\/div>\n\n\n\n<div class=\"wp-block-column is-layout-flow wp-block-column-is-layout-flow\">\n<p><em><strong>&#8230;na Educa\u00e7\u00e3o B\u00e1sica<\/strong><\/em><br>Pedagogia do Ensino B\u00e1sico | L\u00edngua materna L\u00edngua n\u00e3o materna | Matem\u00e1tica | Ci\u00eancias Sociais | Ci\u00eancias Naturais | Express\u00f5es |TIC Educa\u00e7\u00e3o F\u00edsica\/Desporto<\/p>\n<\/div>\n<\/div>\n\n\n\n<div class=\"wp-block-columns is-layout-flex wp-container-core-columns-is-layout-5 wp-block-columns-is-layout-flex\">\n<div class=\"wp-block-column is-layout-flow wp-block-column-is-layout-flow\">\n<p><em><strong>&#8230; no Ensino Secund\u00e1rio<\/strong><\/em><br>Pedagogia do Ensino Secund\u00e1rio | L\u00edngua materna L\u00edngua n\u00e3o materna | Matem\u00e1tica | Ci\u00eancias Sociais | Ci\u00eancias Naturais | Express\u00f5es |TIC Educa\u00e7\u00e3o F\u00edsica\/Desporto<\/p>\n<\/div>\n\n\n\n<div class=\"wp-block-column is-layout-flow wp-block-column-is-layout-flow\">\n<p><em><strong>&#8230; no Ensino Superior<\/strong><\/em><br>Pedagogia do Ensino B\u00e1sico | L\u00edngua materna L\u00edngua n\u00e3o materna | Matem\u00e1tica | Ci\u00eancias Sociais | Ci\u00eancias Naturais | Express\u00f5es |TIC Educa\u00e7\u00e3o F\u00edsica\/Desporto<\/p>\n<\/div>\n<\/div>\n\n\n\n<div class=\"wp-block-columns is-layout-flex wp-container-core-columns-is-layout-6 wp-block-columns-is-layout-flex\">\n<div class=\"wp-block-column is-layout-flow wp-block-column-is-layout-flow\">\n<p><strong>&#8230; <em>em Contextos Educativos N\u00e3o Formai<\/em>s<\/strong><br>Pedagogia | L\u00edngua materna L\u00edngua n\u00e3o materna | Matem\u00e1tica | Ci\u00eancias Sociais | Ci\u00eancias Naturais | Express\u00f5es |TIC Educa\u00e7\u00e3o F\u00edsica\/Desporto<\/p>\n<\/div>\n\n\n\n<div class=\"wp-block-column is-layout-flow wp-block-column-is-layout-flow\"><\/div>\n<\/div>\n\n\n\n<p><\/p>\n\n\n\n<p><\/p>\n","protected":false},"excerpt":{"rendered":"<p>A XI Confer\u00eancia Internacional de Investiga\u00e7\u00e3o, Pr\u00e1ticas e Contextos em Educa\u00e7\u00e3o (IPCE) \u00e9 um evento internacional que visa contribuir para o avan\u00e7o da teoria e da pr\u00e1tica em Educa\u00e7\u00e3o.A confer\u00eancia IPCE insere-se no conjunto de atividades do Polit\u00e9cnico de Leiria,&hellip;  <\/p>\n<p class=\"more-link\"><a href=\"https:\/\/sites.ipleiria.pt\/ipce2022\/\">Continue reading <span class=\"meta-nav\">&rarr;<\/span><\/a><\/p>\n","protected":false},"author":102,"featured_media":0,"parent":0,"menu_order":0,"comment_status":"closed","ping_status":"closed","template":"","meta":{"footnotes":""},"class_list":["post-2","page","type-page","status-publish","hentry"],"yoast_head":"<!-- This site is optimized with the Yoast SEO plugin v26.8 - https:\/\/yoast.com\/product\/yoast-seo-wordpress\/ -->\n<title>Apresenta\u00e7\u00e3o - IPCE 2022<\/title>\n<meta name=\"robots\" content=\"index, follow, max-snippet:-1, max-image-preview:large, max-video-preview:-1\" \/>\n<link rel=\"canonical\" href=\"https:\/\/sites.ipleiria.pt\/ipce2022\/\" \/>\n<meta property=\"og:locale\" content=\"pt_PT\" \/>\n<meta property=\"og:type\" content=\"article\" \/>\n<meta property=\"og:title\" content=\"Apresenta\u00e7\u00e3o - IPCE 2022\" \/>\n<meta property=\"og:description\" content=\"A XI Confer\u00eancia Internacional de Investiga\u00e7\u00e3o, Pr\u00e1ticas e Contextos em Educa\u00e7\u00e3o (IPCE) \u00e9 um evento internacional que visa contribuir para o avan\u00e7o da teoria e da pr\u00e1tica em Educa\u00e7\u00e3o.A confer\u00eancia IPCE insere-se no conjunto de atividades do Polit\u00e9cnico de Leiria,&hellip; Continue reading &rarr;\" \/>\n<meta property=\"og:url\" content=\"https:\/\/sites.ipleiria.pt\/ipce2022\/\" \/>\n<meta property=\"og:site_name\" content=\"IPCE 2022\" \/>\n<meta property=\"article:modified_time\" content=\"2022-11-21T11:31:49+00:00\" \/>\n<meta name=\"twitter:card\" content=\"summary_large_image\" \/>\n<meta name=\"twitter:label1\" content=\"Tempo estimado de leitura\" \/>\n\t<meta name=\"twitter:data1\" content=\"3 minutos\" \/>\n<script type=\"application\/ld+json\" class=\"yoast-schema-graph\">{\"@context\":\"https:\/\/schema.org\",\"@graph\":[{\"@type\":\"WebPage\",\"@id\":\"https:\/\/sites.ipleiria.pt\/ipce2022\/\",\"url\":\"https:\/\/sites.ipleiria.pt\/ipce2022\/\",\"name\":\"Apresenta\u00e7\u00e3o - IPCE 2022\",\"isPartOf\":{\"@id\":\"https:\/\/sites.ipleiria.pt\/ipce2022\/#website\"},\"datePublished\":\"2021-02-09T15:57:43+00:00\",\"dateModified\":\"2022-11-21T11:31:49+00:00\",\"breadcrumb\":{\"@id\":\"https:\/\/sites.ipleiria.pt\/ipce2022\/#breadcrumb\"},\"inLanguage\":\"pt-PT\",\"potentialAction\":[{\"@type\":\"ReadAction\",\"target\":[\"https:\/\/sites.ipleiria.pt\/ipce2022\/\"]}]},{\"@type\":\"BreadcrumbList\",\"@id\":\"https:\/\/sites.ipleiria.pt\/ipce2022\/#breadcrumb\",\"itemListElement\":[{\"@type\":\"ListItem\",\"position\":1,\"name\":\"In\u00edcio\",\"item\":\"https:\/\/sites.ipleiria.pt\/ipce2022\/\"},{\"@type\":\"ListItem\",\"position\":2,\"name\":\"Apresenta\u00e7\u00e3o\"}]},{\"@type\":\"WebSite\",\"@id\":\"https:\/\/sites.ipleiria.pt\/ipce2022\/#website\",\"url\":\"https:\/\/sites.ipleiria.pt\/ipce2022\/\",\"name\":\"IPCE 2022\",\"description\":\"\",\"potentialAction\":[{\"@type\":\"SearchAction\",\"target\":{\"@type\":\"EntryPoint\",\"urlTemplate\":\"https:\/\/sites.ipleiria.pt\/ipce2022\/?s={search_term_string}\"},\"query-input\":{\"@type\":\"PropertyValueSpecification\",\"valueRequired\":true,\"valueName\":\"search_term_string\"}}],\"inLanguage\":\"pt-PT\"}]}<\/script>\n<!-- \/ Yoast SEO plugin. -->","yoast_head_json":{"title":"Apresenta\u00e7\u00e3o - IPCE 2022","robots":{"index":"index","follow":"follow","max-snippet":"max-snippet:-1","max-image-preview":"max-image-preview:large","max-video-preview":"max-video-preview:-1"},"canonical":"https:\/\/sites.ipleiria.pt\/ipce2022\/","og_locale":"pt_PT","og_type":"article","og_title":"Apresenta\u00e7\u00e3o - IPCE 2022","og_description":"A XI Confer\u00eancia Internacional de Investiga\u00e7\u00e3o, Pr\u00e1ticas e Contextos em Educa\u00e7\u00e3o (IPCE) \u00e9 um evento internacional que visa contribuir para o avan\u00e7o da teoria e da pr\u00e1tica em Educa\u00e7\u00e3o.A confer\u00eancia IPCE insere-se no conjunto de atividades do Polit\u00e9cnico de Leiria,&hellip; Continue reading &rarr;","og_url":"https:\/\/sites.ipleiria.pt\/ipce2022\/","og_site_name":"IPCE 2022","article_modified_time":"2022-11-21T11:31:49+00:00","twitter_card":"summary_large_image","twitter_misc":{"Tempo estimado de leitura":"3 minutos"},"schema":{"@context":"https:\/\/schema.org","@graph":[{"@type":"WebPage","@id":"https:\/\/sites.ipleiria.pt\/ipce2022\/","url":"https:\/\/sites.ipleiria.pt\/ipce2022\/","name":"Apresenta\u00e7\u00e3o - IPCE 2022","isPartOf":{"@id":"https:\/\/sites.ipleiria.pt\/ipce2022\/#website"},"datePublished":"2021-02-09T15:57:43+00:00","dateModified":"2022-11-21T11:31:49+00:00","breadcrumb":{"@id":"https:\/\/sites.ipleiria.pt\/ipce2022\/#breadcrumb"},"inLanguage":"pt-PT","potentialAction":[{"@type":"ReadAction","target":["https:\/\/sites.ipleiria.pt\/ipce2022\/"]}]},{"@type":"BreadcrumbList","@id":"https:\/\/sites.ipleiria.pt\/ipce2022\/#breadcrumb","itemListElement":[{"@type":"ListItem","position":1,"name":"In\u00edcio","item":"https:\/\/sites.ipleiria.pt\/ipce2022\/"},{"@type":"ListItem","position":2,"name":"Apresenta\u00e7\u00e3o"}]},{"@type":"WebSite","@id":"https:\/\/sites.ipleiria.pt\/ipce2022\/#website","url":"https:\/\/sites.ipleiria.pt\/ipce2022\/","name":"IPCE 2022","description":"","potentialAction":[{"@type":"SearchAction","target":{"@type":"EntryPoint","urlTemplate":"https:\/\/sites.ipleiria.pt\/ipce2022\/?s={search_term_string}"},"query-input":{"@type":"PropertyValueSpecification","valueRequired":true,"valueName":"search_term_string"}}],"inLanguage":"pt-PT"}]}},"_links":{"self":[{"href":"https:\/\/sites.ipleiria.pt\/ipce2022\/wp-json\/wp\/v2\/pages\/2","targetHints":{"allow":["GET"]}}],"collection":[{"href":"https:\/\/sites.ipleiria.pt\/ipce2022\/wp-json\/wp\/v2\/pages"}],"about":[{"href":"https:\/\/sites.ipleiria.pt\/ipce2022\/wp-json\/wp\/v2\/types\/page"}],"author":[{"embeddable":true,"href":"https:\/\/sites.ipleiria.pt\/ipce2022\/wp-json\/wp\/v2\/users\/102"}],"replies":[{"embeddable":true,"href":"https:\/\/sites.ipleiria.pt\/ipce2022\/wp-json\/wp\/v2\/comments?post=2"}],"version-history":[{"count":18,"href":"https:\/\/sites.ipleiria.pt\/ipce2022\/wp-json\/wp\/v2\/pages\/2\/revisions"}],"predecessor-version":[{"id":807,"href":"https:\/\/sites.ipleiria.pt\/ipce2022\/wp-json\/wp\/v2\/pages\/2\/revisions\/807"}],"wp:attachment":[{"href":"https:\/\/sites.ipleiria.pt\/ipce2022\/wp-json\/wp\/v2\/media?parent=2"}],"curies":[{"name":"wp","href":"https:\/\/api.w.org\/{rel}","templated":true}]}}