{"id":21,"date":"2019-12-04T11:25:04","date_gmt":"2019-12-04T11:25:04","guid":{"rendered":"https:\/\/sites.ipleiria.pt\/ipce2020\/?page_id=21"},"modified":"2022-02-21T14:51:04","modified_gmt":"2022-02-21T14:51:04","slug":"inscricoes-2","status":"publish","type":"page","link":"https:\/\/sites.ipleiria.pt\/ipce2022\/inscricoes-2\/","title":{"rendered":"Inscri\u00e7\u00f5es"},"content":{"rendered":"\n<p>. Participantes em geral \u2013 45 euros<br>. Funcion\u00e1rios docentes\/n\u00e3o docentes e antigos estudantes do Polit\u00e9cnico de Leiria \u2013 15 euros<br>. Estudantes do IPL e de outras Institui\u00e7\u00f5es\/Orientadores cooperantes\/ Outros colaboradores da ESECS\/ IPLeiria \u2013 5 euros<\/p>\n\n\n\n<p>Inscri\u00e7\u00e3o sem acredita\u00e7\u00e3o (<a href=\"http:\/\/eventos.ipleiria.pt\/portal\/eventos?p_id=26721&amp;lang=pt-PT\">aqu\u00ed<\/a>)<\/p>\n\n\n\n<p>Inscri\u00e7\u00e3o com acredita\u00e7\u00e3o (<a href=\"http:\/\/eventos.ipleiria.pt\/portal\/eventos?p_id=26729\">aqu\u00ed<\/a>)<\/p>\n\n\n\n<p><\/p>\n\n\n\n<p><strong>Para mais informa\u00e7\u00f5es<\/strong><br>Adelaide Ferreira \u2013 Inscri\u00e7\u00f5es<br><strong>Tel:<\/strong> (+351) 244 829 471 \/ Fax: (+351) 244 829 499<br><strong>Email:<\/strong> <a href=\"mailto:adelaide.ferreira@ipleiria.pt\">adelaide.ferreira@ipleiria.pt<\/a><\/p>\n\n\n\n<p><strong>Termos e Condi\u00e7\u00f5es<\/strong><br>A taxa de inscri\u00e7\u00e3o inclui a assist\u00eancia \u00e0 confer\u00eancia, acesso ao material informativo e aos <em>coffee breaks<\/em>.<br>O cancelamento de inscri\u00e7\u00f5es implica a perda total do valor da taxa de inscri\u00e7\u00e3o, n\u00e3o havendo lugar a reembolsos.<\/p>\n","protected":false},"excerpt":{"rendered":"<p>. Participantes em geral \u2013 45 euros. Funcion\u00e1rios docentes\/n\u00e3o docentes e antigos estudantes do Polit\u00e9cnico de Leiria \u2013 15 euros. Estudantes do IPL e de outras Institui\u00e7\u00f5es\/Orientadores cooperantes\/ Outros colaboradores da ESECS\/ IPLeiria \u2013 5 euros Inscri\u00e7\u00e3o sem acredita\u00e7\u00e3o (aqu\u00ed)&hellip;  <\/p>\n<p class=\"more-link\"><a href=\"https:\/\/sites.ipleiria.pt\/ipce2022\/inscricoes-2\/\">Continue reading <span class=\"meta-nav\">&rarr;<\/span><\/a><\/p>\n","protected":false},"author":102,"featured_media":0,"parent":0,"menu_order":0,"comment_status":"closed","ping_status":"closed","template":"","meta":{"footnotes":""},"class_list":["post-21","page","type-page","status-publish","hentry"],"yoast_head":"<!-- This site is optimized with the Yoast SEO plugin v26.8 - https:\/\/yoast.com\/product\/yoast-seo-wordpress\/ -->\n<title>Inscri\u00e7\u00f5es - IPCE 2022<\/title>\n<meta name=\"robots\" content=\"index, follow, max-snippet:-1, max-image-preview:large, max-video-preview:-1\" \/>\n<link rel=\"canonical\" href=\"https:\/\/sites.ipleiria.pt\/ipce2022\/inscricoes-2\/\" \/>\n<meta property=\"og:locale\" content=\"pt_PT\" \/>\n<meta property=\"og:type\" content=\"article\" \/>\n<meta property=\"og:title\" content=\"Inscri\u00e7\u00f5es - IPCE 2022\" \/>\n<meta property=\"og:description\" content=\". Participantes em geral \u2013 45 euros. Funcion\u00e1rios docentes\/n\u00e3o docentes e antigos estudantes do Polit\u00e9cnico de Leiria \u2013 15 euros. Estudantes do IPL e de outras Institui\u00e7\u00f5es\/Orientadores cooperantes\/ Outros colaboradores da ESECS\/ IPLeiria \u2013 5 euros Inscri\u00e7\u00e3o sem acredita\u00e7\u00e3o (aqu\u00ed)&hellip; Continue reading &rarr;\" \/>\n<meta property=\"og:url\" content=\"https:\/\/sites.ipleiria.pt\/ipce2022\/inscricoes-2\/\" \/>\n<meta property=\"og:site_name\" content=\"IPCE 2022\" \/>\n<meta property=\"article:modified_time\" content=\"2022-02-21T14:51:04+00:00\" \/>\n<meta name=\"twitter:card\" content=\"summary_large_image\" \/>\n<meta name=\"twitter:label1\" content=\"Tempo estimado de leitura\" \/>\n\t<meta name=\"twitter:data1\" content=\"1 minuto\" \/>\n<script type=\"application\/ld+json\" class=\"yoast-schema-graph\">{\"@context\":\"https:\/\/schema.org\",\"@graph\":[{\"@type\":\"WebPage\",\"@id\":\"https:\/\/sites.ipleiria.pt\/ipce2022\/inscricoes-2\/\",\"url\":\"https:\/\/sites.ipleiria.pt\/ipce2022\/inscricoes-2\/\",\"name\":\"Inscri\u00e7\u00f5es - IPCE 2022\",\"isPartOf\":{\"@id\":\"https:\/\/sites.ipleiria.pt\/ipce2022\/#website\"},\"datePublished\":\"2019-12-04T11:25:04+00:00\",\"dateModified\":\"2022-02-21T14:51:04+00:00\",\"breadcrumb\":{\"@id\":\"https:\/\/sites.ipleiria.pt\/ipce2022\/inscricoes-2\/#breadcrumb\"},\"inLanguage\":\"pt-PT\",\"potentialAction\":[{\"@type\":\"ReadAction\",\"target\":[\"https:\/\/sites.ipleiria.pt\/ipce2022\/inscricoes-2\/\"]}]},{\"@type\":\"BreadcrumbList\",\"@id\":\"https:\/\/sites.ipleiria.pt\/ipce2022\/inscricoes-2\/#breadcrumb\",\"itemListElement\":[{\"@type\":\"ListItem\",\"position\":1,\"name\":\"In\u00edcio\",\"item\":\"https:\/\/sites.ipleiria.pt\/ipce2022\/\"},{\"@type\":\"ListItem\",\"position\":2,\"name\":\"Inscri\u00e7\u00f5es\"}]},{\"@type\":\"WebSite\",\"@id\":\"https:\/\/sites.ipleiria.pt\/ipce2022\/#website\",\"url\":\"https:\/\/sites.ipleiria.pt\/ipce2022\/\",\"name\":\"IPCE 2022\",\"description\":\"\",\"potentialAction\":[{\"@type\":\"SearchAction\",\"target\":{\"@type\":\"EntryPoint\",\"urlTemplate\":\"https:\/\/sites.ipleiria.pt\/ipce2022\/?s={search_term_string}\"},\"query-input\":{\"@type\":\"PropertyValueSpecification\",\"valueRequired\":true,\"valueName\":\"search_term_string\"}}],\"inLanguage\":\"pt-PT\"}]}<\/script>\n<!-- \/ Yoast SEO plugin. -->","yoast_head_json":{"title":"Inscri\u00e7\u00f5es - IPCE 2022","robots":{"index":"index","follow":"follow","max-snippet":"max-snippet:-1","max-image-preview":"max-image-preview:large","max-video-preview":"max-video-preview:-1"},"canonical":"https:\/\/sites.ipleiria.pt\/ipce2022\/inscricoes-2\/","og_locale":"pt_PT","og_type":"article","og_title":"Inscri\u00e7\u00f5es - IPCE 2022","og_description":". Participantes em geral \u2013 45 euros. Funcion\u00e1rios docentes\/n\u00e3o docentes e antigos estudantes do Polit\u00e9cnico de Leiria \u2013 15 euros. Estudantes do IPL e de outras Institui\u00e7\u00f5es\/Orientadores cooperantes\/ Outros colaboradores da ESECS\/ IPLeiria \u2013 5 euros Inscri\u00e7\u00e3o sem acredita\u00e7\u00e3o (aqu\u00ed)&hellip; Continue reading &rarr;","og_url":"https:\/\/sites.ipleiria.pt\/ipce2022\/inscricoes-2\/","og_site_name":"IPCE 2022","article_modified_time":"2022-02-21T14:51:04+00:00","twitter_card":"summary_large_image","twitter_misc":{"Tempo estimado de leitura":"1 minuto"},"schema":{"@context":"https:\/\/schema.org","@graph":[{"@type":"WebPage","@id":"https:\/\/sites.ipleiria.pt\/ipce2022\/inscricoes-2\/","url":"https:\/\/sites.ipleiria.pt\/ipce2022\/inscricoes-2\/","name":"Inscri\u00e7\u00f5es - IPCE 2022","isPartOf":{"@id":"https:\/\/sites.ipleiria.pt\/ipce2022\/#website"},"datePublished":"2019-12-04T11:25:04+00:00","dateModified":"2022-02-21T14:51:04+00:00","breadcrumb":{"@id":"https:\/\/sites.ipleiria.pt\/ipce2022\/inscricoes-2\/#breadcrumb"},"inLanguage":"pt-PT","potentialAction":[{"@type":"ReadAction","target":["https:\/\/sites.ipleiria.pt\/ipce2022\/inscricoes-2\/"]}]},{"@type":"BreadcrumbList","@id":"https:\/\/sites.ipleiria.pt\/ipce2022\/inscricoes-2\/#breadcrumb","itemListElement":[{"@type":"ListItem","position":1,"name":"In\u00edcio","item":"https:\/\/sites.ipleiria.pt\/ipce2022\/"},{"@type":"ListItem","position":2,"name":"Inscri\u00e7\u00f5es"}]},{"@type":"WebSite","@id":"https:\/\/sites.ipleiria.pt\/ipce2022\/#website","url":"https:\/\/sites.ipleiria.pt\/ipce2022\/","name":"IPCE 2022","description":"","potentialAction":[{"@type":"SearchAction","target":{"@type":"EntryPoint","urlTemplate":"https:\/\/sites.ipleiria.pt\/ipce2022\/?s={search_term_string}"},"query-input":{"@type":"PropertyValueSpecification","valueRequired":true,"valueName":"search_term_string"}}],"inLanguage":"pt-PT"}]}},"_links":{"self":[{"href":"https:\/\/sites.ipleiria.pt\/ipce2022\/wp-json\/wp\/v2\/pages\/21","targetHints":{"allow":["GET"]}}],"collection":[{"href":"https:\/\/sites.ipleiria.pt\/ipce2022\/wp-json\/wp\/v2\/pages"}],"about":[{"href":"https:\/\/sites.ipleiria.pt\/ipce2022\/wp-json\/wp\/v2\/types\/page"}],"author":[{"embeddable":true,"href":"https:\/\/sites.ipleiria.pt\/ipce2022\/wp-json\/wp\/v2\/users\/102"}],"replies":[{"embeddable":true,"href":"https:\/\/sites.ipleiria.pt\/ipce2022\/wp-json\/wp\/v2\/comments?post=21"}],"version-history":[{"count":5,"href":"https:\/\/sites.ipleiria.pt\/ipce2022\/wp-json\/wp\/v2\/pages\/21\/revisions"}],"predecessor-version":[{"id":597,"href":"https:\/\/sites.ipleiria.pt\/ipce2022\/wp-json\/wp\/v2\/pages\/21\/revisions\/597"}],"wp:attachment":[{"href":"https:\/\/sites.ipleiria.pt\/ipce2022\/wp-json\/wp\/v2\/media?parent=21"}],"curies":[{"name":"wp","href":"https:\/\/api.w.org\/{rel}","templated":true}]}}