{"id":364,"date":"2019-12-04T17:41:56","date_gmt":"2019-12-04T17:41:56","guid":{"rendered":"https:\/\/sites.ipleiria.pt\/ipce2020\/?page_id=90"},"modified":"2022-05-02T14:56:21","modified_gmt":"2022-05-02T14:56:21","slug":"programas-2-2","status":"publish","type":"page","link":"https:\/\/sites.ipleiria.pt\/ipce2022\/es\/programas-2-2\/","title":{"rendered":"Programas"},"content":{"rendered":"\n<p>Consulta el programa global del IPCE 2022. Si lo desea, puede descargarlo <a href=\"http:\/\/sites.ipleiria.pt\/ipce2022\/files\/2022\/05\/Programa-global-IPCE2022_02maio50.docx\">AQU\u00cd<\/a>. Para descargar el programa de sesiones paralelas haga clic <a href=\"http:\/\/sites.ipleiria.pt\/ipce2022\/files\/2022\/05\/Sessoes-Paralelas-IPCE202214.pdf\">AQU\u00cd<\/a> o ver m\u00e1s abajo.<\/p>\n\n\n\n<p class=\"has-luminous-vivid-amber-color has-text-color has-medium-font-size\"><strong>PROGRAMA DE SESIONES PARALELAS<\/strong><\/p>\n\n\n\n<p class=\"has-black-color has-text-color\">&nbsp;<strong>&nbsp;<strong>Viernes, 6 de mayo&nbsp;<\/strong><\/strong><\/p>\n\n\n\n<figure class=\"wp-block-table has-small-font-size\"><table><tbody><tr><td><strong>11h30 &#8211; 12h30<\/strong><\/td><\/tr><\/tbody><\/table><\/figure>\n\n\n\n<figure class=\"wp-block-table is-style-regular\"><table><tbody><tr><td class=\"has-text-align-center\" data-align=\"center\"><br><br>&nbsp;<strong>S 1.35&nbsp;<\/strong><br><\/td><td><strong>A6 \u2013 Os t\u00edtulos como vetores discursivos de uma comunidade de forma\u00e7\u00e3o&nbsp;<\/strong><br>Lu\u00eds Barbeiro \u2013 CI&amp;DEI, ESECS-IPLeiria, CELGA-ILTEC&nbsp;<br><strong>R36 \u2013 The development of Intercultural Communicative Competence through tasks: a project to train teachers of Portuguese as a Foreign Language&nbsp;<\/strong><br>Ana Catarina Castro \u2013 ESECS-IPLeiria&nbsp;<br><strong>A48 &#8211; A empatia na compreens\u00e3o hist\u00f3rica dos alunos&nbsp;<\/strong><br>Sofia Marques &#8211; ESECS-IPLeiria; Dina Alves &#8211; ESECS-IPLeiria, CHSC &#8211; Universidade de Coimbra; Alda Mour\u00e3o &#8211; ESECS-IPLeiria&nbsp;<\/td><\/tr><tr><td class=\"has-text-align-center\" data-align=\"center\"><br><br><strong>S 1.36&nbsp;<\/strong><br><\/td><td><strong>R21 &#8211; Algu\u00e9m conseguiu encontrar um \u00e2ngulo raso? \u2013 uma experi\u00eancia de aprendizagem no 1.\u00ba CEB&nbsp;<\/strong><br>Carlota Oliveira, Daniela L\u00facio, Telma Bugalh\u00e3o e Rui Ingl\u00eas &#8211; Casa da \u00c1rvore do Jardim do Fraldinhas&nbsp;<br><strong>A22 \u2013Descoberta da Rela\u00e7\u00e3o entre o M\u00e1ximo Divisor Comum e o M\u00ednimo M\u00faltiplo Comum num contexto de Investiga\u00e7\u00e3o Matem\u00e1tica&nbsp;<\/strong><br>Lu\u00edsa Donat, Soraia Farinha &#8211; ESECS-IPLeiria; Ana Oliveira &#8211; CI&amp;DEI, ESECS-IPLeiria&nbsp;<br><strong>A55 &#8211; O conhecimento alg\u00e9brico de futuros professores no in\u00edcio da sua forma\u00e7\u00e3o&nbsp;<\/strong><br>Dina Tavares &#8211; CI&amp;DEI, ESECS-IPLeiria, CIDMA &#8211; Universidade de Aveiro; Hugo Menino, H\u00e9lia Pinto, Marina Rodrigues e Nuno Rainho \u2013 CI&amp;DEI, ESECS-IPLeiria&nbsp;<\/td><\/tr><tr><td class=\"has-text-align-center\" data-align=\"center\"><br><br><strong>S 1.41&nbsp;<\/strong><br><\/td><td><strong>R39 &#8211; O uso da linguagem de programa\u00e7\u00e3o Scratch para criar hist\u00f3rias digitais de aprendizagem numa aula CLIL do 7\u00ba ano de Ci\u00eancias Naturais&nbsp;<\/strong><br>Alice Silva, Isaura Magalh\u00e3es e Lu\u00edsa Santos &#8211; Agrupamento de Escolas da Maia&nbsp;<br><strong>A46 \u2013Escape Room na Biblioteca Escolar&nbsp;<\/strong><br>Jos\u00e9 Soares &#8211; Agrupamento de Escolas de Vieira de Leiria&nbsp;<br><strong>R47 &#8211; Escape Room, a gamifica\u00e7\u00e3o na Biblioteca Escolar&nbsp;<\/strong><br>Jos\u00e9 Soares &#8211; Agrupamento de Escolas de Vieira de Leiria&nbsp;<\/td><\/tr><\/tbody><\/table><\/figure>\n\n\n\n<figure class=\"wp-block-table has-small-font-size\"><table><tbody><tr><td><strong><strong>15h &#8211; 16h&nbsp;<\/strong><\/strong><\/td><\/tr><\/tbody><\/table><\/figure>\n\n\n\n<figure class=\"wp-block-table is-style-regular\"><table><tbody><tr><td class=\"has-text-align-center\" data-align=\"center\"><br><br>&nbsp;<strong>S 1.35&nbsp;<\/strong><br><\/td><td><strong><strong>A10 \u2013 O PISA e a Resolu\u00e7\u00e3o Colaborativa de Problemas&nbsp;<\/strong><br><\/strong>V\u00edtor Rosa &#8211; Universidade Lus\u00f3fona, CeiED&nbsp;<strong><br><strong>R35 \u2013 Efeito do Exerc\u00edcio F\u00edsico em estudantes do Programa 60+&nbsp;<\/strong><br>D<\/strong>iogo Mendes, Filipe Rodrigues e Nuno Amaro &#8211; ESECS-IPL\/CIEQV&nbsp;<\/td><\/tr><tr><td class=\"has-text-align-center\" data-align=\"center\"><br><br><strong>S 1.41&nbsp;<\/strong><br><\/td><td><strong><strong>A 27 \u2013 Methods and strategies for promoting social and emotional well-being of immigrant children in early childhood education&nbsp;<\/strong><br><\/strong>Marta Licardo &#8211; University of Maribor, Faculty of Education&nbsp;<strong><br><strong>R41 \u2013 Growing up in the city: an Educational and Inclusive Project&nbsp;<\/strong><br><\/strong>Diana Felgosa &#8211; ESECS\/PLeiria &#8211; CLDS-4G Entroncamento \u2013 SCMEntroncamento; Joana Ribeiro &#8211; CLDS-4G Entroncamento \u2013 SCMEntroncamento; Cezarina Santinho Maur\u00edcio &#8211; ESECS\/PLeiria&nbsp;<strong><br><strong>A54 \u2013 O Despertar da Sustentabilidade em Contextos Educativos N\u00e3o Formais&nbsp;<\/strong><br><\/strong>Maria Celeste Fraz\u00e3o &#8211; Escola Secund\u00e1ria Afonso Lopes Vieira; Ant\u00f3nia Maria Carreira &#8211; Agrupamento de Escolas da Batalha&nbsp;<\/td><\/tr><\/tbody><\/table><\/figure>\n\n\n\n<figure class=\"wp-block-table has-small-font-size\"><table><tbody><tr><td><strong><strong><strong><strong><strong>17h30 &#8211; 18h30&nbsp;<\/strong><\/strong><\/strong><\/strong><\/strong><\/td><\/tr><\/tbody><\/table><\/figure>\n\n\n\n<figure class=\"wp-block-table is-style-regular\"><table><tbody><tr><td class=\"has-text-align-center\" data-align=\"center\"><br><br>&nbsp;<strong>S 1.35&nbsp;<\/strong><br><\/td><td><strong>A13 \u2013 Metodologia de Trabalho de Projeto em contexto Jardim de Inf\u00e2ncia: constru\u00e7\u00e3o da \u00e1rea do m\u00e9dico\u201d&nbsp;<\/strong><br>Bruna Pereira, Patr\u00edcia Lisboa and Hugo Menino &#8211; ESECS-IPLeiria&nbsp;<br><strong>A15 \u2013O espa\u00e7o exterior como potenciador de aprendizagem: um estudo explorat\u00f3rio sobre perce\u00e7\u00f5es e pr\u00e1ticas educativas dos educadores de inf\u00e2ncia e dos professores de 1.\u00ba Ciclo do Ensino B\u00e1sico\u201d&nbsp;<\/strong><br>Ana Guerreiro and Rita Leal &#8211; ESECS-IPLeiria&nbsp;<br><strong>R51 \u2013 O Rei D. Dinis: evid\u00eancias de uma experi\u00eancia educativa em contexto de jardim de inf\u00e2ncia&nbsp;<\/strong><br>M\u00f3nica Figueiredo, Ana Sobreiro &#8211; ESECS-IPLeiria; Isabel Dias &#8211; CIEQV, CI&amp;DEI, ESECS-IPLeiria&nbsp;<br><strong>A52 \u2013Intera\u00e7\u00f5es em contexto de creche&nbsp;<\/strong><br>Patr\u00edcia Alexandra Marques Domingues and L\u00facia Grave Magueta &#8211; ESECS-IPLeiria<\/td><\/tr><tr><td class=\"has-text-align-center\" data-align=\"center\"><br><br><strong>S 1.41&nbsp;<\/strong><br><\/td><td><strong><strong>R9 \u2013Estudo de movimentos associados ao funcionamento dos sistemas digestivo e circulat\u00f3rio humanos com recurso ao Ozobot na disciplina de Ci\u00eancias Naturais do 9\u00baano em turmas CLIL e n\u00e3o CLIL\u201d&nbsp;<\/strong><br><\/strong>Cristina Dias, Isaura Magalh\u00e3es and Lu\u00edsa Santos &#8211; Agrupamento de Escolas da Maia&nbsp;<strong><br><strong>R30 \u2013 Resolu\u00e7\u00e3o de problemas de matem\u00e1tica e a abordagem explorat\u00f3ria no 2.\u00ba ano do 1.\u00ba CEB&nbsp;<\/strong><br><\/strong>Mafalda Costa, T\u00e2nia Alexandre and Raquel Vieira &#8211; ESECS-IPLeiria&nbsp;<strong><br><strong>R50 \u2013 Projeto &#8220;A pensar no ambiente e em si tamb\u00e9m&#8221;&nbsp;<\/strong><br><\/strong>Ana Filipa Rocha Pinto &#8211; Centro de Solidariedade Social de S. Jorge da Beira&nbsp;<strong><br><strong>R38 &#8211; Portf\u00f3lio como instrumento de desenvolvimento profissional: a experi\u00eancia na UC de PIDP I&nbsp;<\/strong><br><\/strong>\u00c1lvaro Lopes, Iv\u00e2nia Alexandre, Isabel Santos &#8211; ESECS-IPLeiria; H\u00e9lia Pinto &#8211; CI&amp;DEI, ESECS-IPLeiria; Isabel Dias &#8211; CIEQV, CI&amp;DEI, ESECS-IPLeiria&nbsp;<\/td><\/tr><\/tbody><\/table><\/figure>\n\n\n\n<p class=\"has-black-color has-text-color\"><strong><strong><strong>S\u00e1bado, 7 de mayo&nbsp;<\/strong><\/strong><\/strong><\/p>\n\n\n\n<figure class=\"wp-block-table has-small-font-size\"><table><tbody><tr><td><strong>9h30 &#8211; 10h30&nbsp;<\/strong><\/td><\/tr><\/tbody><\/table><\/figure>\n\n\n\n<figure class=\"wp-block-table is-style-regular\"><table><tbody><tr><td class=\"has-text-align-center\" data-align=\"center\"><br><br>&nbsp;<strong>S 1.35&nbsp;<\/strong><br><\/td><td><strong><strong>A7 \u2013 Os fantoches v\u00e3o \u00e0 escola: ensinar e aprender a compreender&nbsp;<\/strong><br><\/strong>Cristina Rodrigues &#8211; ESECS-IPLeiria; Maria Jos\u00e9 Gamboa &#8211; CI&amp;DEI, ESECS-IPLeiria&nbsp;<strong><br><strong>A37 \u2013 Brincar com as hist\u00f3rias: O desenvolvimento da compet\u00eancia narrativa com crian\u00e7as do Jardim de Inf\u00e2ncia&nbsp;<\/strong><br><\/strong>Telma Bugalh\u00e3o &#8211; ESECS-IPLeiria; Maria Jos\u00e9 Gamboa &#8211; CI&amp;DEI, ESECS-IPLeiria<\/td><\/tr><tr><td class=\"has-text-align-center\" data-align=\"center\"><br><br><strong>S 1.41&nbsp;<\/strong><br><\/td><td><strong><strong><strong>R28 \u2013 Compartiendo Espacios Universitarios para la inclusi\u00f3n de personas con discapacidad&nbsp;<\/strong><br><\/strong><\/strong>Thais Pousada Garc\u00eda, Ver\u00f3nica Alfonso V\u00e1zquez, Claudia Su\u00e1rez Iglesias, Alba Vila Paz, Ana Villar G\u00f3mez and Sonia Seijas Ramos &#8211; Universidade da Coru\u00f1a&nbsp;<strong><strong><br><strong>R42 \u2013 Contributo da forma\u00e7\u00e3o profissional para a inclus\u00e3o de Pessoas com Defici\u00eancia no mercado de trabalho&nbsp;<\/strong><br><\/strong><\/strong>Marta Alexandra Nogueira &#8211; ESECS-IPLeiria; C\u00e9lia Sousa &#8211; CRID, CICS.NOVA.IPLeiria, ESECS-IPLeiria&nbsp;<strong><strong><br><strong>A45 \u2013 Os processos de desenvolvimento e produ\u00e7\u00e3o de livros em multiformatos, o que os professores precisam saber?&nbsp;<\/strong><br><\/strong><\/strong>Alessandra Lopes de Oliveira Castelini &#8211; Universidade Federal do Piau\u00ed \u2013 UFPI; C\u00e9lia Sousa &#8211; CRID, CICS.NOVA.IPLeiria, ESECS-IPLeiria&nbsp;<\/td><\/tr><\/tbody><\/table><\/figure>\n\n\n\n<figure class=\"wp-block-table has-small-font-size\"><table><tbody><tr><td><strong><strong>14h30 &#8211; 15h30&nbsp;<\/strong><\/strong><\/td><\/tr><\/tbody><\/table><\/figure>\n\n\n\n<figure class=\"wp-block-table is-style-regular\"><table><tbody><tr><td class=\"has-text-align-center\" data-align=\"center\"><br><br>&nbsp;<strong>S 1.35&nbsp;<\/strong><br><\/td><td><strong><strong><strong>A19 &#8211; A racionalidade t\u00e9cnica versus a pr\u00e1tica reflexiva: dilemas do instituto federal do amazonas como formador de professores&nbsp;<\/strong><br><\/strong><\/strong>Ailton Reis &#8211; Instituto Federal do Amazonas&nbsp;<strong><strong><br><strong>A23 &#8211; La identidad profesional femenina en la manual\u00edstica escolar de Educaci\u00f3n Secundaria&nbsp;<\/strong><br><\/strong><\/strong>Pilar Moreno Crespo, Mario Ferreras List\u00e1n, Olga Moreno Fern\u00e1ndez and Celia Corchete Fern\u00e1ndez &#8211; Universidad de Sevilla&nbsp;<strong><strong><br><strong>A43 \u2013 \u201cA resolu\u00e7\u00e3o de problemas no desenvolvimento do sentido de n\u00famero: o caso de Jo\u00e3o\u201d&nbsp;<\/strong><br><\/strong><\/strong>Ana Carolina Fortes Das Neves Dias Ferreira &#8211; ESECS-IPLeiria; H\u00e9lia Pinto &#8211; CI&amp;DEI, ESECS-IPLeiria&nbsp;<\/td><\/tr><tr><td class=\"has-text-align-center\" data-align=\"center\"><br><br><strong>S 1.41&nbsp;<\/strong><br><\/td><td><strong><strong><strong><strong>R16 \u2013 La escritura digital del alumnado adolescente en Andaluc\u00eda. La mensajer\u00eda instant\u00e1nea y sus implicaciones educativas&nbsp;<\/strong><br><\/strong><\/strong><\/strong>Alejandro G\u00f3mez-Camacho, Coral Ivy Hunt-G\u00f3mez and Francisco N\u00fa\u00f1ez-Rom\u00e1n &#8211; Universidad de Sevilla&nbsp;<strong><strong><strong><br><strong>A18 \u2013 La innovaci\u00f3n y sus asociaciones discursivas en Educaci\u00f3n Secundaria. Un an\u00e1lisis cuantitativo&nbsp;<\/strong><br><\/strong><\/strong><\/strong>Diego Luna Delgado and Jos\u00e9 Antonio Pineda-Alfonso &#8211; Universidad de Sevilla&nbsp;<strong><strong><strong><br><strong>R53 \u2013 Apoiando a pesquisa e produ\u00e7\u00e3o de conhecimentos\/compet\u00eancias atrav\u00e9s da partilha de experi\u00eancias&nbsp;<\/strong><br><\/strong><\/strong><\/strong>Virg\u00edlio Correia &#8211; IPC-ESEC&nbsp;<strong><strong><strong><br><\/strong><\/strong><\/strong><\/td><\/tr><\/tbody><\/table><\/figure>\n","protected":false},"excerpt":{"rendered":"<p>Consulta el programa global del IPCE 2022. Si lo desea, puede descargarlo AQU\u00cd. Para descargar el programa de sesiones paralelas haga clic AQU\u00cd o ver m\u00e1s abajo. PROGRAMA DE SESIONES PARALELAS &nbsp;&nbsp;Viernes, 6 de mayo&nbsp; 11h30 &#8211; 12h30 &nbsp;S 1.35&nbsp;&hellip;  <\/p>\n<p class=\"more-link\"><a href=\"https:\/\/sites.ipleiria.pt\/ipce2022\/es\/programas-2-2\/\">Continue reading <span class=\"meta-nav\">&rarr;<\/span><\/a><\/p>\n","protected":false},"author":102,"featured_media":0,"parent":0,"menu_order":0,"comment_status":"closed","ping_status":"closed","template":"","meta":{"footnotes":""},"class_list":["post-364","page","type-page","status-publish","hentry"],"yoast_head":"<!-- This site is optimized with the Yoast SEO plugin v26.8 - https:\/\/yoast.com\/product\/yoast-seo-wordpress\/ -->\n<title>Programas - IPCE 2022<\/title>\n<meta name=\"robots\" content=\"index, follow, max-snippet:-1, max-image-preview:large, max-video-preview:-1\" \/>\n<link rel=\"canonical\" href=\"https:\/\/sites.ipleiria.pt\/ipce2022\/es\/programas-2-2\/\" \/>\n<meta property=\"og:locale\" content=\"pt_PT\" \/>\n<meta property=\"og:type\" content=\"article\" \/>\n<meta property=\"og:title\" content=\"Programas - IPCE 2022\" \/>\n<meta property=\"og:description\" content=\"Consulta el programa global del IPCE 2022. Si lo desea, puede descargarlo AQU\u00cd. Para descargar el programa de sesiones paralelas haga clic AQU\u00cd o ver m\u00e1s abajo. PROGRAMA DE SESIONES PARALELAS &nbsp;&nbsp;Viernes, 6 de mayo&nbsp; 11h30 &#8211; 12h30 &nbsp;S 1.35&nbsp;&hellip; Continue reading &rarr;\" \/>\n<meta property=\"og:url\" content=\"https:\/\/sites.ipleiria.pt\/ipce2022\/es\/programas-2-2\/\" \/>\n<meta property=\"og:site_name\" content=\"IPCE 2022\" \/>\n<meta property=\"article:modified_time\" content=\"2022-05-02T14:56:21+00:00\" \/>\n<meta name=\"twitter:card\" content=\"summary_large_image\" \/>\n<meta name=\"twitter:label1\" content=\"Tempo estimado de leitura\" \/>\n\t<meta name=\"twitter:data1\" content=\"5 minutos\" \/>\n<script type=\"application\/ld+json\" class=\"yoast-schema-graph\">{\"@context\":\"https:\/\/schema.org\",\"@graph\":[{\"@type\":\"WebPage\",\"@id\":\"https:\/\/sites.ipleiria.pt\/ipce2022\/es\/programas-2-2\/\",\"url\":\"https:\/\/sites.ipleiria.pt\/ipce2022\/es\/programas-2-2\/\",\"name\":\"Programas - IPCE 2022\",\"isPartOf\":{\"@id\":\"https:\/\/sites.ipleiria.pt\/ipce2022\/#website\"},\"datePublished\":\"2019-12-04T17:41:56+00:00\",\"dateModified\":\"2022-05-02T14:56:21+00:00\",\"breadcrumb\":{\"@id\":\"https:\/\/sites.ipleiria.pt\/ipce2022\/es\/programas-2-2\/#breadcrumb\"},\"inLanguage\":\"pt-PT\",\"potentialAction\":[{\"@type\":\"ReadAction\",\"target\":[\"https:\/\/sites.ipleiria.pt\/ipce2022\/es\/programas-2-2\/\"]}]},{\"@type\":\"BreadcrumbList\",\"@id\":\"https:\/\/sites.ipleiria.pt\/ipce2022\/es\/programas-2-2\/#breadcrumb\",\"itemListElement\":[{\"@type\":\"ListItem\",\"position\":1,\"name\":\"In\u00edcio\",\"item\":\"https:\/\/sites.ipleiria.pt\/ipce2022\/\"},{\"@type\":\"ListItem\",\"position\":2,\"name\":\"Programas\"}]},{\"@type\":\"WebSite\",\"@id\":\"https:\/\/sites.ipleiria.pt\/ipce2022\/#website\",\"url\":\"https:\/\/sites.ipleiria.pt\/ipce2022\/\",\"name\":\"IPCE 2022\",\"description\":\"\",\"potentialAction\":[{\"@type\":\"SearchAction\",\"target\":{\"@type\":\"EntryPoint\",\"urlTemplate\":\"https:\/\/sites.ipleiria.pt\/ipce2022\/?s={search_term_string}\"},\"query-input\":{\"@type\":\"PropertyValueSpecification\",\"valueRequired\":true,\"valueName\":\"search_term_string\"}}],\"inLanguage\":\"pt-PT\"}]}<\/script>\n<!-- \/ Yoast SEO plugin. -->","yoast_head_json":{"title":"Programas - IPCE 2022","robots":{"index":"index","follow":"follow","max-snippet":"max-snippet:-1","max-image-preview":"max-image-preview:large","max-video-preview":"max-video-preview:-1"},"canonical":"https:\/\/sites.ipleiria.pt\/ipce2022\/es\/programas-2-2\/","og_locale":"pt_PT","og_type":"article","og_title":"Programas - IPCE 2022","og_description":"Consulta el programa global del IPCE 2022. Si lo desea, puede descargarlo AQU\u00cd. Para descargar el programa de sesiones paralelas haga clic AQU\u00cd o ver m\u00e1s abajo. PROGRAMA DE SESIONES PARALELAS &nbsp;&nbsp;Viernes, 6 de mayo&nbsp; 11h30 &#8211; 12h30 &nbsp;S 1.35&nbsp;&hellip; Continue reading &rarr;","og_url":"https:\/\/sites.ipleiria.pt\/ipce2022\/es\/programas-2-2\/","og_site_name":"IPCE 2022","article_modified_time":"2022-05-02T14:56:21+00:00","twitter_card":"summary_large_image","twitter_misc":{"Tempo estimado de leitura":"5 minutos"},"schema":{"@context":"https:\/\/schema.org","@graph":[{"@type":"WebPage","@id":"https:\/\/sites.ipleiria.pt\/ipce2022\/es\/programas-2-2\/","url":"https:\/\/sites.ipleiria.pt\/ipce2022\/es\/programas-2-2\/","name":"Programas - IPCE 2022","isPartOf":{"@id":"https:\/\/sites.ipleiria.pt\/ipce2022\/#website"},"datePublished":"2019-12-04T17:41:56+00:00","dateModified":"2022-05-02T14:56:21+00:00","breadcrumb":{"@id":"https:\/\/sites.ipleiria.pt\/ipce2022\/es\/programas-2-2\/#breadcrumb"},"inLanguage":"pt-PT","potentialAction":[{"@type":"ReadAction","target":["https:\/\/sites.ipleiria.pt\/ipce2022\/es\/programas-2-2\/"]}]},{"@type":"BreadcrumbList","@id":"https:\/\/sites.ipleiria.pt\/ipce2022\/es\/programas-2-2\/#breadcrumb","itemListElement":[{"@type":"ListItem","position":1,"name":"In\u00edcio","item":"https:\/\/sites.ipleiria.pt\/ipce2022\/"},{"@type":"ListItem","position":2,"name":"Programas"}]},{"@type":"WebSite","@id":"https:\/\/sites.ipleiria.pt\/ipce2022\/#website","url":"https:\/\/sites.ipleiria.pt\/ipce2022\/","name":"IPCE 2022","description":"","potentialAction":[{"@type":"SearchAction","target":{"@type":"EntryPoint","urlTemplate":"https:\/\/sites.ipleiria.pt\/ipce2022\/?s={search_term_string}"},"query-input":{"@type":"PropertyValueSpecification","valueRequired":true,"valueName":"search_term_string"}}],"inLanguage":"pt-PT"}]}},"_links":{"self":[{"href":"https:\/\/sites.ipleiria.pt\/ipce2022\/wp-json\/wp\/v2\/pages\/364","targetHints":{"allow":["GET"]}}],"collection":[{"href":"https:\/\/sites.ipleiria.pt\/ipce2022\/wp-json\/wp\/v2\/pages"}],"about":[{"href":"https:\/\/sites.ipleiria.pt\/ipce2022\/wp-json\/wp\/v2\/types\/page"}],"author":[{"embeddable":true,"href":"https:\/\/sites.ipleiria.pt\/ipce2022\/wp-json\/wp\/v2\/users\/102"}],"replies":[{"embeddable":true,"href":"https:\/\/sites.ipleiria.pt\/ipce2022\/wp-json\/wp\/v2\/comments?post=364"}],"version-history":[{"count":2,"href":"https:\/\/sites.ipleiria.pt\/ipce2022\/wp-json\/wp\/v2\/pages\/364\/revisions"}],"predecessor-version":[{"id":794,"href":"https:\/\/sites.ipleiria.pt\/ipce2022\/wp-json\/wp\/v2\/pages\/364\/revisions\/794"}],"wp:attachment":[{"href":"https:\/\/sites.ipleiria.pt\/ipce2022\/wp-json\/wp\/v2\/media?parent=364"}],"curies":[{"name":"wp","href":"https:\/\/api.w.org\/{rel}","templated":true}]}}