{"id":365,"date":"2019-12-04T17:45:12","date_gmt":"2019-12-04T17:45:12","guid":{"rendered":"https:\/\/sites.ipleiria.pt\/ipce2020\/?page_id=95"},"modified":"2022-03-08T17:29:24","modified_gmt":"2022-03-08T17:29:24","slug":"ponentes","status":"publish","type":"page","link":"https:\/\/sites.ipleiria.pt\/ipce2022\/es\/ponentes\/","title":{"rendered":"Ponentes"},"content":{"rendered":"\n<p style=\"font-size:25px\"><strong><strong><strong>6 DE MAYO &#8211; 9h30 <em>Sesi\u00f3n plenaria<\/em><\/strong><\/strong><\/strong><\/p>\n\n\n\n<h2 class=\"wp-block-heading\" style=\"font-size:30px\"><strong>CARLOS RABAD\u00c3O<\/strong><\/h2>\n\n\n<h5><img decoding=\"async\" class=\"alignright wp-image-298\" src=\"http:\/\/sites.ipleiria.pt\/ipce2022\/files\/2022\/03\/Carlos-Rabadao.png\" alt=\"\" width=\"156\" height=\"208\"><\/h5>\n\n\n<p class=\"has-medium-font-size\"><strong>Cybersecurity: Are Humans Really the Weakest Link in the Chain?<\/strong><\/p>\n\n\n\n<p>Carlos Rabad\u00e3o is a Coordinating Professor with Aggregation assigned to the Department of Computer Engineering at the School of Technology and Management of the Polytechnic Institute of Leiria. Holds the title of Aggregate in Informatics (Cybersecurity), PhD in Informatics Engineering and Master in Electronics and Telecommunications Engineering. His research work focuses on the areas of Computer Security and Computer Networks. In terms of participation in activities with the community, he has given several lectures and webinars, at the invitation of business, industrial and professional associations, as well as writing some opinion articles in the media, essentially in the area of \u200b\u200bCybersecurity.<\/p>\n\n\n\n<p style=\"font-size:25px\"><strong><strong><strong>6 DE MAYO &#8211; 14h00 <em>Sesi\u00f3n plenaria<\/em><\/strong><\/strong><\/strong><\/p>\n\n\n\n<h2 class=\"wp-block-heading\" style=\"font-size:30px\"><strong>MARTA LICARDO<\/strong><\/h2>\n\n\n<h5><img decoding=\"async\" class=\"alignright wp-image-298\" src=\"http:\/\/sites.ipleiria.pt\/ipce2022\/files\/2022\/03\/Marta-Licardo.jpg\" alt=\"\" width=\"156\" height=\"208\"><\/h5>\n\n\n<p class=\"has-medium-font-size\"><strong>Inclusion of immigrant children<\/strong><\/p>\n\n\n\n<p>Marta Licardo is professor at University of Maribor, Faculty of Education, Slovenia. She is Head of the Department for Preschool Education at the Faculty of Education. Her research interests are pedagogy, didactics, social sciences in early childhood education, inclusion, education of children with special needs and immigrant children. She is country coordinator for European Early Childhood Education Research Association for Slovenia. She leads or participates in several projects on national and international level related to her research interests (more information on <a href=\"https:\/\/pef.um.si\/en\/kontakt\/10693\/\">https:\/\/pef.um.si\/en\/kontakt\/10693\/<\/a>).<\/p>\n","protected":false},"excerpt":{"rendered":"<p>6 DE MAYO &#8211; 9h30 Sesi\u00f3n plenaria CARLOS RABAD\u00c3O Cybersecurity: Are Humans Really the Weakest Link in the Chain? Carlos Rabad\u00e3o is a Coordinating Professor with Aggregation assigned to the Department of Computer Engineering at the School of Technology and&hellip;  <\/p>\n<p class=\"more-link\"><a href=\"https:\/\/sites.ipleiria.pt\/ipce2022\/es\/ponentes\/\">Continue reading <span class=\"meta-nav\">&rarr;<\/span><\/a><\/p>\n","protected":false},"author":102,"featured_media":0,"parent":0,"menu_order":0,"comment_status":"closed","ping_status":"closed","template":"","meta":{"footnotes":""},"class_list":["post-365","page","type-page","status-publish","hentry"],"yoast_head":"<!-- This site is optimized with the Yoast SEO plugin v26.8 - https:\/\/yoast.com\/product\/yoast-seo-wordpress\/ -->\n<title>Ponentes - IPCE 2022<\/title>\n<meta name=\"robots\" content=\"index, follow, max-snippet:-1, max-image-preview:large, max-video-preview:-1\" \/>\n<link rel=\"canonical\" href=\"https:\/\/sites.ipleiria.pt\/ipce2022\/es\/ponentes\/\" \/>\n<meta property=\"og:locale\" content=\"pt_PT\" \/>\n<meta property=\"og:type\" content=\"article\" \/>\n<meta property=\"og:title\" content=\"Ponentes - IPCE 2022\" \/>\n<meta property=\"og:description\" content=\"6 DE MAYO &#8211; 9h30 Sesi\u00f3n plenaria CARLOS RABAD\u00c3O Cybersecurity: Are Humans Really the Weakest Link in the Chain? Carlos Rabad\u00e3o is a Coordinating Professor with Aggregation assigned to the Department of Computer Engineering at the School of Technology and&hellip; Continue reading &rarr;\" \/>\n<meta property=\"og:url\" content=\"https:\/\/sites.ipleiria.pt\/ipce2022\/es\/ponentes\/\" \/>\n<meta property=\"og:site_name\" content=\"IPCE 2022\" \/>\n<meta property=\"article:modified_time\" content=\"2022-03-08T17:29:24+00:00\" \/>\n<meta property=\"og:image\" content=\"http:\/\/sites.ipleiria.pt\/ipce2022\/files\/2022\/03\/Carlos-Rabadao.png\" \/>\n<meta name=\"twitter:card\" content=\"summary_large_image\" \/>\n<meta name=\"twitter:label1\" content=\"Tempo estimado de leitura\" \/>\n\t<meta name=\"twitter:data1\" content=\"2 minutos\" \/>\n<script type=\"application\/ld+json\" class=\"yoast-schema-graph\">{\"@context\":\"https:\/\/schema.org\",\"@graph\":[{\"@type\":\"WebPage\",\"@id\":\"https:\/\/sites.ipleiria.pt\/ipce2022\/es\/ponentes\/\",\"url\":\"https:\/\/sites.ipleiria.pt\/ipce2022\/es\/ponentes\/\",\"name\":\"Ponentes - IPCE 2022\",\"isPartOf\":{\"@id\":\"https:\/\/sites.ipleiria.pt\/ipce2022\/#website\"},\"primaryImageOfPage\":{\"@id\":\"https:\/\/sites.ipleiria.pt\/ipce2022\/es\/ponentes\/#primaryimage\"},\"image\":{\"@id\":\"https:\/\/sites.ipleiria.pt\/ipce2022\/es\/ponentes\/#primaryimage\"},\"thumbnailUrl\":\"http:\/\/sites.ipleiria.pt\/ipce2022\/files\/2022\/03\/Carlos-Rabadao.png\",\"datePublished\":\"2019-12-04T17:45:12+00:00\",\"dateModified\":\"2022-03-08T17:29:24+00:00\",\"breadcrumb\":{\"@id\":\"https:\/\/sites.ipleiria.pt\/ipce2022\/es\/ponentes\/#breadcrumb\"},\"inLanguage\":\"pt-PT\",\"potentialAction\":[{\"@type\":\"ReadAction\",\"target\":[\"https:\/\/sites.ipleiria.pt\/ipce2022\/es\/ponentes\/\"]}]},{\"@type\":\"ImageObject\",\"inLanguage\":\"pt-PT\",\"@id\":\"https:\/\/sites.ipleiria.pt\/ipce2022\/es\/ponentes\/#primaryimage\",\"url\":\"http:\/\/sites.ipleiria.pt\/ipce2022\/files\/2022\/03\/Carlos-Rabadao.png\",\"contentUrl\":\"http:\/\/sites.ipleiria.pt\/ipce2022\/files\/2022\/03\/Carlos-Rabadao.png\"},{\"@type\":\"BreadcrumbList\",\"@id\":\"https:\/\/sites.ipleiria.pt\/ipce2022\/es\/ponentes\/#breadcrumb\",\"itemListElement\":[{\"@type\":\"ListItem\",\"position\":1,\"name\":\"In\u00edcio\",\"item\":\"https:\/\/sites.ipleiria.pt\/ipce2022\/\"},{\"@type\":\"ListItem\",\"position\":2,\"name\":\"Ponentes\"}]},{\"@type\":\"WebSite\",\"@id\":\"https:\/\/sites.ipleiria.pt\/ipce2022\/#website\",\"url\":\"https:\/\/sites.ipleiria.pt\/ipce2022\/\",\"name\":\"IPCE 2022\",\"description\":\"\",\"potentialAction\":[{\"@type\":\"SearchAction\",\"target\":{\"@type\":\"EntryPoint\",\"urlTemplate\":\"https:\/\/sites.ipleiria.pt\/ipce2022\/?s={search_term_string}\"},\"query-input\":{\"@type\":\"PropertyValueSpecification\",\"valueRequired\":true,\"valueName\":\"search_term_string\"}}],\"inLanguage\":\"pt-PT\"}]}<\/script>\n<!-- \/ Yoast SEO plugin. -->","yoast_head_json":{"title":"Ponentes - IPCE 2022","robots":{"index":"index","follow":"follow","max-snippet":"max-snippet:-1","max-image-preview":"max-image-preview:large","max-video-preview":"max-video-preview:-1"},"canonical":"https:\/\/sites.ipleiria.pt\/ipce2022\/es\/ponentes\/","og_locale":"pt_PT","og_type":"article","og_title":"Ponentes - IPCE 2022","og_description":"6 DE MAYO &#8211; 9h30 Sesi\u00f3n plenaria CARLOS RABAD\u00c3O Cybersecurity: Are Humans Really the Weakest Link in the Chain? Carlos Rabad\u00e3o is a Coordinating Professor with Aggregation assigned to the Department of Computer Engineering at the School of Technology and&hellip; Continue reading &rarr;","og_url":"https:\/\/sites.ipleiria.pt\/ipce2022\/es\/ponentes\/","og_site_name":"IPCE 2022","article_modified_time":"2022-03-08T17:29:24+00:00","og_image":[{"url":"http:\/\/sites.ipleiria.pt\/ipce2022\/files\/2022\/03\/Carlos-Rabadao.png","type":"","width":"","height":""}],"twitter_card":"summary_large_image","twitter_misc":{"Tempo estimado de leitura":"2 minutos"},"schema":{"@context":"https:\/\/schema.org","@graph":[{"@type":"WebPage","@id":"https:\/\/sites.ipleiria.pt\/ipce2022\/es\/ponentes\/","url":"https:\/\/sites.ipleiria.pt\/ipce2022\/es\/ponentes\/","name":"Ponentes - IPCE 2022","isPartOf":{"@id":"https:\/\/sites.ipleiria.pt\/ipce2022\/#website"},"primaryImageOfPage":{"@id":"https:\/\/sites.ipleiria.pt\/ipce2022\/es\/ponentes\/#primaryimage"},"image":{"@id":"https:\/\/sites.ipleiria.pt\/ipce2022\/es\/ponentes\/#primaryimage"},"thumbnailUrl":"http:\/\/sites.ipleiria.pt\/ipce2022\/files\/2022\/03\/Carlos-Rabadao.png","datePublished":"2019-12-04T17:45:12+00:00","dateModified":"2022-03-08T17:29:24+00:00","breadcrumb":{"@id":"https:\/\/sites.ipleiria.pt\/ipce2022\/es\/ponentes\/#breadcrumb"},"inLanguage":"pt-PT","potentialAction":[{"@type":"ReadAction","target":["https:\/\/sites.ipleiria.pt\/ipce2022\/es\/ponentes\/"]}]},{"@type":"ImageObject","inLanguage":"pt-PT","@id":"https:\/\/sites.ipleiria.pt\/ipce2022\/es\/ponentes\/#primaryimage","url":"http:\/\/sites.ipleiria.pt\/ipce2022\/files\/2022\/03\/Carlos-Rabadao.png","contentUrl":"http:\/\/sites.ipleiria.pt\/ipce2022\/files\/2022\/03\/Carlos-Rabadao.png"},{"@type":"BreadcrumbList","@id":"https:\/\/sites.ipleiria.pt\/ipce2022\/es\/ponentes\/#breadcrumb","itemListElement":[{"@type":"ListItem","position":1,"name":"In\u00edcio","item":"https:\/\/sites.ipleiria.pt\/ipce2022\/"},{"@type":"ListItem","position":2,"name":"Ponentes"}]},{"@type":"WebSite","@id":"https:\/\/sites.ipleiria.pt\/ipce2022\/#website","url":"https:\/\/sites.ipleiria.pt\/ipce2022\/","name":"IPCE 2022","description":"","potentialAction":[{"@type":"SearchAction","target":{"@type":"EntryPoint","urlTemplate":"https:\/\/sites.ipleiria.pt\/ipce2022\/?s={search_term_string}"},"query-input":{"@type":"PropertyValueSpecification","valueRequired":true,"valueName":"search_term_string"}}],"inLanguage":"pt-PT"}]}},"_links":{"self":[{"href":"https:\/\/sites.ipleiria.pt\/ipce2022\/wp-json\/wp\/v2\/pages\/365","targetHints":{"allow":["GET"]}}],"collection":[{"href":"https:\/\/sites.ipleiria.pt\/ipce2022\/wp-json\/wp\/v2\/pages"}],"about":[{"href":"https:\/\/sites.ipleiria.pt\/ipce2022\/wp-json\/wp\/v2\/types\/page"}],"author":[{"embeddable":true,"href":"https:\/\/sites.ipleiria.pt\/ipce2022\/wp-json\/wp\/v2\/users\/102"}],"replies":[{"embeddable":true,"href":"https:\/\/sites.ipleiria.pt\/ipce2022\/wp-json\/wp\/v2\/comments?post=365"}],"version-history":[{"count":6,"href":"https:\/\/sites.ipleiria.pt\/ipce2022\/wp-json\/wp\/v2\/pages\/365\/revisions"}],"predecessor-version":[{"id":680,"href":"https:\/\/sites.ipleiria.pt\/ipce2022\/wp-json\/wp\/v2\/pages\/365\/revisions\/680"}],"wp:attachment":[{"href":"https:\/\/sites.ipleiria.pt\/ipce2022\/wp-json\/wp\/v2\/media?parent=365"}],"curies":[{"name":"wp","href":"https:\/\/api.w.org\/{rel}","templated":true}]}}