{"id":367,"date":"2019-12-04T17:46:55","date_gmt":"2019-12-04T17:46:55","guid":{"rendered":"https:\/\/sites.ipleiria.pt\/ipce2020\/?page_id=99"},"modified":"2022-02-17T14:15:33","modified_gmt":"2022-02-17T14:15:33","slug":"inscripcion","status":"publish","type":"page","link":"https:\/\/sites.ipleiria.pt\/ipce2022\/es\/inscripcion\/","title":{"rendered":"Inscripci\u00f3n"},"content":{"rendered":"\n<p><strong>Cuotas:<\/strong><\/p>\n\n\n\n<p>. Participantes en general \u2013 45 euros<br>. Docentes y no docentes\/ Antigos estudiantes del IPLeiria \u2013 15 euros<br>. Estudiantes del IPL \u2013 5 Euros<\/p>\n\n\n\n<p>Inscripci\u00f3n (pinchar <a href=\"http:\/\/eventos.ipleiria.pt\/portal\/eventos?p_id=26721&amp;lang=en-EN\">aqu\u00ed<\/a>)<\/p>\n\n\n\n<p><strong>Para m\u00e1s informaciones:<\/strong><br>Adelaide Ferreira \u2013 Inscripciones<br>Tel: (+351) 244 829 471 \/ Fax: (+351) 244 829 499<br>Email: <a href=\"mailto:adelaide.ferreira@ipleiria.pt\">adelaide.ferreira@ipleiria.pt<\/a><\/p>\n\n\n\n<p><strong>T\u00e9rminos y condiciones:<\/strong><br>La cuota de inscripci\u00f3n al coloquio incluye la asistencia a la conferencia, la documentaci\u00f3n de la misma y las pausas-caf\u00e9. La cancelaci\u00f3n de la inscripci\u00f3n implica la p\u00e9rdida del valor total de la cuota.<\/p>\n","protected":false},"excerpt":{"rendered":"<p>Cuotas: . Participantes en general \u2013 45 euros. Docentes y no docentes\/ Antigos estudiantes del IPLeiria \u2013 15 euros. Estudiantes del IPL \u2013 5 Euros Inscripci\u00f3n (pinchar aqu\u00ed) Para m\u00e1s informaciones:Adelaide Ferreira \u2013 InscripcionesTel: (+351) 244 829 471 \/ Fax:&hellip;  <\/p>\n<p class=\"more-link\"><a href=\"https:\/\/sites.ipleiria.pt\/ipce2022\/es\/inscripcion\/\">Continue reading <span class=\"meta-nav\">&rarr;<\/span><\/a><\/p>\n","protected":false},"author":102,"featured_media":0,"parent":0,"menu_order":0,"comment_status":"closed","ping_status":"closed","template":"","meta":{"footnotes":""},"class_list":["post-367","page","type-page","status-publish","hentry"],"yoast_head":"<!-- This site is optimized with the Yoast SEO plugin v26.8 - https:\/\/yoast.com\/product\/yoast-seo-wordpress\/ -->\n<title>Inscripci\u00f3n - IPCE 2022<\/title>\n<meta name=\"robots\" content=\"index, follow, max-snippet:-1, max-image-preview:large, max-video-preview:-1\" \/>\n<link rel=\"canonical\" href=\"https:\/\/sites.ipleiria.pt\/ipce2022\/es\/inscripcion\/\" \/>\n<meta property=\"og:locale\" content=\"pt_PT\" \/>\n<meta property=\"og:type\" content=\"article\" \/>\n<meta property=\"og:title\" content=\"Inscripci\u00f3n - IPCE 2022\" \/>\n<meta property=\"og:description\" content=\"Cuotas: . Participantes en general \u2013 45 euros. Docentes y no docentes\/ Antigos estudiantes del IPLeiria \u2013 15 euros. Estudiantes del IPL \u2013 5 Euros Inscripci\u00f3n (pinchar aqu\u00ed) Para m\u00e1s informaciones:Adelaide Ferreira \u2013 InscripcionesTel: (+351) 244 829 471 \/ Fax:&hellip; Continue reading &rarr;\" \/>\n<meta property=\"og:url\" content=\"https:\/\/sites.ipleiria.pt\/ipce2022\/es\/inscripcion\/\" \/>\n<meta property=\"og:site_name\" content=\"IPCE 2022\" \/>\n<meta property=\"article:modified_time\" content=\"2022-02-17T14:15:33+00:00\" \/>\n<meta name=\"twitter:card\" content=\"summary_large_image\" \/>\n<meta name=\"twitter:label1\" content=\"Tempo estimado de leitura\" \/>\n\t<meta name=\"twitter:data1\" content=\"1 minuto\" \/>\n<script type=\"application\/ld+json\" class=\"yoast-schema-graph\">{\"@context\":\"https:\/\/schema.org\",\"@graph\":[{\"@type\":\"WebPage\",\"@id\":\"https:\/\/sites.ipleiria.pt\/ipce2022\/es\/inscripcion\/\",\"url\":\"https:\/\/sites.ipleiria.pt\/ipce2022\/es\/inscripcion\/\",\"name\":\"Inscripci\u00f3n - IPCE 2022\",\"isPartOf\":{\"@id\":\"https:\/\/sites.ipleiria.pt\/ipce2022\/#website\"},\"datePublished\":\"2019-12-04T17:46:55+00:00\",\"dateModified\":\"2022-02-17T14:15:33+00:00\",\"breadcrumb\":{\"@id\":\"https:\/\/sites.ipleiria.pt\/ipce2022\/es\/inscripcion\/#breadcrumb\"},\"inLanguage\":\"pt-PT\",\"potentialAction\":[{\"@type\":\"ReadAction\",\"target\":[\"https:\/\/sites.ipleiria.pt\/ipce2022\/es\/inscripcion\/\"]}]},{\"@type\":\"BreadcrumbList\",\"@id\":\"https:\/\/sites.ipleiria.pt\/ipce2022\/es\/inscripcion\/#breadcrumb\",\"itemListElement\":[{\"@type\":\"ListItem\",\"position\":1,\"name\":\"In\u00edcio\",\"item\":\"https:\/\/sites.ipleiria.pt\/ipce2022\/\"},{\"@type\":\"ListItem\",\"position\":2,\"name\":\"Inscripci\u00f3n\"}]},{\"@type\":\"WebSite\",\"@id\":\"https:\/\/sites.ipleiria.pt\/ipce2022\/#website\",\"url\":\"https:\/\/sites.ipleiria.pt\/ipce2022\/\",\"name\":\"IPCE 2022\",\"description\":\"\",\"potentialAction\":[{\"@type\":\"SearchAction\",\"target\":{\"@type\":\"EntryPoint\",\"urlTemplate\":\"https:\/\/sites.ipleiria.pt\/ipce2022\/?s={search_term_string}\"},\"query-input\":{\"@type\":\"PropertyValueSpecification\",\"valueRequired\":true,\"valueName\":\"search_term_string\"}}],\"inLanguage\":\"pt-PT\"}]}<\/script>\n<!-- \/ Yoast SEO plugin. -->","yoast_head_json":{"title":"Inscripci\u00f3n - IPCE 2022","robots":{"index":"index","follow":"follow","max-snippet":"max-snippet:-1","max-image-preview":"max-image-preview:large","max-video-preview":"max-video-preview:-1"},"canonical":"https:\/\/sites.ipleiria.pt\/ipce2022\/es\/inscripcion\/","og_locale":"pt_PT","og_type":"article","og_title":"Inscripci\u00f3n - IPCE 2022","og_description":"Cuotas: . Participantes en general \u2013 45 euros. Docentes y no docentes\/ Antigos estudiantes del IPLeiria \u2013 15 euros. Estudiantes del IPL \u2013 5 Euros Inscripci\u00f3n (pinchar aqu\u00ed) Para m\u00e1s informaciones:Adelaide Ferreira \u2013 InscripcionesTel: (+351) 244 829 471 \/ Fax:&hellip; Continue reading &rarr;","og_url":"https:\/\/sites.ipleiria.pt\/ipce2022\/es\/inscripcion\/","og_site_name":"IPCE 2022","article_modified_time":"2022-02-17T14:15:33+00:00","twitter_card":"summary_large_image","twitter_misc":{"Tempo estimado de leitura":"1 minuto"},"schema":{"@context":"https:\/\/schema.org","@graph":[{"@type":"WebPage","@id":"https:\/\/sites.ipleiria.pt\/ipce2022\/es\/inscripcion\/","url":"https:\/\/sites.ipleiria.pt\/ipce2022\/es\/inscripcion\/","name":"Inscripci\u00f3n - IPCE 2022","isPartOf":{"@id":"https:\/\/sites.ipleiria.pt\/ipce2022\/#website"},"datePublished":"2019-12-04T17:46:55+00:00","dateModified":"2022-02-17T14:15:33+00:00","breadcrumb":{"@id":"https:\/\/sites.ipleiria.pt\/ipce2022\/es\/inscripcion\/#breadcrumb"},"inLanguage":"pt-PT","potentialAction":[{"@type":"ReadAction","target":["https:\/\/sites.ipleiria.pt\/ipce2022\/es\/inscripcion\/"]}]},{"@type":"BreadcrumbList","@id":"https:\/\/sites.ipleiria.pt\/ipce2022\/es\/inscripcion\/#breadcrumb","itemListElement":[{"@type":"ListItem","position":1,"name":"In\u00edcio","item":"https:\/\/sites.ipleiria.pt\/ipce2022\/"},{"@type":"ListItem","position":2,"name":"Inscripci\u00f3n"}]},{"@type":"WebSite","@id":"https:\/\/sites.ipleiria.pt\/ipce2022\/#website","url":"https:\/\/sites.ipleiria.pt\/ipce2022\/","name":"IPCE 2022","description":"","potentialAction":[{"@type":"SearchAction","target":{"@type":"EntryPoint","urlTemplate":"https:\/\/sites.ipleiria.pt\/ipce2022\/?s={search_term_string}"},"query-input":{"@type":"PropertyValueSpecification","valueRequired":true,"valueName":"search_term_string"}}],"inLanguage":"pt-PT"}]}},"_links":{"self":[{"href":"https:\/\/sites.ipleiria.pt\/ipce2022\/wp-json\/wp\/v2\/pages\/367","targetHints":{"allow":["GET"]}}],"collection":[{"href":"https:\/\/sites.ipleiria.pt\/ipce2022\/wp-json\/wp\/v2\/pages"}],"about":[{"href":"https:\/\/sites.ipleiria.pt\/ipce2022\/wp-json\/wp\/v2\/types\/page"}],"author":[{"embeddable":true,"href":"https:\/\/sites.ipleiria.pt\/ipce2022\/wp-json\/wp\/v2\/users\/102"}],"replies":[{"embeddable":true,"href":"https:\/\/sites.ipleiria.pt\/ipce2022\/wp-json\/wp\/v2\/comments?post=367"}],"version-history":[{"count":2,"href":"https:\/\/sites.ipleiria.pt\/ipce2022\/wp-json\/wp\/v2\/pages\/367\/revisions"}],"predecessor-version":[{"id":583,"href":"https:\/\/sites.ipleiria.pt\/ipce2022\/wp-json\/wp\/v2\/pages\/367\/revisions\/583"}],"wp:attachment":[{"href":"https:\/\/sites.ipleiria.pt\/ipce2022\/wp-json\/wp\/v2\/media?parent=367"}],"curies":[{"name":"wp","href":"https:\/\/api.w.org\/{rel}","templated":true}]}}