{"id":77,"date":"2019-12-04T16:30:01","date_gmt":"2019-12-04T16:30:01","guid":{"rendered":"https:\/\/sites.ipleiria.pt\/ipce2020\/?page_id=77"},"modified":"2022-03-14T18:09:26","modified_gmt":"2022-03-14T18:09:26","slug":"fechas-importantes","status":"publish","type":"page","link":"https:\/\/sites.ipleiria.pt\/ipce2022\/es\/fechas-importantes\/","title":{"rendered":"Fechas importantes"},"content":{"rendered":"\n<p><strong><strong>\u00daltimo plazo de env\u00edo de los<\/strong> art\u00edculos:<\/strong>\u00a0<s>14 de marzo de 2022<\/s> 21 de marzo de 2022<br><strong>\u00daltimo plazo de env\u00edo de los relatos:<\/strong>\u00a0<s>14 de marzo de 2022<\/s> 21 de marzo de 2022<br><strong>\u00daltimo plazo de env\u00edo de los p\u00f3sters:<\/strong>\u00a0<s>14 de marzo de 2022<\/s> 21 de marzo de 2022<br><strong>Fecha l\u00edmite para la notificaci\u00f3n de contribuciones aceptadas:<\/strong>\u00a0 \u00a0hasta el 13 de abril de 2022<br><strong>\u00daltimo d\u00eda\u00a0para el pago de las cuotas:\u00a0<\/strong>antes del 30 de abril de 2022<\/p>\n\n\n\n<p> <\/p>\n","protected":false},"excerpt":{"rendered":"<p>\u00daltimo plazo de env\u00edo de los art\u00edculos:\u00a014 de marzo de 2022 21 de marzo de 2022\u00daltimo plazo de env\u00edo de los relatos:\u00a014 de marzo de 2022 21 de marzo de 2022\u00daltimo plazo de env\u00edo de los p\u00f3sters:\u00a014 de marzo de&hellip;  <\/p>\n<p class=\"more-link\"><a href=\"https:\/\/sites.ipleiria.pt\/ipce2022\/es\/fechas-importantes\/\">Continue reading <span class=\"meta-nav\">&rarr;<\/span><\/a><\/p>\n","protected":false},"author":102,"featured_media":0,"parent":0,"menu_order":0,"comment_status":"closed","ping_status":"closed","template":"","meta":{"footnotes":""},"class_list":["post-77","page","type-page","status-publish","hentry"],"yoast_head":"<!-- This site is optimized with the Yoast SEO plugin v26.8 - https:\/\/yoast.com\/product\/yoast-seo-wordpress\/ -->\n<title>Fechas importantes - IPCE 2022<\/title>\n<meta name=\"robots\" content=\"index, follow, max-snippet:-1, max-image-preview:large, max-video-preview:-1\" \/>\n<link rel=\"canonical\" href=\"https:\/\/sites.ipleiria.pt\/ipce2022\/es\/fechas-importantes\/\" \/>\n<meta property=\"og:locale\" content=\"pt_PT\" \/>\n<meta property=\"og:type\" content=\"article\" \/>\n<meta property=\"og:title\" content=\"Fechas importantes - IPCE 2022\" \/>\n<meta property=\"og:description\" content=\"\u00daltimo plazo de env\u00edo de los art\u00edculos:\u00a014 de marzo de 2022 21 de marzo de 2022\u00daltimo plazo de env\u00edo de los relatos:\u00a014 de marzo de 2022 21 de marzo de 2022\u00daltimo plazo de env\u00edo de los p\u00f3sters:\u00a014 de marzo de&hellip; Continue reading &rarr;\" \/>\n<meta property=\"og:url\" content=\"https:\/\/sites.ipleiria.pt\/ipce2022\/es\/fechas-importantes\/\" \/>\n<meta property=\"og:site_name\" content=\"IPCE 2022\" \/>\n<meta property=\"article:modified_time\" content=\"2022-03-14T18:09:26+00:00\" \/>\n<meta name=\"twitter:card\" content=\"summary_large_image\" \/>\n<meta name=\"twitter:label1\" content=\"Tempo estimado de leitura\" \/>\n\t<meta name=\"twitter:data1\" content=\"1 minuto\" \/>\n<script type=\"application\/ld+json\" class=\"yoast-schema-graph\">{\"@context\":\"https:\/\/schema.org\",\"@graph\":[{\"@type\":\"WebPage\",\"@id\":\"https:\/\/sites.ipleiria.pt\/ipce2022\/es\/fechas-importantes\/\",\"url\":\"https:\/\/sites.ipleiria.pt\/ipce2022\/es\/fechas-importantes\/\",\"name\":\"Fechas importantes - IPCE 2022\",\"isPartOf\":{\"@id\":\"https:\/\/sites.ipleiria.pt\/ipce2022\/#website\"},\"datePublished\":\"2019-12-04T16:30:01+00:00\",\"dateModified\":\"2022-03-14T18:09:26+00:00\",\"breadcrumb\":{\"@id\":\"https:\/\/sites.ipleiria.pt\/ipce2022\/es\/fechas-importantes\/#breadcrumb\"},\"inLanguage\":\"pt-PT\",\"potentialAction\":[{\"@type\":\"ReadAction\",\"target\":[\"https:\/\/sites.ipleiria.pt\/ipce2022\/es\/fechas-importantes\/\"]}]},{\"@type\":\"BreadcrumbList\",\"@id\":\"https:\/\/sites.ipleiria.pt\/ipce2022\/es\/fechas-importantes\/#breadcrumb\",\"itemListElement\":[{\"@type\":\"ListItem\",\"position\":1,\"name\":\"In\u00edcio\",\"item\":\"https:\/\/sites.ipleiria.pt\/ipce2022\/\"},{\"@type\":\"ListItem\",\"position\":2,\"name\":\"Fechas importantes\"}]},{\"@type\":\"WebSite\",\"@id\":\"https:\/\/sites.ipleiria.pt\/ipce2022\/#website\",\"url\":\"https:\/\/sites.ipleiria.pt\/ipce2022\/\",\"name\":\"IPCE 2022\",\"description\":\"\",\"potentialAction\":[{\"@type\":\"SearchAction\",\"target\":{\"@type\":\"EntryPoint\",\"urlTemplate\":\"https:\/\/sites.ipleiria.pt\/ipce2022\/?s={search_term_string}\"},\"query-input\":{\"@type\":\"PropertyValueSpecification\",\"valueRequired\":true,\"valueName\":\"search_term_string\"}}],\"inLanguage\":\"pt-PT\"}]}<\/script>\n<!-- \/ Yoast SEO plugin. -->","yoast_head_json":{"title":"Fechas importantes - IPCE 2022","robots":{"index":"index","follow":"follow","max-snippet":"max-snippet:-1","max-image-preview":"max-image-preview:large","max-video-preview":"max-video-preview:-1"},"canonical":"https:\/\/sites.ipleiria.pt\/ipce2022\/es\/fechas-importantes\/","og_locale":"pt_PT","og_type":"article","og_title":"Fechas importantes - IPCE 2022","og_description":"\u00daltimo plazo de env\u00edo de los art\u00edculos:\u00a014 de marzo de 2022 21 de marzo de 2022\u00daltimo plazo de env\u00edo de los relatos:\u00a014 de marzo de 2022 21 de marzo de 2022\u00daltimo plazo de env\u00edo de los p\u00f3sters:\u00a014 de marzo de&hellip; Continue reading &rarr;","og_url":"https:\/\/sites.ipleiria.pt\/ipce2022\/es\/fechas-importantes\/","og_site_name":"IPCE 2022","article_modified_time":"2022-03-14T18:09:26+00:00","twitter_card":"summary_large_image","twitter_misc":{"Tempo estimado de leitura":"1 minuto"},"schema":{"@context":"https:\/\/schema.org","@graph":[{"@type":"WebPage","@id":"https:\/\/sites.ipleiria.pt\/ipce2022\/es\/fechas-importantes\/","url":"https:\/\/sites.ipleiria.pt\/ipce2022\/es\/fechas-importantes\/","name":"Fechas importantes - IPCE 2022","isPartOf":{"@id":"https:\/\/sites.ipleiria.pt\/ipce2022\/#website"},"datePublished":"2019-12-04T16:30:01+00:00","dateModified":"2022-03-14T18:09:26+00:00","breadcrumb":{"@id":"https:\/\/sites.ipleiria.pt\/ipce2022\/es\/fechas-importantes\/#breadcrumb"},"inLanguage":"pt-PT","potentialAction":[{"@type":"ReadAction","target":["https:\/\/sites.ipleiria.pt\/ipce2022\/es\/fechas-importantes\/"]}]},{"@type":"BreadcrumbList","@id":"https:\/\/sites.ipleiria.pt\/ipce2022\/es\/fechas-importantes\/#breadcrumb","itemListElement":[{"@type":"ListItem","position":1,"name":"In\u00edcio","item":"https:\/\/sites.ipleiria.pt\/ipce2022\/"},{"@type":"ListItem","position":2,"name":"Fechas importantes"}]},{"@type":"WebSite","@id":"https:\/\/sites.ipleiria.pt\/ipce2022\/#website","url":"https:\/\/sites.ipleiria.pt\/ipce2022\/","name":"IPCE 2022","description":"","potentialAction":[{"@type":"SearchAction","target":{"@type":"EntryPoint","urlTemplate":"https:\/\/sites.ipleiria.pt\/ipce2022\/?s={search_term_string}"},"query-input":{"@type":"PropertyValueSpecification","valueRequired":true,"valueName":"search_term_string"}}],"inLanguage":"pt-PT"}]}},"_links":{"self":[{"href":"https:\/\/sites.ipleiria.pt\/ipce2022\/wp-json\/wp\/v2\/pages\/77","targetHints":{"allow":["GET"]}}],"collection":[{"href":"https:\/\/sites.ipleiria.pt\/ipce2022\/wp-json\/wp\/v2\/pages"}],"about":[{"href":"https:\/\/sites.ipleiria.pt\/ipce2022\/wp-json\/wp\/v2\/types\/page"}],"author":[{"embeddable":true,"href":"https:\/\/sites.ipleiria.pt\/ipce2022\/wp-json\/wp\/v2\/users\/102"}],"replies":[{"embeddable":true,"href":"https:\/\/sites.ipleiria.pt\/ipce2022\/wp-json\/wp\/v2\/comments?post=77"}],"version-history":[{"count":9,"href":"https:\/\/sites.ipleiria.pt\/ipce2022\/wp-json\/wp\/v2\/pages\/77\/revisions"}],"predecessor-version":[{"id":691,"href":"https:\/\/sites.ipleiria.pt\/ipce2022\/wp-json\/wp\/v2\/pages\/77\/revisions\/691"}],"wp:attachment":[{"href":"https:\/\/sites.ipleiria.pt\/ipce2022\/wp-json\/wp\/v2\/media?parent=77"}],"curies":[{"name":"wp","href":"https:\/\/api.w.org\/{rel}","templated":true}]}}