{"id":79,"date":"2019-12-04T17:36:30","date_gmt":"2019-12-04T17:36:30","guid":{"rendered":"https:\/\/sites.ipleiria.pt\/ipce2020\/?page_id=79"},"modified":"2022-03-16T11:41:08","modified_gmt":"2022-03-16T11:41:08","slug":"organization","status":"publish","type":"page","link":"https:\/\/sites.ipleiria.pt\/ipce2022\/en\/organization\/","title":{"rendered":"Organization"},"content":{"rendered":"\n<p><strong>Organising Committee:<\/strong><br>Dina Catarina Duarte Alves<br>H\u00e9lia Gon\u00e7alves Pinto<br>Maria Isabel Pinto Sim\u00f5es Dias<br>Maria Od\u00edlia de Jesus Almeida Abreu<br>Romain Gillain <\/p>\n\n\n\n<p><strong>Scientific Committee:<\/strong><\/p>\n\n\n\n<p>Alessandra Almeida \u2013 PUC-Campinas; UNICAMP (Brasil)<br>Ana Paula Cardoso \u2013 Instituto Polit\u00e9cnico de Viseu (Portugal)<br>Ana Torres &#8211; Universidade da Beira Interior (Portugal)<br>Ant\u00f3nio Eduardo Veyrier Val\u00e9rio Maduro \u2013 Instituto Universit\u00e1rio da Maia (Portugal)<br>Carmen Vanesa \u00c1lvarez Rosa \u2013 Universidad de Salamanca (Spain)<br>Cl\u00e1udia Figueiredo \u2013 Universidade de Aveiro (Portugal)<br>Concei\u00e7\u00e3o Silveirinha (Portugal)<br>Dina Catarina Duarte Alves \u2013 Polit\u00e9cnico de Leiria (Portugal)<br>Elvira Ferreira \u2013 Minist\u00e9rio da Educa\u00e7\u00e3o (Portugal)<br>F\u00e1tima Llamas Salguero \u2013 Universidad de Extremadura (Spain)<br>F\u00e1tima Regina Jorge \u2013 Instituto Polit\u00e9cnico de Castelo Branco (Portugal).<br>Fausto Caels \u2013 Polit\u00e9cnico de Leiria (Portugal)<br>Filipe Alexandre da Silva Santos \u2013 Polit\u00e9cnico de Leiria (Portugal)<br>Gabriela Prego V\u00e1zquez \u2013 Universidad de Santiago de Compostela (Spain)<br>Gra\u00e7a Maria Santos Batista Seco \u2013 Polit\u00e9cnico de Leiria (Portugal)<br>Helena Lu\u00eds \u2013 Instituto Polit\u00e9cnico de Santar\u00e9m (Portugal)<br>H\u00e9lia Gon\u00e7alves Pinto \u2013 Polit\u00e9cnico de Leiria (Portugal)<br>Hugo Alexandre Lopes Menino \u2013 Polit\u00e9cnico de Leiria (Portugal)<br>Isabel Cuadrado Gordillo \u2013 Universidad de Extremadura (Spain)<br>Isabel Lopes da Silva \u2013 Minist\u00e9rio da Educa\u00e7\u00e3o (Portugal)<br>Isabel Sofia Godinho Silva Rebelo \u2013 Polit\u00e9cnico de Leiria (Portugal)<br>Joana Almeida \u2013 Universidade de Aveiro (Portugal)<br>Joana da Silveira Duarte \u2013 NHL Stenden University (Netherlands)<br>Jos\u00e9 Brites Ferreira \u2013 Polit\u00e9cnico de Leiria (Portugal)<br>Jos\u00e9 Carlos Laranjo \u2013 Polit\u00e9cnico de Leiria (Portugal)<br>Jos\u00e9 Rodrigues \u2013 Instituto Polit\u00e9cnico de Santar\u00e9m (Portugal)<br>Lina Fonseca \u2013 Instituto Polit\u00e9cnico de Viana do Castelo (Portugal)<br>L\u00facia Grave Magueta \u2013 Polit\u00e9cnico de Leiria (Portugal)<br>Lu\u00eds Filipe Tom\u00e1s Barbeiro \u2013 Polit\u00e9cnico de Leiria (Portugal)<br>Luz Zas \u2013 Universidad de Santiago de Compostela (Spain)<br>Maria Figueiredo \u2013 Instituto Polit\u00e9cnico de Viseu (Portugal)<br>Maria Cinta Mu\u00f1oz Catal\u00e1n \u2013 Universidad de Sevilla (Spain)<br>Maria Isabel Alves Rodrigues Pereira \u2013 Polit\u00e9cnico de Leiria (Portugal)<br>Maria Isabel Pinto Sim\u00f5es Dias \u2013 Polit\u00e9cnico de Leiria (Portugal)<br>Maria Jos\u00e9 Gamboa \u2013 Polit\u00e9cnico de Leiria (Portugal)<br>Maria Jos\u00e9 Marcelino \u2013 Universidade de Coimbra (Portugal)<br>Maria de S\u00e3o Pedro dos Santos Silva Lopes \u2013 Polit\u00e9cnico de Leiria (Portugal)<br>Mark Daubney \u2013 Polit\u00e9cnico de Leiria (Portugal)<br>Marina Vict\u00f3ria Valdez Faria Rodrigues \u2013 Polit\u00e9cnico de Leiria (Portugal)<br>Marta Alexandre \u2013 Polit\u00e9cnico de Leiria (Portugal)<br>Marta Fonseca \u2013 Polit\u00e9cnico de Leiria (Portugal)<br>No\u00e9mia Jorge \u2013 Polit\u00e9cnico de Leiria (Portugal)<br>Paulo Martins Afonso \u2013 Instituto Polit\u00e9cnico de Castelo Branco (Portugal).<br>Pedro de Carvalho Silva \u2013 Polit\u00e9cnico de Leiria (Portugal)<br>Pedro Sequeira \u2013 Instituto Polit\u00e9cnico de Santar\u00e9m (Portugal)<br>Pedro Tadeu \u2013 Instituto Polit\u00e9cnico da Guarda (Portugal)<br>Pilar Mart\u00edn Lobo &#8211; Universidad Internacional de la Rioja (Spain)<br>Rita Alexandra Bettencourt Leal \u2013 Polit\u00e9cnico de Leiria (Portugal)<br>Romain Gillain \u2013 Polit\u00e9cnico de Leiria (Portugal)<br>Rui Matos &#8211; Polit\u00e9cnico de Leiria (Portugal)<br>Stela Maria Fernandes Marques &#8211; PUC Minas Gerais (Brazil)<br>Susana Margarida da Costa Nunes &#8211; Polit\u00e9cnico de Leiria (Portugal)<br>Valeriana Guijo &#8211; Universidad de Burgos (Espanha)<br>V\u00e9ronique Delplancq \u2013 Instituto Polit\u00e9cnico de Viseu (Portugal)<br>Vicente Jos\u00e9 Marcet Rodr\u00edguez \u2013 Universidad de Salamanca (Spain)<\/p>\n\n\n\n<p><strong>Organizer<\/strong><br>Escola Superior de Educa\u00e7\u00e3o e Ci\u00eancias Sociais \u2013 Instituto Polit\u00e9cnico de Leiria (PORTUGAL)<\/p>\n\n\n\n<p><\/p>\n","protected":false},"excerpt":{"rendered":"<p>Organising Committee:Dina Catarina Duarte AlvesH\u00e9lia Gon\u00e7alves PintoMaria Isabel Pinto Sim\u00f5es DiasMaria Od\u00edlia de Jesus Almeida AbreuRomain Gillain Scientific Committee: Alessandra Almeida \u2013 PUC-Campinas; UNICAMP (Brasil)Ana Paula Cardoso \u2013 Instituto Polit\u00e9cnico de Viseu (Portugal)Ana Torres &#8211; Universidade da Beira Interior (Portugal)Ant\u00f3nio&hellip;  <\/p>\n<p class=\"more-link\"><a href=\"https:\/\/sites.ipleiria.pt\/ipce2022\/en\/organization\/\">Continue reading <span class=\"meta-nav\">&rarr;<\/span><\/a><\/p>\n","protected":false},"author":102,"featured_media":0,"parent":0,"menu_order":0,"comment_status":"closed","ping_status":"closed","template":"","meta":{"footnotes":""},"class_list":["post-79","page","type-page","status-publish","hentry"],"yoast_head":"<!-- This site is optimized with the Yoast SEO plugin v26.8 - https:\/\/yoast.com\/product\/yoast-seo-wordpress\/ -->\n<title>Organization - IPCE 2022<\/title>\n<meta name=\"robots\" content=\"index, follow, max-snippet:-1, max-image-preview:large, max-video-preview:-1\" \/>\n<link rel=\"canonical\" href=\"https:\/\/sites.ipleiria.pt\/ipce2022\/en\/organization\/\" \/>\n<meta property=\"og:locale\" content=\"pt_PT\" \/>\n<meta property=\"og:type\" content=\"article\" \/>\n<meta property=\"og:title\" content=\"Organization - IPCE 2022\" \/>\n<meta property=\"og:description\" content=\"Organising Committee:Dina Catarina Duarte AlvesH\u00e9lia Gon\u00e7alves PintoMaria Isabel Pinto Sim\u00f5es DiasMaria Od\u00edlia de Jesus Almeida AbreuRomain Gillain Scientific Committee: Alessandra Almeida \u2013 PUC-Campinas; UNICAMP (Brasil)Ana Paula Cardoso \u2013 Instituto Polit\u00e9cnico de Viseu (Portugal)Ana Torres &#8211; Universidade da Beira Interior (Portugal)Ant\u00f3nio&hellip; Continue reading &rarr;\" \/>\n<meta property=\"og:url\" content=\"https:\/\/sites.ipleiria.pt\/ipce2022\/en\/organization\/\" \/>\n<meta property=\"og:site_name\" content=\"IPCE 2022\" \/>\n<meta property=\"article:modified_time\" content=\"2022-03-16T11:41:08+00:00\" \/>\n<meta name=\"twitter:card\" content=\"summary_large_image\" \/>\n<meta name=\"twitter:label1\" content=\"Tempo estimado de leitura\" \/>\n\t<meta name=\"twitter:data1\" content=\"3 minutos\" \/>\n<script type=\"application\/ld+json\" class=\"yoast-schema-graph\">{\"@context\":\"https:\/\/schema.org\",\"@graph\":[{\"@type\":\"WebPage\",\"@id\":\"https:\/\/sites.ipleiria.pt\/ipce2022\/en\/organization\/\",\"url\":\"https:\/\/sites.ipleiria.pt\/ipce2022\/en\/organization\/\",\"name\":\"Organization - IPCE 2022\",\"isPartOf\":{\"@id\":\"https:\/\/sites.ipleiria.pt\/ipce2022\/#website\"},\"datePublished\":\"2019-12-04T17:36:30+00:00\",\"dateModified\":\"2022-03-16T11:41:08+00:00\",\"breadcrumb\":{\"@id\":\"https:\/\/sites.ipleiria.pt\/ipce2022\/en\/organization\/#breadcrumb\"},\"inLanguage\":\"pt-PT\",\"potentialAction\":[{\"@type\":\"ReadAction\",\"target\":[\"https:\/\/sites.ipleiria.pt\/ipce2022\/en\/organization\/\"]}]},{\"@type\":\"BreadcrumbList\",\"@id\":\"https:\/\/sites.ipleiria.pt\/ipce2022\/en\/organization\/#breadcrumb\",\"itemListElement\":[{\"@type\":\"ListItem\",\"position\":1,\"name\":\"In\u00edcio\",\"item\":\"https:\/\/sites.ipleiria.pt\/ipce2022\/\"},{\"@type\":\"ListItem\",\"position\":2,\"name\":\"Organization\"}]},{\"@type\":\"WebSite\",\"@id\":\"https:\/\/sites.ipleiria.pt\/ipce2022\/#website\",\"url\":\"https:\/\/sites.ipleiria.pt\/ipce2022\/\",\"name\":\"IPCE 2022\",\"description\":\"\",\"potentialAction\":[{\"@type\":\"SearchAction\",\"target\":{\"@type\":\"EntryPoint\",\"urlTemplate\":\"https:\/\/sites.ipleiria.pt\/ipce2022\/?s={search_term_string}\"},\"query-input\":{\"@type\":\"PropertyValueSpecification\",\"valueRequired\":true,\"valueName\":\"search_term_string\"}}],\"inLanguage\":\"pt-PT\"}]}<\/script>\n<!-- \/ Yoast SEO plugin. -->","yoast_head_json":{"title":"Organization - IPCE 2022","robots":{"index":"index","follow":"follow","max-snippet":"max-snippet:-1","max-image-preview":"max-image-preview:large","max-video-preview":"max-video-preview:-1"},"canonical":"https:\/\/sites.ipleiria.pt\/ipce2022\/en\/organization\/","og_locale":"pt_PT","og_type":"article","og_title":"Organization - IPCE 2022","og_description":"Organising Committee:Dina Catarina Duarte AlvesH\u00e9lia Gon\u00e7alves PintoMaria Isabel Pinto Sim\u00f5es DiasMaria Od\u00edlia de Jesus Almeida AbreuRomain Gillain Scientific Committee: Alessandra Almeida \u2013 PUC-Campinas; UNICAMP (Brasil)Ana Paula Cardoso \u2013 Instituto Polit\u00e9cnico de Viseu (Portugal)Ana Torres &#8211; Universidade da Beira Interior (Portugal)Ant\u00f3nio&hellip; Continue reading &rarr;","og_url":"https:\/\/sites.ipleiria.pt\/ipce2022\/en\/organization\/","og_site_name":"IPCE 2022","article_modified_time":"2022-03-16T11:41:08+00:00","twitter_card":"summary_large_image","twitter_misc":{"Tempo estimado de leitura":"3 minutos"},"schema":{"@context":"https:\/\/schema.org","@graph":[{"@type":"WebPage","@id":"https:\/\/sites.ipleiria.pt\/ipce2022\/en\/organization\/","url":"https:\/\/sites.ipleiria.pt\/ipce2022\/en\/organization\/","name":"Organization - IPCE 2022","isPartOf":{"@id":"https:\/\/sites.ipleiria.pt\/ipce2022\/#website"},"datePublished":"2019-12-04T17:36:30+00:00","dateModified":"2022-03-16T11:41:08+00:00","breadcrumb":{"@id":"https:\/\/sites.ipleiria.pt\/ipce2022\/en\/organization\/#breadcrumb"},"inLanguage":"pt-PT","potentialAction":[{"@type":"ReadAction","target":["https:\/\/sites.ipleiria.pt\/ipce2022\/en\/organization\/"]}]},{"@type":"BreadcrumbList","@id":"https:\/\/sites.ipleiria.pt\/ipce2022\/en\/organization\/#breadcrumb","itemListElement":[{"@type":"ListItem","position":1,"name":"In\u00edcio","item":"https:\/\/sites.ipleiria.pt\/ipce2022\/"},{"@type":"ListItem","position":2,"name":"Organization"}]},{"@type":"WebSite","@id":"https:\/\/sites.ipleiria.pt\/ipce2022\/#website","url":"https:\/\/sites.ipleiria.pt\/ipce2022\/","name":"IPCE 2022","description":"","potentialAction":[{"@type":"SearchAction","target":{"@type":"EntryPoint","urlTemplate":"https:\/\/sites.ipleiria.pt\/ipce2022\/?s={search_term_string}"},"query-input":{"@type":"PropertyValueSpecification","valueRequired":true,"valueName":"search_term_string"}}],"inLanguage":"pt-PT"}]}},"_links":{"self":[{"href":"https:\/\/sites.ipleiria.pt\/ipce2022\/wp-json\/wp\/v2\/pages\/79","targetHints":{"allow":["GET"]}}],"collection":[{"href":"https:\/\/sites.ipleiria.pt\/ipce2022\/wp-json\/wp\/v2\/pages"}],"about":[{"href":"https:\/\/sites.ipleiria.pt\/ipce2022\/wp-json\/wp\/v2\/types\/page"}],"author":[{"embeddable":true,"href":"https:\/\/sites.ipleiria.pt\/ipce2022\/wp-json\/wp\/v2\/users\/102"}],"replies":[{"embeddable":true,"href":"https:\/\/sites.ipleiria.pt\/ipce2022\/wp-json\/wp\/v2\/comments?post=79"}],"version-history":[{"count":4,"href":"https:\/\/sites.ipleiria.pt\/ipce2022\/wp-json\/wp\/v2\/pages\/79\/revisions"}],"predecessor-version":[{"id":697,"href":"https:\/\/sites.ipleiria.pt\/ipce2022\/wp-json\/wp\/v2\/pages\/79\/revisions\/697"}],"wp:attachment":[{"href":"https:\/\/sites.ipleiria.pt\/ipce2022\/wp-json\/wp\/v2\/media?parent=79"}],"curies":[{"name":"wp","href":"https:\/\/api.w.org\/{rel}","templated":true}]}}