{"id":82,"date":"2021-02-10T13:01:01","date_gmt":"2021-02-10T13:01:01","guid":{"rendered":"http:\/\/sites.ipleiria.pt\/ipce2021\/?page_id=82"},"modified":"2021-02-15T16:09:06","modified_gmt":"2021-02-15T16:09:06","slug":"alojamento","status":"publish","type":"page","link":"https:\/\/sites.ipleiria.pt\/ipce2022\/alojamento\/","title":{"rendered":"Alojamento"},"content":{"rendered":"\n<p><strong>Hotel Eurosol Leiria *** <\/strong>\u2014 <a href=\"http:\/\/www.eurosol.pt\/hoteis\/hotel-eurosol-leiria-jardim\/\" target=\"_blank\" rel=\"noreferrer noopener\">Aqui<\/a><br><em>(Localizado pr\u00f3ximo da Escola Superior de Educa\u00e7\u00e3o e Ci\u00eancias Sociais \u2013 7 minutos a p\u00e9)<\/em><\/p>\n\n\n\n<p><strong>Hotel S\u00e3o Lu\u00eds *** <\/strong>\u2014 <a href=\"http:\/\/www.saoluishotel.com\/\" target=\"_blank\" rel=\"noreferrer noopener\">Aqui<\/a><br><em>(Localizado pr\u00f3ximo do centro da cidade de Leiria e a 12 minutos a p\u00e9 da Escola Superior de Educa\u00e7\u00e3o e Ci\u00eancias Sociais)<\/em><\/p>\n\n\n\n<p><strong>Hotel Ibis ** <\/strong>\u2014 <a rel=\"noreferrer noopener\" href=\"http:\/\/www.accorhotels.com\/pt\/hotel-3340-ibis-leiria\/index.shtml\" target=\"_blank\">Aqui<\/a> (Localizado a 20 minutos a p\u00e9 da Escola Superior de Educa\u00e7\u00e3o e Ci\u00eancias Sociais)<\/p>\n\n\n\n<p><strong>Hotel Leiria Classic \u2014 <\/strong><a rel=\"noreferrer noopener\" href=\"http:\/\/www.hotelleiriaclassic.pt\/\" target=\"_blank\">Aqui<\/a><em> <\/em><em>(Localizado no centro da cidade de Leiria e a 10 minutos a p\u00e9 da Escola Superior de Educa\u00e7\u00e3o e Ci\u00eancias Sociais)<\/em><\/p>\n\n\n\n<p><em>(Localizado no centro da cidade de Leiria e a 10 minutos a p\u00e9 da Escola Superior de Educa\u00e7\u00e3o e Ci\u00eancias Sociais)<\/em><\/p>\n\n\n\n<p><strong>Atlas Hostel Leiria<\/strong> \u2014 <a href=\"http:\/\/www.atlashostel-leiria.com\/\" target=\"_blank\" rel=\"noreferrer noopener\">Aqui<\/a><br><em>(Localizado no centro hist\u00f3rico da cidade de Leiria e a 10 minutos a p\u00e9 da Escola Superior de Educa\u00e7\u00e3o e Ci\u00eancias Sociais)<\/em><\/p>\n\n\n\n<p><strong>Hotel D. Dinis <\/strong>\u2014 <a href=\"http:\/\/www.hotelddinis.pt\/\" target=\"_blank\" rel=\"noreferrer noopener\">Aqui<\/a><\/p>\n","protected":false},"excerpt":{"rendered":"<p>Hotel Eurosol Leiria *** \u2014 Aqui(Localizado pr\u00f3ximo da Escola Superior de Educa\u00e7\u00e3o e Ci\u00eancias Sociais \u2013 7 minutos a p\u00e9) Hotel S\u00e3o Lu\u00eds *** \u2014 Aqui(Localizado pr\u00f3ximo do centro da cidade de Leiria e a 12 minutos a p\u00e9 da&hellip;  <\/p>\n<p class=\"more-link\"><a href=\"https:\/\/sites.ipleiria.pt\/ipce2022\/alojamento\/\">Continue reading <span class=\"meta-nav\">&rarr;<\/span><\/a><\/p>\n","protected":false},"author":102,"featured_media":0,"parent":0,"menu_order":0,"comment_status":"closed","ping_status":"closed","template":"","meta":{"footnotes":""},"class_list":["post-82","page","type-page","status-publish","hentry"],"yoast_head":"<!-- This site is optimized with the Yoast SEO plugin v26.8 - https:\/\/yoast.com\/product\/yoast-seo-wordpress\/ -->\n<title>Alojamento - IPCE 2022<\/title>\n<meta name=\"robots\" content=\"index, follow, max-snippet:-1, max-image-preview:large, max-video-preview:-1\" \/>\n<link rel=\"canonical\" href=\"https:\/\/sites.ipleiria.pt\/ipce2022\/alojamento\/\" \/>\n<meta property=\"og:locale\" content=\"pt_PT\" \/>\n<meta property=\"og:type\" content=\"article\" \/>\n<meta property=\"og:title\" content=\"Alojamento - IPCE 2022\" \/>\n<meta property=\"og:description\" content=\"Hotel Eurosol Leiria *** \u2014 Aqui(Localizado pr\u00f3ximo da Escola Superior de Educa\u00e7\u00e3o e Ci\u00eancias Sociais \u2013 7 minutos a p\u00e9) Hotel S\u00e3o Lu\u00eds *** \u2014 Aqui(Localizado pr\u00f3ximo do centro da cidade de Leiria e a 12 minutos a p\u00e9 da&hellip; Continue reading &rarr;\" \/>\n<meta property=\"og:url\" content=\"https:\/\/sites.ipleiria.pt\/ipce2022\/alojamento\/\" \/>\n<meta property=\"og:site_name\" content=\"IPCE 2022\" \/>\n<meta property=\"article:modified_time\" content=\"2021-02-15T16:09:06+00:00\" \/>\n<meta name=\"twitter:card\" content=\"summary_large_image\" \/>\n<meta name=\"twitter:label1\" content=\"Tempo estimado de leitura\" \/>\n\t<meta name=\"twitter:data1\" content=\"1 minuto\" \/>\n<script type=\"application\/ld+json\" class=\"yoast-schema-graph\">{\"@context\":\"https:\/\/schema.org\",\"@graph\":[{\"@type\":\"WebPage\",\"@id\":\"https:\/\/sites.ipleiria.pt\/ipce2022\/alojamento\/\",\"url\":\"https:\/\/sites.ipleiria.pt\/ipce2022\/alojamento\/\",\"name\":\"Alojamento - IPCE 2022\",\"isPartOf\":{\"@id\":\"https:\/\/sites.ipleiria.pt\/ipce2022\/#website\"},\"datePublished\":\"2021-02-10T13:01:01+00:00\",\"dateModified\":\"2021-02-15T16:09:06+00:00\",\"breadcrumb\":{\"@id\":\"https:\/\/sites.ipleiria.pt\/ipce2022\/alojamento\/#breadcrumb\"},\"inLanguage\":\"pt-PT\",\"potentialAction\":[{\"@type\":\"ReadAction\",\"target\":[\"https:\/\/sites.ipleiria.pt\/ipce2022\/alojamento\/\"]}]},{\"@type\":\"BreadcrumbList\",\"@id\":\"https:\/\/sites.ipleiria.pt\/ipce2022\/alojamento\/#breadcrumb\",\"itemListElement\":[{\"@type\":\"ListItem\",\"position\":1,\"name\":\"In\u00edcio\",\"item\":\"https:\/\/sites.ipleiria.pt\/ipce2022\/\"},{\"@type\":\"ListItem\",\"position\":2,\"name\":\"Alojamento\"}]},{\"@type\":\"WebSite\",\"@id\":\"https:\/\/sites.ipleiria.pt\/ipce2022\/#website\",\"url\":\"https:\/\/sites.ipleiria.pt\/ipce2022\/\",\"name\":\"IPCE 2022\",\"description\":\"\",\"potentialAction\":[{\"@type\":\"SearchAction\",\"target\":{\"@type\":\"EntryPoint\",\"urlTemplate\":\"https:\/\/sites.ipleiria.pt\/ipce2022\/?s={search_term_string}\"},\"query-input\":{\"@type\":\"PropertyValueSpecification\",\"valueRequired\":true,\"valueName\":\"search_term_string\"}}],\"inLanguage\":\"pt-PT\"}]}<\/script>\n<!-- \/ Yoast SEO plugin. -->","yoast_head_json":{"title":"Alojamento - IPCE 2022","robots":{"index":"index","follow":"follow","max-snippet":"max-snippet:-1","max-image-preview":"max-image-preview:large","max-video-preview":"max-video-preview:-1"},"canonical":"https:\/\/sites.ipleiria.pt\/ipce2022\/alojamento\/","og_locale":"pt_PT","og_type":"article","og_title":"Alojamento - IPCE 2022","og_description":"Hotel Eurosol Leiria *** \u2014 Aqui(Localizado pr\u00f3ximo da Escola Superior de Educa\u00e7\u00e3o e Ci\u00eancias Sociais \u2013 7 minutos a p\u00e9) Hotel S\u00e3o Lu\u00eds *** \u2014 Aqui(Localizado pr\u00f3ximo do centro da cidade de Leiria e a 12 minutos a p\u00e9 da&hellip; Continue reading &rarr;","og_url":"https:\/\/sites.ipleiria.pt\/ipce2022\/alojamento\/","og_site_name":"IPCE 2022","article_modified_time":"2021-02-15T16:09:06+00:00","twitter_card":"summary_large_image","twitter_misc":{"Tempo estimado de leitura":"1 minuto"},"schema":{"@context":"https:\/\/schema.org","@graph":[{"@type":"WebPage","@id":"https:\/\/sites.ipleiria.pt\/ipce2022\/alojamento\/","url":"https:\/\/sites.ipleiria.pt\/ipce2022\/alojamento\/","name":"Alojamento - IPCE 2022","isPartOf":{"@id":"https:\/\/sites.ipleiria.pt\/ipce2022\/#website"},"datePublished":"2021-02-10T13:01:01+00:00","dateModified":"2021-02-15T16:09:06+00:00","breadcrumb":{"@id":"https:\/\/sites.ipleiria.pt\/ipce2022\/alojamento\/#breadcrumb"},"inLanguage":"pt-PT","potentialAction":[{"@type":"ReadAction","target":["https:\/\/sites.ipleiria.pt\/ipce2022\/alojamento\/"]}]},{"@type":"BreadcrumbList","@id":"https:\/\/sites.ipleiria.pt\/ipce2022\/alojamento\/#breadcrumb","itemListElement":[{"@type":"ListItem","position":1,"name":"In\u00edcio","item":"https:\/\/sites.ipleiria.pt\/ipce2022\/"},{"@type":"ListItem","position":2,"name":"Alojamento"}]},{"@type":"WebSite","@id":"https:\/\/sites.ipleiria.pt\/ipce2022\/#website","url":"https:\/\/sites.ipleiria.pt\/ipce2022\/","name":"IPCE 2022","description":"","potentialAction":[{"@type":"SearchAction","target":{"@type":"EntryPoint","urlTemplate":"https:\/\/sites.ipleiria.pt\/ipce2022\/?s={search_term_string}"},"query-input":{"@type":"PropertyValueSpecification","valueRequired":true,"valueName":"search_term_string"}}],"inLanguage":"pt-PT"}]}},"_links":{"self":[{"href":"https:\/\/sites.ipleiria.pt\/ipce2022\/wp-json\/wp\/v2\/pages\/82","targetHints":{"allow":["GET"]}}],"collection":[{"href":"https:\/\/sites.ipleiria.pt\/ipce2022\/wp-json\/wp\/v2\/pages"}],"about":[{"href":"https:\/\/sites.ipleiria.pt\/ipce2022\/wp-json\/wp\/v2\/types\/page"}],"author":[{"embeddable":true,"href":"https:\/\/sites.ipleiria.pt\/ipce2022\/wp-json\/wp\/v2\/users\/102"}],"replies":[{"embeddable":true,"href":"https:\/\/sites.ipleiria.pt\/ipce2022\/wp-json\/wp\/v2\/comments?post=82"}],"version-history":[{"count":2,"href":"https:\/\/sites.ipleiria.pt\/ipce2022\/wp-json\/wp\/v2\/pages\/82\/revisions"}],"predecessor-version":[{"id":188,"href":"https:\/\/sites.ipleiria.pt\/ipce2022\/wp-json\/wp\/v2\/pages\/82\/revisions\/188"}],"wp:attachment":[{"href":"https:\/\/sites.ipleiria.pt\/ipce2022\/wp-json\/wp\/v2\/media?parent=82"}],"curies":[{"name":"wp","href":"https:\/\/api.w.org\/{rel}","templated":true}]}}