{"id":363,"date":"2019-12-04T17:38:13","date_gmt":"2019-12-04T17:38:13","guid":{"rendered":"https:\/\/sites.ipleiria.pt\/ipce2020\/?page_id=82"},"modified":"2023-01-18T10:31:36","modified_gmt":"2023-01-18T10:31:36","slug":"organizacion","status":"publish","type":"page","link":"https:\/\/sites.ipleiria.pt\/ipce2023\/es\/organizacion\/","title":{"rendered":"Organizaci\u00f3n"},"content":{"rendered":"\n<p class=\"has-white-color has-text-color has-background\" style=\"background-color:#008080\"><strong>Comit\u00e9 organizador<\/strong><\/p>\n\n\n\n<ul class=\"wp-block-list\"><li>Dina Catarina Duarte Alves<\/li><li>H\u00e9lia Gon\u00e7alves Pinto<\/li><li>Maria Isabel Pinto Sim\u00f5es Dias<\/li><li>Maria Od\u00edlia de Jesus Almeida Abreu<\/li><li>Pedro Gil Frade Morou\u00e7o<\/li><\/ul>\n\n\n\n<p class=\"has-white-color has-text-color has-background\" style=\"background-color:#008080\"><strong>Comit\u00e9 cient\u00edfico<\/strong><\/p>\n\n\n\n<p>Alessandra Almeida \u2013 PUC-Campinas; UNICAMP (Brasil)<\/p>\n\n\n\n<p>Alda Maria Martins Mour\u00e3o \u2013 Polit\u00e9cnico de Leiria (Portugal)<\/p>\n\n\n\n<p>Ant\u00f3nio Eduardo Veyrier Val\u00e9rio Maduro \u2013 Instituto Universit\u00e1rio da Maia (Portugal)<\/p>\n\n\n\n<p>Carmen Vanesa \u00c1lvarez Rosa \u2013 Universidad de Salamanca (Espanha)<\/p>\n\n\n\n<p>Cl\u00e1udia Figueiredo \u2013 Universidade de Aveiro (Portugal)<\/p>\n\n\n\n<p>Concei\u00e7\u00e3o Silveirinha (Portugal)<\/p>\n\n\n\n<p>Dina Catarina Duarte Alves \u2013 Polit\u00e9cnico de Leiria (Portugal)<\/p>\n\n\n\n<p>Elvira Ferreira \u2013 Minist\u00e9rio da Educa\u00e7\u00e3o (Portugal)<\/p>\n\n\n\n<p>F\u00e1tima Llamas Salguero \u2013 Universidad de Extremadura (Espanha)<\/p>\n\n\n\n<p>Fausto Caels \u2013 Polit\u00e9cnico de Leiria (Portugal)<\/p>\n\n\n\n<p>Filipe Alexandre da Silva Santos \u2013 Polit\u00e9cnico de Leiria (Portugal)<\/p>\n\n\n\n<p>Gabriela Prego V\u00e1zquez \u2013 Universidad de Santiago de Compostela (Espanha)<\/p>\n\n\n\n<p>Gra\u00e7a Maria Santos Batista Seco \u2013 Polit\u00e9cnico de Leiria (Portugal)<\/p>\n\n\n\n<p>H\u00e9lia Gon\u00e7alves Pinto \u2013 Polit\u00e9cnico de Leiria (Portugal)<\/p>\n\n\n\n<p>Hugo Alexandre Lopes Menino \u2013 Polit\u00e9cnico de Leiria (Portugal)<\/p>\n\n\n\n<p>Isabel Cuadrado Gordillo \u2013 Universidad de Extremadura (Espanha)<\/p>\n\n\n\n<p>Isabel Sofia Godinho Silva Rebelo \u2013 Polit\u00e9cnico de Leiria (Portugal)<\/p>\n\n\n\n<p>Jos\u00e9 Brites Ferreira \u2013 Polit\u00e9cnico de Leiria (Portugal)<\/p>\n\n\n\n<p>Jos\u00e9 Carlos Laranjo \u2013 Polit\u00e9cnico de Leiria (Portugal)<\/p>\n\n\n\n<p>Jos\u00e9 Rodrigues \u2013 Instituto Polit\u00e9cnico de Santar\u00e9m (Portugal)<\/p>\n\n\n\n<p>Lina Fonseca \u2013 Instituto Polit\u00e9cnico de Viana do Castelo (Portugal)<\/p>\n\n\n\n<p>L\u00facia Grave Magueta \u2013 Polit\u00e9cnico de Leiria (Portugal)<\/p>\n\n\n\n<p>Lu\u00eds Filipe Tom\u00e1s Barbeiro \u2013 Polit\u00e9cnico de Leiria (Portugal)<\/p>\n\n\n\n<p>Luz Zas \u2013 Universidad de Santiago de Compostela (Espanha)<\/p>\n\n\n\n<p>Maria Figueiredo \u2013 Instituto Polit\u00e9cnico de Viseu (Portugal)<\/p>\n\n\n\n<p>Maria Isabel Alves Rodrigues Pereira \u2013 Polit\u00e9cnico de Leiria (Portugal)<\/p>\n\n\n\n<p>Maria Isabel Pinto Sim\u00f5es Dias \u2013 Polit\u00e9cnico de Leiria (Portugal)<\/p>\n\n\n\n<p>Maria Jos\u00e9 Gamboa \u2013 Polit\u00e9cnico de Leiria (Portugal)<\/p>\n\n\n\n<p>Maria Jos\u00e9 Marcelino \u2013 Universidade de Coimbra (Portugal)<\/p>\n\n\n\n<p>Maria de S\u00e3o Pedro dos Santos Silva Lopes \u2013 Polit\u00e9cnico de Leiria (Portugal)<\/p>\n\n\n\n<p>Mark Daubney \u2013 Polit\u00e9cnico de Leiria (Portugal)<\/p>\n\n\n\n<p>Marina Vict\u00f3ria Valdez Faria Rodrigues \u2013 Polit\u00e9cnico de Leiria (Portugal)<\/p>\n\n\n\n<p>Marta Alexandre \u2013 Polit\u00e9cnico de Leiria (Portugal)<\/p>\n\n\n\n<p>Marta Fonseca \u2013 Polit\u00e9cnico de Leiria (Portugal)<\/p>\n\n\n\n<p>No\u00e9mia Jorge \u2013 Polit\u00e9cnico de Leiria (Portugal)<\/p>\n\n\n\n<p>Pedro de Carvalho Silva \u2013 Polit\u00e9cnico de Leiria (Portugal)<\/p>\n\n\n\n<p>Pedro Tadeu \u2013 Instituto Polit\u00e9cnico da Guarda (Portugal)<\/p>\n\n\n\n<p>Rita Alexandra Bettencourt Leal \u2013 Polit\u00e9cnico de Leiria (Portugal)<\/p>\n\n\n\n<p>Romain Gillain \u2013 Polit\u00e9cnico de Leiria (Portugal)<\/p>\n\n\n\n<p>Rui Matos \u2013 Polit\u00e9cnico de Leiria (Portugal)<\/p>\n\n\n\n<p>Susana Margarida da Costa Nunes \u2013 Polit\u00e9cnico de Leiria (Portugal)<\/p>\n\n\n\n<p>Valeriana Guijo \u2013 Universidad de Burgos (Espanha)<\/p>\n\n\n\n<p>V\u00e9ronique Delplancq \u2013 Instituto Polit\u00e9cnico de Viseu (Portugal)<\/p>\n\n\n\n<p class=\"has-white-color has-text-color has-background\" style=\"background-color:#008080\"><strong>Entidad organizadora<\/strong><br><\/p>\n\n\n\n<ul class=\"wp-block-list\"><li>Escola Superior de Educa\u00e7\u00e3o e Ci\u00eancias Sociais \u2013 Instituto Polit\u00e9cnico de Leiria (PORTUGAL)<\/li><\/ul>\n","protected":false},"excerpt":{"rendered":"<p>Comit\u00e9 organizador Dina Catarina Duarte Alves H\u00e9lia Gon\u00e7alves Pinto Maria Isabel Pinto Sim\u00f5es Dias Maria Od\u00edlia de Jesus Almeida Abreu Pedro Gil Frade Morou\u00e7o Comit\u00e9 cient\u00edfico Alessandra Almeida \u2013 PUC-Campinas; UNICAMP (Brasil) Alda Maria Martins Mour\u00e3o \u2013 Polit\u00e9cnico de Leiria&hellip;  <\/p>\n<p class=\"more-link\"><a href=\"https:\/\/sites.ipleiria.pt\/ipce2023\/es\/organizacion\/\">Continue reading <span class=\"meta-nav\">&rarr;<\/span><\/a><\/p>\n","protected":false},"author":102,"featured_media":0,"parent":0,"menu_order":0,"comment_status":"closed","ping_status":"closed","template":"","meta":{"footnotes":""},"class_list":["post-363","page","type-page","status-publish","hentry"],"yoast_head":"<!-- This site is optimized with the Yoast SEO plugin v26.8 - https:\/\/yoast.com\/product\/yoast-seo-wordpress\/ -->\n<title>Organizaci\u00f3n - IPCE2023<\/title>\n<meta name=\"robots\" content=\"index, follow, max-snippet:-1, max-image-preview:large, max-video-preview:-1\" \/>\n<link rel=\"canonical\" href=\"https:\/\/sites.ipleiria.pt\/ipce2023\/es\/organizacion\/\" \/>\n<meta property=\"og:locale\" content=\"pt_PT\" \/>\n<meta property=\"og:type\" content=\"article\" \/>\n<meta property=\"og:title\" content=\"Organizaci\u00f3n - IPCE2023\" \/>\n<meta property=\"og:description\" content=\"Comit\u00e9 organizador Dina Catarina Duarte Alves H\u00e9lia Gon\u00e7alves Pinto Maria Isabel Pinto Sim\u00f5es Dias Maria Od\u00edlia de Jesus Almeida Abreu Pedro Gil Frade Morou\u00e7o Comit\u00e9 cient\u00edfico Alessandra Almeida \u2013 PUC-Campinas; UNICAMP (Brasil) Alda Maria Martins Mour\u00e3o \u2013 Polit\u00e9cnico de Leiria&hellip; Continue reading &rarr;\" \/>\n<meta property=\"og:url\" content=\"https:\/\/sites.ipleiria.pt\/ipce2023\/es\/organizacion\/\" \/>\n<meta property=\"og:site_name\" content=\"IPCE2023\" \/>\n<meta property=\"article:modified_time\" content=\"2023-01-18T10:31:36+00:00\" \/>\n<meta name=\"twitter:card\" content=\"summary_large_image\" \/>\n<script type=\"application\/ld+json\" class=\"yoast-schema-graph\">{\"@context\":\"https:\/\/schema.org\",\"@graph\":[{\"@type\":\"WebPage\",\"@id\":\"https:\/\/sites.ipleiria.pt\/ipce2023\/es\/organizacion\/\",\"url\":\"https:\/\/sites.ipleiria.pt\/ipce2023\/es\/organizacion\/\",\"name\":\"Organizaci\u00f3n - IPCE2023\",\"isPartOf\":{\"@id\":\"https:\/\/sites.ipleiria.pt\/ipce2023\/#website\"},\"datePublished\":\"2019-12-04T17:38:13+00:00\",\"dateModified\":\"2023-01-18T10:31:36+00:00\",\"breadcrumb\":{\"@id\":\"https:\/\/sites.ipleiria.pt\/ipce2023\/es\/organizacion\/#breadcrumb\"},\"inLanguage\":\"pt-PT\",\"potentialAction\":[{\"@type\":\"ReadAction\",\"target\":[\"https:\/\/sites.ipleiria.pt\/ipce2023\/es\/organizacion\/\"]}]},{\"@type\":\"BreadcrumbList\",\"@id\":\"https:\/\/sites.ipleiria.pt\/ipce2023\/es\/organizacion\/#breadcrumb\",\"itemListElement\":[{\"@type\":\"ListItem\",\"position\":1,\"name\":\"In\u00edcio\",\"item\":\"https:\/\/sites.ipleiria.pt\/ipce2023\/\"},{\"@type\":\"ListItem\",\"position\":2,\"name\":\"Organizaci\u00f3n\"}]},{\"@type\":\"WebSite\",\"@id\":\"https:\/\/sites.ipleiria.pt\/ipce2023\/#website\",\"url\":\"https:\/\/sites.ipleiria.pt\/ipce2023\/\",\"name\":\"IPCE2023\",\"description\":\"\",\"potentialAction\":[{\"@type\":\"SearchAction\",\"target\":{\"@type\":\"EntryPoint\",\"urlTemplate\":\"https:\/\/sites.ipleiria.pt\/ipce2023\/?s={search_term_string}\"},\"query-input\":{\"@type\":\"PropertyValueSpecification\",\"valueRequired\":true,\"valueName\":\"search_term_string\"}}],\"inLanguage\":\"pt-PT\"}]}<\/script>\n<!-- \/ Yoast SEO plugin. -->","yoast_head_json":{"title":"Organizaci\u00f3n - IPCE2023","robots":{"index":"index","follow":"follow","max-snippet":"max-snippet:-1","max-image-preview":"max-image-preview:large","max-video-preview":"max-video-preview:-1"},"canonical":"https:\/\/sites.ipleiria.pt\/ipce2023\/es\/organizacion\/","og_locale":"pt_PT","og_type":"article","og_title":"Organizaci\u00f3n - IPCE2023","og_description":"Comit\u00e9 organizador Dina Catarina Duarte Alves H\u00e9lia Gon\u00e7alves Pinto Maria Isabel Pinto Sim\u00f5es Dias Maria Od\u00edlia de Jesus Almeida Abreu Pedro Gil Frade Morou\u00e7o Comit\u00e9 cient\u00edfico Alessandra Almeida \u2013 PUC-Campinas; UNICAMP (Brasil) Alda Maria Martins Mour\u00e3o \u2013 Polit\u00e9cnico de Leiria&hellip; Continue reading &rarr;","og_url":"https:\/\/sites.ipleiria.pt\/ipce2023\/es\/organizacion\/","og_site_name":"IPCE2023","article_modified_time":"2023-01-18T10:31:36+00:00","twitter_card":"summary_large_image","schema":{"@context":"https:\/\/schema.org","@graph":[{"@type":"WebPage","@id":"https:\/\/sites.ipleiria.pt\/ipce2023\/es\/organizacion\/","url":"https:\/\/sites.ipleiria.pt\/ipce2023\/es\/organizacion\/","name":"Organizaci\u00f3n - IPCE2023","isPartOf":{"@id":"https:\/\/sites.ipleiria.pt\/ipce2023\/#website"},"datePublished":"2019-12-04T17:38:13+00:00","dateModified":"2023-01-18T10:31:36+00:00","breadcrumb":{"@id":"https:\/\/sites.ipleiria.pt\/ipce2023\/es\/organizacion\/#breadcrumb"},"inLanguage":"pt-PT","potentialAction":[{"@type":"ReadAction","target":["https:\/\/sites.ipleiria.pt\/ipce2023\/es\/organizacion\/"]}]},{"@type":"BreadcrumbList","@id":"https:\/\/sites.ipleiria.pt\/ipce2023\/es\/organizacion\/#breadcrumb","itemListElement":[{"@type":"ListItem","position":1,"name":"In\u00edcio","item":"https:\/\/sites.ipleiria.pt\/ipce2023\/"},{"@type":"ListItem","position":2,"name":"Organizaci\u00f3n"}]},{"@type":"WebSite","@id":"https:\/\/sites.ipleiria.pt\/ipce2023\/#website","url":"https:\/\/sites.ipleiria.pt\/ipce2023\/","name":"IPCE2023","description":"","potentialAction":[{"@type":"SearchAction","target":{"@type":"EntryPoint","urlTemplate":"https:\/\/sites.ipleiria.pt\/ipce2023\/?s={search_term_string}"},"query-input":{"@type":"PropertyValueSpecification","valueRequired":true,"valueName":"search_term_string"}}],"inLanguage":"pt-PT"}]}},"_links":{"self":[{"href":"https:\/\/sites.ipleiria.pt\/ipce2023\/wp-json\/wp\/v2\/pages\/363","targetHints":{"allow":["GET"]}}],"collection":[{"href":"https:\/\/sites.ipleiria.pt\/ipce2023\/wp-json\/wp\/v2\/pages"}],"about":[{"href":"https:\/\/sites.ipleiria.pt\/ipce2023\/wp-json\/wp\/v2\/types\/page"}],"author":[{"embeddable":true,"href":"https:\/\/sites.ipleiria.pt\/ipce2023\/wp-json\/wp\/v2\/users\/102"}],"replies":[{"embeddable":true,"href":"https:\/\/sites.ipleiria.pt\/ipce2023\/wp-json\/wp\/v2\/comments?post=363"}],"version-history":[{"count":14,"href":"https:\/\/sites.ipleiria.pt\/ipce2023\/wp-json\/wp\/v2\/pages\/363\/revisions"}],"predecessor-version":[{"id":1012,"href":"https:\/\/sites.ipleiria.pt\/ipce2023\/wp-json\/wp\/v2\/pages\/363\/revisions\/1012"}],"wp:attachment":[{"href":"https:\/\/sites.ipleiria.pt\/ipce2023\/wp-json\/wp\/v2\/media?parent=363"}],"curies":[{"name":"wp","href":"https:\/\/api.w.org\/{rel}","templated":true}]}}