{"id":365,"date":"2019-12-04T17:45:12","date_gmt":"2019-12-04T17:45:12","guid":{"rendered":"https:\/\/sites.ipleiria.pt\/ipce2020\/?page_id=95"},"modified":"2023-01-16T14:05:15","modified_gmt":"2023-01-16T14:05:15","slug":"ponentes","status":"publish","type":"page","link":"https:\/\/sites.ipleiria.pt\/ipce2023\/es\/ponentes\/","title":{"rendered":"Ponentes"},"content":{"rendered":"<h5><img decoding=\"async\" class=\"wp-image-996 alignright\" src=\"http:\/\/sites.ipleiria.pt\/ipce2023\/files\/2023\/01\/IMG_0338-copia-300x263.jpg\" alt=\"\" width=\"203\" height=\"178\" srcset=\"https:\/\/sites.ipleiria.pt\/ipce2023\/files\/2023\/01\/IMG_0338-copia-300x263.jpg 300w, https:\/\/sites.ipleiria.pt\/ipce2023\/files\/2023\/01\/IMG_0338-copia-1024x898.jpg 1024w, https:\/\/sites.ipleiria.pt\/ipce2023\/files\/2023\/01\/IMG_0338-copia-768x674.jpg 768w, https:\/\/sites.ipleiria.pt\/ipce2023\/files\/2023\/01\/IMG_0338-copia-1536x1347.jpg 1536w, https:\/\/sites.ipleiria.pt\/ipce2023\/files\/2023\/01\/IMG_0338-copia-2048x1796.jpg 2048w\" sizes=\"(max-width: 203px) 100vw, 203px\" \/><\/h5>\n\n\n<p class=\"has-medium-font-size\"><strong>Tiago Ferreira<\/strong><\/p>\n\n\n\n<p>Tiago Ferreira is a Psychologist, Master and Doctor in Teaching, Philosophy and History of Sciences from the Federal University of Bahia. With over 18 years of career, he has been a Clinical Psychologist, professor, supervisor and researcher with an emphasis on Contextual Therapies. He is currently pursuing a Second Master&#8217;s Degree at Tyndale University (Toronto-CA) while teaching Acceptance and Commitment Therapy online through &#8220;ACT Training in Clinical Practice: The Functional Narratives Method&#8221;. Author of several articles in the area, he is also the organizer of the book &#8220;Contextual Behavioral Therapies: functional analysis and clinical practice&#8221; in partnership with Prof. Claudia Oshiro (USP- Brazil).<\/p>\n\n\n<h5><img decoding=\"async\" class=\"wp-image-997 alignright\" src=\"http:\/\/sites.ipleiria.pt\/ipce2023\/files\/2023\/01\/Postareff_Liisa2-281x300.jpg\" alt=\"\" width=\"184\" height=\"196\" srcset=\"https:\/\/sites.ipleiria.pt\/ipce2023\/files\/2023\/01\/Postareff_Liisa2-281x300.jpg 281w, https:\/\/sites.ipleiria.pt\/ipce2023\/files\/2023\/01\/Postareff_Liisa2-960x1024.jpg 960w, https:\/\/sites.ipleiria.pt\/ipce2023\/files\/2023\/01\/Postareff_Liisa2-768x820.jpg 768w, https:\/\/sites.ipleiria.pt\/ipce2023\/files\/2023\/01\/Postareff_Liisa2.jpg 1192w\" sizes=\"(max-width: 184px) 100vw, 184px\" \/><\/h5>\n\n\n<p class=\"has-medium-font-size\"><strong>Liisa Postareff<\/strong><\/p>\n\n\n\n<p>La Dra. Liisa Postareff trabaja como cient\u00edfica investigadora l\u00edder en la Universidad de Ciencias Aplicadas de H\u00e4me (HAMK). Trabaja en la unidad de investigaci\u00f3n HAMK Edu, donde dirige investigaciones centradas en la pedagog\u00eda de la educaci\u00f3n superior y el bienestar psicol\u00f3gico de estudiantes y docentes. Sus \u00e1reas de especializaci\u00f3n tambi\u00e9n incluyen el desarrollo de la ense\u00f1anza y el aprendizaje basado en la investigaci\u00f3n en contextos nacionales e internacionales. En la Universidad Europea RUN-EU, dirige la Future and Advanced Skills Academy, que se centra en el desarrollo pedag\u00f3gico y el avance de las habilidades futuras. Tiene cerca de 60 publicaciones cient\u00edficas revisadas por pares y supervisa a varios estudiantes de doctorado. Es revisora y miembro del consejo editorial de varias revistas educativas.<\/p>\n","protected":false},"excerpt":{"rendered":"<p>Tiago Ferreira Tiago Ferreira is a Psychologist, Master and Doctor in Teaching, Philosophy and History of Sciences from the Federal University of Bahia. With over 18 years of career, he has been a Clinical Psychologist, professor, supervisor and researcher with&hellip;  <\/p>\n<p class=\"more-link\"><a href=\"https:\/\/sites.ipleiria.pt\/ipce2023\/es\/ponentes\/\">Continue reading <span class=\"meta-nav\">&rarr;<\/span><\/a><\/p>\n","protected":false},"author":102,"featured_media":0,"parent":0,"menu_order":0,"comment_status":"closed","ping_status":"closed","template":"","meta":{"footnotes":""},"class_list":["post-365","page","type-page","status-publish","hentry"],"yoast_head":"<!-- This site is optimized with the Yoast SEO plugin v26.8 - https:\/\/yoast.com\/product\/yoast-seo-wordpress\/ -->\n<title>Ponentes - IPCE2023<\/title>\n<meta name=\"robots\" content=\"index, follow, max-snippet:-1, max-image-preview:large, max-video-preview:-1\" \/>\n<link rel=\"canonical\" href=\"https:\/\/sites.ipleiria.pt\/ipce2023\/es\/ponentes\/\" \/>\n<meta property=\"og:locale\" content=\"pt_PT\" \/>\n<meta property=\"og:type\" content=\"article\" \/>\n<meta property=\"og:title\" content=\"Ponentes - IPCE2023\" \/>\n<meta property=\"og:description\" content=\"Tiago Ferreira Tiago Ferreira is a Psychologist, Master and Doctor in Teaching, Philosophy and History of Sciences from the Federal University of Bahia. With over 18 years of career, he has been a Clinical Psychologist, professor, supervisor and researcher with&hellip; Continue reading &rarr;\" \/>\n<meta property=\"og:url\" content=\"https:\/\/sites.ipleiria.pt\/ipce2023\/es\/ponentes\/\" \/>\n<meta property=\"og:site_name\" content=\"IPCE2023\" \/>\n<meta property=\"article:modified_time\" content=\"2023-01-16T14:05:15+00:00\" \/>\n<meta property=\"og:image\" content=\"http:\/\/sites.ipleiria.pt\/ipce2023\/files\/2023\/01\/IMG_0338-copia-300x263.jpg\" \/>\n<meta name=\"twitter:card\" content=\"summary_large_image\" \/>\n<meta name=\"twitter:label1\" content=\"Tempo estimado de leitura\" \/>\n\t<meta name=\"twitter:data1\" content=\"2 minutos\" \/>\n<script type=\"application\/ld+json\" class=\"yoast-schema-graph\">{\"@context\":\"https:\/\/schema.org\",\"@graph\":[{\"@type\":\"WebPage\",\"@id\":\"https:\/\/sites.ipleiria.pt\/ipce2023\/es\/ponentes\/\",\"url\":\"https:\/\/sites.ipleiria.pt\/ipce2023\/es\/ponentes\/\",\"name\":\"Ponentes - IPCE2023\",\"isPartOf\":{\"@id\":\"https:\/\/sites.ipleiria.pt\/ipce2023\/#website\"},\"primaryImageOfPage\":{\"@id\":\"https:\/\/sites.ipleiria.pt\/ipce2023\/es\/ponentes\/#primaryimage\"},\"image\":{\"@id\":\"https:\/\/sites.ipleiria.pt\/ipce2023\/es\/ponentes\/#primaryimage\"},\"thumbnailUrl\":\"http:\/\/sites.ipleiria.pt\/ipce2023\/files\/2023\/01\/IMG_0338-copia-300x263.jpg\",\"datePublished\":\"2019-12-04T17:45:12+00:00\",\"dateModified\":\"2023-01-16T14:05:15+00:00\",\"breadcrumb\":{\"@id\":\"https:\/\/sites.ipleiria.pt\/ipce2023\/es\/ponentes\/#breadcrumb\"},\"inLanguage\":\"pt-PT\",\"potentialAction\":[{\"@type\":\"ReadAction\",\"target\":[\"https:\/\/sites.ipleiria.pt\/ipce2023\/es\/ponentes\/\"]}]},{\"@type\":\"ImageObject\",\"inLanguage\":\"pt-PT\",\"@id\":\"https:\/\/sites.ipleiria.pt\/ipce2023\/es\/ponentes\/#primaryimage\",\"url\":\"http:\/\/sites.ipleiria.pt\/ipce2023\/files\/2023\/01\/IMG_0338-copia-300x263.jpg\",\"contentUrl\":\"http:\/\/sites.ipleiria.pt\/ipce2023\/files\/2023\/01\/IMG_0338-copia-300x263.jpg\"},{\"@type\":\"BreadcrumbList\",\"@id\":\"https:\/\/sites.ipleiria.pt\/ipce2023\/es\/ponentes\/#breadcrumb\",\"itemListElement\":[{\"@type\":\"ListItem\",\"position\":1,\"name\":\"In\u00edcio\",\"item\":\"https:\/\/sites.ipleiria.pt\/ipce2023\/\"},{\"@type\":\"ListItem\",\"position\":2,\"name\":\"Ponentes\"}]},{\"@type\":\"WebSite\",\"@id\":\"https:\/\/sites.ipleiria.pt\/ipce2023\/#website\",\"url\":\"https:\/\/sites.ipleiria.pt\/ipce2023\/\",\"name\":\"IPCE2023\",\"description\":\"\",\"potentialAction\":[{\"@type\":\"SearchAction\",\"target\":{\"@type\":\"EntryPoint\",\"urlTemplate\":\"https:\/\/sites.ipleiria.pt\/ipce2023\/?s={search_term_string}\"},\"query-input\":{\"@type\":\"PropertyValueSpecification\",\"valueRequired\":true,\"valueName\":\"search_term_string\"}}],\"inLanguage\":\"pt-PT\"}]}<\/script>\n<!-- \/ Yoast SEO plugin. -->","yoast_head_json":{"title":"Ponentes - IPCE2023","robots":{"index":"index","follow":"follow","max-snippet":"max-snippet:-1","max-image-preview":"max-image-preview:large","max-video-preview":"max-video-preview:-1"},"canonical":"https:\/\/sites.ipleiria.pt\/ipce2023\/es\/ponentes\/","og_locale":"pt_PT","og_type":"article","og_title":"Ponentes - IPCE2023","og_description":"Tiago Ferreira Tiago Ferreira is a Psychologist, Master and Doctor in Teaching, Philosophy and History of Sciences from the Federal University of Bahia. With over 18 years of career, he has been a Clinical Psychologist, professor, supervisor and researcher with&hellip; Continue reading &rarr;","og_url":"https:\/\/sites.ipleiria.pt\/ipce2023\/es\/ponentes\/","og_site_name":"IPCE2023","article_modified_time":"2023-01-16T14:05:15+00:00","og_image":[{"url":"http:\/\/sites.ipleiria.pt\/ipce2023\/files\/2023\/01\/IMG_0338-copia-300x263.jpg","type":"","width":"","height":""}],"twitter_card":"summary_large_image","twitter_misc":{"Tempo estimado de leitura":"2 minutos"},"schema":{"@context":"https:\/\/schema.org","@graph":[{"@type":"WebPage","@id":"https:\/\/sites.ipleiria.pt\/ipce2023\/es\/ponentes\/","url":"https:\/\/sites.ipleiria.pt\/ipce2023\/es\/ponentes\/","name":"Ponentes - IPCE2023","isPartOf":{"@id":"https:\/\/sites.ipleiria.pt\/ipce2023\/#website"},"primaryImageOfPage":{"@id":"https:\/\/sites.ipleiria.pt\/ipce2023\/es\/ponentes\/#primaryimage"},"image":{"@id":"https:\/\/sites.ipleiria.pt\/ipce2023\/es\/ponentes\/#primaryimage"},"thumbnailUrl":"http:\/\/sites.ipleiria.pt\/ipce2023\/files\/2023\/01\/IMG_0338-copia-300x263.jpg","datePublished":"2019-12-04T17:45:12+00:00","dateModified":"2023-01-16T14:05:15+00:00","breadcrumb":{"@id":"https:\/\/sites.ipleiria.pt\/ipce2023\/es\/ponentes\/#breadcrumb"},"inLanguage":"pt-PT","potentialAction":[{"@type":"ReadAction","target":["https:\/\/sites.ipleiria.pt\/ipce2023\/es\/ponentes\/"]}]},{"@type":"ImageObject","inLanguage":"pt-PT","@id":"https:\/\/sites.ipleiria.pt\/ipce2023\/es\/ponentes\/#primaryimage","url":"http:\/\/sites.ipleiria.pt\/ipce2023\/files\/2023\/01\/IMG_0338-copia-300x263.jpg","contentUrl":"http:\/\/sites.ipleiria.pt\/ipce2023\/files\/2023\/01\/IMG_0338-copia-300x263.jpg"},{"@type":"BreadcrumbList","@id":"https:\/\/sites.ipleiria.pt\/ipce2023\/es\/ponentes\/#breadcrumb","itemListElement":[{"@type":"ListItem","position":1,"name":"In\u00edcio","item":"https:\/\/sites.ipleiria.pt\/ipce2023\/"},{"@type":"ListItem","position":2,"name":"Ponentes"}]},{"@type":"WebSite","@id":"https:\/\/sites.ipleiria.pt\/ipce2023\/#website","url":"https:\/\/sites.ipleiria.pt\/ipce2023\/","name":"IPCE2023","description":"","potentialAction":[{"@type":"SearchAction","target":{"@type":"EntryPoint","urlTemplate":"https:\/\/sites.ipleiria.pt\/ipce2023\/?s={search_term_string}"},"query-input":{"@type":"PropertyValueSpecification","valueRequired":true,"valueName":"search_term_string"}}],"inLanguage":"pt-PT"}]}},"_links":{"self":[{"href":"https:\/\/sites.ipleiria.pt\/ipce2023\/wp-json\/wp\/v2\/pages\/365","targetHints":{"allow":["GET"]}}],"collection":[{"href":"https:\/\/sites.ipleiria.pt\/ipce2023\/wp-json\/wp\/v2\/pages"}],"about":[{"href":"https:\/\/sites.ipleiria.pt\/ipce2023\/wp-json\/wp\/v2\/types\/page"}],"author":[{"embeddable":true,"href":"https:\/\/sites.ipleiria.pt\/ipce2023\/wp-json\/wp\/v2\/users\/102"}],"replies":[{"embeddable":true,"href":"https:\/\/sites.ipleiria.pt\/ipce2023\/wp-json\/wp\/v2\/comments?post=365"}],"version-history":[{"count":9,"href":"https:\/\/sites.ipleiria.pt\/ipce2023\/wp-json\/wp\/v2\/pages\/365\/revisions"}],"predecessor-version":[{"id":1008,"href":"https:\/\/sites.ipleiria.pt\/ipce2023\/wp-json\/wp\/v2\/pages\/365\/revisions\/1008"}],"wp:attachment":[{"href":"https:\/\/sites.ipleiria.pt\/ipce2023\/wp-json\/wp\/v2\/media?parent=365"}],"curies":[{"name":"wp","href":"https:\/\/api.w.org\/{rel}","templated":true}]}}