{"id":367,"date":"2019-12-04T17:46:55","date_gmt":"2019-12-04T17:46:55","guid":{"rendered":"https:\/\/sites.ipleiria.pt\/ipce2020\/?page_id=99"},"modified":"2022-12-05T18:59:23","modified_gmt":"2022-12-05T18:59:23","slug":"inscripcion","status":"publish","type":"page","link":"https:\/\/sites.ipleiria.pt\/ipce2023\/es\/inscripcion\/","title":{"rendered":"Inscripci\u00f3n"},"content":{"rendered":"\n<p><\/p>\n\n\n\n<p class=\"has-white-color has-text-color has-background\" style=\"background-color:#008080\"><strong><em>Hasta 04 de abril  2023<\/em><\/strong><\/p>\n\n\n\n<div class=\"wp-block-columns is-layout-flex wp-container-core-columns-is-layout-1 wp-block-columns-is-layout-flex\">\n<div class=\"wp-block-column is-layout-flow wp-block-column-is-layout-flow\" style=\"flex-basis:66.66%\">\n<ul class=\"wp-block-list\"><li>Participantes en general<\/li><\/ul>\n<\/div>\n\n\n\n<div class=\"wp-block-column is-layout-flow wp-block-column-is-layout-flow\" style=\"flex-basis:33.33%\">\n<p>60 euros<\/p>\n<\/div>\n<\/div>\n\n\n\n<div class=\"wp-block-columns is-layout-flex wp-container-core-columns-is-layout-2 wp-block-columns-is-layout-flex\">\n<div class=\"wp-block-column is-layout-flow wp-block-column-is-layout-flow\" style=\"flex-basis:66.66%\">\n<ul class=\"wp-block-list\"><li>Docentes y no docentes\/ Antigos estudiantes del IPLeiria<\/li><\/ul>\n<\/div>\n\n\n\n<div class=\"wp-block-column is-layout-flow wp-block-column-is-layout-flow\" style=\"flex-basis:33.33%\">\n<p>20 euros<\/p>\n<\/div>\n<\/div>\n\n\n\n<div class=\"wp-block-columns is-layout-flex wp-container-core-columns-is-layout-3 wp-block-columns-is-layout-flex\">\n<div class=\"wp-block-column is-layout-flow wp-block-column-is-layout-flow\" style=\"flex-basis:66.66%\">\n<ul class=\"wp-block-list\"><li>Estudiantes del IPL<\/li><\/ul>\n<\/div>\n\n\n\n<div class=\"wp-block-column is-layout-flow wp-block-column-is-layout-flow\" style=\"flex-basis:33.33%\">\n<p>10 euros<\/p>\n<\/div>\n<\/div>\n\n\n\n<p><\/p>\n\n\n\n<p class=\"has-white-color has-text-color has-background\" style=\"background-color:#008080\"><strong><em>Hasta 04 de abril  2023<\/em><\/strong><\/p>\n\n\n\n<div class=\"wp-block-columns is-layout-flex wp-container-core-columns-is-layout-4 wp-block-columns-is-layout-flex\">\n<div class=\"wp-block-column is-layout-flow wp-block-column-is-layout-flow\" style=\"flex-basis:66.66%\">\n<ul class=\"wp-block-list\"><li>Participantes en general<\/li><\/ul>\n<\/div>\n\n\n\n<div class=\"wp-block-column is-layout-flow wp-block-column-is-layout-flow\" style=\"flex-basis:33.33%\">\n<p>75 euros<\/p>\n<\/div>\n<\/div>\n\n\n\n<div class=\"wp-block-columns is-layout-flex wp-container-core-columns-is-layout-5 wp-block-columns-is-layout-flex\">\n<div class=\"wp-block-column is-layout-flow wp-block-column-is-layout-flow\" style=\"flex-basis:66.66%\">\n<ul class=\"wp-block-list\"><li>Docentes y no docentes\/ Antigos estudiantes del IPLeiria<\/li><\/ul>\n<\/div>\n\n\n\n<div class=\"wp-block-column is-layout-flow wp-block-column-is-layout-flow\" style=\"flex-basis:33.33%\">\n<p>25 euros<\/p>\n<\/div>\n<\/div>\n\n\n\n<div class=\"wp-block-columns is-layout-flex wp-container-core-columns-is-layout-6 wp-block-columns-is-layout-flex\">\n<div class=\"wp-block-column is-layout-flow wp-block-column-is-layout-flow\" style=\"flex-basis:66.66%\">\n<ul class=\"wp-block-list\"><li>Estudiantes del IPL <\/li><\/ul>\n<\/div>\n\n\n\n<div class=\"wp-block-column is-layout-flow wp-block-column-is-layout-flow\" style=\"flex-basis:33.33%\">\n<p>12,5 euros<\/p>\n<\/div>\n<\/div>\n\n\n\n<p class=\"has-white-color has-text-color has-background\" style=\"background-color:#008080\"><\/p>\n\n\n\n<p>Inscripci\u00f3n &#8211; <a href=\"https:\/\/eventos.ipleiria.pt\/portal\/eventos?p_id=%2027423&amp;lang=en\"> AQUI<\/a><\/p>\n\n\n\n<p class=\"has-white-color has-text-color has-background\" style=\"background-color:#008080\"><\/p>\n\n\n\n<p><strong>Para m\u00e1s informaciones:<\/strong><br>Adelaide Ferreira \u2013 Inscripciones<br>Tel: (+351) 244 829 471 \/ Fax: (+351) 244 829 499<br>Email: <a href=\"mailto:adelaide.ferreira@ipleiria.pt\">adelaide.ferreira@ipleiria.pt<\/a><\/p>\n\n\n\n<p class=\"has-small-font-size\"><strong>T\u00e9rminos y condiciones:<\/strong><br>La cuota de inscripci\u00f3n al coloquio incluye la asistencia a la conferencia, la documentaci\u00f3n de la misma y las pausas-caf\u00e9. La cancelaci\u00f3n de la inscripci\u00f3n implica la p\u00e9rdida del valor total de la cuota.<\/p>\n","protected":false},"excerpt":{"rendered":"<p>Hasta 04 de abril 2023 Participantes en general 60 euros Docentes y no docentes\/ Antigos estudiantes del IPLeiria 20 euros Estudiantes del IPL 10 euros Hasta 04 de abril 2023 Participantes en general 75 euros Docentes y no docentes\/ Antigos&hellip;  <\/p>\n<p class=\"more-link\"><a href=\"https:\/\/sites.ipleiria.pt\/ipce2023\/es\/inscripcion\/\">Continue reading <span class=\"meta-nav\">&rarr;<\/span><\/a><\/p>\n","protected":false},"author":102,"featured_media":0,"parent":0,"menu_order":0,"comment_status":"closed","ping_status":"closed","template":"","meta":{"footnotes":""},"class_list":["post-367","page","type-page","status-publish","hentry"],"yoast_head":"<!-- This site is optimized with the Yoast SEO plugin v26.8 - https:\/\/yoast.com\/product\/yoast-seo-wordpress\/ -->\n<title>Inscripci\u00f3n - IPCE2023<\/title>\n<meta name=\"robots\" content=\"index, follow, max-snippet:-1, max-image-preview:large, max-video-preview:-1\" \/>\n<link rel=\"canonical\" href=\"https:\/\/sites.ipleiria.pt\/ipce2023\/es\/inscripcion\/\" \/>\n<meta property=\"og:locale\" content=\"pt_PT\" \/>\n<meta property=\"og:type\" content=\"article\" \/>\n<meta property=\"og:title\" content=\"Inscripci\u00f3n - IPCE2023\" \/>\n<meta property=\"og:description\" content=\"Hasta 04 de abril 2023 Participantes en general 60 euros Docentes y no docentes\/ Antigos estudiantes del IPLeiria 20 euros Estudiantes del IPL 10 euros Hasta 04 de abril 2023 Participantes en general 75 euros Docentes y no docentes\/ Antigos&hellip; Continue reading &rarr;\" \/>\n<meta property=\"og:url\" content=\"https:\/\/sites.ipleiria.pt\/ipce2023\/es\/inscripcion\/\" \/>\n<meta property=\"og:site_name\" content=\"IPCE2023\" \/>\n<meta property=\"article:modified_time\" content=\"2022-12-05T18:59:23+00:00\" \/>\n<meta name=\"twitter:card\" content=\"summary_large_image\" \/>\n<meta name=\"twitter:label1\" content=\"Tempo estimado de leitura\" \/>\n\t<meta name=\"twitter:data1\" content=\"1 minuto\" \/>\n<script type=\"application\/ld+json\" class=\"yoast-schema-graph\">{\"@context\":\"https:\/\/schema.org\",\"@graph\":[{\"@type\":\"WebPage\",\"@id\":\"https:\/\/sites.ipleiria.pt\/ipce2023\/es\/inscripcion\/\",\"url\":\"https:\/\/sites.ipleiria.pt\/ipce2023\/es\/inscripcion\/\",\"name\":\"Inscripci\u00f3n - IPCE2023\",\"isPartOf\":{\"@id\":\"https:\/\/sites.ipleiria.pt\/ipce2023\/#website\"},\"datePublished\":\"2019-12-04T17:46:55+00:00\",\"dateModified\":\"2022-12-05T18:59:23+00:00\",\"breadcrumb\":{\"@id\":\"https:\/\/sites.ipleiria.pt\/ipce2023\/es\/inscripcion\/#breadcrumb\"},\"inLanguage\":\"pt-PT\",\"potentialAction\":[{\"@type\":\"ReadAction\",\"target\":[\"https:\/\/sites.ipleiria.pt\/ipce2023\/es\/inscripcion\/\"]}]},{\"@type\":\"BreadcrumbList\",\"@id\":\"https:\/\/sites.ipleiria.pt\/ipce2023\/es\/inscripcion\/#breadcrumb\",\"itemListElement\":[{\"@type\":\"ListItem\",\"position\":1,\"name\":\"In\u00edcio\",\"item\":\"https:\/\/sites.ipleiria.pt\/ipce2023\/\"},{\"@type\":\"ListItem\",\"position\":2,\"name\":\"Inscripci\u00f3n\"}]},{\"@type\":\"WebSite\",\"@id\":\"https:\/\/sites.ipleiria.pt\/ipce2023\/#website\",\"url\":\"https:\/\/sites.ipleiria.pt\/ipce2023\/\",\"name\":\"IPCE2023\",\"description\":\"\",\"potentialAction\":[{\"@type\":\"SearchAction\",\"target\":{\"@type\":\"EntryPoint\",\"urlTemplate\":\"https:\/\/sites.ipleiria.pt\/ipce2023\/?s={search_term_string}\"},\"query-input\":{\"@type\":\"PropertyValueSpecification\",\"valueRequired\":true,\"valueName\":\"search_term_string\"}}],\"inLanguage\":\"pt-PT\"}]}<\/script>\n<!-- \/ Yoast SEO plugin. -->","yoast_head_json":{"title":"Inscripci\u00f3n - IPCE2023","robots":{"index":"index","follow":"follow","max-snippet":"max-snippet:-1","max-image-preview":"max-image-preview:large","max-video-preview":"max-video-preview:-1"},"canonical":"https:\/\/sites.ipleiria.pt\/ipce2023\/es\/inscripcion\/","og_locale":"pt_PT","og_type":"article","og_title":"Inscripci\u00f3n - IPCE2023","og_description":"Hasta 04 de abril 2023 Participantes en general 60 euros Docentes y no docentes\/ Antigos estudiantes del IPLeiria 20 euros Estudiantes del IPL 10 euros Hasta 04 de abril 2023 Participantes en general 75 euros Docentes y no docentes\/ Antigos&hellip; Continue reading &rarr;","og_url":"https:\/\/sites.ipleiria.pt\/ipce2023\/es\/inscripcion\/","og_site_name":"IPCE2023","article_modified_time":"2022-12-05T18:59:23+00:00","twitter_card":"summary_large_image","twitter_misc":{"Tempo estimado de leitura":"1 minuto"},"schema":{"@context":"https:\/\/schema.org","@graph":[{"@type":"WebPage","@id":"https:\/\/sites.ipleiria.pt\/ipce2023\/es\/inscripcion\/","url":"https:\/\/sites.ipleiria.pt\/ipce2023\/es\/inscripcion\/","name":"Inscripci\u00f3n - IPCE2023","isPartOf":{"@id":"https:\/\/sites.ipleiria.pt\/ipce2023\/#website"},"datePublished":"2019-12-04T17:46:55+00:00","dateModified":"2022-12-05T18:59:23+00:00","breadcrumb":{"@id":"https:\/\/sites.ipleiria.pt\/ipce2023\/es\/inscripcion\/#breadcrumb"},"inLanguage":"pt-PT","potentialAction":[{"@type":"ReadAction","target":["https:\/\/sites.ipleiria.pt\/ipce2023\/es\/inscripcion\/"]}]},{"@type":"BreadcrumbList","@id":"https:\/\/sites.ipleiria.pt\/ipce2023\/es\/inscripcion\/#breadcrumb","itemListElement":[{"@type":"ListItem","position":1,"name":"In\u00edcio","item":"https:\/\/sites.ipleiria.pt\/ipce2023\/"},{"@type":"ListItem","position":2,"name":"Inscripci\u00f3n"}]},{"@type":"WebSite","@id":"https:\/\/sites.ipleiria.pt\/ipce2023\/#website","url":"https:\/\/sites.ipleiria.pt\/ipce2023\/","name":"IPCE2023","description":"","potentialAction":[{"@type":"SearchAction","target":{"@type":"EntryPoint","urlTemplate":"https:\/\/sites.ipleiria.pt\/ipce2023\/?s={search_term_string}"},"query-input":{"@type":"PropertyValueSpecification","valueRequired":true,"valueName":"search_term_string"}}],"inLanguage":"pt-PT"}]}},"_links":{"self":[{"href":"https:\/\/sites.ipleiria.pt\/ipce2023\/wp-json\/wp\/v2\/pages\/367","targetHints":{"allow":["GET"]}}],"collection":[{"href":"https:\/\/sites.ipleiria.pt\/ipce2023\/wp-json\/wp\/v2\/pages"}],"about":[{"href":"https:\/\/sites.ipleiria.pt\/ipce2023\/wp-json\/wp\/v2\/types\/page"}],"author":[{"embeddable":true,"href":"https:\/\/sites.ipleiria.pt\/ipce2023\/wp-json\/wp\/v2\/users\/102"}],"replies":[{"embeddable":true,"href":"https:\/\/sites.ipleiria.pt\/ipce2023\/wp-json\/wp\/v2\/comments?post=367"}],"version-history":[{"count":4,"href":"https:\/\/sites.ipleiria.pt\/ipce2023\/wp-json\/wp\/v2\/pages\/367\/revisions"}],"predecessor-version":[{"id":971,"href":"https:\/\/sites.ipleiria.pt\/ipce2023\/wp-json\/wp\/v2\/pages\/367\/revisions\/971"}],"wp:attachment":[{"href":"https:\/\/sites.ipleiria.pt\/ipce2023\/wp-json\/wp\/v2\/media?parent=367"}],"curies":[{"name":"wp","href":"https:\/\/api.w.org\/{rel}","templated":true}]}}