{"id":44,"date":"2021-02-10T12:49:07","date_gmt":"2021-02-10T12:49:07","guid":{"rendered":"http:\/\/sites.ipleiria.pt\/ipce2021\/?page_id=44"},"modified":"2023-04-28T16:07:49","modified_gmt":"2023-04-28T16:07:49","slug":"programas","status":"publish","type":"page","link":"https:\/\/sites.ipleiria.pt\/ipce2023\/programas\/","title":{"rendered":"Programas"},"content":{"rendered":"\n<p>Abaixo poder\u00e1 consultar o <strong>PROGRAMA GLOBAL<\/strong> do IPCE 2023. Caso deseje poder\u00e1 descarrega-lo <a href=\"http:\/\/sites.ipleiria.pt\/ipce2023\/files\/2023\/04\/Programa-global-IPCE2023_21.04.2023.docx\">AQUI<\/a> ou consulte abaixo.&nbsp;<br><br>Para descarregar o programa das <strong>SESS\u00d5ES PARALELAS<\/strong> clique&nbsp;<a href=\"http:\/\/sites.ipleiria.pt\/ipce2023\/files\/2023\/04\/Sessoes-Paralelas_IPCE2023.pdf\">AQUI<\/a>&nbsp;ou consulte abaixo<\/p>\n\n\n\n<p><\/p>\n\n\n\n<hr class=\"wp-block-separator\"\/>\n\n\n\n<h3 class=\"wp-block-heading\"><strong>PROGRAMA GLOBAL |&nbsp;<em>GLOBAL PROGRAM<\/em><\/strong><\/h3>\n\n\n\n<p><strong><strong>Sexta, 05 de maio&nbsp;| <em>Friday, May 05<sup>th<\/sup><\/em><\/strong><\/strong><\/p>\n\n\n\n<p><strong><strong>8h30&nbsp;<em>Entrega de pastas |<\/em><\/strong>&nbsp;<\/strong>Distributions of folders<\/p>\n\n\n\n<p><strong><strong>9h00&nbsp;<em>Sess\u00e3o de abertura |<\/em><\/strong><\/strong>&nbsp;Presentation session&nbsp;\u2013<mark>&nbsp;Audit\u00f3rio 1<\/mark><\/p>\n\n\n\n<p><strong>09h30:&nbsp;Sess\u00e3o plen\u00e1ria<em>&nbsp;|&nbsp;<\/em><\/strong><em>Plenary session<\/em>&nbsp;\u2013<mark>&nbsp;Audit\u00f3rio 1<\/mark><br>Tem\u00e1tica: The relations between teaching, learning and academic wellbeing in higher education <br>Orador |&nbsp;<em>Speaker<\/em>: Liisa Postareff&nbsp;(H\u00e4me University of Applied Sciences \u2013 HAMK | Finl\u00e2ndia)<\/p>\n\n\n\n<p><strong>11h00:&nbsp;<\/strong><strong><em>Coffee break<\/em><\/strong><\/p>\n\n\n\n<p><strong>11h30:&nbsp;<\/strong><strong>Sess\u00f5es paralelas&nbsp;<em>|&nbsp;<\/em><\/strong><em>Presentation sessions<\/em><\/p>\n\n\n\n<p><strong>12h30:&nbsp;<\/strong><strong>Almo\u00e7o<em>&nbsp;|&nbsp;<\/em><\/strong><em>Lunch<\/em><\/p>\n\n\n\n<p><strong>14h00:<\/strong><em>&nbsp;Sess\u00e3o Plen\u00e1ria | Plenary session&nbsp;<\/em>\u2013<mark>&nbsp;Audit\u00f3rio 1 <strong>(Online: Plataforma zoom)<\/strong><\/mark><br>Tem\u00e1tica:&nbsp;Flexibilidade psicol\u00f3gica para aprender: a terapia de aceita\u00e7\u00e3o e compromisso na educa\u00e7\u00e3o <br>Oradora |&nbsp;<em>Speak<\/em>er: Tiago Ferreira (Psic\u00f3logo Cl\u00ednico &#8211; Brasil)<\/p>\n\n\n\n<p><strong>15h00:&nbsp;Sess\u00f5es paralelas<em>&nbsp;|&nbsp;<\/em><\/strong><em>Presentation sessions<\/em><\/p>\n\n\n\n<p><strong>16h00:&nbsp;<\/strong><strong><em>Coffee break<\/em><\/strong><\/p>\n\n\n\n<p><strong>16h30:&nbsp;Apresenta\u00e7\u00e3o de p\u00f3steres<em>&nbsp;|&nbsp;<\/em><\/strong><em>Poster presentation<\/em>&nbsp;\u2013<mark>&nbsp;Sala 0.33<\/mark><\/p>\n\n\n\n<p><strong>17h30:&nbsp;<\/strong><strong>Sess\u00f5es paralelas<em>&nbsp;|&nbsp;<\/em><\/strong><em>Presentation sessions<\/em><\/p>\n\n\n\n<p><strong>18h30: <strong>Workshops paralelos&nbsp;<\/strong> |&nbsp;<\/strong><em>Parallel Workshops<\/em> &#8211; A informa\u00e7\u00e3o sobre a sala de cada workshop ser\u00e1 disponibilizada no dia do evento<br> <\/p>\n\n\n\n<p>Workshop 1 &#8211; DUAS OU TR\u00caS IDEIAS PARA PENSAR OS MEDIA NA ESCOLA (Catarina Menezes, In\u00eas Conde, Leonel Brites, Marco Gomes, Maria Jos\u00e9 Gamboa, Marta Oliveira \u2013 ESECS-PL) <\/p>\n\n\n\n<p>Workshop 2 &#8211; EDUCA\u00c7\u00c3O INTERCULTURAL: CONCE\u00c7\u00d5ES E PR\u00c1TICAS (TRANS)FORMATIVAS (Cristiana Madureira \u2013 ESECS-PL)<\/p>\n\n\n\n<p>Workshop 3 &#8211; O NASCER DO RITMO NAS RIMAS E LENGAS \u2013 LENGAS (Ana Margarida Carreira, Ana Paula Proen\u00e7a e S\u00edlvia Antunes \u2013 ESECS-PL)<\/p>\n\n\n\n<p>Workshop 4 &#8211; SIMULADORES COMPUTACIONAIS NA APRENDIZAGEM DAS CI\u00caNCIAS E DA MATEM\u00c1TICA (Bruno Conde &#8211; Agrupamento de Escolas Domingos Sequeira\/ESECS-PL)<\/p>\n\n\n\n<p>Workshop 5 &#8211; AN\u00c1LISE ESTAT\u00cdSTICA EM CI\u00caNCIAS SOCIAIS: DA TEORIA PARA O CONTEXTO (Filipe Rodrigues \u2013 ESECS-PL)<\/p>\n\n\n\n<p>Workshop 6 &#8211; TAUMATR\u00d3PIO, PARA AL\u00c9M DO BRINQUEDO \u00d3TICO (Filipa Rodrigues \u2013 ESECS-PL)<\/p>\n\n\n\n<p>Workshop 7 &#8211; O PAPEL DOS JOGOS DE TABULEIRO MODERNOS NO CONTEXTO PEDAG\u00d3GICO (Ricardo Sim\u00f5es \u2013 IPCA)<\/p>\n\n\n\n<p><strong>Nota: As inscri\u00e7\u00f5es para os workshops realizam-se presencialmente, no secretariado do evento. S\u00f3 se realizar\u00e3o os workshops que re\u00fanam os crit\u00e9rios de participa\u00e7\u00e3o.<\/strong>&nbsp;<\/p>\n\n\n\n<p><strong>19h30:<em>&nbsp;<\/em>Terminus dos trabalhos<em>&nbsp;|&nbsp;<\/em><\/strong><em>End of Day 1<\/em><\/p>\n\n\n\n<hr class=\"wp-block-separator\"\/>\n\n\n\n<hr class=\"wp-block-separator\"\/>\n\n\n\n<hr class=\"wp-block-separator\"\/>\n\n\n\n<p><strong>S\u00e1bado, 6 de maio |&nbsp;<em>Saturday, may 6th<\/em><\/strong><\/p>\n\n\n\n<p><strong>9h30: <strong>Painel: projetos de investiga\u00e7\u00e3o e de interven\u00e7\u00e3o da ESECS-PL<\/strong> <\/strong> &#8211; <mark><mark>Audit\u00f3rio 1<\/mark><\/mark><\/p>\n\n\n\n<p><strong>Projeto \u201chist\u00f3rias de longe\u201d<\/strong> <br>&#8211; Ana Isabel Marques (cics.nova_pleiria) &#8211; Sala <\/p>\n\n\n\n<p><strong>Projeto \u201cjogamos tudo, brincamos todos\u201d<\/strong> <br>-Ra\u00fal Antunes (cieqv_pleiria)<\/p>\n\n\n\n<p><strong>Projeto \u201cpensamento computacional\u201d<\/strong> <br> &#8211; Ana Oliveira e Nuno Ra\u00ednho (ci&amp;dei_pleiria)<\/p>\n\n\n\n<p><strong>11h00:&nbsp;<em>Coffee break<\/em><\/strong><\/p>\n\n\n\n<p><strong><strong>11h30:&nbsp;Sess\u00f5es paralelas&nbsp;<em>|&nbsp;<\/em><\/strong><em>Presentation sessions<\/em><\/strong><\/p>\n\n\n\n<p><strong>13h00:&nbsp;<\/strong><strong>Almo\u00e7o<em>&nbsp;|&nbsp;<\/em><\/strong><em>Lunch<\/em><\/p>\n\n\n\n<p><strong>15h00:<\/strong>&nbsp;<strong>Sess\u00e3o plen\u00e1ria<em>&nbsp;|&nbsp;<\/em><\/strong><em>Plenary session<\/em><mark>&nbsp;<mark>Audit\u00f3rio 1 <strong>(Online: Plataforma zoom)<\/strong><\/mark><\/mark><br>Tem\u00e1tica: Neuroci\u00eancia e Educa\u00e7\u00e3o&nbsp;<br>Oradores |&nbsp;<em>Speakers<\/em>: Daniel Dom\u00ednguez&nbsp;<\/p>\n\n\n\n<p><strong>17h00:&nbsp;Sess\u00e3o de encerramento<em>&nbsp;|&nbsp;<\/em><\/strong><em>Closing session<\/em><\/p>\n\n\n\n<hr class=\"wp-block-separator\"\/>\n\n\n\n<hr class=\"wp-block-separator\"\/>\n\n\n\n<hr class=\"wp-block-separator\"\/>\n\n\n\n<hr class=\"wp-block-separator\"\/>\n\n\n\n<hr class=\"wp-block-separator\"\/>\n\n\n\n<hr class=\"wp-block-separator\"\/>\n\n\n\n<p><\/p>\n\n\n\n<p><strong> &nbsp;<\/strong><\/p>\n","protected":false},"excerpt":{"rendered":"<p>Abaixo poder\u00e1 consultar o PROGRAMA GLOBAL do IPCE 2023. Caso deseje poder\u00e1 descarrega-lo AQUI ou consulte abaixo.&nbsp; Para descarregar o programa das SESS\u00d5ES PARALELAS clique&nbsp;AQUI&nbsp;ou consulte abaixo PROGRAMA GLOBAL |&nbsp;GLOBAL PROGRAM Sexta, 05 de maio&nbsp;| Friday, May 05th 8h30&nbsp;Entrega de&hellip;  <\/p>\n<p class=\"more-link\"><a href=\"https:\/\/sites.ipleiria.pt\/ipce2023\/programas\/\">Continue reading <span class=\"meta-nav\">&rarr;<\/span><\/a><\/p>\n","protected":false},"author":102,"featured_media":0,"parent":0,"menu_order":0,"comment_status":"closed","ping_status":"closed","template":"","meta":{"footnotes":""},"class_list":["post-44","page","type-page","status-publish","hentry"],"yoast_head":"<!-- This site is optimized with the Yoast SEO plugin v26.8 - https:\/\/yoast.com\/product\/yoast-seo-wordpress\/ -->\n<title>Programas - IPCE2023<\/title>\n<meta name=\"robots\" content=\"index, follow, max-snippet:-1, max-image-preview:large, max-video-preview:-1\" \/>\n<link rel=\"canonical\" href=\"https:\/\/sites.ipleiria.pt\/ipce2023\/programas\/\" \/>\n<meta property=\"og:locale\" content=\"pt_PT\" \/>\n<meta property=\"og:type\" content=\"article\" \/>\n<meta property=\"og:title\" content=\"Programas - IPCE2023\" \/>\n<meta property=\"og:description\" content=\"Abaixo poder\u00e1 consultar o PROGRAMA GLOBAL do IPCE 2023. Caso deseje poder\u00e1 descarrega-lo AQUI ou consulte abaixo.&nbsp; Para descarregar o programa das SESS\u00d5ES PARALELAS clique&nbsp;AQUI&nbsp;ou consulte abaixo PROGRAMA GLOBAL |&nbsp;GLOBAL PROGRAM Sexta, 05 de maio&nbsp;| Friday, May 05th 8h30&nbsp;Entrega de&hellip; Continue reading &rarr;\" \/>\n<meta property=\"og:url\" content=\"https:\/\/sites.ipleiria.pt\/ipce2023\/programas\/\" \/>\n<meta property=\"og:site_name\" content=\"IPCE2023\" \/>\n<meta property=\"article:modified_time\" content=\"2023-04-28T16:07:49+00:00\" \/>\n<meta name=\"twitter:card\" content=\"summary_large_image\" \/>\n<meta name=\"twitter:label1\" content=\"Tempo estimado de leitura\" \/>\n\t<meta name=\"twitter:data1\" content=\"3 minutos\" \/>\n<script type=\"application\/ld+json\" class=\"yoast-schema-graph\">{\"@context\":\"https:\/\/schema.org\",\"@graph\":[{\"@type\":\"WebPage\",\"@id\":\"https:\/\/sites.ipleiria.pt\/ipce2023\/programas\/\",\"url\":\"https:\/\/sites.ipleiria.pt\/ipce2023\/programas\/\",\"name\":\"Programas - IPCE2023\",\"isPartOf\":{\"@id\":\"https:\/\/sites.ipleiria.pt\/ipce2023\/#website\"},\"datePublished\":\"2021-02-10T12:49:07+00:00\",\"dateModified\":\"2023-04-28T16:07:49+00:00\",\"breadcrumb\":{\"@id\":\"https:\/\/sites.ipleiria.pt\/ipce2023\/programas\/#breadcrumb\"},\"inLanguage\":\"pt-PT\",\"potentialAction\":[{\"@type\":\"ReadAction\",\"target\":[\"https:\/\/sites.ipleiria.pt\/ipce2023\/programas\/\"]}]},{\"@type\":\"BreadcrumbList\",\"@id\":\"https:\/\/sites.ipleiria.pt\/ipce2023\/programas\/#breadcrumb\",\"itemListElement\":[{\"@type\":\"ListItem\",\"position\":1,\"name\":\"In\u00edcio\",\"item\":\"https:\/\/sites.ipleiria.pt\/ipce2023\/\"},{\"@type\":\"ListItem\",\"position\":2,\"name\":\"Programas\"}]},{\"@type\":\"WebSite\",\"@id\":\"https:\/\/sites.ipleiria.pt\/ipce2023\/#website\",\"url\":\"https:\/\/sites.ipleiria.pt\/ipce2023\/\",\"name\":\"IPCE2023\",\"description\":\"\",\"potentialAction\":[{\"@type\":\"SearchAction\",\"target\":{\"@type\":\"EntryPoint\",\"urlTemplate\":\"https:\/\/sites.ipleiria.pt\/ipce2023\/?s={search_term_string}\"},\"query-input\":{\"@type\":\"PropertyValueSpecification\",\"valueRequired\":true,\"valueName\":\"search_term_string\"}}],\"inLanguage\":\"pt-PT\"}]}<\/script>\n<!-- \/ Yoast SEO plugin. -->","yoast_head_json":{"title":"Programas - IPCE2023","robots":{"index":"index","follow":"follow","max-snippet":"max-snippet:-1","max-image-preview":"max-image-preview:large","max-video-preview":"max-video-preview:-1"},"canonical":"https:\/\/sites.ipleiria.pt\/ipce2023\/programas\/","og_locale":"pt_PT","og_type":"article","og_title":"Programas - IPCE2023","og_description":"Abaixo poder\u00e1 consultar o PROGRAMA GLOBAL do IPCE 2023. Caso deseje poder\u00e1 descarrega-lo AQUI ou consulte abaixo.&nbsp; Para descarregar o programa das SESS\u00d5ES PARALELAS clique&nbsp;AQUI&nbsp;ou consulte abaixo PROGRAMA GLOBAL |&nbsp;GLOBAL PROGRAM Sexta, 05 de maio&nbsp;| Friday, May 05th 8h30&nbsp;Entrega de&hellip; Continue reading &rarr;","og_url":"https:\/\/sites.ipleiria.pt\/ipce2023\/programas\/","og_site_name":"IPCE2023","article_modified_time":"2023-04-28T16:07:49+00:00","twitter_card":"summary_large_image","twitter_misc":{"Tempo estimado de leitura":"3 minutos"},"schema":{"@context":"https:\/\/schema.org","@graph":[{"@type":"WebPage","@id":"https:\/\/sites.ipleiria.pt\/ipce2023\/programas\/","url":"https:\/\/sites.ipleiria.pt\/ipce2023\/programas\/","name":"Programas - IPCE2023","isPartOf":{"@id":"https:\/\/sites.ipleiria.pt\/ipce2023\/#website"},"datePublished":"2021-02-10T12:49:07+00:00","dateModified":"2023-04-28T16:07:49+00:00","breadcrumb":{"@id":"https:\/\/sites.ipleiria.pt\/ipce2023\/programas\/#breadcrumb"},"inLanguage":"pt-PT","potentialAction":[{"@type":"ReadAction","target":["https:\/\/sites.ipleiria.pt\/ipce2023\/programas\/"]}]},{"@type":"BreadcrumbList","@id":"https:\/\/sites.ipleiria.pt\/ipce2023\/programas\/#breadcrumb","itemListElement":[{"@type":"ListItem","position":1,"name":"In\u00edcio","item":"https:\/\/sites.ipleiria.pt\/ipce2023\/"},{"@type":"ListItem","position":2,"name":"Programas"}]},{"@type":"WebSite","@id":"https:\/\/sites.ipleiria.pt\/ipce2023\/#website","url":"https:\/\/sites.ipleiria.pt\/ipce2023\/","name":"IPCE2023","description":"","potentialAction":[{"@type":"SearchAction","target":{"@type":"EntryPoint","urlTemplate":"https:\/\/sites.ipleiria.pt\/ipce2023\/?s={search_term_string}"},"query-input":{"@type":"PropertyValueSpecification","valueRequired":true,"valueName":"search_term_string"}}],"inLanguage":"pt-PT"}]}},"_links":{"self":[{"href":"https:\/\/sites.ipleiria.pt\/ipce2023\/wp-json\/wp\/v2\/pages\/44","targetHints":{"allow":["GET"]}}],"collection":[{"href":"https:\/\/sites.ipleiria.pt\/ipce2023\/wp-json\/wp\/v2\/pages"}],"about":[{"href":"https:\/\/sites.ipleiria.pt\/ipce2023\/wp-json\/wp\/v2\/types\/page"}],"author":[{"embeddable":true,"href":"https:\/\/sites.ipleiria.pt\/ipce2023\/wp-json\/wp\/v2\/users\/102"}],"replies":[{"embeddable":true,"href":"https:\/\/sites.ipleiria.pt\/ipce2023\/wp-json\/wp\/v2\/comments?post=44"}],"version-history":[{"count":72,"href":"https:\/\/sites.ipleiria.pt\/ipce2023\/wp-json\/wp\/v2\/pages\/44\/revisions"}],"predecessor-version":[{"id":1169,"href":"https:\/\/sites.ipleiria.pt\/ipce2023\/wp-json\/wp\/v2\/pages\/44\/revisions\/1169"}],"wp:attachment":[{"href":"https:\/\/sites.ipleiria.pt\/ipce2023\/wp-json\/wp\/v2\/media?parent=44"}],"curies":[{"name":"wp","href":"https:\/\/api.w.org\/{rel}","templated":true}]}}