{"id":92,"date":"2019-12-04T17:43:32","date_gmt":"2019-12-04T17:43:32","guid":{"rendered":"https:\/\/sites.ipleiria.pt\/ipce2020\/?page_id=92"},"modified":"2023-04-28T15:06:10","modified_gmt":"2023-04-28T15:06:10","slug":"keynote-speakers","status":"publish","type":"page","link":"https:\/\/sites.ipleiria.pt\/ipce2023\/en\/keynote-speakers\/","title":{"rendered":"Keynote speakers"},"content":{"rendered":"\n<p style=\"font-size:23px\"><strong>5 de maio \u2013 09h30&nbsp;<em>Sess\u00e3o Plen\u00e1ria<\/em><\/strong><\/p>\n\n\n\n<p class=\"has-medium-font-size\"><strong>Liisa Postareff<\/strong><\/p>\n\n\n<h5><img decoding=\"async\" class=\"wp-image-1050  alignright\" src=\"http:\/\/sites.ipleiria.pt\/ipce2023\/files\/2023\/03\/Postareff_Liisa2-281x300-1.jpg\" alt=\"\" width=\"185\" height=\"198\"><\/h5>\n\n\n<p style=\"font-size:16px\"><em>The relations between teaching, learning and academic wellbeing in higher education.<\/em><\/p>\n\n\n\n<p>Dr. Liisa Postareff works as a leading research scientist at H\u00e4me University of Applied Sciences (HAMK). She works at HAMK Edu research unit, where she leads research focusing on higher education pedagogy and students\u2019 and teachers\u2019 psychological wellbeing. Her areas of expertise also include research-based development of teaching and learning in national and international contexts. In the RUN-EU European University she leads the Future and Advanced Skills Academy which focuses on pedagogical development and advancing future skills. She has nearly 60 peer-reviewed scientific publications and she supervises several doctoral students. She is a reviewer and editorial board member of several educational journals.<\/p>\n\n\n\n<hr class=\"wp-block-separator\"\/>\n\n\n\n<p style=\"font-size:23px\"><strong>5 de maio \u2013 14h00&nbsp;<em>Sess\u00e3o Plen\u00e1ria<\/em><\/strong><\/p>\n\n\n<h5><img decoding=\"async\" class=\"wp-image-996 alignright\" src=\"http:\/\/sites.ipleiria.pt\/ipce2023\/files\/2023\/01\/IMG_0338-copia-300x263.jpg\" alt=\"\" width=\"203\" height=\"178\" srcset=\"https:\/\/sites.ipleiria.pt\/ipce2023\/files\/2023\/01\/IMG_0338-copia-300x263.jpg 300w, https:\/\/sites.ipleiria.pt\/ipce2023\/files\/2023\/01\/IMG_0338-copia-1024x898.jpg 1024w, https:\/\/sites.ipleiria.pt\/ipce2023\/files\/2023\/01\/IMG_0338-copia-768x674.jpg 768w, https:\/\/sites.ipleiria.pt\/ipce2023\/files\/2023\/01\/IMG_0338-copia-1536x1347.jpg 1536w, https:\/\/sites.ipleiria.pt\/ipce2023\/files\/2023\/01\/IMG_0338-copia-2048x1796.jpg 2048w\" sizes=\"(max-width: 203px) 100vw, 203px\" \/><\/h5>\n\n\n<p class=\"has-medium-font-size\"><strong>Tiago Ferreira<\/strong><\/p>\n\n\n\n<p style=\"font-size:16px\"><em>Flexibilidade Psicol\u00f3gica para aprender: a Terapia de Aceita\u00e7\u00e3o e Compromisso na Educa\u00e7\u00e3o.<\/em><\/p>\n\n\n\n<hr class=\"wp-block-separator\"\/>\n\n\n\n<p>Tiago Ferreira is a Psychologist, Master and Doctor in Teaching, Philosophy and History of Sciences from the Federal University of Bahia. With over 18 years of career, he has been a Clinical Psychologist, professor, supervisor and researcher with an emphasis on Contextual Therapies. He is currently pursuing a Second Master\u2019s Degree at Tyndale University (Toronto-CA) while teaching Acceptance and Commitment Therapy online through \u201cACT Training in Clinical Practice: The Functional Narratives Method\u201d. Author of several articles in the area, he is also the organizer of the book \u201cContextual Behavioral Therapies: functional analysis and clinical practice\u201d in partnership with Prof. Claudia Oshiro (USP- Brazil).\u00a0<\/p>\n\n\n<h5><img decoding=\"async\" class=\"wp-image-1125  alignright\" src=\"http:\/\/sites.ipleiria.pt\/ipce2023\/files\/2023\/04\/Imagem1-1-200x300.jpg\" alt=\"\" width=\"173\" height=\"260\" srcset=\"https:\/\/sites.ipleiria.pt\/ipce2023\/files\/2023\/04\/Imagem1-1-200x300.jpg 200w, https:\/\/sites.ipleiria.pt\/ipce2023\/files\/2023\/04\/Imagem1-1.jpg 418w\" sizes=\"(max-width: 173px) 100vw, 173px\" \/><\/h5>\n\n\n<p class=\"has-medium-font-size\"><strong>Tiago Ferreira<\/strong><\/p>\n\n\n\n<p style=\"font-size:16px\"><em>Neuroeducaci\u00f3n: un acercamiento filos\u00f3fico y cr\u00edtico&nbsp;.<\/em><\/p>\n\n\n\n<p><\/p>\n\n\n\n<p>Daniel Pallar\u00e9s-Dom\u00ednguez is doctor cum laude in Philosophy from the Universitat Jaume I of Castell\u00f3n (2016) and extraordinary doctorate award with international mention. Graduated in Humanities and also in Piano Pedagogy from the Salvador Segu\u00ed Superior Conservatory of Music in Castell\u00f3n. He has extended postdoctoral studies at the Center for Research Ethics &amp; Bioethics in Uppsala (Sweden) and at the Center for Philosophical Research in Buenos Aires (Argentina).<\/p>\n\n\n\n<p>He has participated in different national research projects. He is currently a professor of philosophy at the Francisco Ribalta Secondary School, and an associate professor at the Jaume I University of Castell\u00f3n (Spain). His main lines of research are neuroethics, neuroeducation and applied ethics.<\/p>\n\n\n\n<p>His main publications include: \u201cThe Ethical Implications of Considering Neurolaw as a New Power\u201d (Ethics &amp; Behavior Magazine); &#8220;Neuroeducation in dialogue: neuromyths in the teaching-learning process and in moral education&#8221; (Thought Magazine); &#8220;Ethical debates around political neuromarketing: technological progress and its potential impact on the formation of public opinion&#8221; (Veritas Magazine); Neuroethics and neuroeducation. Rethinking the relationship between neurosciences and social sciences\u201d (Recerca Magazine)<\/p>\n\n\n\n<p>&nbsp;<\/p>\n\n\n\n<hr class=\"wp-block-separator\"\/>\n\n\n\n<p style=\"font-size:23px\"><strong>6 de maio \u2013 <strong>9h30 <em>Painel: projetos de investiga\u00e7\u00e3o e de interven\u00e7\u00e3o da Polit\u00e9cnico de Leiria\/ESECS<\/em><\/strong><\/strong><\/p>\n\n\n\n<p style=\"font-size:16px\"><em>PROJECT \u2013 ABSTRACT&nbsp;<strong><em>\u201cHist\u00f3rias de Longe\u201d&nbsp;&nbsp;<\/em><\/strong><\/em><\/p>\n\n\n\n<p class=\"has-white-color has-text-color has-background has-small-font-size\" style=\"background-color:#008080\">&#8220;Hist\u00f3rias de Longe&#8221; is an interdisciplinary project in cross-cultural studies, translation and citizenship education. This project aims to make young readers familiar with literary references from other cultural contexts. The main goal of the project is to enhance relationships between nations, based on the promotion of intercultural perspectives. Thus, above all, the project intends to foster an attitude of respect and acceptance of cultural diversity, from an early age. Alphabet, by Edward Lear, Traits and Traditions of Portugal, by Julia Pardoe, and Japanische M\u00e4rchen, by Karl Alberti are some of the narratives that have been translated, abridged and adapted, within the scope of the project.<br><strong>Dinamics:<\/strong> Ana Marques, investigadora do CICS.NOVA.IPLeiria&nbsp;<\/p>\n\n\n\n<hr class=\"wp-block-separator has-text-color has-background has-white-background-color has-white-color\"\/>\n\n\n<h5><img loading=\"lazy\" decoding=\"async\" class=\"wp-image-1036  alignright\" src=\"http:\/\/sites.ipleiria.pt\/ipce2023\/files\/2023\/03\/Ana-Isabel-Marques.png\" alt=\"\" width=\"195\" height=\"206\"><\/h5>\n\n\n<p class=\"has-medium-font-size\"><strong>Ana Isabel Marques&nbsp;<\/strong><\/p>\n\n\n\n<p>Ana Isabel Marques holds a PhD in Modern Languages and Literatures in the area of Translation Sciences (University of Coimbra) and also a Master&#8217;s degree in Comparative Literature (University of Coimbra). She is the author of several articles and books on the work of the JewishGerman writer Ilse Losa (e.g.&nbsp;<em>Ilse Losa\u2019s translation work during the Estado Novo<\/em>&nbsp;(2014);&nbsp;<em>Landscapes of Memory. Identity and Alterity in Ilse Losa\u2019s narrative work<\/em>&nbsp;(2001).<\/p>\n\n\n\n<p>She is an associate professor at ESTG (School and Technology and Management), IPLeiria. As a member of CICS. NOVA_IPLeiria, Ana Isabel Marques has been developing the project &#8220;Hist\u00f3rias de Longe&#8221;, together with Adonay Moreira.<\/p>\n\n\n\n<p>Besides this, Ana Isabel Marques is also an author of children\u2019s literature (e.g.&nbsp;<em>Um Drama de Coelhos e Galinhas<\/em>(2017);&nbsp;<em>Aventuras com Letras<\/em>&nbsp;(2019);&nbsp;<em>O Rei e o Piolho<\/em>&nbsp;(2020);&nbsp;<em>Festa das Letras<\/em>&nbsp;(2022).<\/p>\n\n\n\n<hr class=\"wp-block-separator\"\/>\n\n\n\n<hr class=\"wp-block-separator has-text-color has-background has-white-background-color has-white-color\"\/>\n\n\n\n<p style=\"font-size:16px\"><em>Project&nbsp;<strong><em>\u201c<strong><em>Jogamos Tudo, Brincamos Todos<\/em><\/strong>\u201d&nbsp;<\/em><\/strong><\/em><\/p>\n\n\n\n<p class=\"has-white-color has-text-color has-background has-small-font-size\" style=\"background-color:#008080\">The pilot project &#8221; Jogamos tudo, Brincamos todos\u201d&nbsp;&nbsp;is a community project to promote inclusion competencies in 1st cycle children, namely through the experimentation of playful-motor games adapted for sensorial and physical disabilities.<br>The present study aims to analyze the effect of an intervention program based on ludic-motor games adapted for sensory and physical disabilities, lasting 5 weeks. The project is for children of the 1st and 4th grades of the 1st cycle of Basic Education, and regards attitudes of inclusion and the perception of competencies. 32 students participated, 15 of which are male and 17 female, aged between 6 and 10 years old. <br>For the assessment of the implementation of this program of inverse inclusion, we used a mixed methodology with the quantitative assessment carried through a questionnaire (in validation process) and the qualitative assessment with focus groups. The main results reveal the existence of significant differences in the dimension of the perception of competences between the two moments of evaluation (pre and post). The analysis of the focus groups highlighted the satisfaction with the activities developed in the program as well as the perception of its relevance. In general, we concluded that the project allowed participants to be, more aware of the skills and difficulties of a child with disabilities, as well as more knowledgeable of strategies (for example games and play) to include peers with disabilities.<br><strong>Dinamics:<\/strong> Ra\u00fal Antunes<\/p>\n\n\n\n<hr class=\"wp-block-separator has-text-color has-background has-white-background-color has-white-color\"\/>\n\n\n<h5><img loading=\"lazy\" decoding=\"async\" class=\"alignright wp-image-1042\" src=\"http:\/\/sites.ipleiria.pt\/ipce2023\/files\/2023\/03\/Raul-Antunes-220x300.jpg\" alt=\"\" width=\"178\" height=\"243\"><\/h5>\n\n\n<p class=\"has-medium-font-size\"><strong>Ra\u00fal Antunes&nbsp;<\/strong><\/p>\n\n\n\n<p>Raul de Sousa Nogueira Antunes, PhD in Sports Sciences from the University of Beira Interior (2018), guest adjunct professor at the Escola Superior de Educa\u00e7\u00e3o e Ci\u00eancias Sociais &#8211; Polit\u00e9cnico de Leiria. He is coordinator of the Postgraduate Course in Adapted Sports and Adapted Physical Activity, of the Escola Superior de Educa\u00e7\u00e3o e Ci\u00eancias Sociais &#8211; Polit\u00e9cnico de Leiria.<\/p>\n\n\n\n<p>He is a member of the Adapted Sports Commission, the Network of Schools with training in Sports of the Public Polytechnic Higher Education (REDESPP).<\/p>\n\n\n\n<p>He is a researcher at the Research Center for Quality of Life (CIEQV) and collaborating member of the Center for Innovative Care and Health Technology (CITECHCARE).<\/p>\n\n\n\n<p>He also coordinates some community intervention projects, with emphasis on the project &#8220;We Play All, We All Play&#8221;, which aims to develop attitudes of inclusion through motor games in children of the 1st cycle of basic education (6 to 10 years old).He has several articles in specialized magazines with indexation, as well as several oral and poster communications in congresses and conferences, national and international.<\/p>\n","protected":false},"excerpt":{"rendered":"<p>5 de maio \u2013 09h30&nbsp;Sess\u00e3o Plen\u00e1ria Liisa Postareff The relations between teaching, learning and academic wellbeing in higher education. Dr. Liisa Postareff works as a leading research scientist at H\u00e4me University of Applied Sciences (HAMK). She works at HAMK Edu&hellip;  <\/p>\n<p class=\"more-link\"><a href=\"https:\/\/sites.ipleiria.pt\/ipce2023\/en\/keynote-speakers\/\">Continue reading <span class=\"meta-nav\">&rarr;<\/span><\/a><\/p>\n","protected":false},"author":102,"featured_media":0,"parent":0,"menu_order":0,"comment_status":"closed","ping_status":"closed","template":"","meta":{"footnotes":""},"class_list":["post-92","page","type-page","status-publish","hentry"],"yoast_head":"<!-- This site is optimized with the Yoast SEO plugin v26.8 - https:\/\/yoast.com\/product\/yoast-seo-wordpress\/ -->\n<title>Keynote speakers - IPCE2023<\/title>\n<meta name=\"robots\" content=\"index, follow, max-snippet:-1, max-image-preview:large, max-video-preview:-1\" \/>\n<link rel=\"canonical\" href=\"https:\/\/sites.ipleiria.pt\/ipce2023\/en\/keynote-speakers\/\" \/>\n<meta property=\"og:locale\" content=\"pt_PT\" \/>\n<meta property=\"og:type\" content=\"article\" \/>\n<meta property=\"og:title\" content=\"Keynote speakers - IPCE2023\" \/>\n<meta property=\"og:description\" content=\"5 de maio \u2013 09h30&nbsp;Sess\u00e3o Plen\u00e1ria Liisa Postareff The relations between teaching, learning and academic wellbeing in higher education. Dr. Liisa Postareff works as a leading research scientist at H\u00e4me University of Applied Sciences (HAMK). She works at HAMK Edu&hellip; Continue reading &rarr;\" \/>\n<meta property=\"og:url\" content=\"https:\/\/sites.ipleiria.pt\/ipce2023\/en\/keynote-speakers\/\" \/>\n<meta property=\"og:site_name\" content=\"IPCE2023\" \/>\n<meta property=\"article:modified_time\" content=\"2023-04-28T15:06:10+00:00\" \/>\n<meta property=\"og:image\" content=\"http:\/\/sites.ipleiria.pt\/ipce2023\/files\/2023\/03\/Postareff_Liisa2-281x300-1.jpg\" \/>\n<meta name=\"twitter:card\" content=\"summary_large_image\" \/>\n<meta name=\"twitter:label1\" content=\"Tempo estimado de leitura\" \/>\n\t<meta name=\"twitter:data1\" content=\"8 minutos\" \/>\n<script type=\"application\/ld+json\" class=\"yoast-schema-graph\">{\"@context\":\"https:\/\/schema.org\",\"@graph\":[{\"@type\":\"WebPage\",\"@id\":\"https:\/\/sites.ipleiria.pt\/ipce2023\/en\/keynote-speakers\/\",\"url\":\"https:\/\/sites.ipleiria.pt\/ipce2023\/en\/keynote-speakers\/\",\"name\":\"Keynote speakers - IPCE2023\",\"isPartOf\":{\"@id\":\"https:\/\/sites.ipleiria.pt\/ipce2023\/#website\"},\"primaryImageOfPage\":{\"@id\":\"https:\/\/sites.ipleiria.pt\/ipce2023\/en\/keynote-speakers\/#primaryimage\"},\"image\":{\"@id\":\"https:\/\/sites.ipleiria.pt\/ipce2023\/en\/keynote-speakers\/#primaryimage\"},\"thumbnailUrl\":\"http:\/\/sites.ipleiria.pt\/ipce2023\/files\/2023\/03\/Postareff_Liisa2-281x300-1.jpg\",\"datePublished\":\"2019-12-04T17:43:32+00:00\",\"dateModified\":\"2023-04-28T15:06:10+00:00\",\"breadcrumb\":{\"@id\":\"https:\/\/sites.ipleiria.pt\/ipce2023\/en\/keynote-speakers\/#breadcrumb\"},\"inLanguage\":\"pt-PT\",\"potentialAction\":[{\"@type\":\"ReadAction\",\"target\":[\"https:\/\/sites.ipleiria.pt\/ipce2023\/en\/keynote-speakers\/\"]}]},{\"@type\":\"ImageObject\",\"inLanguage\":\"pt-PT\",\"@id\":\"https:\/\/sites.ipleiria.pt\/ipce2023\/en\/keynote-speakers\/#primaryimage\",\"url\":\"http:\/\/sites.ipleiria.pt\/ipce2023\/files\/2023\/03\/Postareff_Liisa2-281x300-1.jpg\",\"contentUrl\":\"http:\/\/sites.ipleiria.pt\/ipce2023\/files\/2023\/03\/Postareff_Liisa2-281x300-1.jpg\"},{\"@type\":\"BreadcrumbList\",\"@id\":\"https:\/\/sites.ipleiria.pt\/ipce2023\/en\/keynote-speakers\/#breadcrumb\",\"itemListElement\":[{\"@type\":\"ListItem\",\"position\":1,\"name\":\"In\u00edcio\",\"item\":\"https:\/\/sites.ipleiria.pt\/ipce2023\/\"},{\"@type\":\"ListItem\",\"position\":2,\"name\":\"Keynote speakers\"}]},{\"@type\":\"WebSite\",\"@id\":\"https:\/\/sites.ipleiria.pt\/ipce2023\/#website\",\"url\":\"https:\/\/sites.ipleiria.pt\/ipce2023\/\",\"name\":\"IPCE2023\",\"description\":\"\",\"potentialAction\":[{\"@type\":\"SearchAction\",\"target\":{\"@type\":\"EntryPoint\",\"urlTemplate\":\"https:\/\/sites.ipleiria.pt\/ipce2023\/?s={search_term_string}\"},\"query-input\":{\"@type\":\"PropertyValueSpecification\",\"valueRequired\":true,\"valueName\":\"search_term_string\"}}],\"inLanguage\":\"pt-PT\"}]}<\/script>\n<!-- \/ Yoast SEO plugin. -->","yoast_head_json":{"title":"Keynote speakers - IPCE2023","robots":{"index":"index","follow":"follow","max-snippet":"max-snippet:-1","max-image-preview":"max-image-preview:large","max-video-preview":"max-video-preview:-1"},"canonical":"https:\/\/sites.ipleiria.pt\/ipce2023\/en\/keynote-speakers\/","og_locale":"pt_PT","og_type":"article","og_title":"Keynote speakers - IPCE2023","og_description":"5 de maio \u2013 09h30&nbsp;Sess\u00e3o Plen\u00e1ria Liisa Postareff The relations between teaching, learning and academic wellbeing in higher education. Dr. Liisa Postareff works as a leading research scientist at H\u00e4me University of Applied Sciences (HAMK). She works at HAMK Edu&hellip; Continue reading &rarr;","og_url":"https:\/\/sites.ipleiria.pt\/ipce2023\/en\/keynote-speakers\/","og_site_name":"IPCE2023","article_modified_time":"2023-04-28T15:06:10+00:00","og_image":[{"url":"http:\/\/sites.ipleiria.pt\/ipce2023\/files\/2023\/03\/Postareff_Liisa2-281x300-1.jpg","type":"","width":"","height":""}],"twitter_card":"summary_large_image","twitter_misc":{"Tempo estimado de leitura":"8 minutos"},"schema":{"@context":"https:\/\/schema.org","@graph":[{"@type":"WebPage","@id":"https:\/\/sites.ipleiria.pt\/ipce2023\/en\/keynote-speakers\/","url":"https:\/\/sites.ipleiria.pt\/ipce2023\/en\/keynote-speakers\/","name":"Keynote speakers - IPCE2023","isPartOf":{"@id":"https:\/\/sites.ipleiria.pt\/ipce2023\/#website"},"primaryImageOfPage":{"@id":"https:\/\/sites.ipleiria.pt\/ipce2023\/en\/keynote-speakers\/#primaryimage"},"image":{"@id":"https:\/\/sites.ipleiria.pt\/ipce2023\/en\/keynote-speakers\/#primaryimage"},"thumbnailUrl":"http:\/\/sites.ipleiria.pt\/ipce2023\/files\/2023\/03\/Postareff_Liisa2-281x300-1.jpg","datePublished":"2019-12-04T17:43:32+00:00","dateModified":"2023-04-28T15:06:10+00:00","breadcrumb":{"@id":"https:\/\/sites.ipleiria.pt\/ipce2023\/en\/keynote-speakers\/#breadcrumb"},"inLanguage":"pt-PT","potentialAction":[{"@type":"ReadAction","target":["https:\/\/sites.ipleiria.pt\/ipce2023\/en\/keynote-speakers\/"]}]},{"@type":"ImageObject","inLanguage":"pt-PT","@id":"https:\/\/sites.ipleiria.pt\/ipce2023\/en\/keynote-speakers\/#primaryimage","url":"http:\/\/sites.ipleiria.pt\/ipce2023\/files\/2023\/03\/Postareff_Liisa2-281x300-1.jpg","contentUrl":"http:\/\/sites.ipleiria.pt\/ipce2023\/files\/2023\/03\/Postareff_Liisa2-281x300-1.jpg"},{"@type":"BreadcrumbList","@id":"https:\/\/sites.ipleiria.pt\/ipce2023\/en\/keynote-speakers\/#breadcrumb","itemListElement":[{"@type":"ListItem","position":1,"name":"In\u00edcio","item":"https:\/\/sites.ipleiria.pt\/ipce2023\/"},{"@type":"ListItem","position":2,"name":"Keynote speakers"}]},{"@type":"WebSite","@id":"https:\/\/sites.ipleiria.pt\/ipce2023\/#website","url":"https:\/\/sites.ipleiria.pt\/ipce2023\/","name":"IPCE2023","description":"","potentialAction":[{"@type":"SearchAction","target":{"@type":"EntryPoint","urlTemplate":"https:\/\/sites.ipleiria.pt\/ipce2023\/?s={search_term_string}"},"query-input":{"@type":"PropertyValueSpecification","valueRequired":true,"valueName":"search_term_string"}}],"inLanguage":"pt-PT"}]}},"_links":{"self":[{"href":"https:\/\/sites.ipleiria.pt\/ipce2023\/wp-json\/wp\/v2\/pages\/92","targetHints":{"allow":["GET"]}}],"collection":[{"href":"https:\/\/sites.ipleiria.pt\/ipce2023\/wp-json\/wp\/v2\/pages"}],"about":[{"href":"https:\/\/sites.ipleiria.pt\/ipce2023\/wp-json\/wp\/v2\/types\/page"}],"author":[{"embeddable":true,"href":"https:\/\/sites.ipleiria.pt\/ipce2023\/wp-json\/wp\/v2\/users\/102"}],"replies":[{"embeddable":true,"href":"https:\/\/sites.ipleiria.pt\/ipce2023\/wp-json\/wp\/v2\/comments?post=92"}],"version-history":[{"count":24,"href":"https:\/\/sites.ipleiria.pt\/ipce2023\/wp-json\/wp\/v2\/pages\/92\/revisions"}],"predecessor-version":[{"id":1126,"href":"https:\/\/sites.ipleiria.pt\/ipce2023\/wp-json\/wp\/v2\/pages\/92\/revisions\/1126"}],"wp:attachment":[{"href":"https:\/\/sites.ipleiria.pt\/ipce2023\/wp-json\/wp\/v2\/media?parent=92"}],"curies":[{"name":"wp","href":"https:\/\/api.w.org\/{rel}","templated":true}]}}