{"id":1134,"date":"2021-02-09T15:57:43","date_gmt":"2021-02-09T15:57:43","guid":{"rendered":"http:\/\/ipce2021.sites.ipleiria.pt\/?page_id=2"},"modified":"2024-01-08T16:03:50","modified_gmt":"2024-01-08T16:03:50","slug":"apresentacao","status":"publish","type":"page","link":"https:\/\/sites.ipleiria.pt\/ipce2024\/","title":{"rendered":"Apresenta\u00e7\u00e3o"},"content":{"rendered":"\n<p><strong>XIII Confer\u00eancia Internacional de Investiga\u00e7\u00e3o, Pr\u00e1ticas e Contextos em Educa\u00e7\u00e3o&nbsp;<\/strong>(IPCE)&nbsp;\u00e9 um evento internacional que visa contribuir para o avan\u00e7o da teoria e da pr\u00e1tica em Educa\u00e7\u00e3o. A confer\u00eancia&nbsp;IPCE&nbsp;insere-se no conjunto de atividades da ESECS &#8211;&nbsp;Polit\u00e9cnico de Leiria e&nbsp;visa&nbsp;promover a colabora\u00e7\u00e3o entre investigadores, professores, estudantes e decisores na identifica\u00e7\u00e3o e discuss\u00e3o de desafios e solu\u00e7\u00f5es para os mais diversos contextos educativos. <\/p>\n\n\n\n<p>O objetivo da confer\u00eancia&nbsp;IPCE&nbsp;\u00e9 proporcionar uma oportunidade para que&nbsp;profissionais de diversas \u00e1reas ligadas \u00e0 Educa\u00e7\u00e3o e com interesses&nbsp;multidisciplinares interajam e partilhem experi\u00eancias e conhecimentos,&nbsp;contribuindo e estimulando a investiga\u00e7\u00e3o e o desenvolvimento&nbsp;de pr\u00e1ticas em Educa\u00e7\u00e3o.<\/p>\n\n\n\n<p>A confer\u00eancia IPCE \u00e9 acreditada pelo Conselho Cient\u00edfico Pedag\u00f3gico da Forma\u00e7\u00e3o Cont\u00ednua como curso de forma\u00e7\u00e3o de 13 horas, para progress\u00e3o na carreira de Educadores e professores dos Ensinos B\u00e1sico e Secund\u00e1rio, com o registo n\u00ba CCPFC\/ACC-114169\/22.<\/p>\n\n\n\n<p><strong>L\u00ednguas de trabalho<\/strong><br>Portugu\u00eas, ingl\u00eas e espanhol<\/p>\n\n\n\n<p><strong>Participantes<\/strong><br>Educadores, professores, investigadores, estudantes do ensino superior, \u00f3rg\u00e3os de dire\u00e7\u00e3o e de gest\u00e3o de institui\u00e7\u00f5es e t\u00e9cnicos da \u00e1rea da educa\u00e7\u00e3o.<\/p>\n\n\n\n<hr class=\"wp-block-separator has-text-color has-black-color has-css-opacity has-black-background-color has-background\"\/>\n\n\n\n<div class=\"wp-block-columns is-layout-flex wp-container-core-columns-is-layout-1 wp-block-columns-is-layout-flex\">\n<div class=\"wp-block-column is-layout-flow wp-block-column-is-layout-flow\"><\/div>\n\n\n\n<div class=\"wp-block-column is-layout-flow wp-block-column-is-layout-flow\"><\/div>\n<\/div>\n\n\n\n<div class=\"wp-block-columns is-layout-flex wp-container-core-columns-is-layout-2 wp-block-columns-is-layout-flex\">\n<div class=\"wp-block-column is-layout-flow wp-block-column-is-layout-flow\"><\/div>\n\n\n\n<div class=\"wp-block-column is-layout-flow wp-block-column-is-layout-flow\"><\/div>\n<\/div>\n\n\n\n<p><strong>Temas da Confer\u00eancia:<\/strong><\/p>\n\n\n\n<p class=\"has-white-color has-text-color has-background\" style=\"background-color:#89361e\">1 &#8211; Experi\u00eancias de Ensino e Aprendizagem<\/p>\n\n\n\n<div class=\"wp-block-columns is-layout-flex wp-container-core-columns-is-layout-3 wp-block-columns-is-layout-flex\">\n<div class=\"wp-block-column is-layout-flow wp-block-column-is-layout-flow\">\n<p><em><strong>a) na Educa\u00e7\u00e3o de Inf\u00e2ncia<\/strong><\/em><br>Pedagogia da Educa\u00e7\u00e3o de Inf\u00e2ncia Desenvolvimento\/aprendizagem | \u00c1rea da  Forma\u00e7\u00e3o Pessoal e Social | Dom\u00ednio da Educa\u00e7\u00e3o F\u00edsica | Dom\u00ednio da Educa\u00e7\u00e3o Art\u00edstica | Dom\u00ednio da Linguagem Oral e Abordagem \u00e0 Escrita | Dom\u00ednio da Matem\u00e1tica<\/p>\n<\/div>\n\n\n\n<div class=\"wp-block-column is-layout-flow wp-block-column-is-layout-flow\">\n<p><em><strong>b) na Educa\u00e7\u00e3o B\u00e1sica<\/strong><\/em><br>Pedagogia do Ensino B\u00e1sico | L\u00edngua materna  L\u00edngua n\u00e3o materna | Matem\u00e1tica | Ci\u00eancias Sociais | Ci\u00eancias Naturais | Express\u00f5es | TIC Educa\u00e7\u00e3o F\u00edsica\/Desporto<\/p>\n<\/div>\n<\/div>\n\n\n\n<div class=\"wp-block-columns is-layout-flex wp-container-core-columns-is-layout-4 wp-block-columns-is-layout-flex\">\n<div class=\"wp-block-column is-layout-flow wp-block-column-is-layout-flow\">\n<p><em><strong>c) no Ensino Secund\u00e1rio<\/strong><\/em><br>Pedagogia do Ensino Secund\u00e1rio | L\u00edngua materna  L\u00edngua n\u00e3o materna | Matem\u00e1tica | Ci\u00eancias Sociais | Ci\u00eancias Naturais | Express\u00f5es | TIC Educa\u00e7\u00e3o F\u00edsica\/Desporto<\/p>\n<\/div>\n\n\n\n<div class=\"wp-block-column is-layout-flow wp-block-column-is-layout-flow\">\n<p><em><strong>d) no Ensino Superior<\/strong><\/em><br>Pedagogia do Ensino Superior | L\u00edngua materna L\u00edngua n\u00e3o materna | Matem\u00e1tica | Ci\u00eancias Sociais | Ci\u00eancias Naturais | Express\u00f5es | TIC Educa\u00e7\u00e3o f\u00edsica\/Desporto<\/p>\n<\/div>\n<\/div>\n\n\n\n<div class=\"wp-block-columns is-layout-flex wp-container-core-columns-is-layout-5 wp-block-columns-is-layout-flex\">\n<div class=\"wp-block-column is-layout-flow wp-block-column-is-layout-flow\">\n<p><em><strong>e) em Contextos Educativos N\u00e3o Formais<\/strong><\/em><br>Pedagogia | L\u00edngua materna | L\u00edngua n\u00e3o materna Matem\u00e1tica | Ci\u00eancias Sociais | Ci\u00eancias Naturais Express\u00f5es | TIC | Educa\u00e7\u00e3o F\u00edsica\/Desporto<\/p>\n<\/div>\n\n\n\n<div class=\"wp-block-column is-layout-flow wp-block-column-is-layout-flow\"><\/div>\n<\/div>\n\n\n\n<p class=\"has-white-color has-text-color has-background\" style=\"background-color:#89361e\">2 &#8211; Desenvolvimento Comunit\u00e1rio<\/p>\n\n\n\n<p><\/p>\n\n\n\n<p class=\"has-white-color has-text-color has-background\" style=\"background-color:#89361e\">3 &#8211; Outras experi\u00eancias &#8230; <\/p>\n\n\n\n<div class=\"wp-block-columns is-layout-flex wp-container-core-columns-is-layout-6 wp-block-columns-is-layout-flex\">\n<div class=\"wp-block-column is-layout-flow wp-block-column-is-layout-flow\">\n<p>&#8230;<em><strong>na Educa\u00e7\u00e3o de Inf\u00e2ncia<\/strong><\/em><br>Pedagogia da Educa\u00e7\u00e3o de Inf\u00e2ncia Desenvolvimento\/aprendizagem | \u00c1rea da Forma\u00e7\u00e3o Pessoal e Social | \u00c1rea do Conhecimento do Mundo | \u00c1rea da Express\u00e3o e Comunica\u00e7\u00e3o | Dom\u00ednio da Educa\u00e7\u00e3o F\u00edsica  Dom\u00ednio da Educa\u00e7\u00e3o Art\u00edstica | Dom\u00ednio da Linguagem Oral e Abordagem \u00e0 Escrita | Dom\u00ednio da Matem\u00e1tica<\/p>\n<\/div>\n\n\n\n<div class=\"wp-block-column is-layout-flow wp-block-column-is-layout-flow\">\n<p><em><strong>&#8230;na Educa\u00e7\u00e3o B\u00e1sica<\/strong><\/em><br>Pedagogia do Ensino B\u00e1sico | L\u00edngua materna L\u00edngua n\u00e3o materna | Matem\u00e1tica | Ci\u00eancias Sociais | Ci\u00eancias Naturais | Express\u00f5es |TIC Educa\u00e7\u00e3o F\u00edsica\/Desporto<\/p>\n<\/div>\n<\/div>\n\n\n\n<div class=\"wp-block-columns is-layout-flex wp-container-core-columns-is-layout-7 wp-block-columns-is-layout-flex\">\n<div class=\"wp-block-column is-layout-flow wp-block-column-is-layout-flow\">\n<p><em><strong>&#8230; no Ensino Secund\u00e1rio<\/strong><\/em><br>Pedagogia do Ensino Secund\u00e1rio | L\u00edngua materna L\u00edngua n\u00e3o materna | Matem\u00e1tica | Ci\u00eancias Sociais | Ci\u00eancias Naturais | Express\u00f5es |TIC Educa\u00e7\u00e3o F\u00edsica\/Desporto<\/p>\n<\/div>\n\n\n\n<div class=\"wp-block-column is-layout-flow wp-block-column-is-layout-flow\">\n<p><em><strong>&#8230; no Ensino Superior<\/strong><\/em><br>Pedagogia do Ensino B\u00e1sico | L\u00edngua materna L\u00edngua n\u00e3o materna | Matem\u00e1tica | Ci\u00eancias Sociais | Ci\u00eancias Naturais | Express\u00f5es |TIC Educa\u00e7\u00e3o F\u00edsica\/Desporto<\/p>\n<\/div>\n<\/div>\n\n\n\n<div class=\"wp-block-columns is-layout-flex wp-container-core-columns-is-layout-8 wp-block-columns-is-layout-flex\">\n<div class=\"wp-block-column is-layout-flow wp-block-column-is-layout-flow\">\n<p><strong>&#8230; <em>em Contextos Educativos N\u00e3o Formai<\/em>s<\/strong><br>Pedagogia | L\u00edngua materna L\u00edngua n\u00e3o materna | Matem\u00e1tica | Ci\u00eancias Sociais | Ci\u00eancias Naturais | Express\u00f5es |TIC Educa\u00e7\u00e3o F\u00edsica\/Desporto<\/p>\n<\/div>\n\n\n\n<div class=\"wp-block-column is-layout-flow wp-block-column-is-layout-flow\"><\/div>\n<\/div>\n\n\n\n<p><\/p>\n","protected":false},"excerpt":{"rendered":"<p>XIII Confer\u00eancia Internacional de Investiga\u00e7\u00e3o, Pr\u00e1ticas e Contextos em Educa\u00e7\u00e3o&nbsp;(IPCE)&nbsp;\u00e9 um evento internacional que visa contribuir para o avan\u00e7o da teoria e da pr\u00e1tica em Educa\u00e7\u00e3o. A confer\u00eancia&nbsp;IPCE&nbsp;insere-se no conjunto de atividades da ESECS &#8211;&nbsp;Polit\u00e9cnico de Leiria e&nbsp;visa&nbsp;promover a colabora\u00e7\u00e3o&hellip;  <\/p>\n<p class=\"more-link\"><a href=\"https:\/\/sites.ipleiria.pt\/ipce2024\/\">Continue reading <span class=\"meta-nav\">&rarr;<\/span><\/a><\/p>\n","protected":false},"author":102,"featured_media":0,"parent":0,"menu_order":0,"comment_status":"closed","ping_status":"closed","template":"","meta":{"footnotes":""},"class_list":["post-1134","page","type-page","status-publish","hentry"],"_links":{"self":[{"href":"https:\/\/sites.ipleiria.pt\/ipce2024\/wp-json\/wp\/v2\/pages\/1134","targetHints":{"allow":["GET"]}}],"collection":[{"href":"https:\/\/sites.ipleiria.pt\/ipce2024\/wp-json\/wp\/v2\/pages"}],"about":[{"href":"https:\/\/sites.ipleiria.pt\/ipce2024\/wp-json\/wp\/v2\/types\/page"}],"author":[{"embeddable":true,"href":"https:\/\/sites.ipleiria.pt\/ipce2024\/wp-json\/wp\/v2\/users\/102"}],"replies":[{"embeddable":true,"href":"https:\/\/sites.ipleiria.pt\/ipce2024\/wp-json\/wp\/v2\/comments?post=1134"}],"version-history":[{"count":6,"href":"https:\/\/sites.ipleiria.pt\/ipce2024\/wp-json\/wp\/v2\/pages\/1134\/revisions"}],"predecessor-version":[{"id":1271,"href":"https:\/\/sites.ipleiria.pt\/ipce2024\/wp-json\/wp\/v2\/pages\/1134\/revisions\/1271"}],"wp:attachment":[{"href":"https:\/\/sites.ipleiria.pt\/ipce2024\/wp-json\/wp\/v2\/media?parent=1134"}],"curies":[{"name":"wp","href":"https:\/\/api.w.org\/{rel}","templated":true}]}}