{"id":21,"date":"2019-12-04T11:25:04","date_gmt":"2019-12-04T11:25:04","guid":{"rendered":"https:\/\/sites.ipleiria.pt\/ipce2020\/?page_id=21"},"modified":"2024-02-05T11:38:45","modified_gmt":"2024-02-05T11:38:45","slug":"inscricoes-2","status":"publish","type":"page","link":"https:\/\/sites.ipleiria.pt\/ipce2024\/inscricoes-2\/","title":{"rendered":"Inscri\u00e7\u00f5es"},"content":{"rendered":"\n<p class=\"has-white-color has-text-color has-background\" style=\"background-color:#89361e\"><strong><em>At\u00e9 07 de abril de 2024<\/em><\/strong><\/p>\n\n\n\n<div class=\"wp-block-columns is-layout-flex wp-container-core-columns-is-layout-1 wp-block-columns-is-layout-flex\">\n<div class=\"wp-block-column is-layout-flow wp-block-column-is-layout-flow\" style=\"flex-basis:66.66%\">\n<ul class=\"wp-block-list\">\n<li>Participantes em geral<\/li>\n<\/ul>\n<\/div>\n\n\n\n<div class=\"wp-block-column is-layout-flow wp-block-column-is-layout-flow\" style=\"flex-basis:33.33%\">\n<p>60 euros<\/p>\n<\/div>\n<\/div>\n\n\n\n<div class=\"wp-block-columns is-layout-flex wp-container-core-columns-is-layout-2 wp-block-columns-is-layout-flex\">\n<div class=\"wp-block-column is-layout-flow wp-block-column-is-layout-flow\" style=\"flex-basis:66.66%\">\n<ul class=\"wp-block-list\">\n<li>Funcion\u00e1rios docentes\/n\u00e3o docentes e antigos estudantes do Polit\u00e9cnico de Leiria<\/li>\n<\/ul>\n<\/div>\n\n\n\n<div class=\"wp-block-column is-layout-flow wp-block-column-is-layout-flow\" style=\"flex-basis:33.33%\">\n<p>20 euros<\/p>\n<\/div>\n<\/div>\n\n\n\n<div class=\"wp-block-columns is-layout-flex wp-container-core-columns-is-layout-3 wp-block-columns-is-layout-flex\">\n<div class=\"wp-block-column is-layout-flow wp-block-column-is-layout-flow\" style=\"flex-basis:66.66%\">\n<ul class=\"wp-block-list\">\n<li>Estudantes do PL e de outras Institui\u00e7\u00f5es\/Orientadores cooperantes\/ Outros colaboradores da ESECS\/ PLeiria<\/li>\n<\/ul>\n<\/div>\n\n\n\n<div class=\"wp-block-column is-layout-flow wp-block-column-is-layout-flow\" style=\"flex-basis:33.33%\">\n<p>10 euros<\/p>\n<\/div>\n<\/div>\n\n\n\n<p><\/p>\n\n\n\n<p class=\"has-white-color has-text-color has-background\" style=\"background-color:#89361e\"><strong><em>Depois de 07 de abril de 2024<\/em><\/strong><\/p>\n\n\n\n<div class=\"wp-block-columns is-layout-flex wp-container-core-columns-is-layout-4 wp-block-columns-is-layout-flex\">\n<div class=\"wp-block-column is-layout-flow wp-block-column-is-layout-flow\" style=\"flex-basis:66.66%\">\n<ul class=\"wp-block-list\">\n<li>Participantes em geral<\/li>\n<\/ul>\n<\/div>\n\n\n\n<div class=\"wp-block-column is-layout-flow wp-block-column-is-layout-flow\" style=\"flex-basis:33.33%\">\n<p>75 euros<\/p>\n<\/div>\n<\/div>\n\n\n\n<div class=\"wp-block-columns is-layout-flex wp-container-core-columns-is-layout-5 wp-block-columns-is-layout-flex\">\n<div class=\"wp-block-column is-layout-flow wp-block-column-is-layout-flow\" style=\"flex-basis:66.66%\">\n<ul class=\"wp-block-list\">\n<li>Funcion\u00e1rios docentes\/n\u00e3o docentes e antigos estudantes do Polit\u00e9cnico de Leiria<\/li>\n<\/ul>\n<\/div>\n\n\n\n<div class=\"wp-block-column is-layout-flow wp-block-column-is-layout-flow\" style=\"flex-basis:33.33%\">\n<p>25 euros<\/p>\n<\/div>\n<\/div>\n\n\n\n<div class=\"wp-block-columns is-layout-flex wp-container-core-columns-is-layout-6 wp-block-columns-is-layout-flex\">\n<div class=\"wp-block-column is-layout-flow wp-block-column-is-layout-flow\" style=\"flex-basis:66.66%\">\n<ul class=\"wp-block-list\">\n<li>Estudantes do PL e de outras Institui\u00e7\u00f5es\/Orientadores cooperantes\/ Outros colaboradores da ESECS\/ PLeiria<\/li>\n<\/ul>\n<\/div>\n\n\n\n<div class=\"wp-block-column is-layout-flow wp-block-column-is-layout-flow\" style=\"flex-basis:33.33%\">\n<p>12,5 euros<\/p>\n<\/div>\n<\/div>\n\n\n\n<p class=\"has-white-color has-text-color has-background\" style=\"background-color:#89361e\"><\/p>\n\n\n\n<p>Inscri\u00e7\u00e3o sem acredita\u00e7\u00e3o &#8211;  <a href=\"http:\/\/eventos.ipleiria.pt\/portal\/eventos?p_id=27979&amp;lang=pt-PT\">AQUI<\/a><\/p>\n\n\n\n<p>Inscri\u00e7\u00e3o com acredita\u00e7\u00e3o &#8211;  <a href=\"http:\/\/eventos.ipleiria.pt\/portal\/eventos?p_id=27961\">AQUI<\/a><\/p>\n\n\n\n<p class=\"has-white-color has-text-color has-background\" style=\"background-color:#89361e\"><\/p>\n\n\n\n<p><strong>Para mais informa\u00e7\u00f5es<\/strong><br>Adelaide Ferreira \u2013 Inscri\u00e7\u00f5es<br><strong>Tel:<\/strong> (+351) 244 829 471 \/ Fax: (+351) 244 829 499<br><strong>Email:<\/strong> <a href=\"mailto:adelaide.ferreira@ipleiria.pt\">adelaide.ferreira@ipleiria.pt<\/a><\/p>\n\n\n\n<p class=\"has-small-font-size\"><br><strong>Termos e Condi\u00e7\u00f5es<\/strong><br>A taxa de inscri\u00e7\u00e3o inclui a assist\u00eancia \u00e0 confer\u00eancia, acesso ao material informativo e aos <em>coffee breaks<\/em>.<br>O cancelamento de inscri\u00e7\u00f5es implica a perda total do valor da taxa de inscri\u00e7\u00e3o, n\u00e3o havendo lugar a reembolsos.<\/p>\n","protected":false},"excerpt":{"rendered":"<p>At\u00e9 07 de abril de 2024 60 euros 20 euros 10 euros Depois de 07 de abril de 2024 75 euros 25 euros 12,5 euros Inscri\u00e7\u00e3o sem acredita\u00e7\u00e3o &#8211; AQUI Inscri\u00e7\u00e3o com acredita\u00e7\u00e3o &#8211; AQUI Para mais informa\u00e7\u00f5esAdelaide Ferreira \u2013&hellip;  <\/p>\n<p class=\"more-link\"><a href=\"https:\/\/sites.ipleiria.pt\/ipce2024\/inscricoes-2\/\">Continue reading <span class=\"meta-nav\">&rarr;<\/span><\/a><\/p>\n","protected":false},"author":102,"featured_media":0,"parent":0,"menu_order":0,"comment_status":"closed","ping_status":"closed","template":"","meta":{"footnotes":""},"class_list":["post-21","page","type-page","status-publish","hentry"],"_links":{"self":[{"href":"https:\/\/sites.ipleiria.pt\/ipce2024\/wp-json\/wp\/v2\/pages\/21","targetHints":{"allow":["GET"]}}],"collection":[{"href":"https:\/\/sites.ipleiria.pt\/ipce2024\/wp-json\/wp\/v2\/pages"}],"about":[{"href":"https:\/\/sites.ipleiria.pt\/ipce2024\/wp-json\/wp\/v2\/types\/page"}],"author":[{"embeddable":true,"href":"https:\/\/sites.ipleiria.pt\/ipce2024\/wp-json\/wp\/v2\/users\/102"}],"replies":[{"embeddable":true,"href":"https:\/\/sites.ipleiria.pt\/ipce2024\/wp-json\/wp\/v2\/comments?post=21"}],"version-history":[{"count":4,"href":"https:\/\/sites.ipleiria.pt\/ipce2024\/wp-json\/wp\/v2\/pages\/21\/revisions"}],"predecessor-version":[{"id":1286,"href":"https:\/\/sites.ipleiria.pt\/ipce2024\/wp-json\/wp\/v2\/pages\/21\/revisions\/1286"}],"wp:attachment":[{"href":"https:\/\/sites.ipleiria.pt\/ipce2024\/wp-json\/wp\/v2\/media?parent=21"}],"curies":[{"name":"wp","href":"https:\/\/api.w.org\/{rel}","templated":true}]}}