{"id":77,"date":"2019-12-04T16:30:01","date_gmt":"2019-12-04T16:30:01","guid":{"rendered":"https:\/\/sites.ipleiria.pt\/ipce2020\/?page_id=77"},"modified":"2024-04-17T11:23:48","modified_gmt":"2024-04-17T11:23:48","slug":"fechas-importantes","status":"publish","type":"page","link":"https:\/\/sites.ipleiria.pt\/ipce2024\/es\/fechas-importantes\/","title":{"rendered":"Fechas importantes"},"content":{"rendered":"\n<p><strong>Inicio de <em>call<\/em>:<\/strong> 25 de diciembre de 2023<br><strong><strong>\u00daltimo plazo de env\u00edo de los<\/strong> art\u00edculos:<\/strong>\u00a0 10 de marzo de 2024<br><strong>\u00daltimo plazo de env\u00edo de los relatos:<\/strong>\u00a010 de marzo de 2024<br><strong>\u00daltimo plazo de env\u00edo de los p\u00f3sters:<\/strong>\u00a010 de marzo de 2024<br><strong>Fecha l\u00edmite para la notificaci\u00f3n de contribuciones aceptadas:<\/strong>\u00a0 \u00a0hasta el 21 de abril de 2024<br><strong>\u00daltimo d\u00eda\u00a0para el pago de las cuotas:\u00a0<\/strong>antes del 30 de abril de 2024<\/p>\n\n\n\n<p> <\/p>\n","protected":false},"excerpt":{"rendered":"<p>Inicio de call: 25 de diciembre de 2023\u00daltimo plazo de env\u00edo de los art\u00edculos:\u00a0 10 de marzo de 2024\u00daltimo plazo de env\u00edo de los relatos:\u00a010 de marzo de 2024\u00daltimo plazo de env\u00edo de los p\u00f3sters:\u00a010 de marzo de 2024Fecha l\u00edmite&hellip;  <\/p>\n<p class=\"more-link\"><a href=\"https:\/\/sites.ipleiria.pt\/ipce2024\/es\/fechas-importantes\/\">Continue reading <span class=\"meta-nav\">&rarr;<\/span><\/a><\/p>\n","protected":false},"author":102,"featured_media":0,"parent":0,"menu_order":0,"comment_status":"closed","ping_status":"closed","template":"","meta":{"footnotes":""},"class_list":["post-77","page","type-page","status-publish","hentry"],"_links":{"self":[{"href":"https:\/\/sites.ipleiria.pt\/ipce2024\/wp-json\/wp\/v2\/pages\/77","targetHints":{"allow":["GET"]}}],"collection":[{"href":"https:\/\/sites.ipleiria.pt\/ipce2024\/wp-json\/wp\/v2\/pages"}],"about":[{"href":"https:\/\/sites.ipleiria.pt\/ipce2024\/wp-json\/wp\/v2\/types\/page"}],"author":[{"embeddable":true,"href":"https:\/\/sites.ipleiria.pt\/ipce2024\/wp-json\/wp\/v2\/users\/102"}],"replies":[{"embeddable":true,"href":"https:\/\/sites.ipleiria.pt\/ipce2024\/wp-json\/wp\/v2\/comments?post=77"}],"version-history":[{"count":4,"href":"https:\/\/sites.ipleiria.pt\/ipce2024\/wp-json\/wp\/v2\/pages\/77\/revisions"}],"predecessor-version":[{"id":1357,"href":"https:\/\/sites.ipleiria.pt\/ipce2024\/wp-json\/wp\/v2\/pages\/77\/revisions\/1357"}],"wp:attachment":[{"href":"https:\/\/sites.ipleiria.pt\/ipce2024\/wp-json\/wp\/v2\/media?parent=77"}],"curies":[{"name":"wp","href":"https:\/\/api.w.org\/{rel}","templated":true}]}}