{"id":79,"date":"2019-12-04T17:36:30","date_gmt":"2019-12-04T17:36:30","guid":{"rendered":"https:\/\/sites.ipleiria.pt\/ipce2020\/?page_id=79"},"modified":"2024-02-22T14:58:20","modified_gmt":"2024-02-22T14:58:20","slug":"organization","status":"publish","type":"page","link":"https:\/\/sites.ipleiria.pt\/ipce2024\/en\/organization\/","title":{"rendered":"Organization"},"content":{"rendered":"\n<p class=\"has-white-color has-text-color has-background\" style=\"background-color:#89361e\"><strong>Organising Committee:<\/strong><\/p>\n\n\n\n<ul class=\"wp-block-list\">\n<li>H\u00e9lia Gon\u00e7alves Pinto<\/li>\n\n\n\n<li>Isabel Sim\u00f5es Dias<\/li>\n\n\n\n<li>Maria Od\u00edlia Abreu<\/li>\n\n\n\n<li>Marisa Barroso<\/li>\n\n\n\n<li>Tiago Ribeiro<\/li>\n<\/ul>\n\n\n\n<p class=\"has-white-color has-text-color has-background\" style=\"background-color:#89361e\"><strong>Scientific Committee:<\/strong><\/p>\n\n\n\n<p>Alda Mour\u00e3o &#8211; ESECS &#8211; Polit\u00e9cnico de Leiria<br>Ana Maria Eyng &#8211; Pont\u00edficia Universidade Cat\u00f3lica do Paran\u00e1 <br>Ant\u00f3nio Eduardo Veyrier Val\u00e9rio Maduro \u2013 Instituto Universit\u00e1rio da Maia (Portugal)<br>Aparecida Neri de Souza &#8211; Universidade de Campinas<br>Catia Vanessa Maio Gon\u00e7alves &#8211; Universidade de Leon<br>Carmen Vanesa \u00c1lvarez Rosa \u2013 Universidad de Salamanca (Espanha)<br>Cl\u00e1udia Figueiredo \u2013 Universidade de Aveiro (Portugal)<br>Concei\u00e7\u00e3o Silveirinha (Portugal)<br>Dina Catarina Duarte Alves \u2013 Polit\u00e9cnico de Leiria (Portugal)<br>Elvira Ferreira \u2013 Minist\u00e9rio da Educa\u00e7\u00e3o (Portugal)<br>F\u00e1tima Llamas Salguero \u2013 Universidad de Extremadura (Espanha)<br>Fausto Caels \u2013 Polit\u00e9cnico de Leiria (Portugal)<br>Filipe Alexandre da Silva Santos \u2013 Polit\u00e9cnico de Leiria (Portugal)<br>Gra\u00e7a Maria Santos Batista Seco \u2013 Polit\u00e9cnico de Leiria (Portugal)<br>H\u00e9lia Gon\u00e7alves Pinto \u2013 Polit\u00e9cnico de Leiria (Portugal)<br>Helena Maria Ferreira Moreno Lu\u00eds &#8211; Instituto Polit\u00e9cnico de Santar\u00e9m (Portugal)\u00a0<br>Hugo Alexandre Lopes Menino \u2013 Polit\u00e9cnico de Leiria (Portugal)<br>Hugo Dias &#8211; Universidade de Campinas\u00a0<br>Isabel Sofia Godinho Silva Rebelo \u2013 Polit\u00e9cnico de Leiria (Portugal)<br>Jenny Patricia Acevedo Rincon &#8211; Universidade Pedag\u00f3gica Nacional (Bogot\u00e1,\u00a0<strong>Col\u00f4mbia<\/strong>)<br>Joana Br\u00e1s Varanda Marques &#8211; Universidade de Coimbra<br>Jos\u00e9 Brites Ferreira \u2013 Polit\u00e9cnico de Leiria (Portugal)<br>Jos\u00e9 Rodrigues \u2013 Instituto Polit\u00e9cnico de Santar\u00e9m (Portugal)<br>Lina Fonseca \u2013 Instituto Polit\u00e9cnico de Viana do Castelo (Portugal)<br>L\u00facia Grave Magueta \u2013 Polit\u00e9cnico de Leiria (Portugal)<br>Lu\u00eds Filipe Tom\u00e1s Barbeiro \u2013 Polit\u00e9cnico de Leiria (Portugal)<br>Luz Zas \u2013 Universidad de Santiago de Compostela (Espanha)<br>Maria de la Cinta Mu\u00f1oz Catalan &#8211; Universidad de Sevilla (Espanha)<br>Mar\u00eda Jes\u00fas Caurcel Cara &#8211; Universidad de Granada<br>Maria Isabel Alves Rodrigues Pereira \u2013 Polit\u00e9cnico de Leiria (Portugal)<br>Maria Isabel Pinto Sim\u00f5es Dias \u2013 Polit\u00e9cnico de Leiria (Portugal)<br>Maria Jos\u00e9 Gamboa \u2013 Polit\u00e9cnico de Leiria (Portugal)<br>Maria Jos\u00e9 Marcelino \u2013 Universidade de Coimbra (Portugal)<br>Maria de S\u00e3o Pedro dos Santos Silva Lopes \u2013 Polit\u00e9cnico de Leiria (Portugal)<br>Mark Daubney \u2013 Polit\u00e9cnico de Leiria (Portugal)<br>Marina Vict\u00f3ria Valdez Faria Rodrigues \u2013 Polit\u00e9cnico de Leiria (Portugal)<br>Marta Alexandre \u2013 Polit\u00e9cnico de Leiria (Portugal)<br>Marta Fonseca \u2013 Polit\u00e9cnico de Leiria (Portugal)<br>No\u00e9mia Jorge \u2013 Polit\u00e9cnico de Leiria (Portugal)<br>Pedro de Carvalho Silva \u2013 Polit\u00e9cnico de Leiria (Portugal)<br>Pedro Tadeu \u2013 Instituto Polit\u00e9cnico da Guarda (Portugal)<br>Rita Alexandra Bettencourt Leal \u2013 Polit\u00e9cnico de Leiria (Portugal)<br>Rita Cadima &#8211; ESECS &#8211; Polit\u00e9cnico de Leiria<br>Romain Gillain \u2013 Polit\u00e9cnico de Leiria (Portugal)<br>Ros\u00e1rio M\u00e9rida Serrano &#8211; Universidad C\u00f3rdova<br>Rui Matos \u2013 Polit\u00e9cnico de Leiria (Portugal)<br>Susana Margarida da Costa Nunes \u2013 Polit\u00e9cnico de Leiria (Portugal)<br>Valeriana Guijo \u2013 Universidad de Burgos (Espanha)<br>V\u00e9ronique Delplancq \u2013 Instituto Polit\u00e9cnico de Viseu (Portugal)<\/p>\n\n\n\n<p class=\"has-white-color has-text-color has-background\" style=\"background-color:#89361e\"><strong>Organizer<\/strong><\/p>\n\n\n\n<ul class=\"wp-block-list\">\n<li>Escola Superior de Educa\u00e7\u00e3o e Ci\u00eancias Sociais \u2013 Instituto Polit\u00e9cnico de Leiria (PORTUGAL)<\/li>\n<\/ul>\n\n\n\n<p><\/p>\n","protected":false},"excerpt":{"rendered":"<p>Organising Committee: Scientific Committee: Alda Mour\u00e3o &#8211; ESECS &#8211; Polit\u00e9cnico de LeiriaAna Maria Eyng &#8211; Pont\u00edficia Universidade Cat\u00f3lica do Paran\u00e1 Ant\u00f3nio Eduardo Veyrier Val\u00e9rio Maduro \u2013 Instituto Universit\u00e1rio da Maia (Portugal)Aparecida Neri de Souza &#8211; Universidade de CampinasCatia Vanessa Maio&hellip;  <\/p>\n<p class=\"more-link\"><a href=\"https:\/\/sites.ipleiria.pt\/ipce2024\/en\/organization\/\">Continue reading <span class=\"meta-nav\">&rarr;<\/span><\/a><\/p>\n","protected":false},"author":102,"featured_media":0,"parent":0,"menu_order":0,"comment_status":"closed","ping_status":"closed","template":"","meta":{"footnotes":""},"class_list":["post-79","page","type-page","status-publish","hentry"],"_links":{"self":[{"href":"https:\/\/sites.ipleiria.pt\/ipce2024\/wp-json\/wp\/v2\/pages\/79","targetHints":{"allow":["GET"]}}],"collection":[{"href":"https:\/\/sites.ipleiria.pt\/ipce2024\/wp-json\/wp\/v2\/pages"}],"about":[{"href":"https:\/\/sites.ipleiria.pt\/ipce2024\/wp-json\/wp\/v2\/types\/page"}],"author":[{"embeddable":true,"href":"https:\/\/sites.ipleiria.pt\/ipce2024\/wp-json\/wp\/v2\/users\/102"}],"replies":[{"embeddable":true,"href":"https:\/\/sites.ipleiria.pt\/ipce2024\/wp-json\/wp\/v2\/comments?post=79"}],"version-history":[{"count":11,"href":"https:\/\/sites.ipleiria.pt\/ipce2024\/wp-json\/wp\/v2\/pages\/79\/revisions"}],"predecessor-version":[{"id":1300,"href":"https:\/\/sites.ipleiria.pt\/ipce2024\/wp-json\/wp\/v2\/pages\/79\/revisions\/1300"}],"wp:attachment":[{"href":"https:\/\/sites.ipleiria.pt\/ipce2024\/wp-json\/wp\/v2\/media?parent=79"}],"curies":[{"name":"wp","href":"https:\/\/api.w.org\/{rel}","templated":true}]}}