{"id":100,"date":"2021-02-10T17:16:41","date_gmt":"2021-02-10T17:16:41","guid":{"rendered":"http:\/\/sites.ipleiria.pt\/ipce2021\/?page_id=100"},"modified":"2021-02-10T17:16:41","modified_gmt":"2021-02-10T17:16:41","slug":"contactos-es","status":"publish","type":"page","link":"https:\/\/sites.ipleiria.pt\/ipce2025\/es\/contactos-es\/","title":{"rendered":"Contactos"},"content":{"rendered":"\n<p><strong>Comit\u00e9 organizador\/Comit\u00e9 Cient\u00edfico<\/strong><br>Email:&nbsp;<a href=\"mailto:ipce@ipleiria.pt\">ipce@ipleiria.pt<\/a><\/p>\n\n\n\n<p><strong>Secretar\u00eda<\/strong><br>Adelaide Ferreira<br>Email: <a href=\"mailto:eunice.almeida@ipleiria.pt\"><\/a><a href=\"mailto:adelaide.ferreira@ipleiria.pt\">adelaide.ferreira@ipleiria.pt<\/a><br>Telefone: (+351) 244 829 471<\/p>\n\n\n\n<p><strong>Escola Superior de Educa\u00e7\u00e3o e Ci\u00eancias Sociais (Leiria)<\/strong><br>Campus&nbsp;1 \u2014 Polit\u00e9cnico de Leiria<br>Rua Dr. Jo\u00e3o Soares<br>Apartado 4045<br>2411-901 Leiria \u2013 Portugal<br>Tel: (+351) 244 829400 \u00b7 Fax:(+351) 244 829499<br>E-mail:&nbsp;<a href=\"mailto:esecs@ipleiria.pt\">esecs@ipleiria.pt<\/a><\/p>\n\n\n\n<p>Ver <a href=\"https:\/\/www.google.com\/maps\/d\/u\/0\/edit?mid=1Cpy6veZvCE6qnaPaXMBrA74XXuc&amp;msa=0&amp;ie=UTF8&amp;t=m&amp;vpsrc=0&amp;z=18&amp;source=embed&amp;ll=39.73943497653222%2C-8.811459000000013\">mapa de ESECS<\/a><\/p>\n","protected":false},"excerpt":{"rendered":"<p>Comit\u00e9 organizador\/Comit\u00e9 Cient\u00edficoEmail:&nbsp;ipce@ipleiria.pt Secretar\u00edaAdelaide FerreiraEmail: adelaide.ferreira@ipleiria.ptTelefone: (+351) 244 829 471 Escola Superior de Educa\u00e7\u00e3o e Ci\u00eancias Sociais (Leiria)Campus&nbsp;1 \u2014 Polit\u00e9cnico de LeiriaRua Dr. Jo\u00e3o SoaresApartado 40452411-901 Leiria \u2013 PortugalTel: (+351) 244 829400 \u00b7 Fax:(+351) 244 829499E-mail:&nbsp;esecs@ipleiria.pt Ver mapa de ESECS<\/p>\n","protected":false},"author":102,"featured_media":0,"parent":0,"menu_order":0,"comment_status":"closed","ping_status":"closed","template":"","meta":{"footnotes":""},"class_list":["post-100","page","type-page","status-publish","hentry"],"_links":{"self":[{"href":"https:\/\/sites.ipleiria.pt\/ipce2025\/wp-json\/wp\/v2\/pages\/100","targetHints":{"allow":["GET"]}}],"collection":[{"href":"https:\/\/sites.ipleiria.pt\/ipce2025\/wp-json\/wp\/v2\/pages"}],"about":[{"href":"https:\/\/sites.ipleiria.pt\/ipce2025\/wp-json\/wp\/v2\/types\/page"}],"author":[{"embeddable":true,"href":"https:\/\/sites.ipleiria.pt\/ipce2025\/wp-json\/wp\/v2\/users\/102"}],"replies":[{"embeddable":true,"href":"https:\/\/sites.ipleiria.pt\/ipce2025\/wp-json\/wp\/v2\/comments?post=100"}],"version-history":[{"count":0,"href":"https:\/\/sites.ipleiria.pt\/ipce2025\/wp-json\/wp\/v2\/pages\/100\/revisions"}],"wp:attachment":[{"href":"https:\/\/sites.ipleiria.pt\/ipce2025\/wp-json\/wp\/v2\/media?parent=100"}],"curies":[{"name":"wp","href":"https:\/\/api.w.org\/{rel}","templated":true}]}}