{"id":11,"date":"2019-12-04T11:22:23","date_gmt":"2019-12-04T11:22:23","guid":{"rendered":"https:\/\/sites.ipleiria.pt\/ipce2020\/?page_id=11"},"modified":"2025-02-24T08:46:47","modified_gmt":"2025-02-24T08:46:47","slug":"datas-importantes-2","status":"publish","type":"page","link":"https:\/\/sites.ipleiria.pt\/ipce2025\/datas-importantes-2\/","title":{"rendered":"Datas importantes"},"content":{"rendered":"\n<p><strong>Datas IPCE:<\/strong><strong>&nbsp;<\/strong>9 e 10 de Maio de 2025&nbsp;<\/p>\n\n\n\n<p><strong>Envio de propostas (comunica\u00e7\u00f5es, relatos ou\u00a0<em>posters<\/em>):<\/strong>\u00a0at\u00e9 <s>23 de Fevereiro<\/s> 9 de mar\u00e7o\u00a0de 2025<\/p>\n\n\n\n<p><strong>Notifica\u00e7\u00e3o aos autores:<\/strong> 6 abril de 2025<\/p>\n\n\n\n<p><strong>Inscri\u00e7\u00f5es: <\/strong>20 de abril de 2025<\/p>\n","protected":false},"excerpt":{"rendered":"<p>Datas IPCE:&nbsp;9 e 10 de Maio de 2025&nbsp; Envio de propostas (comunica\u00e7\u00f5es, relatos ou\u00a0posters):\u00a0at\u00e9 23 de Fevereiro 9 de mar\u00e7o\u00a0de 2025 Notifica\u00e7\u00e3o aos autores: 6 abril de 2025 Inscri\u00e7\u00f5es: 20 de abril de 2025<\/p>\n","protected":false},"author":102,"featured_media":0,"parent":0,"menu_order":0,"comment_status":"closed","ping_status":"closed","template":"","meta":{"footnotes":""},"class_list":["post-11","page","type-page","status-publish","hentry"],"_links":{"self":[{"href":"https:\/\/sites.ipleiria.pt\/ipce2025\/wp-json\/wp\/v2\/pages\/11","targetHints":{"allow":["GET"]}}],"collection":[{"href":"https:\/\/sites.ipleiria.pt\/ipce2025\/wp-json\/wp\/v2\/pages"}],"about":[{"href":"https:\/\/sites.ipleiria.pt\/ipce2025\/wp-json\/wp\/v2\/types\/page"}],"author":[{"embeddable":true,"href":"https:\/\/sites.ipleiria.pt\/ipce2025\/wp-json\/wp\/v2\/users\/102"}],"replies":[{"embeddable":true,"href":"https:\/\/sites.ipleiria.pt\/ipce2025\/wp-json\/wp\/v2\/comments?post=11"}],"version-history":[{"count":4,"href":"https:\/\/sites.ipleiria.pt\/ipce2025\/wp-json\/wp\/v2\/pages\/11\/revisions"}],"predecessor-version":[{"id":1764,"href":"https:\/\/sites.ipleiria.pt\/ipce2025\/wp-json\/wp\/v2\/pages\/11\/revisions\/1764"}],"wp:attachment":[{"href":"https:\/\/sites.ipleiria.pt\/ipce2025\/wp-json\/wp\/v2\/media?parent=11"}],"curies":[{"name":"wp","href":"https:\/\/api.w.org\/{rel}","templated":true}]}}