{"id":15,"date":"2019-12-04T11:24:01","date_gmt":"2019-12-04T11:24:01","guid":{"rendered":"https:\/\/sites.ipleiria.pt\/ipce2020\/?page_id=15"},"modified":"2025-02-24T08:46:49","modified_gmt":"2025-02-24T08:46:49","slug":"submissao-de-propostas-2","status":"publish","type":"page","link":"https:\/\/sites.ipleiria.pt\/ipce2025\/submissao-de-propostas-2\/","title":{"rendered":"Submiss\u00e3o de propostas"},"content":{"rendered":"\n<p>As sess\u00f5es paralelas de comunica\u00e7\u00e3o destinam-se \u00e0 apresenta\u00e7\u00e3o de experi\u00eancias educativas, projetos, trabalhos de investiga\u00e7\u00e3o, ferramentas e materiais dentro dos temas definidos para a confer\u00eancia IPCE.<br>A Comiss\u00e3o Organizadora da IPCE2025 convida a comunidade educativa, nomeadamente, educadores, professores, investigadores, estudantes do ensino superior, \u00f3rg\u00e3os de dire\u00e7\u00e3o e gest\u00e3o de institui\u00e7\u00f5es e t\u00e9cnicos da \u00e1rea da educa\u00e7\u00e3o, \u00e0 apresenta\u00e7\u00e3o de trabalhos num dos seguintes formatos:<\/p>\n\n\n\n<p><\/p>\n\n\n\n<p class=\"has-white-color has-text-color has-background\" style=\"background-color:#460c96\"><strong>Artigo<\/strong><\/p>\n\n\n\n<p>As submiss\u00f5es devem ser textos in\u00e9ditos, n\u00e3o editados ou apresentados em quaisquer outras publica\u00e7\u00f5es. Os textos podem ser submetidos em Portugu\u00eas, Ingl\u00eas ou Espanhol. Os textos s\u00e3o limitados a 30 000 caracteres, incluindo espa\u00e7os e excluindo: t\u00edtulo; afilia\u00e7\u00e3o e contacto; resumo e palavras-chave (em duas l\u00ednguas).<br>Os textos devem seguir, obrigatoriamente, as normas de formata\u00e7\u00e3o do IPCE2025 (.pdf). O modelo deve ser descarregado (abaixo) e deve ser usado para trabalhar diretamente sobre o ficheiro. No caso de estas normas n\u00e3o serem respeitadas, os textos n\u00e3o ser\u00e3o publicados.<br><\/p>\n\n\n\n<p>A submiss\u00e3o do artigo, devidamente identificado com o apelido do(s) autor(es), t\u00edtulo do artigo e a indica\u00e7\u00e3o ART, dever\u00e1 ser feita no bot\u00e3o abaixo at\u00e9 ao dia <strong>9 de mar\u00e7o<strong>\u00a0de 2025<\/strong><\/strong>. <\/p>\n\n\n\n<p><a href=\"http:\/\/sites.ipleiria.pt\/ipce2025\/files\/2025\/02\/IPCE2025_Modelo_artigo-POR.docx\">Template<\/a><\/p>\n\n\n\n<div class=\"wp-block-buttons is-content-justification-center is-layout-flex wp-container-core-buttons-is-layout-1 wp-block-buttons-is-layout-flex\">\n<div class=\"wp-block-button has-custom-font-size is-style-outline has-small-font-size is-style-outline--1\"><a class=\"wp-block-button__link has-white-color has-text-color has-background wp-element-button\" href=\"https:\/\/cmt3.research.microsoft.com\/IPCE2025\" style=\"background-color:#460c96\">Submeter<\/a><\/div>\n<\/div>\n\n\n\n<div class=\"wp-block-columns is-layout-flex wp-container-core-columns-is-layout-1 wp-block-columns-is-layout-flex\">\n<div class=\"wp-block-column is-layout-flow wp-block-column-is-layout-flow\"><\/div>\n\n\n\n<div class=\"wp-block-column is-layout-flow wp-block-column-is-layout-flow\"><\/div>\n<\/div>\n\n\n\n<p class=\"has-white-color has-text-color has-background\" style=\"background-color:#460c96\"><strong>Relato<\/strong><\/p>\n\n\n\n<p>Este formato \u00e9 particularmente adequado a experi\u00eancias educativas e projetos que ainda estejam a decorrer. Um relato pode ser:<br>\u2013 uma experi\u00eancia educativa (introdu\u00e7\u00e3o, apresenta\u00e7\u00e3o experi\u00eancia, conclus\u00f5es, refer\u00eancias)<br>\u2013 um projeto em curso (introdu\u00e7\u00e3o, apresenta\u00e7\u00e3o projecto, conclus\u00f5es, refer\u00eancias)<br>\u2013 e\/ou um projeto de investiga\u00e7\u00e3o\/educativo (com metodologia, resultados e refer\u00eancias).<\/p>\n\n\n\n<p>As submiss\u00f5es devem ser textos in\u00e9ditos, n\u00e3o editados ou apresentados em quaisquer outras publica\u00e7\u00f5es. Os textos podem ser submetidos em Portugu\u00eas, Ingl\u00eas ou Espanhol. Os textos s\u00e3o limitados a 7200 caracteres, incluindo espa\u00e7os e excluindo: t\u00edtulo; afilia\u00e7\u00e3o e contacto; resumo e palavras-chave (em duas l\u00ednguas).\u00a0O documento completo n\u00e3o pode ultrapassar as tr\u00eas p\u00e1ginas.<br>Os textos devem seguir, obrigatoriamente, as normas de formata\u00e7\u00e3o do IPCE2024 (.pdf). O modelo deve ser descarregado (abaixo) e deve ser usado para trabalhar diretamente sobre o ficheiro. No caso de estas normas n\u00e3o serem respeitadas, os textos n\u00e3o ser\u00e3o publicados.<br><br>A submiss\u00e3o do relato, devidamente identificado com o apelido do(s) autor(es), t\u00edtulo do relato e a indica\u00e7\u00e3o REL, dever\u00e1 ser feita no bot\u00e3o abaixo at\u00e9 ao dia\u00a0<strong><strong>9 de mar\u00e7o<strong>\u00a0de 2025<\/strong><\/strong>.<\/strong><\/p>\n\n\n\n<p><a href=\"http:\/\/sites.ipleiria.pt\/ipce2025\/files\/2025\/02\/IPCE2025_Modelo-Relato-POR.docx\">Template<\/a><\/p>\n\n\n\n<div class=\"wp-block-buttons is-content-justification-center is-layout-flex wp-container-core-buttons-is-layout-2 wp-block-buttons-is-layout-flex\">\n<div class=\"wp-block-button has-custom-font-size is-style-outline has-small-font-size is-style-outline--2\"><a class=\"wp-block-button__link has-white-color has-text-color has-background wp-element-button\" href=\"https:\/\/cmt3.research.microsoft.com\/IPCE2025\" style=\"background-color:#460c96\">Submeter<\/a><\/div>\n<\/div>\n\n\n\n<div class=\"wp-block-columns is-layout-flex wp-container-core-columns-is-layout-2 wp-block-columns-is-layout-flex\">\n<div class=\"wp-block-column is-layout-flow wp-block-column-is-layout-flow\"><\/div>\n\n\n\n<div class=\"wp-block-column is-layout-flow wp-block-column-is-layout-flow\"><\/div>\n<\/div>\n\n\n\n<p class=\"has-white-color has-text-color has-background\" style=\"background-color:#460c96\"><strong>P\u00f3ster<\/strong><\/p>\n\n\n\n<p>Visa a divulga\u00e7\u00e3o de trabalhos de investiga\u00e7\u00e3o, experi\u00eancias educativas, projetos, ferramentas e materiais. A apresenta\u00e7\u00e3o de posters na IPCE2025 constitui uma excelente oportunidade para os autores divulgarem e discutirem os seus trabalhos de um modo interativo e informal.<br>A submiss\u00e3o de posters \u00e9 feita via modelo predefinido.<br>Os posters aceites \u00e0 IPCE2025 dever\u00e3o ser afixados no in\u00edcio do primeiro dia da confer\u00eancia, mantendo-se at\u00e9 ao final (tamanho A0, vertical). Os autores dever\u00e3o estar presentes durante a sess\u00e3o de apresenta\u00e7\u00e3o de posters, de modo a poderem apresentar e discutir informalmente o seu trabalho. A sess\u00e3o de apresenta\u00e7\u00e3o de posters durar\u00e1 uma hora. Os materiais a expor s\u00e3o da responsabilidade dos autores e dever\u00e3o ser preparados previamente \u00e0 confer\u00eancia.<br>Modelo para P\u00f3ster (.ppt) (abaixo). <br><\/p>\n\n\n\n<p>A submiss\u00e3o do P\u00f3ster, devidamente identificado com o apelido do(s) autor(es), t\u00edtulo do p\u00f3ster e a indica\u00e7\u00e3o POS, dever\u00e1 ser feita no bot\u00e3o abaixo at\u00e9 ao dia <strong>9 de mar\u00e7o<strong>\u00a0de 2025<\/strong>.<\/strong><\/p>\n\n\n\n<p><a href=\"http:\/\/sites.ipleiria.pt\/ipce2025\/files\/2025\/02\/IPCE2025_Modelo_poster-POR.pptx\">Template<\/a><\/p>\n\n\n\n<div class=\"wp-block-buttons is-content-justification-center is-layout-flex wp-container-core-buttons-is-layout-3 wp-block-buttons-is-layout-flex\">\n<div class=\"wp-block-button has-custom-font-size is-style-outline has-small-font-size is-style-outline--3\"><a class=\"wp-block-button__link has-white-color has-text-color has-background wp-element-button\" href=\"https:\/\/cmt3.research.microsoft.com\/IPCE2025\" style=\"background-color:#460c96\">Submeter<\/a><\/div>\n<\/div>\n\n\n\n<div class=\"wp-block-columns is-layout-flex wp-container-core-columns-is-layout-3 wp-block-columns-is-layout-flex\">\n<div class=\"wp-block-column is-layout-flow wp-block-column-is-layout-flow\"><\/div>\n\n\n\n<div class=\"wp-block-column is-layout-flow wp-block-column-is-layout-flow\"><\/div>\n<\/div>\n\n\n\n<div class=\"wp-block-columns is-layout-flex wp-container-core-columns-is-layout-4 wp-block-columns-is-layout-flex\">\n<div class=\"wp-block-column is-layout-flow wp-block-column-is-layout-flow\"><\/div>\n\n\n\n<div class=\"wp-block-column is-layout-flow wp-block-column-is-layout-flow\"><\/div>\n<\/div>\n\n\n\n<p><\/p>\n\n\n\n<p><strong>NOTA IMPORTANTE<\/strong><br>Os trabalhos submetidos ser\u00e3o sujeitos a uma avalia\u00e7\u00e3o cega por especialistas da Comiss\u00e3o Cient\u00edfica do IPCE2025. Nesta avalia\u00e7\u00e3o ter-se-\u00e1 em considera\u00e7\u00e3o a:<br><br>i) Pertin\u00eancia da proposta em rela\u00e7\u00e3o \u00e0 tem\u00e1tica da confer\u00eancia<br>ii) Qualidade cient\u00edfica e contributos do trabalho<br>iii) <mark style=\"background-color:yellow;color:black\">Respeito das normas de reda\u00e7\u00e3o (nomeadamente das normas <a href=\"http:\/\/sites.ipleiria.pt\/ipce2024\/files\/2022\/02\/Guia_APA_7aEd._v1.pdf\">APA 7\u00aa edi\u00e7\u00e3o)<\/a><\/mark><br><br>Ap\u00f3s a avalia\u00e7\u00e3o, a Comiss\u00e3o Organizadora da IPCE enviar\u00e1 aos autores, por correio eletr\u00f3nico, nota sobre a aceita\u00e7\u00e3o das propostas submetidas, <strong>at\u00e9 ao dia 6 Abril de 2025<\/strong>.<\/p>\n\n\n\n<p>A apresenta\u00e7\u00e3o dos relatos ter\u00e1 uma dura\u00e7\u00e3o m\u00e1xima de 10 minutos e dos artigos de 15 minutos.<br>A publica\u00e7\u00e3o em Livro de Atas est\u00e1 dependente da inscri\u00e7\u00e3o no IPCE2025 de pelo menos um dos autores. <\/p>\n","protected":false},"excerpt":{"rendered":"<p>As sess\u00f5es paralelas de comunica\u00e7\u00e3o destinam-se \u00e0 apresenta\u00e7\u00e3o de experi\u00eancias educativas, projetos, trabalhos de investiga\u00e7\u00e3o, ferramentas e materiais dentro dos temas definidos para a confer\u00eancia IPCE.A Comiss\u00e3o Organizadora da IPCE2025 convida a comunidade educativa, nomeadamente, educadores, professores, investigadores, estudantes do&hellip;  <\/p>\n<p class=\"more-link\"><a href=\"https:\/\/sites.ipleiria.pt\/ipce2025\/submissao-de-propostas-2\/\">Continue reading <span class=\"meta-nav\">&rarr;<\/span><\/a><\/p>\n","protected":false},"author":102,"featured_media":0,"parent":0,"menu_order":0,"comment_status":"closed","ping_status":"closed","template":"","meta":{"footnotes":""},"class_list":["post-15","page","type-page","status-publish","hentry"],"_links":{"self":[{"href":"https:\/\/sites.ipleiria.pt\/ipce2025\/wp-json\/wp\/v2\/pages\/15","targetHints":{"allow":["GET"]}}],"collection":[{"href":"https:\/\/sites.ipleiria.pt\/ipce2025\/wp-json\/wp\/v2\/pages"}],"about":[{"href":"https:\/\/sites.ipleiria.pt\/ipce2025\/wp-json\/wp\/v2\/types\/page"}],"author":[{"embeddable":true,"href":"https:\/\/sites.ipleiria.pt\/ipce2025\/wp-json\/wp\/v2\/users\/102"}],"replies":[{"embeddable":true,"href":"https:\/\/sites.ipleiria.pt\/ipce2025\/wp-json\/wp\/v2\/comments?post=15"}],"version-history":[{"count":7,"href":"https:\/\/sites.ipleiria.pt\/ipce2025\/wp-json\/wp\/v2\/pages\/15\/revisions"}],"predecessor-version":[{"id":1758,"href":"https:\/\/sites.ipleiria.pt\/ipce2025\/wp-json\/wp\/v2\/pages\/15\/revisions\/1758"}],"wp:attachment":[{"href":"https:\/\/sites.ipleiria.pt\/ipce2025\/wp-json\/wp\/v2\/media?parent=15"}],"curies":[{"name":"wp","href":"https:\/\/api.w.org\/{rel}","templated":true}]}}