{"id":165,"date":"2021-02-10T17:54:44","date_gmt":"2021-02-10T17:54:44","guid":{"rendered":"http:\/\/sites.ipleiria.pt\/ipce2021\/?page_id=165"},"modified":"2021-02-10T17:54:44","modified_gmt":"2021-02-10T17:54:44","slug":"alojamiento-es","status":"publish","type":"page","link":"https:\/\/sites.ipleiria.pt\/ipce2025\/es\/alojamiento-es\/","title":{"rendered":"Alojamiento"},"content":{"rendered":"\n<p><a href=\"http:\/\/www.eurosol.pt\/hoteis\/hotel-eurosol-leiria-jardim\/\"><strong>Hotel Eurosol Leiria&nbsp;<\/strong><\/a><strong>***<\/strong><\/p>\n\n\n\n<p>Ubicado a proximidad de la Escola Superior de Educa\u00e7\u00e3o e Ci\u00eancias Sociais \u2013 7 minutos andando<\/p>\n\n\n\n<p><strong><a href=\"http:\/\/www.saoluishotel.com\/\">Hotel S\u00e3o Lu\u00eds<\/a>&nbsp;***<\/strong><\/p>\n\n\n\n<p>Ubicado a proximidad de la Escola Superior de Educa\u00e7\u00e3o e Ci\u00eancias Sociais \u2013 12&nbsp;minutos andando<\/p>\n\n\n\n<p><strong><a href=\"http:\/\/www.accorhotels.com\/pt\/hotel-3340-ibis-leiria\/index.shtml\">Hotel Ibis<\/a>&nbsp;**<\/strong><\/p>\n\n\n\n<p>Ubicado&nbsp;a 20 minutos andando de la Escola Superior de Educa\u00e7\u00e3o e Ci\u00eancias Sociais<\/p>\n\n\n\n<p><a href=\"http:\/\/www.hotelleiriaclassic.pt\/\"><strong>Hotel Leiria Classic<\/strong><\/a><\/p>\n\n\n\n<p>Ubicado en el casco hist\u00f3rico de la ciudad de Leiria y a&nbsp;12&nbsp;minutos andando de la Escola Superior de Educa\u00e7\u00e3o e Ci\u00eancias Sociais<\/p>\n\n\n\n<p><a href=\"http:\/\/www.atlashostel-leiria.com\/\"><strong>Atlas Hostel Leiria<\/strong><\/a><\/p>\n\n\n\n<p>Ubicado en el casco hist\u00f3rico de la ciudad de Leiria y a&nbsp;10 minutos andando de la Escola Superior de Educa\u00e7\u00e3o e Ci\u00eancias Sociais<\/p>\n\n\n\n<p><a href=\"http:\/\/www.hotelddinis.pt\/\"><strong>Hotel D. Dinis<\/strong><\/a><\/p>\n\n\n\n<p>Ubicado en el casco hist\u00f3rico de la ciudad de Leiria y a&nbsp;12 minutos andando de la Escola Superior de Educa\u00e7\u00e3o e Ci\u00eancias Sociais<\/p>\n","protected":false},"excerpt":{"rendered":"<p>Hotel Eurosol Leiria&nbsp;*** Ubicado a proximidad de la Escola Superior de Educa\u00e7\u00e3o e Ci\u00eancias Sociais \u2013 7 minutos andando Hotel S\u00e3o Lu\u00eds&nbsp;*** Ubicado a proximidad de la Escola Superior de Educa\u00e7\u00e3o e Ci\u00eancias Sociais \u2013 12&nbsp;minutos andando Hotel Ibis&nbsp;** Ubicado&nbsp;a&hellip;  <\/p>\n<p class=\"more-link\"><a href=\"https:\/\/sites.ipleiria.pt\/ipce2025\/es\/alojamiento-es\/\">Continue reading <span class=\"meta-nav\">&rarr;<\/span><\/a><\/p>\n","protected":false},"author":102,"featured_media":0,"parent":0,"menu_order":0,"comment_status":"closed","ping_status":"closed","template":"","meta":{"footnotes":""},"class_list":["post-165","page","type-page","status-publish","hentry"],"_links":{"self":[{"href":"https:\/\/sites.ipleiria.pt\/ipce2025\/wp-json\/wp\/v2\/pages\/165","targetHints":{"allow":["GET"]}}],"collection":[{"href":"https:\/\/sites.ipleiria.pt\/ipce2025\/wp-json\/wp\/v2\/pages"}],"about":[{"href":"https:\/\/sites.ipleiria.pt\/ipce2025\/wp-json\/wp\/v2\/types\/page"}],"author":[{"embeddable":true,"href":"https:\/\/sites.ipleiria.pt\/ipce2025\/wp-json\/wp\/v2\/users\/102"}],"replies":[{"embeddable":true,"href":"https:\/\/sites.ipleiria.pt\/ipce2025\/wp-json\/wp\/v2\/comments?post=165"}],"version-history":[{"count":0,"href":"https:\/\/sites.ipleiria.pt\/ipce2025\/wp-json\/wp\/v2\/pages\/165\/revisions"}],"wp:attachment":[{"href":"https:\/\/sites.ipleiria.pt\/ipce2025\/wp-json\/wp\/v2\/media?parent=165"}],"curies":[{"name":"wp","href":"https:\/\/api.w.org\/{rel}","templated":true}]}}