{"id":364,"date":"2019-12-04T17:41:56","date_gmt":"2019-12-04T17:41:56","guid":{"rendered":"https:\/\/sites.ipleiria.pt\/ipce2020\/?page_id=90"},"modified":"2025-04-30T17:31:37","modified_gmt":"2025-04-30T17:31:37","slug":"programas-2-2","status":"publish","type":"page","link":"https:\/\/sites.ipleiria.pt\/ipce2025\/programas-2-2\/","title":{"rendered":"Programas"},"content":{"rendered":"\n<p><strong><a href=\"http:\/\/sites.ipleiria.pt\/ipce2025\/files\/2025\/04\/IPCE-2025-PROGRAMA-SESSOES-PARALELAS.pdf\">PROGRAMA &#8211; SESS\u00d5ES PARALELAS<\/a><\/strong><br><strong>PROGRAMA GERAL<\/strong><\/p>\n\n\n\n<p class=\"has-white-color has-vivid-purple-background-color has-text-color has-background has-link-color wp-elements-9f32d6d1bb42b67ac75eed1e0f7e7875\"><strong>Sexta-feira, 9 de maio <\/strong><\/p>\n\n\n\n<p>8h30 &#8211;&nbsp;<strong>Rece\u00e7\u00e3o dos participantes<\/strong>&nbsp;<\/p>\n\n\n\n<p><em>9h00 &#8211;&nbsp;<strong>Sess\u00e3o de abertura<\/strong><\/em> |&nbsp;Audit\u00f3rio da ESSLei<\/p>\n\n\n\n<p><em>9h30 &#8211;&nbsp;<strong>Sess\u00e3o plen\u00e1ria<\/strong><\/em> |&nbsp;Audit\u00f3rio da ESSLei<br><em>Disputas sobre o direito \u00e0 educa\u00e7\u00e3o: vertentes de juridifica\u00e7\u00e3o e produ\u00e7\u00e3o de pol\u00edticas educacionais<\/em><br><a href=\"https:\/\/sites.ipleiria.pt\/ipce2025\/oradores-2\/#salomao-barros-ximenes\">SALOM\u00c3O BARROS XIMENES<\/a><strong>&nbsp;<\/strong><br>(Faculdade de Educa\u00e7\u00e3o da Universidade de S\u00e3o Paulo, Brasil)<\/p>\n\n\n\n<p>11h00 &#8211;&nbsp;<strong>Pausa<\/strong>&nbsp; |&nbsp;<em>ESSLei \u2013&nbsp;<\/em>S.1.07<\/p>\n\n\n\n<p>11h30 &#8211;\u00a0<strong><a href=\"http:\/\/sites.ipleiria.pt\/ipce2025\/files\/2025\/04\/IPCE-2025-PROGRAMA-SESSOES-PARALELAS.pdf\">Sess\u00f5es paralelas<\/a><\/strong> |\u00a0<em>ESSLei \u2013\u00a0<\/em>A.S.0.24 | E.0.05 | E.0.18\u00a0<\/p>\n\n\n\n<p>12h30 &#8211;&nbsp;<strong>Almo\u00e7o<\/strong><\/p>\n\n\n\n<p>14h00 &#8211;&nbsp;<strong>Sess\u00e3o plen\u00e1ria<\/strong>&nbsp;|&nbsp;Audit\u00f3rio da ESSLei<br><em><em>Escolas, estudantes e professores: leituras diacr\u00f3nicas<\/em><\/em>.<br><a href=\"https:\/\/sites.ipleiria.pt\/ipce2025\/oradores-2\/#david-squire\">RAQUEL PEREIRA HENRIQUES<\/a> <br>(Instituto de Hist\u00f3ria Contempor\u00e2nea \/ IN2PAST \u2013 Faculdade de Ci\u00eancias Sociais e Humanas da Universidade Nova de Lisboa)<\/p>\n\n\n\n<p>15h00 &#8211;\u00a0<strong><a href=\"http:\/\/sites.ipleiria.pt\/ipce2025\/files\/2025\/04\/IPCE-2025-PROGRAMA-SESSOES-PARALELAS.pdf\">Sess\u00f5es paralelas<\/a><\/strong>\u00a0|\u00a0<em>ESSLei \u2013\u00a0<\/em>A.S.0.24 | E.0.05 | E.0.18\u00a0<\/p>\n\n\n\n<p>16h00 &#8211;&nbsp;<strong>Pausa<\/strong> |&nbsp;<em>ESSLei \u2013&nbsp;<\/em>S.1.07<\/p>\n\n\n\n<p>16h30 &#8211;\u00a0<strong><a href=\"http:\/\/sites.ipleiria.pt\/ipce2025\/files\/2025\/04\/IPCE-2025-PROGRAMA-SESSOES-PARALELAS.pdf\">Sess\u00f5es paralelas<\/a><\/strong> |\u00a0<em>ESSLei \u2013\u00a0<\/em>A.S.0.24 | E.0.05 | E.0.18\u00a0<\/p>\n\n\n\n<figure class=\"wp-block-table\"><table class=\"has-fixed-layout\"><tbody><tr><td>17h30 &#8211;&nbsp;<strong>Oficinas<\/strong><\/td><td>17h30 &#8211;&nbsp;&nbsp;<strong>Simp\u00f3sio<\/strong> (sala a definir)<\/td><\/tr><tr><td><strong>Oficina 1<\/strong> |&nbsp;<em>ESSLei &#8211;&nbsp;<\/em>E.0.18<br><em>O uso do direito na did\u00e1ctica de temas sociais e culturais&nbsp;<\/em><br><a href=\"https:\/\/sites.ipleiria.pt\/ipce2025\/oradores-2\/#tiago-ribeiro\">TIAGO RIBEIRO<\/a><br>(Centro de Estudos Sociais da Universidade de Coimbra e Escola Superior de Educa\u00e7\u00e3o e Ci\u00eancias Sociais do Instituto Polit\u00e9cnico de Leiria)<br><br><strong>Oficina 2<\/strong>&nbsp;|&nbsp;<em>ESSLei \u2013 E.0.05<\/em><br><em>Da boca \u00e0 orelha: ferramentas para mediadores do livro e da leitura<\/em><br><a href=\"https:\/\/sites.ipleiria.pt\/ipce2025\/oradores-2\/#liliana-goncalves\">LILIANA GON\u00c7ALVES<\/a><br>(Servi\u00e7os de Documenta\u00e7\u00e3o e Bibliotecas do Instituto Polit\u00e9cnico de Leiria)<br><br><strong>Oficina 3<\/strong> |&nbsp;ESSLei \u2013 Sala de fisioterapia<br><em>MatDance \u2013 conex\u00f5es criativas entre a Matem\u00e1tica e a Dan\u00e7a<\/em><br><a href=\"https:\/\/sites.ipleiria.pt\/ipce2025\/oradores-2\/#mercedes-prieto\">MERCEDES PRIETO<\/a><br>(Programa MUS-E)<\/td><td><em>Forma\u00e7\u00e3o e cidadania nas primeiras idades: estudos entre Brasil, Portugal e Fran\u00e7a<\/em><br><br><strong>Painel 1 \u2013 Educa\u00e7\u00e3o para a cidadania nas primeiras idades<\/strong><br>Maria Jo\u00e3o Cardona | ESE\/IP de Santar\u00e9m<br>Andrea Braga Moruzzi | Universidade Federal de S. Carlos&nbsp;<br>Carolina Alvarenga | Universidade Federal de Lavras<br>Daniela Finco | Universidade Federal de S. Paulo<br><br><strong>Painel 2 \u2013 Contributos para a defini\u00e7\u00e3o de um modelo de forma\u00e7\u00e3o para&nbsp;as primeiras idades&nbsp;<\/strong><br>Am\u00e9lia March\u00e3o | ESECS\/IP de Portalegre&nbsp;&nbsp;<br>Sofia Figueira | ESE\/IP de Set\u00fabal<br>Miguel Oliveira | ESECS\/IP de Leiria&nbsp;&nbsp;<\/td><\/tr><\/tbody><\/table><\/figure>\n\n\n\n<p>19h30 &#8211;&nbsp;<strong>Fim dos trabalhos<\/strong>&nbsp;<\/p>\n\n\n\n<p class=\"has-white-color has-vivid-purple-background-color has-text-color has-background has-link-color wp-elements-7a3640602ad5c7bc8815f4df05c289e0\"><strong><em>S\u00e1bado, 10 de maio&nbsp;<\/em><\/strong><\/p>\n\n\n\n<p>9h30 &#8211;\u00a0<strong>Painel\u00a0<\/strong>| Audit\u00f3rio da ESSLei<br>Projetos de investiga\u00e7\u00e3o e de interven\u00e7\u00e3o da ESECS-IPL\u00a0<br><br><strong>STEAM Outdoor \u2013 Educa\u00e7\u00e3o sem Barreiras\u00a0<\/strong><br><a href=\"https:\/\/sites.ipleiria.pt\/ipce2025\/oradores-2\/#marisa-correia\">MARISA CORREIA<\/a> | CIEQV\u00a0<br><br><strong>Tripela: de um ato criativo \u00e0 cria\u00e7\u00e3o de um teste de compet\u00eancia motora<\/strong><br><a href=\"https:\/\/sites.ipleiria.pt\/ipce2025\/oradores-2\/#rui-matos\">RUI MATOS<\/a> &amp; <a href=\"https:\/\/sites.ipleiria.pt\/ipce2025\/oradores-2\/#nuno-amaro\">NUNO AMARO<\/a> | CIDESD<br><br><strong>Projetos Ci&amp;DEI: Experi\u00eancias e Desafios da Educa\u00e7\u00e3o\u00a0<\/strong><br>Moderadora: Ana Margarida Neves | Ci&amp;DEI<\/p>\n\n\n\n<p><strong>Educa\u00e7\u00e3o, pr\u00e1ticas parentais e preven\u00e7\u00e3o de situa\u00e7\u00f5es de risco: as perce\u00e7\u00f5es de crian\u00e7as e jovens no \u00e2mbito do Projeto Ad\u00e9lia<\/strong><br><a href=\"https:\/\/sites.ipleiria.pt\/ipce2025\/oradores-2\/#nuno-amaro\">T\u00c2NIA MOREIRA DA SILVA&nbsp;<\/a> | CICS.NOVA<\/p>\n\n\n\n<p>11h00 &#8211;&nbsp;<strong>Pausa<\/strong>&nbsp;|&nbsp;<em>ESSLei \u2013&nbsp;<\/em>S.1.07<\/p>\n\n\n\n<p>11h30 \u2013&nbsp;<strong>Sess\u00e3o plen\u00e1ria<\/strong> |&nbsp;Audit\u00f3rio da ESSLei<br><em>Educa\u00e7\u00e3o STEAM. Compet\u00eancias do s\u00e9culo XXI. Os desafios da integra\u00e7\u00e3o de recursos no ambiente<\/em><br><a href=\"https:\/\/sites.ipleiria.pt\/ipce2025\/oradores-2\/#eva-maria-lopez-perea\">EVA MAR\u00cdA L\u00d3PEZ PEREA<\/a> &amp; <a href=\"https:\/\/sites.ipleiria.pt\/ipce2025\/oradores-2\/#maria-diez-ojeda\">MAR\u00cdA DIEZ-OJEDA<\/a> <br>(Universidade de Burgos, Espanha)&nbsp;&nbsp;<\/p>\n\n\n\n<p>13h00 &#8211;&nbsp;<strong>Almo\u00e7o<\/strong><\/p>\n\n\n\n<p>14h00 &#8211; <strong><a href=\"http:\/\/sites.ipleiria.pt\/ipce2025\/files\/2025\/04\/IPCE-2025-PROGRAMA-SESSOES-PARALELAS.pdf\">Sess\u00f5es paralelas<\/a><\/strong> <em>\u00a0<\/em>|\u00a0<em>ESSLei \u2013 A. S.0.24 | E.0.05 | E.0.18<\/em><\/p>\n\n\n\n<p>15h30 &#8211;&nbsp;<strong>Sess\u00e3o plen\u00e1ria<\/strong> |&nbsp;Audit\u00f3rio da ESSLei<br><em>Inova\u00e7\u00e3o, Pedagogia e Transforma\u00e7\u00e3o do Ensino e das Aprendizagens: discuss\u00e3o de algumas quest\u00f5es cr\u00edticas<\/em><br><a href=\"https:\/\/sites.ipleiria.pt\/ipce2025\/oradores-2\/#domingos-fernandes\">DOMINGOS FERNANDES<\/a> <br>(Conselho Nacional de Educa\u00e7\u00e3o)<\/p>\n\n\n\n<p>16h30 &#8211;&nbsp;<strong>Tert\u00falia&nbsp;<\/strong><em>|&nbsp;Audit\u00f3rio da ESSLei<\/em><br>Escola, Mem\u00f3ria e Sentido:&nbsp;<em>\u00e0 espera do comboio na paragem do autocarro<\/em>?<br><a href=\"https:\/\/sites.ipleiria.pt\/ipce2025\/oradores-2\/#mercedes-prieto\">PEDRO SILVA<\/a> (moderador)<br><a href=\"https:\/\/sites.ipleiria.pt\/ipce2025\/oradores-2\/#isabel-alcada\">ISABEL AL\u00c7ADA<\/a><br><a href=\"https:\/\/sites.ipleiria.pt\/ipce2025\/oradores-2\/#maria-emilia-brederode-santos\">MARIA EM\u00cdLIA BREDERODE SANTOS<\/a><br><a href=\"https:\/\/sites.ipleiria.pt\/ipce2025\/oradores-2\/#sergio-godinho\">S\u00c9RGIO GODINHO<\/a><\/p>\n\n\n\n<p>18h00 &#8211;&nbsp;<strong>Sess\u00e3o de encerramento<\/strong> |&nbsp;Audit\u00f3rio&nbsp;da ESSLei<\/p>\n","protected":false},"excerpt":{"rendered":"<p>PROGRAMA &#8211; SESS\u00d5ES PARALELASPROGRAMA GERAL Sexta-feira, 9 de maio 8h30 &#8211;&nbsp;Rece\u00e7\u00e3o dos participantes&nbsp; 9h00 &#8211;&nbsp;Sess\u00e3o de abertura |&nbsp;Audit\u00f3rio da ESSLei 9h30 &#8211;&nbsp;Sess\u00e3o plen\u00e1ria |&nbsp;Audit\u00f3rio da ESSLeiDisputas sobre o direito \u00e0 educa\u00e7\u00e3o: vertentes de juridifica\u00e7\u00e3o e produ\u00e7\u00e3o de pol\u00edticas educacionaisSALOM\u00c3O BARROS&hellip;  <\/p>\n<p class=\"more-link\"><a href=\"https:\/\/sites.ipleiria.pt\/ipce2025\/programas-2-2\/\">Continue reading <span class=\"meta-nav\">&rarr;<\/span><\/a><\/p>\n","protected":false},"author":102,"featured_media":0,"parent":0,"menu_order":0,"comment_status":"closed","ping_status":"closed","template":"","meta":{"footnotes":""},"class_list":["post-364","page","type-page","status-publish","hentry"],"_links":{"self":[{"href":"https:\/\/sites.ipleiria.pt\/ipce2025\/wp-json\/wp\/v2\/pages\/364","targetHints":{"allow":["GET"]}}],"collection":[{"href":"https:\/\/sites.ipleiria.pt\/ipce2025\/wp-json\/wp\/v2\/pages"}],"about":[{"href":"https:\/\/sites.ipleiria.pt\/ipce2025\/wp-json\/wp\/v2\/types\/page"}],"author":[{"embeddable":true,"href":"https:\/\/sites.ipleiria.pt\/ipce2025\/wp-json\/wp\/v2\/users\/102"}],"replies":[{"embeddable":true,"href":"https:\/\/sites.ipleiria.pt\/ipce2025\/wp-json\/wp\/v2\/comments?post=364"}],"version-history":[{"count":26,"href":"https:\/\/sites.ipleiria.pt\/ipce2025\/wp-json\/wp\/v2\/pages\/364\/revisions"}],"predecessor-version":[{"id":1974,"href":"https:\/\/sites.ipleiria.pt\/ipce2025\/wp-json\/wp\/v2\/pages\/364\/revisions\/1974"}],"wp:attachment":[{"href":"https:\/\/sites.ipleiria.pt\/ipce2025\/wp-json\/wp\/v2\/media?parent=364"}],"curies":[{"name":"wp","href":"https:\/\/api.w.org\/{rel}","templated":true}]}}