{"id":77,"date":"2019-12-04T16:30:01","date_gmt":"2019-12-04T16:30:01","guid":{"rendered":"https:\/\/sites.ipleiria.pt\/ipce2020\/?page_id=77"},"modified":"2025-02-24T08:46:44","modified_gmt":"2025-02-24T08:46:44","slug":"fechas-importantes","status":"publish","type":"page","link":"https:\/\/sites.ipleiria.pt\/ipce2025\/es\/fechas-importantes\/","title":{"rendered":"Fechas importantes"},"content":{"rendered":"\n<p><strong>Fechas IPCE: <\/strong>9 y 10 de mayo de 2025&nbsp; <\/p>\n\n\n\n<p><strong>Env\u00edo de propuestas (comunicaciones, informes o carteles):<\/strong> hasta el <s>23 de febrero<\/s> 9 de Marzo de 2025<\/p>\n\n\n\n<p><strong>Notificaci\u00f3n a los autores:<\/strong> 6 de abril de 2025 <br><strong>Inscripci\u00f3n: <\/strong>20 de abril de 2025<\/p>\n\n\n\n<p> <\/p>\n","protected":false},"excerpt":{"rendered":"<p>Fechas IPCE: 9 y 10 de mayo de 2025&nbsp; Env\u00edo de propuestas (comunicaciones, informes o carteles): hasta el 23 de febrero 9 de Marzo de 2025 Notificaci\u00f3n a los autores: 6 de abril de 2025 Inscripci\u00f3n: 20 de abril de&hellip;  <\/p>\n<p class=\"more-link\"><a href=\"https:\/\/sites.ipleiria.pt\/ipce2025\/es\/fechas-importantes\/\">Continue reading <span class=\"meta-nav\">&rarr;<\/span><\/a><\/p>\n","protected":false},"author":102,"featured_media":0,"parent":0,"menu_order":0,"comment_status":"closed","ping_status":"closed","template":"","meta":{"footnotes":""},"class_list":["post-77","page","type-page","status-publish","hentry"],"_links":{"self":[{"href":"https:\/\/sites.ipleiria.pt\/ipce2025\/wp-json\/wp\/v2\/pages\/77","targetHints":{"allow":["GET"]}}],"collection":[{"href":"https:\/\/sites.ipleiria.pt\/ipce2025\/wp-json\/wp\/v2\/pages"}],"about":[{"href":"https:\/\/sites.ipleiria.pt\/ipce2025\/wp-json\/wp\/v2\/types\/page"}],"author":[{"embeddable":true,"href":"https:\/\/sites.ipleiria.pt\/ipce2025\/wp-json\/wp\/v2\/users\/102"}],"replies":[{"embeddable":true,"href":"https:\/\/sites.ipleiria.pt\/ipce2025\/wp-json\/wp\/v2\/comments?post=77"}],"version-history":[{"count":4,"href":"https:\/\/sites.ipleiria.pt\/ipce2025\/wp-json\/wp\/v2\/pages\/77\/revisions"}],"predecessor-version":[{"id":1762,"href":"https:\/\/sites.ipleiria.pt\/ipce2025\/wp-json\/wp\/v2\/pages\/77\/revisions\/1762"}],"wp:attachment":[{"href":"https:\/\/sites.ipleiria.pt\/ipce2025\/wp-json\/wp\/v2\/media?parent=77"}],"curies":[{"name":"wp","href":"https:\/\/api.w.org\/{rel}","templated":true}]}}