{"id":82,"date":"2021-02-10T13:01:01","date_gmt":"2021-02-10T13:01:01","guid":{"rendered":"http:\/\/sites.ipleiria.pt\/ipce2021\/?page_id=82"},"modified":"2021-02-10T13:01:01","modified_gmt":"2021-02-10T13:01:01","slug":"alojamento","status":"publish","type":"page","link":"https:\/\/sites.ipleiria.pt\/ipce2025\/alojamento\/","title":{"rendered":"Alojamento"},"content":{"rendered":"\n<p><strong>Hotel Eurosol Leiria *** <\/strong>\u2014 <a href=\"https:\/\/www.eurosol.pt\/pt\/hotel\/eurosol-leiria-jardim-2\">Aqui<\/a><br><em>(Localizado pr\u00f3ximo da Escola Superior de Educa\u00e7\u00e3o e Ci\u00eancias Sociais \u2013 7 minutos a p\u00e9)<\/em><\/p>\n\n\n\n<p><strong>Hotel S\u00e3o Lu\u00eds *** <\/strong>\u2014 <a href=\"http:\/\/www.saoluishotel.com\/\" target=\"_blank\" rel=\"noreferrer noopener\">Aqui<\/a><br><em>(Localizado pr\u00f3ximo do centro da cidade de Leiria e a 12 minutos a p\u00e9 da Escola Superior de Educa\u00e7\u00e3o e Ci\u00eancias Sociais)<\/em><\/p>\n\n\n\n<p><strong>Hotel Ibis ** <\/strong>\u2014 <a rel=\"noreferrer noopener\" href=\"http:\/\/www.accorhotels.com\/pt\/hotel-3340-ibis-leiria\/index.shtml\" target=\"_blank\">Aqui<\/a> (Localizado a 20 minutos a p\u00e9 da Escola Superior de Educa\u00e7\u00e3o e Ci\u00eancias Sociais)<\/p>\n\n\n\n<p><strong>Hotel Leiria Classic \u2014 <\/strong><a rel=\"noreferrer noopener\" href=\"http:\/\/www.hotelleiriaclassic.pt\/\" target=\"_blank\">Aqui<\/a><em> <\/em><em>(Localizado no centro da cidade de Leiria e a 10 minutos a p\u00e9 da Escola Superior de Educa\u00e7\u00e3o e Ci\u00eancias Sociais)<\/em><\/p>\n\n\n\n<p><em>(Localizado no centro da cidade de Leiria e a 10 minutos a p\u00e9 da Escola Superior de Educa\u00e7\u00e3o e Ci\u00eancias Sociais)<\/em><\/p>\n\n\n\n<p><strong>Atlas Hostel Leiria<\/strong> \u2014 <a href=\"http:\/\/www.atlashostel-leiria.com\/\" target=\"_blank\" rel=\"noreferrer noopener\">Aqui<\/a><br><em>(Localizado no centro hist\u00f3rico da cidade de Leiria e a 10 minutos a p\u00e9 da Escola Superior de Educa\u00e7\u00e3o e Ci\u00eancias Sociais)<\/em><\/p>\n\n\n\n<p><strong>Hotel D. Dinis <\/strong>\u2014 <a href=\"http:\/\/www.hotelddinis.pt\/\" target=\"_blank\" rel=\"noreferrer noopener\">Aqui<\/a><br><em>(Localizado no centro hist\u00f3rico da cidade de Leiria e a 10 minutos a p\u00e9 da Escola Superior de Educa\u00e7\u00e3o e Ci\u00eancias Sociais)<\/em><\/p>\n","protected":false},"excerpt":{"rendered":"<p>Hotel Eurosol Leiria *** \u2014 Aqui(Localizado pr\u00f3ximo da Escola Superior de Educa\u00e7\u00e3o e Ci\u00eancias Sociais \u2013 7 minutos a p\u00e9) Hotel S\u00e3o Lu\u00eds *** \u2014 Aqui(Localizado pr\u00f3ximo do centro da cidade de Leiria e a 12 minutos a p\u00e9 da&hellip;  <\/p>\n<p class=\"more-link\"><a href=\"https:\/\/sites.ipleiria.pt\/ipce2025\/alojamento\/\">Continue reading <span class=\"meta-nav\">&rarr;<\/span><\/a><\/p>\n","protected":false},"author":102,"featured_media":0,"parent":0,"menu_order":0,"comment_status":"closed","ping_status":"closed","template":"","meta":{"footnotes":""},"class_list":["post-82","page","type-page","status-publish","hentry"],"_links":{"self":[{"href":"https:\/\/sites.ipleiria.pt\/ipce2025\/wp-json\/wp\/v2\/pages\/82","targetHints":{"allow":["GET"]}}],"collection":[{"href":"https:\/\/sites.ipleiria.pt\/ipce2025\/wp-json\/wp\/v2\/pages"}],"about":[{"href":"https:\/\/sites.ipleiria.pt\/ipce2025\/wp-json\/wp\/v2\/types\/page"}],"author":[{"embeddable":true,"href":"https:\/\/sites.ipleiria.pt\/ipce2025\/wp-json\/wp\/v2\/users\/102"}],"replies":[{"embeddable":true,"href":"https:\/\/sites.ipleiria.pt\/ipce2025\/wp-json\/wp\/v2\/comments?post=82"}],"version-history":[{"count":0,"href":"https:\/\/sites.ipleiria.pt\/ipce2025\/wp-json\/wp\/v2\/pages\/82\/revisions"}],"wp:attachment":[{"href":"https:\/\/sites.ipleiria.pt\/ipce2025\/wp-json\/wp\/v2\/media?parent=82"}],"curies":[{"name":"wp","href":"https:\/\/api.w.org\/{rel}","templated":true}]}}