{"id":86,"date":"2019-12-04T17:39:55","date_gmt":"2019-12-04T17:39:55","guid":{"rendered":"https:\/\/sites.ipleiria.pt\/ipce2020\/?page_id=86"},"modified":"2025-02-24T08:46:45","modified_gmt":"2025-02-24T08:46:45","slug":"llamada-a-propuestas","status":"publish","type":"page","link":"https:\/\/sites.ipleiria.pt\/ipce2025\/es\/llamada-a-propuestas\/","title":{"rendered":"Llamada a propuestas"},"content":{"rendered":"\n<p>Las sesiones paralelas sirven para presentar experiencias educativas, proyectos, trabajos de investigaci\u00f3n, herramientas y materiales enmarcados en las \u00e1reas tem\u00e1ticas de la conferencia IPCE.<br>El comit\u00e9 Organizador del IPCE2025 anima a la comunidad educativa, en particular, a los educadores, profesores, investigadores, estudiantes de la ense\u00f1anza superior, gestores de instituciones y t\u00e9cnicos en el campo de la educaci\u00f3n a presentar trabajos en los siguientes formatos:<\/p>\n\n\n\n<p class=\"has-white-color has-text-color has-background\" style=\"background-color:#460c96\"><strong>Art\u00edculos<\/strong><\/p>\n\n\n\n<p>Solo se podr\u00e1n enviar textos in\u00e9ditos y no publicados. Se podr\u00e1n redactar en portugu\u00e9s, espa\u00f1ol e ingl\u00e9s, con un l\u00edmite de 30 000 caracteres, incluyendo espacios y excluyendo el t\u00edtulo, instituci\u00f3n de origen, e-mail, resumen y palabras clave (\u00e9stos \u00faltimos en dos idiomas).<br>Las propuestas tienen que respetar obligatoriamente las normas de formato del IPCE2024. Se podr\u00e1 utilizar la plantilla para trabajar directamente sobre el archivo. La propuesta no se publicar\u00e1 si las normas no son respetadas.<br>. El documento (.pdf) deber\u00e1 indicar el nombre y los apellidos de los autores, adem\u00e1s de la menci\u00f3n ART.<br>Plantilla de los art\u00edculos: descargar (.docx). El texto completo del art\u00edculo se enviar\u00e1 a trav\u00e9s de la plataforma <strong>antes del d\u00eda 9 de Marzo de 2025<\/strong>. <\/p>\n\n\n\n<p><a href=\"http:\/\/sites.ipleiria.pt\/ipce2025\/files\/2025\/02\/IPCE2025_Modelo_artigo-ES.docx\">Template<\/a><\/p>\n\n\n\n<div class=\"wp-block-buttons is-content-justification-center is-layout-flex wp-container-core-buttons-is-layout-1 wp-block-buttons-is-layout-flex\">\n<div class=\"wp-block-button has-custom-font-size is-style-outline has-small-font-size is-style-outline--1\"><a class=\"wp-block-button__link has-white-color has-text-color has-background wp-element-button\" href=\"https:\/\/cmt3.research.microsoft.com\/IPCE2025\" style=\"background-color:#460c96\">Submeter<\/a><\/div>\n<\/div>\n\n\n\n<p class=\"has-white-color has-text-color has-background\" style=\"background-color:#460c96\"><strong>Relato de experiencias<\/strong><\/p>\n\n\n\n<p>Este formato tiene como objetivo la difusi\u00f3n de experiencias educativas y proyectos en curso:<br>&#8211; Una experiencia educativa (introducci\u00f3n, presentaci\u00f3n de la experiencia, conclusiones, referencias)<br>&#8211; Un proyecto en curso  (introducci\u00f3n, presentaci\u00f3n del proyecyo, conclusiones, referencias)<br>&#8211; Un proyecto de investigaci\u00f3n o proyecto educativo (con metodolog\u00eda, resultados y referencias)<br>La propuesta de relato se redactar\u00e1 en portugu\u00e9s, espa\u00f1ol o ingl\u00e9s, con un l\u00edmite de 7200 caracteres, incluyendo espacios y excluyendo el t\u00edtulo, instituci\u00f3n de origen, e-mail, resumen y palabras clave (en dos idiomas). El documento (.pdf) deber\u00e1 indicar el nombre y los apellidos de los autores, adem\u00e1s de la menci\u00f3n REL.<br>Plantilla de los relatos: descargar (.pdf) El texto completo del art\u00edculo se enviar\u00e1 a trav\u00e9s de la plataforma <strong><strong>antes del d\u00eda<strong> <strong>9 de Marzo de 2025<\/strong><\/strong><\/strong><\/strong>. <\/p>\n\n\n\n<p><a href=\"http:\/\/sites.ipleiria.pt\/ipce2025\/files\/2025\/02\/IPCE2025_Modelo-Relato-ES.docx\">Template<\/a><\/p>\n\n\n\n<div class=\"wp-block-buttons is-content-justification-center is-layout-flex wp-container-core-buttons-is-layout-2 wp-block-buttons-is-layout-flex\">\n<div class=\"wp-block-button has-custom-font-size is-style-outline has-small-font-size is-style-outline--2\"><a class=\"wp-block-button__link has-white-color has-text-color has-background wp-element-button\" href=\"https:\/\/cmt3.research.microsoft.com\/IPCE2025\" style=\"background-color:#460c96\">Submeter<\/a><\/div>\n<\/div>\n\n\n\n<p class=\"has-white-color has-text-color has-background\" style=\"background-color:#460c96\"><strong>P\u00f3ster<\/strong><\/p>\n\n\n\n<p>Se pretende divulgar trabajos de investigaci\u00f3n, experiencias educativas, proyectos, herramientas y materiales. La presentaci\u00f3n de p\u00f3steres surge como una excelente oportunidad para presentar y debatir trabajos de investigaci\u00f3n de modo interactivo e informal.<br>Los p\u00f3steres se proponen usando el modelo impuesto. Los p\u00f3steres aceptados (tama\u00f1o DIN A0, vertical) ser\u00e1n expuestos a partir del primer d\u00eda de la conferencia, permaneciendo hasta el final del evento. Los autores deber\u00e1n estar presentes durante la sesi\u00f3n de presentaci\u00f3n de los p\u00f3steres, de manera a poder mostrar informalmente su trabajo. Dicha sesi\u00f3n tendr\u00e1 una duraci\u00f3n de 1 hora. Los materiales expuestos son responsabilidad exclusiva de sus autores y deber\u00e1n estar listos antes del inicio de la conferencia. El documento (.pdf) deber\u00e1 indicar el nombre y los apellidos de los autores, adem\u00e1s de la menci\u00f3n POS. Plantilla de los p\u00f3steres: descargar (.pptx)<br>El texto completo del art\u00edculo se enviar\u00e1 a trav\u00e9s de la plataforma <strong><strong><strong>antes del d\u00eda <strong><strong>9 de Marzo de 2025<\/strong><\/strong><\/strong><\/strong><\/strong>. <\/p>\n\n\n\n<p><a href=\"http:\/\/sites.ipleiria.pt\/ipce2025\/files\/2025\/02\/IPCE2025_Modelo_Poster-ES.pptx\">Template<\/a><\/p>\n\n\n\n<div class=\"wp-block-buttons is-content-justification-center is-layout-flex wp-container-core-buttons-is-layout-3 wp-block-buttons-is-layout-flex\">\n<div class=\"wp-block-button has-custom-font-size is-style-outline has-small-font-size is-style-outline--3\"><a class=\"wp-block-button__link has-white-color has-text-color has-background wp-element-button\" href=\"https:\/\/cmt3.research.microsoft.com\/IPCE2025\" style=\"background-color:#460c96\">Submeter<\/a><\/div>\n<\/div>\n\n\n\n<p class=\"has-white-color has-text-color has-background\" style=\"background-color:#460c96\"><\/p>\n\n\n\n<p><strong>NOTA IMPORTANTE<\/strong><br>Las propuestas ser\u00e1n sometidas a una revisi\u00f3n a ciegas por parte de los miembros del Comit\u00e9 Cient\u00edfico, que proceder\u00e1n a una evaluaci\u00f3n seg\u00fan los siguientes criterios:<br>\u2013 Pertinencia de la propuesta en relaci\u00f3n con la tem\u00e1tica de la conferencia.<br>\u2013 Calidad cient\u00edfica y aportaciones de la propuesta.<br>\u2013 Uso de corpus, pr\u00e1ctica profesional y\/o trabajo de investigaci\u00f3n reconocido.<br>\u2013 Respeto de las normas de publicaci\u00f3n (Normas APA 7\u00ba edici\u00f3n)<br>Completada la selecci\u00f3n por parte del Comit\u00e9 Organizador, se informar\u00e1 a los autores de la aceptaci\u00f3n de sus propuestas, mediante correo electr\u00f3nico <strong>hasta el 6 de abril de 2025.<\/strong><\/p>\n\n\n\n<p><\/p>\n\n\n\n<p>La comunicaci\u00f3n de los relatos tendr\u00e1 una duraci\u00f3n m\u00e1xima de 10 minutos y la de los art\u00edculos de 15 minutos.<br>La inscripci\u00f3n en el Congreso de al menos uno de los autores (antes del 30 de abril de 2025) es requisito indispensable para la presentaci\u00f3n de los trabajos aceptados.<\/p>\n\n\n\n<p><\/p>\n","protected":false},"excerpt":{"rendered":"<p>Las sesiones paralelas sirven para presentar experiencias educativas, proyectos, trabajos de investigaci\u00f3n, herramientas y materiales enmarcados en las \u00e1reas tem\u00e1ticas de la conferencia IPCE.El comit\u00e9 Organizador del IPCE2025 anima a la comunidad educativa, en particular, a los educadores, profesores, investigadores,&hellip;  <\/p>\n<p class=\"more-link\"><a href=\"https:\/\/sites.ipleiria.pt\/ipce2025\/es\/llamada-a-propuestas\/\">Continue reading <span class=\"meta-nav\">&rarr;<\/span><\/a><\/p>\n","protected":false},"author":102,"featured_media":0,"parent":0,"menu_order":0,"comment_status":"closed","ping_status":"closed","template":"","meta":{"footnotes":""},"class_list":["post-86","page","type-page","status-publish","hentry"],"_links":{"self":[{"href":"https:\/\/sites.ipleiria.pt\/ipce2025\/wp-json\/wp\/v2\/pages\/86","targetHints":{"allow":["GET"]}}],"collection":[{"href":"https:\/\/sites.ipleiria.pt\/ipce2025\/wp-json\/wp\/v2\/pages"}],"about":[{"href":"https:\/\/sites.ipleiria.pt\/ipce2025\/wp-json\/wp\/v2\/types\/page"}],"author":[{"embeddable":true,"href":"https:\/\/sites.ipleiria.pt\/ipce2025\/wp-json\/wp\/v2\/users\/102"}],"replies":[{"embeddable":true,"href":"https:\/\/sites.ipleiria.pt\/ipce2025\/wp-json\/wp\/v2\/comments?post=86"}],"version-history":[{"count":6,"href":"https:\/\/sites.ipleiria.pt\/ipce2025\/wp-json\/wp\/v2\/pages\/86\/revisions"}],"predecessor-version":[{"id":1760,"href":"https:\/\/sites.ipleiria.pt\/ipce2025\/wp-json\/wp\/v2\/pages\/86\/revisions\/1760"}],"wp:attachment":[{"href":"https:\/\/sites.ipleiria.pt\/ipce2025\/wp-json\/wp\/v2\/media?parent=86"}],"curies":[{"name":"wp","href":"https:\/\/api.w.org\/{rel}","templated":true}]}}