{"id":1058,"date":"2021-06-14T15:20:35","date_gmt":"2021-06-14T15:20:35","guid":{"rendered":"https:\/\/sites.ipleiria.pt\/isd\/?page_id=1058"},"modified":"2021-06-14T15:21:36","modified_gmt":"2021-06-14T15:21:36","slug":"um-dia-com-o-tesp-integra-te-sem-desculpas","status":"publish","type":"page","link":"https:\/\/sites.ipleiria.pt\/isd\/um-dia-com-o-tesp-integra-te-sem-desculpas\/","title":{"rendered":"Um Dia com o TeSP &#8211; Integra-te, Sem, Desculpas!"},"content":{"rendered":"\n<p>9 de junho de 2021<\/p>\n\n\n\n<figure class=\"wp-block-image size-large is-resized\"><img loading=\"lazy\" decoding=\"async\" src=\"https:\/\/sites.ipleiria.pt\/isd\/files\/2021\/06\/thumbnail_image002.jpg\" alt=\"\" class=\"wp-image-1059\" width=\"413\" height=\"551\" srcset=\"https:\/\/sites.ipleiria.pt\/isd\/files\/2021\/06\/thumbnail_image002.jpg 586w, https:\/\/sites.ipleiria.pt\/isd\/files\/2021\/06\/thumbnail_image002-225x300.jpg 225w\" sizes=\"auto, (max-width: 413px) 85vw, 413px\" \/><\/figure>\n\n\n\n<figure class=\"wp-block-gallery columns-2 is-cropped wp-block-gallery-1 is-layout-flex wp-block-gallery-is-layout-flex\"><ul class=\"blocks-gallery-grid\"><li class=\"blocks-gallery-item\"><figure><img loading=\"lazy\" decoding=\"async\" width=\"1024\" height=\"461\" src=\"https:\/\/sites.ipleiria.pt\/isd\/files\/2021\/06\/IMG_20210609_115129-1024x461.jpg\" alt=\"\" data-id=\"1060\" data-full-url=\"https:\/\/sites.ipleiria.pt\/isd\/files\/2021\/06\/IMG_20210609_115129-scaled.jpg\" data-link=\"https:\/\/sites.ipleiria.pt\/isd\/?attachment_id=1060\" class=\"wp-image-1060\" srcset=\"https:\/\/sites.ipleiria.pt\/isd\/files\/2021\/06\/IMG_20210609_115129-1024x461.jpg 1024w, https:\/\/sites.ipleiria.pt\/isd\/files\/2021\/06\/IMG_20210609_115129-300x135.jpg 300w, https:\/\/sites.ipleiria.pt\/isd\/files\/2021\/06\/IMG_20210609_115129-768x345.jpg 768w, https:\/\/sites.ipleiria.pt\/isd\/files\/2021\/06\/IMG_20210609_115129-1536x691.jpg 1536w, https:\/\/sites.ipleiria.pt\/isd\/files\/2021\/06\/IMG_20210609_115129-2048x921.jpg 2048w, https:\/\/sites.ipleiria.pt\/isd\/files\/2021\/06\/IMG_20210609_115129-1200x540.jpg 1200w\" sizes=\"auto, (max-width: 709px) 85vw, (max-width: 909px) 67vw, (max-width: 1362px) 62vw, 840px\" \/><\/figure><\/li><li class=\"blocks-gallery-item\"><figure><img loading=\"lazy\" decoding=\"async\" width=\"1024\" height=\"461\" src=\"https:\/\/sites.ipleiria.pt\/isd\/files\/2021\/06\/IMG_20210609_115140-1024x461.jpg\" alt=\"\" data-id=\"1061\" data-full-url=\"https:\/\/sites.ipleiria.pt\/isd\/files\/2021\/06\/IMG_20210609_115140-scaled.jpg\" data-link=\"https:\/\/sites.ipleiria.pt\/isd\/?attachment_id=1061\" class=\"wp-image-1061\" srcset=\"https:\/\/sites.ipleiria.pt\/isd\/files\/2021\/06\/IMG_20210609_115140-1024x461.jpg 1024w, https:\/\/sites.ipleiria.pt\/isd\/files\/2021\/06\/IMG_20210609_115140-300x135.jpg 300w, https:\/\/sites.ipleiria.pt\/isd\/files\/2021\/06\/IMG_20210609_115140-768x345.jpg 768w, https:\/\/sites.ipleiria.pt\/isd\/files\/2021\/06\/IMG_20210609_115140-1536x691.jpg 1536w, https:\/\/sites.ipleiria.pt\/isd\/files\/2021\/06\/IMG_20210609_115140-2048x921.jpg 2048w, https:\/\/sites.ipleiria.pt\/isd\/files\/2021\/06\/IMG_20210609_115140-1200x540.jpg 1200w\" sizes=\"auto, (max-width: 709px) 85vw, (max-width: 909px) 67vw, (max-width: 1362px) 62vw, 840px\" \/><\/figure><\/li><li class=\"blocks-gallery-item\"><figure><img loading=\"lazy\" decoding=\"async\" width=\"1024\" height=\"461\" src=\"https:\/\/sites.ipleiria.pt\/isd\/files\/2021\/06\/IMG_20210609_115409-1024x461.jpg\" alt=\"\" data-id=\"1062\" data-full-url=\"https:\/\/sites.ipleiria.pt\/isd\/files\/2021\/06\/IMG_20210609_115409-scaled.jpg\" data-link=\"https:\/\/sites.ipleiria.pt\/isd\/?attachment_id=1062\" class=\"wp-image-1062\" srcset=\"https:\/\/sites.ipleiria.pt\/isd\/files\/2021\/06\/IMG_20210609_115409-1024x461.jpg 1024w, https:\/\/sites.ipleiria.pt\/isd\/files\/2021\/06\/IMG_20210609_115409-300x135.jpg 300w, https:\/\/sites.ipleiria.pt\/isd\/files\/2021\/06\/IMG_20210609_115409-768x345.jpg 768w, https:\/\/sites.ipleiria.pt\/isd\/files\/2021\/06\/IMG_20210609_115409-1536x691.jpg 1536w, https:\/\/sites.ipleiria.pt\/isd\/files\/2021\/06\/IMG_20210609_115409-2048x921.jpg 2048w, https:\/\/sites.ipleiria.pt\/isd\/files\/2021\/06\/IMG_20210609_115409-1200x540.jpg 1200w\" sizes=\"auto, (max-width: 709px) 85vw, (max-width: 909px) 67vw, (max-width: 1362px) 62vw, 840px\" \/><\/figure><\/li><li class=\"blocks-gallery-item\"><figure><img loading=\"lazy\" decoding=\"async\" width=\"1024\" height=\"461\" src=\"https:\/\/sites.ipleiria.pt\/isd\/files\/2021\/06\/IMG_20210609_115411-1024x461.jpg\" alt=\"\" data-id=\"1063\" data-full-url=\"https:\/\/sites.ipleiria.pt\/isd\/files\/2021\/06\/IMG_20210609_115411-scaled.jpg\" data-link=\"https:\/\/sites.ipleiria.pt\/isd\/?attachment_id=1063\" class=\"wp-image-1063\" srcset=\"https:\/\/sites.ipleiria.pt\/isd\/files\/2021\/06\/IMG_20210609_115411-1024x461.jpg 1024w, https:\/\/sites.ipleiria.pt\/isd\/files\/2021\/06\/IMG_20210609_115411-300x135.jpg 300w, https:\/\/sites.ipleiria.pt\/isd\/files\/2021\/06\/IMG_20210609_115411-768x345.jpg 768w, https:\/\/sites.ipleiria.pt\/isd\/files\/2021\/06\/IMG_20210609_115411-1536x691.jpg 1536w, https:\/\/sites.ipleiria.pt\/isd\/files\/2021\/06\/IMG_20210609_115411-2048x921.jpg 2048w, https:\/\/sites.ipleiria.pt\/isd\/files\/2021\/06\/IMG_20210609_115411-1200x540.jpg 1200w\" sizes=\"auto, (max-width: 709px) 85vw, (max-width: 909px) 67vw, (max-width: 1362px) 62vw, 840px\" \/><\/figure><\/li><li class=\"blocks-gallery-item\"><figure><img loading=\"lazy\" decoding=\"async\" width=\"1024\" height=\"461\" src=\"https:\/\/sites.ipleiria.pt\/isd\/files\/2021\/06\/IMG_20210609_115940-1024x461.jpg\" alt=\"\" data-id=\"1064\" data-full-url=\"https:\/\/sites.ipleiria.pt\/isd\/files\/2021\/06\/IMG_20210609_115940-scaled.jpg\" data-link=\"https:\/\/sites.ipleiria.pt\/isd\/?attachment_id=1064\" class=\"wp-image-1064\" srcset=\"https:\/\/sites.ipleiria.pt\/isd\/files\/2021\/06\/IMG_20210609_115940-1024x461.jpg 1024w, https:\/\/sites.ipleiria.pt\/isd\/files\/2021\/06\/IMG_20210609_115940-300x135.jpg 300w, https:\/\/sites.ipleiria.pt\/isd\/files\/2021\/06\/IMG_20210609_115940-768x345.jpg 768w, https:\/\/sites.ipleiria.pt\/isd\/files\/2021\/06\/IMG_20210609_115940-1536x691.jpg 1536w, https:\/\/sites.ipleiria.pt\/isd\/files\/2021\/06\/IMG_20210609_115940-2048x921.jpg 2048w, https:\/\/sites.ipleiria.pt\/isd\/files\/2021\/06\/IMG_20210609_115940-1200x540.jpg 1200w\" sizes=\"auto, (max-width: 709px) 85vw, (max-width: 909px) 67vw, (max-width: 1362px) 62vw, 840px\" \/><\/figure><\/li><li class=\"blocks-gallery-item\"><figure><img loading=\"lazy\" decoding=\"async\" width=\"1024\" height=\"461\" src=\"https:\/\/sites.ipleiria.pt\/isd\/files\/2021\/06\/IMG_20210609_120113-1024x461.jpg\" alt=\"\" data-id=\"1065\" data-full-url=\"https:\/\/sites.ipleiria.pt\/isd\/files\/2021\/06\/IMG_20210609_120113-scaled.jpg\" data-link=\"https:\/\/sites.ipleiria.pt\/isd\/?attachment_id=1065\" class=\"wp-image-1065\" srcset=\"https:\/\/sites.ipleiria.pt\/isd\/files\/2021\/06\/IMG_20210609_120113-1024x461.jpg 1024w, https:\/\/sites.ipleiria.pt\/isd\/files\/2021\/06\/IMG_20210609_120113-300x135.jpg 300w, https:\/\/sites.ipleiria.pt\/isd\/files\/2021\/06\/IMG_20210609_120113-768x345.jpg 768w, https:\/\/sites.ipleiria.pt\/isd\/files\/2021\/06\/IMG_20210609_120113-1536x691.jpg 1536w, https:\/\/sites.ipleiria.pt\/isd\/files\/2021\/06\/IMG_20210609_120113-2048x921.jpg 2048w, https:\/\/sites.ipleiria.pt\/isd\/files\/2021\/06\/IMG_20210609_120113-1200x540.jpg 1200w\" sizes=\"auto, (max-width: 709px) 85vw, (max-width: 909px) 67vw, (max-width: 1362px) 62vw, 840px\" \/><\/figure><\/li><li class=\"blocks-gallery-item\"><figure><img loading=\"lazy\" decoding=\"async\" width=\"768\" height=\"1024\" src=\"https:\/\/sites.ipleiria.pt\/isd\/files\/2021\/06\/IMG_20210609_121350-768x1024.jpg\" alt=\"\" data-id=\"1066\" data-full-url=\"https:\/\/sites.ipleiria.pt\/isd\/files\/2021\/06\/IMG_20210609_121350-scaled.jpg\" data-link=\"https:\/\/sites.ipleiria.pt\/isd\/?attachment_id=1066\" class=\"wp-image-1066\" srcset=\"https:\/\/sites.ipleiria.pt\/isd\/files\/2021\/06\/IMG_20210609_121350-768x1024.jpg 768w, https:\/\/sites.ipleiria.pt\/isd\/files\/2021\/06\/IMG_20210609_121350-225x300.jpg 225w, https:\/\/sites.ipleiria.pt\/isd\/files\/2021\/06\/IMG_20210609_121350-1152x1536.jpg 1152w, https:\/\/sites.ipleiria.pt\/isd\/files\/2021\/06\/IMG_20210609_121350-1536x2048.jpg 1536w, https:\/\/sites.ipleiria.pt\/isd\/files\/2021\/06\/IMG_20210609_121350-1200x1600.jpg 1200w, https:\/\/sites.ipleiria.pt\/isd\/files\/2021\/06\/IMG_20210609_121350-scaled.jpg 1920w\" sizes=\"auto, (max-width: 768px) 85vw, 768px\" \/><\/figure><\/li><li class=\"blocks-gallery-item\"><figure><img loading=\"lazy\" decoding=\"async\" width=\"1024\" height=\"461\" src=\"https:\/\/sites.ipleiria.pt\/isd\/files\/2021\/06\/IMG_20210609_122614-1024x461.jpg\" alt=\"\" data-id=\"1067\" data-full-url=\"https:\/\/sites.ipleiria.pt\/isd\/files\/2021\/06\/IMG_20210609_122614-scaled.jpg\" data-link=\"https:\/\/sites.ipleiria.pt\/isd\/?attachment_id=1067\" class=\"wp-image-1067\" srcset=\"https:\/\/sites.ipleiria.pt\/isd\/files\/2021\/06\/IMG_20210609_122614-1024x461.jpg 1024w, https:\/\/sites.ipleiria.pt\/isd\/files\/2021\/06\/IMG_20210609_122614-300x135.jpg 300w, https:\/\/sites.ipleiria.pt\/isd\/files\/2021\/06\/IMG_20210609_122614-768x345.jpg 768w, https:\/\/sites.ipleiria.pt\/isd\/files\/2021\/06\/IMG_20210609_122614-1536x691.jpg 1536w, https:\/\/sites.ipleiria.pt\/isd\/files\/2021\/06\/IMG_20210609_122614-2048x921.jpg 2048w, https:\/\/sites.ipleiria.pt\/isd\/files\/2021\/06\/IMG_20210609_122614-1200x540.jpg 1200w\" sizes=\"auto, (max-width: 709px) 85vw, (max-width: 909px) 67vw, (max-width: 1362px) 62vw, 840px\" \/><\/figure><\/li><li class=\"blocks-gallery-item\"><figure><img loading=\"lazy\" decoding=\"async\" width=\"1024\" height=\"461\" src=\"https:\/\/sites.ipleiria.pt\/isd\/files\/2021\/06\/IMG_20210609_122622-1024x461.jpg\" alt=\"\" data-id=\"1069\" data-full-url=\"https:\/\/sites.ipleiria.pt\/isd\/files\/2021\/06\/IMG_20210609_122622-scaled.jpg\" data-link=\"https:\/\/sites.ipleiria.pt\/isd\/?attachment_id=1069\" class=\"wp-image-1069\" srcset=\"https:\/\/sites.ipleiria.pt\/isd\/files\/2021\/06\/IMG_20210609_122622-1024x461.jpg 1024w, https:\/\/sites.ipleiria.pt\/isd\/files\/2021\/06\/IMG_20210609_122622-300x135.jpg 300w, https:\/\/sites.ipleiria.pt\/isd\/files\/2021\/06\/IMG_20210609_122622-768x345.jpg 768w, https:\/\/sites.ipleiria.pt\/isd\/files\/2021\/06\/IMG_20210609_122622-1536x691.jpg 1536w, https:\/\/sites.ipleiria.pt\/isd\/files\/2021\/06\/IMG_20210609_122622-2048x921.jpg 2048w, https:\/\/sites.ipleiria.pt\/isd\/files\/2021\/06\/IMG_20210609_122622-1200x540.jpg 1200w\" sizes=\"auto, (max-width: 709px) 85vw, (max-width: 909px) 67vw, (max-width: 1362px) 62vw, 840px\" \/><\/figure><\/li><li class=\"blocks-gallery-item\"><figure><img loading=\"lazy\" decoding=\"async\" width=\"768\" height=\"1024\" src=\"https:\/\/sites.ipleiria.pt\/isd\/files\/2021\/06\/IMG_20210609_141518-768x1024.jpg\" alt=\"\" data-id=\"1070\" data-full-url=\"https:\/\/sites.ipleiria.pt\/isd\/files\/2021\/06\/IMG_20210609_141518-scaled.jpg\" data-link=\"https:\/\/sites.ipleiria.pt\/isd\/?attachment_id=1070\" class=\"wp-image-1070\" srcset=\"https:\/\/sites.ipleiria.pt\/isd\/files\/2021\/06\/IMG_20210609_141518-768x1024.jpg 768w, https:\/\/sites.ipleiria.pt\/isd\/files\/2021\/06\/IMG_20210609_141518-225x300.jpg 225w, https:\/\/sites.ipleiria.pt\/isd\/files\/2021\/06\/IMG_20210609_141518-1152x1536.jpg 1152w, https:\/\/sites.ipleiria.pt\/isd\/files\/2021\/06\/IMG_20210609_141518-1536x2048.jpg 1536w, https:\/\/sites.ipleiria.pt\/isd\/files\/2021\/06\/IMG_20210609_141518-1200x1600.jpg 1200w, https:\/\/sites.ipleiria.pt\/isd\/files\/2021\/06\/IMG_20210609_141518-scaled.jpg 1920w\" sizes=\"auto, (max-width: 768px) 85vw, 768px\" \/><\/figure><\/li><li class=\"blocks-gallery-item\"><figure><img loading=\"lazy\" decoding=\"async\" width=\"1024\" height=\"461\" src=\"https:\/\/sites.ipleiria.pt\/isd\/files\/2021\/06\/IMG_20210609_154903-1024x461.jpg\" alt=\"\" data-id=\"1071\" data-full-url=\"https:\/\/sites.ipleiria.pt\/isd\/files\/2021\/06\/IMG_20210609_154903-scaled.jpg\" data-link=\"https:\/\/sites.ipleiria.pt\/isd\/?attachment_id=1071\" class=\"wp-image-1071\" srcset=\"https:\/\/sites.ipleiria.pt\/isd\/files\/2021\/06\/IMG_20210609_154903-1024x461.jpg 1024w, https:\/\/sites.ipleiria.pt\/isd\/files\/2021\/06\/IMG_20210609_154903-300x135.jpg 300w, https:\/\/sites.ipleiria.pt\/isd\/files\/2021\/06\/IMG_20210609_154903-768x345.jpg 768w, https:\/\/sites.ipleiria.pt\/isd\/files\/2021\/06\/IMG_20210609_154903-1536x691.jpg 1536w, https:\/\/sites.ipleiria.pt\/isd\/files\/2021\/06\/IMG_20210609_154903-2048x921.jpg 2048w, https:\/\/sites.ipleiria.pt\/isd\/files\/2021\/06\/IMG_20210609_154903-1200x540.jpg 1200w\" sizes=\"auto, (max-width: 709px) 85vw, (max-width: 909px) 67vw, (max-width: 1362px) 62vw, 840px\" \/><\/figure><\/li><li class=\"blocks-gallery-item\"><figure><img loading=\"lazy\" decoding=\"async\" width=\"1024\" height=\"461\" src=\"https:\/\/sites.ipleiria.pt\/isd\/files\/2021\/06\/IMG_20210609_155008-1024x461.jpg\" alt=\"\" data-id=\"1072\" data-full-url=\"https:\/\/sites.ipleiria.pt\/isd\/files\/2021\/06\/IMG_20210609_155008-scaled.jpg\" data-link=\"https:\/\/sites.ipleiria.pt\/isd\/?attachment_id=1072\" class=\"wp-image-1072\" srcset=\"https:\/\/sites.ipleiria.pt\/isd\/files\/2021\/06\/IMG_20210609_155008-1024x461.jpg 1024w, https:\/\/sites.ipleiria.pt\/isd\/files\/2021\/06\/IMG_20210609_155008-300x135.jpg 300w, https:\/\/sites.ipleiria.pt\/isd\/files\/2021\/06\/IMG_20210609_155008-768x345.jpg 768w, https:\/\/sites.ipleiria.pt\/isd\/files\/2021\/06\/IMG_20210609_155008-1536x691.jpg 1536w, https:\/\/sites.ipleiria.pt\/isd\/files\/2021\/06\/IMG_20210609_155008-2048x921.jpg 2048w, https:\/\/sites.ipleiria.pt\/isd\/files\/2021\/06\/IMG_20210609_155008-1200x540.jpg 1200w\" sizes=\"auto, (max-width: 709px) 85vw, (max-width: 909px) 67vw, (max-width: 1362px) 62vw, 840px\" \/><\/figure><\/li><li class=\"blocks-gallery-item\"><figure><img loading=\"lazy\" decoding=\"async\" width=\"1024\" height=\"461\" src=\"https:\/\/sites.ipleiria.pt\/isd\/files\/2021\/06\/IMG_20210609_155132-1024x461.jpg\" alt=\"\" data-id=\"1073\" data-full-url=\"https:\/\/sites.ipleiria.pt\/isd\/files\/2021\/06\/IMG_20210609_155132-scaled.jpg\" data-link=\"https:\/\/sites.ipleiria.pt\/isd\/?attachment_id=1073\" class=\"wp-image-1073\" srcset=\"https:\/\/sites.ipleiria.pt\/isd\/files\/2021\/06\/IMG_20210609_155132-1024x461.jpg 1024w, https:\/\/sites.ipleiria.pt\/isd\/files\/2021\/06\/IMG_20210609_155132-300x135.jpg 300w, https:\/\/sites.ipleiria.pt\/isd\/files\/2021\/06\/IMG_20210609_155132-768x345.jpg 768w, https:\/\/sites.ipleiria.pt\/isd\/files\/2021\/06\/IMG_20210609_155132-1536x691.jpg 1536w, https:\/\/sites.ipleiria.pt\/isd\/files\/2021\/06\/IMG_20210609_155132-2048x921.jpg 2048w, https:\/\/sites.ipleiria.pt\/isd\/files\/2021\/06\/IMG_20210609_155132-1200x540.jpg 1200w\" sizes=\"auto, (max-width: 709px) 85vw, (max-width: 909px) 67vw, (max-width: 1362px) 62vw, 840px\" \/><\/figure><\/li><li class=\"blocks-gallery-item\"><figure><img loading=\"lazy\" decoding=\"async\" width=\"1024\" height=\"461\" src=\"https:\/\/sites.ipleiria.pt\/isd\/files\/2021\/06\/IMG_20210609_185720-1024x461.jpg\" alt=\"\" data-id=\"1074\" data-full-url=\"https:\/\/sites.ipleiria.pt\/isd\/files\/2021\/06\/IMG_20210609_185720-scaled.jpg\" data-link=\"https:\/\/sites.ipleiria.pt\/isd\/?attachment_id=1074\" class=\"wp-image-1074\" srcset=\"https:\/\/sites.ipleiria.pt\/isd\/files\/2021\/06\/IMG_20210609_185720-1024x461.jpg 1024w, https:\/\/sites.ipleiria.pt\/isd\/files\/2021\/06\/IMG_20210609_185720-300x135.jpg 300w, https:\/\/sites.ipleiria.pt\/isd\/files\/2021\/06\/IMG_20210609_185720-768x345.jpg 768w, https:\/\/sites.ipleiria.pt\/isd\/files\/2021\/06\/IMG_20210609_185720-1536x691.jpg 1536w, https:\/\/sites.ipleiria.pt\/isd\/files\/2021\/06\/IMG_20210609_185720-2048x921.jpg 2048w, https:\/\/sites.ipleiria.pt\/isd\/files\/2021\/06\/IMG_20210609_185720-1200x540.jpg 1200w\" sizes=\"auto, (max-width: 709px) 85vw, (max-width: 909px) 67vw, (max-width: 1362px) 62vw, 840px\" \/><\/figure><\/li><li class=\"blocks-gallery-item\"><figure><img loading=\"lazy\" decoding=\"async\" width=\"1024\" height=\"461\" src=\"https:\/\/sites.ipleiria.pt\/isd\/files\/2021\/06\/IMG_20210609_185728-1024x461.jpg\" alt=\"\" data-id=\"1075\" data-full-url=\"https:\/\/sites.ipleiria.pt\/isd\/files\/2021\/06\/IMG_20210609_185728-scaled.jpg\" data-link=\"https:\/\/sites.ipleiria.pt\/isd\/?attachment_id=1075\" class=\"wp-image-1075\" srcset=\"https:\/\/sites.ipleiria.pt\/isd\/files\/2021\/06\/IMG_20210609_185728-1024x461.jpg 1024w, https:\/\/sites.ipleiria.pt\/isd\/files\/2021\/06\/IMG_20210609_185728-300x135.jpg 300w, https:\/\/sites.ipleiria.pt\/isd\/files\/2021\/06\/IMG_20210609_185728-768x345.jpg 768w, https:\/\/sites.ipleiria.pt\/isd\/files\/2021\/06\/IMG_20210609_185728-1536x691.jpg 1536w, https:\/\/sites.ipleiria.pt\/isd\/files\/2021\/06\/IMG_20210609_185728-2048x921.jpg 2048w, https:\/\/sites.ipleiria.pt\/isd\/files\/2021\/06\/IMG_20210609_185728-1200x540.jpg 1200w\" sizes=\"auto, (max-width: 709px) 85vw, (max-width: 909px) 67vw, (max-width: 1362px) 62vw, 840px\" \/><\/figure><\/li><li class=\"blocks-gallery-item\"><figure><img loading=\"lazy\" decoding=\"async\" width=\"1024\" height=\"461\" src=\"https:\/\/sites.ipleiria.pt\/isd\/files\/2021\/06\/IMG_20210609_185818-1024x461.jpg\" alt=\"\" data-id=\"1076\" data-full-url=\"https:\/\/sites.ipleiria.pt\/isd\/files\/2021\/06\/IMG_20210609_185818-scaled.jpg\" data-link=\"https:\/\/sites.ipleiria.pt\/isd\/?attachment_id=1076\" class=\"wp-image-1076\" srcset=\"https:\/\/sites.ipleiria.pt\/isd\/files\/2021\/06\/IMG_20210609_185818-1024x461.jpg 1024w, https:\/\/sites.ipleiria.pt\/isd\/files\/2021\/06\/IMG_20210609_185818-300x135.jpg 300w, https:\/\/sites.ipleiria.pt\/isd\/files\/2021\/06\/IMG_20210609_185818-768x345.jpg 768w, https:\/\/sites.ipleiria.pt\/isd\/files\/2021\/06\/IMG_20210609_185818-1536x691.jpg 1536w, https:\/\/sites.ipleiria.pt\/isd\/files\/2021\/06\/IMG_20210609_185818-2048x921.jpg 2048w, https:\/\/sites.ipleiria.pt\/isd\/files\/2021\/06\/IMG_20210609_185818-1200x540.jpg 1200w\" sizes=\"auto, (max-width: 709px) 85vw, (max-width: 909px) 67vw, (max-width: 1362px) 62vw, 840px\" \/><\/figure><\/li><\/ul><figcaption class=\"blocks-gallery-caption\">projetos realizados no \u00e2mbito da UC de Gest\u00e3o e Programa\u00e7\u00e3o de Eventos<\/figcaption><\/figure>\n","protected":false},"excerpt":{"rendered":"<p>9 de junho de 2021<\/p>\n","protected":false},"author":2694,"featured_media":0,"parent":0,"menu_order":0,"comment_status":"closed","ping_status":"closed","template":"","meta":{"footnotes":""},"class_list":["post-1058","page","type-page","status-publish","hentry"],"_links":{"self":[{"href":"https:\/\/sites.ipleiria.pt\/isd\/wp-json\/wp\/v2\/pages\/1058","targetHints":{"allow":["GET"]}}],"collection":[{"href":"https:\/\/sites.ipleiria.pt\/isd\/wp-json\/wp\/v2\/pages"}],"about":[{"href":"https:\/\/sites.ipleiria.pt\/isd\/wp-json\/wp\/v2\/types\/page"}],"author":[{"embeddable":true,"href":"https:\/\/sites.ipleiria.pt\/isd\/wp-json\/wp\/v2\/users\/2694"}],"replies":[{"embeddable":true,"href":"https:\/\/sites.ipleiria.pt\/isd\/wp-json\/wp\/v2\/comments?post=1058"}],"version-history":[{"count":2,"href":"https:\/\/sites.ipleiria.pt\/isd\/wp-json\/wp\/v2\/pages\/1058\/revisions"}],"predecessor-version":[{"id":1081,"href":"https:\/\/sites.ipleiria.pt\/isd\/wp-json\/wp\/v2\/pages\/1058\/revisions\/1081"}],"wp:attachment":[{"href":"https:\/\/sites.ipleiria.pt\/isd\/wp-json\/wp\/v2\/media?parent=1058"}],"curies":[{"name":"wp","href":"https:\/\/api.w.org\/{rel}","templated":true}]}}