{"id":1088,"date":"2023-02-10T13:05:07","date_gmt":"2023-02-10T13:05:07","guid":{"rendered":"https:\/\/sites.ipleiria.pt\/isd\/?page_id=1088"},"modified":"2023-02-14T14:43:08","modified_gmt":"2023-02-14T14:43:08","slug":"premio-gentes-e-lugares-ii","status":"publish","type":"page","link":"https:\/\/sites.ipleiria.pt\/isd\/premio-gentes-e-lugares-ii\/","title":{"rendered":"Pr\u00e9mio Gentes e Lugares II"},"content":{"rendered":"\n<p>No dia 1 de junho de 2022 o 1\u00ba ano do TeSP em Interven\u00e7\u00e3o Sociocultural e Desportiva, ganhou o 1\u00ba pr\u00e9mio do p\u00fablico escal\u00e3o 5 | Ensino Superior, no concurso Gentes e Lugares II promovido pela Rede Cutura 2027, com o filme &#8220;Maria dos Anjos&#8221;, realizado no \u00e2mbito da Oficina Multim\u00e9dia.<\/p>\n\n\n\n<p>Professores Maria Kowalski e Rui Gaspar<\/p>\n\n\n\n<figure class=\"wp-block-image size-large\"><img loading=\"lazy\" decoding=\"async\" width=\"1024\" height=\"768\" src=\"https:\/\/sites.ipleiria.pt\/isd\/files\/2023\/02\/IMG_20220601_120923-1024x768.jpg\" alt=\"\" class=\"wp-image-1090\" srcset=\"https:\/\/sites.ipleiria.pt\/isd\/files\/2023\/02\/IMG_20220601_120923-1024x768.jpg 1024w, https:\/\/sites.ipleiria.pt\/isd\/files\/2023\/02\/IMG_20220601_120923-300x225.jpg 300w, https:\/\/sites.ipleiria.pt\/isd\/files\/2023\/02\/IMG_20220601_120923-768x576.jpg 768w, https:\/\/sites.ipleiria.pt\/isd\/files\/2023\/02\/IMG_20220601_120923-1536x1152.jpg 1536w, https:\/\/sites.ipleiria.pt\/isd\/files\/2023\/02\/IMG_20220601_120923-2048x1536.jpg 2048w, https:\/\/sites.ipleiria.pt\/isd\/files\/2023\/02\/IMG_20220601_120923-1200x900.jpg 1200w\" sizes=\"auto, (max-width: 709px) 85vw, (max-width: 909px) 67vw, (max-width: 1362px) 62vw, 840px\" \/><\/figure>\n\n\n\n<figure class=\"wp-block-image size-large\"><img loading=\"lazy\" decoding=\"async\" width=\"1024\" height=\"768\" src=\"https:\/\/sites.ipleiria.pt\/isd\/files\/2023\/02\/IMG_20220601_121441_1-1024x768.jpg\" alt=\"\" class=\"wp-image-1091\" srcset=\"https:\/\/sites.ipleiria.pt\/isd\/files\/2023\/02\/IMG_20220601_121441_1-1024x768.jpg 1024w, https:\/\/sites.ipleiria.pt\/isd\/files\/2023\/02\/IMG_20220601_121441_1-300x225.jpg 300w, https:\/\/sites.ipleiria.pt\/isd\/files\/2023\/02\/IMG_20220601_121441_1-768x576.jpg 768w, https:\/\/sites.ipleiria.pt\/isd\/files\/2023\/02\/IMG_20220601_121441_1-1536x1152.jpg 1536w, https:\/\/sites.ipleiria.pt\/isd\/files\/2023\/02\/IMG_20220601_121441_1-2048x1536.jpg 2048w, https:\/\/sites.ipleiria.pt\/isd\/files\/2023\/02\/IMG_20220601_121441_1-1200x900.jpg 1200w\" sizes=\"auto, (max-width: 709px) 85vw, (max-width: 909px) 67vw, (max-width: 1362px) 62vw, 840px\" \/><figcaption>Realizadoras do filme &#8220;Maria do Anjos&#8221;<\/figcaption><\/figure>\n","protected":false},"excerpt":{"rendered":"<p>No dia 1 de junho de 2022 o 1\u00ba ano do TeSP em Interven\u00e7\u00e3o Sociocultural e Desportiva, ganhou o 1\u00ba pr\u00e9mio do p\u00fablico escal\u00e3o 5 | Ensino Superior, no concurso Gentes e Lugares II promovido pela Rede Cutura 2027, com o filme &#8220;Maria dos Anjos&#8221;, realizado no \u00e2mbito da Oficina Multim\u00e9dia. Professores Maria Kowalski e &hellip; <a href=\"https:\/\/sites.ipleiria.pt\/isd\/premio-gentes-e-lugares-ii\/\" class=\"more-link\">Continuar a ler<span class=\"screen-reader-text\"> &#8220;Pr\u00e9mio Gentes e Lugares II&#8221;<\/span><\/a><\/p>\n","protected":false},"author":2694,"featured_media":0,"parent":0,"menu_order":0,"comment_status":"closed","ping_status":"closed","template":"","meta":{"footnotes":""},"class_list":["post-1088","page","type-page","status-publish","hentry"],"_links":{"self":[{"href":"https:\/\/sites.ipleiria.pt\/isd\/wp-json\/wp\/v2\/pages\/1088","targetHints":{"allow":["GET"]}}],"collection":[{"href":"https:\/\/sites.ipleiria.pt\/isd\/wp-json\/wp\/v2\/pages"}],"about":[{"href":"https:\/\/sites.ipleiria.pt\/isd\/wp-json\/wp\/v2\/types\/page"}],"author":[{"embeddable":true,"href":"https:\/\/sites.ipleiria.pt\/isd\/wp-json\/wp\/v2\/users\/2694"}],"replies":[{"embeddable":true,"href":"https:\/\/sites.ipleiria.pt\/isd\/wp-json\/wp\/v2\/comments?post=1088"}],"version-history":[{"count":2,"href":"https:\/\/sites.ipleiria.pt\/isd\/wp-json\/wp\/v2\/pages\/1088\/revisions"}],"predecessor-version":[{"id":1149,"href":"https:\/\/sites.ipleiria.pt\/isd\/wp-json\/wp\/v2\/pages\/1088\/revisions\/1149"}],"wp:attachment":[{"href":"https:\/\/sites.ipleiria.pt\/isd\/wp-json\/wp\/v2\/media?parent=1088"}],"curies":[{"name":"wp","href":"https:\/\/api.w.org\/{rel}","templated":true}]}}