{"id":1122,"date":"2023-02-14T14:28:50","date_gmt":"2023-02-14T14:28:50","guid":{"rendered":"https:\/\/sites.ipleiria.pt\/isd\/?page_id=1122"},"modified":"2023-02-14T14:28:50","modified_gmt":"2023-02-14T14:28:50","slug":"light-painting","status":"publish","type":"page","link":"https:\/\/sites.ipleiria.pt\/isd\/light-painting\/","title":{"rendered":"Light Painting"},"content":{"rendered":"\n<p>Atelier de Light Painting, dinamizado pelo artista pl\u00e1stico Ant\u00f3nio Palmeira, IPDJ Leiria. <\/p>\n\n\n\n<p>Oficina Multim\u00e9dia, professores Maria Kowalski e Rui Gaspar<\/p>\n\n\n\n<figure class=\"wp-block-gallery has-nested-images columns-default is-cropped wp-block-gallery-1 is-layout-flex wp-block-gallery-is-layout-flex\">\n<figure class=\"wp-block-image size-large\"><img loading=\"lazy\" decoding=\"async\" width=\"1024\" height=\"681\" data-id=\"1129\" src=\"https:\/\/sites.ipleiria.pt\/isd\/files\/2023\/02\/DSC08289-1024x681.jpg\" alt=\"\" class=\"wp-image-1129\" srcset=\"https:\/\/sites.ipleiria.pt\/isd\/files\/2023\/02\/DSC08289-1024x681.jpg 1024w, https:\/\/sites.ipleiria.pt\/isd\/files\/2023\/02\/DSC08289-300x200.jpg 300w, https:\/\/sites.ipleiria.pt\/isd\/files\/2023\/02\/DSC08289-768x511.jpg 768w, https:\/\/sites.ipleiria.pt\/isd\/files\/2023\/02\/DSC08289-1536x1022.jpg 1536w, https:\/\/sites.ipleiria.pt\/isd\/files\/2023\/02\/DSC08289-2048x1363.jpg 2048w, https:\/\/sites.ipleiria.pt\/isd\/files\/2023\/02\/DSC08289-1200x799.jpg 1200w\" sizes=\"auto, (max-width: 709px) 85vw, (max-width: 909px) 67vw, (max-width: 1362px) 62vw, 840px\" \/><\/figure>\n\n\n\n<figure class=\"wp-block-image size-large\"><img loading=\"lazy\" decoding=\"async\" width=\"1024\" height=\"681\" data-id=\"1131\" src=\"https:\/\/sites.ipleiria.pt\/isd\/files\/2023\/02\/DSC08290-1024x681.jpg\" alt=\"\" class=\"wp-image-1131\" srcset=\"https:\/\/sites.ipleiria.pt\/isd\/files\/2023\/02\/DSC08290-1024x681.jpg 1024w, https:\/\/sites.ipleiria.pt\/isd\/files\/2023\/02\/DSC08290-300x200.jpg 300w, https:\/\/sites.ipleiria.pt\/isd\/files\/2023\/02\/DSC08290-768x511.jpg 768w, https:\/\/sites.ipleiria.pt\/isd\/files\/2023\/02\/DSC08290-1536x1022.jpg 1536w, https:\/\/sites.ipleiria.pt\/isd\/files\/2023\/02\/DSC08290-2048x1363.jpg 2048w, https:\/\/sites.ipleiria.pt\/isd\/files\/2023\/02\/DSC08290-1200x799.jpg 1200w\" sizes=\"auto, (max-width: 709px) 85vw, (max-width: 909px) 67vw, (max-width: 1362px) 62vw, 840px\" \/><\/figure>\n\n\n\n<figure class=\"wp-block-image size-large\"><img loading=\"lazy\" decoding=\"async\" width=\"1024\" height=\"681\" data-id=\"1123\" src=\"https:\/\/sites.ipleiria.pt\/isd\/files\/2023\/02\/DSC08291-1024x681.jpg\" alt=\"\" class=\"wp-image-1123\" srcset=\"https:\/\/sites.ipleiria.pt\/isd\/files\/2023\/02\/DSC08291-1024x681.jpg 1024w, https:\/\/sites.ipleiria.pt\/isd\/files\/2023\/02\/DSC08291-300x200.jpg 300w, https:\/\/sites.ipleiria.pt\/isd\/files\/2023\/02\/DSC08291-768x511.jpg 768w, https:\/\/sites.ipleiria.pt\/isd\/files\/2023\/02\/DSC08291-1536x1022.jpg 1536w, https:\/\/sites.ipleiria.pt\/isd\/files\/2023\/02\/DSC08291-2048x1363.jpg 2048w, https:\/\/sites.ipleiria.pt\/isd\/files\/2023\/02\/DSC08291-1200x799.jpg 1200w\" sizes=\"auto, (max-width: 709px) 85vw, (max-width: 909px) 67vw, (max-width: 1362px) 62vw, 840px\" \/><\/figure>\n\n\n\n<figure class=\"wp-block-image size-large\"><img loading=\"lazy\" decoding=\"async\" width=\"1024\" height=\"681\" data-id=\"1128\" src=\"https:\/\/sites.ipleiria.pt\/isd\/files\/2023\/02\/DSC08292-1024x681.jpg\" alt=\"\" class=\"wp-image-1128\" srcset=\"https:\/\/sites.ipleiria.pt\/isd\/files\/2023\/02\/DSC08292-1024x681.jpg 1024w, https:\/\/sites.ipleiria.pt\/isd\/files\/2023\/02\/DSC08292-300x200.jpg 300w, https:\/\/sites.ipleiria.pt\/isd\/files\/2023\/02\/DSC08292-768x511.jpg 768w, https:\/\/sites.ipleiria.pt\/isd\/files\/2023\/02\/DSC08292-1536x1022.jpg 1536w, https:\/\/sites.ipleiria.pt\/isd\/files\/2023\/02\/DSC08292-2048x1363.jpg 2048w, https:\/\/sites.ipleiria.pt\/isd\/files\/2023\/02\/DSC08292-1200x799.jpg 1200w\" sizes=\"auto, (max-width: 709px) 85vw, (max-width: 909px) 67vw, (max-width: 1362px) 62vw, 840px\" \/><\/figure>\n\n\n\n<figure class=\"wp-block-image size-large\"><img loading=\"lazy\" decoding=\"async\" width=\"1024\" height=\"681\" data-id=\"1130\" src=\"https:\/\/sites.ipleiria.pt\/isd\/files\/2023\/02\/DSC08293-1024x681.jpg\" alt=\"\" class=\"wp-image-1130\" srcset=\"https:\/\/sites.ipleiria.pt\/isd\/files\/2023\/02\/DSC08293-1024x681.jpg 1024w, https:\/\/sites.ipleiria.pt\/isd\/files\/2023\/02\/DSC08293-300x200.jpg 300w, https:\/\/sites.ipleiria.pt\/isd\/files\/2023\/02\/DSC08293-768x511.jpg 768w, https:\/\/sites.ipleiria.pt\/isd\/files\/2023\/02\/DSC08293-1536x1022.jpg 1536w, https:\/\/sites.ipleiria.pt\/isd\/files\/2023\/02\/DSC08293-2048x1363.jpg 2048w, https:\/\/sites.ipleiria.pt\/isd\/files\/2023\/02\/DSC08293-1200x799.jpg 1200w\" sizes=\"auto, (max-width: 709px) 85vw, (max-width: 909px) 67vw, (max-width: 1362px) 62vw, 840px\" \/><\/figure>\n\n\n\n<figure class=\"wp-block-image size-large\"><img loading=\"lazy\" decoding=\"async\" width=\"1024\" height=\"681\" data-id=\"1124\" src=\"https:\/\/sites.ipleiria.pt\/isd\/files\/2023\/02\/DSC08295-1024x681.jpg\" alt=\"\" class=\"wp-image-1124\" srcset=\"https:\/\/sites.ipleiria.pt\/isd\/files\/2023\/02\/DSC08295-1024x681.jpg 1024w, https:\/\/sites.ipleiria.pt\/isd\/files\/2023\/02\/DSC08295-300x200.jpg 300w, https:\/\/sites.ipleiria.pt\/isd\/files\/2023\/02\/DSC08295-768x511.jpg 768w, https:\/\/sites.ipleiria.pt\/isd\/files\/2023\/02\/DSC08295-1536x1022.jpg 1536w, https:\/\/sites.ipleiria.pt\/isd\/files\/2023\/02\/DSC08295-2048x1363.jpg 2048w, https:\/\/sites.ipleiria.pt\/isd\/files\/2023\/02\/DSC08295-1200x799.jpg 1200w\" sizes=\"auto, (max-width: 709px) 85vw, (max-width: 909px) 67vw, (max-width: 1362px) 62vw, 840px\" \/><\/figure>\n\n\n\n<figure class=\"wp-block-image size-large\"><img loading=\"lazy\" decoding=\"async\" width=\"1024\" height=\"681\" data-id=\"1126\" src=\"https:\/\/sites.ipleiria.pt\/isd\/files\/2023\/02\/DSC08297-1024x681.jpg\" alt=\"\" class=\"wp-image-1126\" srcset=\"https:\/\/sites.ipleiria.pt\/isd\/files\/2023\/02\/DSC08297-1024x681.jpg 1024w, https:\/\/sites.ipleiria.pt\/isd\/files\/2023\/02\/DSC08297-300x200.jpg 300w, https:\/\/sites.ipleiria.pt\/isd\/files\/2023\/02\/DSC08297-768x511.jpg 768w, https:\/\/sites.ipleiria.pt\/isd\/files\/2023\/02\/DSC08297-1536x1022.jpg 1536w, https:\/\/sites.ipleiria.pt\/isd\/files\/2023\/02\/DSC08297-2048x1363.jpg 2048w, https:\/\/sites.ipleiria.pt\/isd\/files\/2023\/02\/DSC08297-1200x799.jpg 1200w\" sizes=\"auto, (max-width: 709px) 85vw, (max-width: 909px) 67vw, (max-width: 1362px) 62vw, 840px\" \/><\/figure>\n\n\n\n<figure class=\"wp-block-image size-large\"><img loading=\"lazy\" decoding=\"async\" width=\"1024\" height=\"681\" data-id=\"1125\" src=\"https:\/\/sites.ipleiria.pt\/isd\/files\/2023\/02\/DSC08298-1024x681.jpg\" alt=\"\" class=\"wp-image-1125\" srcset=\"https:\/\/sites.ipleiria.pt\/isd\/files\/2023\/02\/DSC08298-1024x681.jpg 1024w, https:\/\/sites.ipleiria.pt\/isd\/files\/2023\/02\/DSC08298-300x200.jpg 300w, https:\/\/sites.ipleiria.pt\/isd\/files\/2023\/02\/DSC08298-768x511.jpg 768w, https:\/\/sites.ipleiria.pt\/isd\/files\/2023\/02\/DSC08298-1536x1022.jpg 1536w, https:\/\/sites.ipleiria.pt\/isd\/files\/2023\/02\/DSC08298-2048x1363.jpg 2048w, https:\/\/sites.ipleiria.pt\/isd\/files\/2023\/02\/DSC08298-1200x799.jpg 1200w\" sizes=\"auto, (max-width: 709px) 85vw, (max-width: 909px) 67vw, (max-width: 1362px) 62vw, 840px\" \/><\/figure>\n\n\n\n<figure class=\"wp-block-image size-large\"><img loading=\"lazy\" decoding=\"async\" width=\"1024\" height=\"681\" data-id=\"1127\" src=\"https:\/\/sites.ipleiria.pt\/isd\/files\/2023\/02\/DSC08299-1024x681.jpg\" alt=\"\" class=\"wp-image-1127\" srcset=\"https:\/\/sites.ipleiria.pt\/isd\/files\/2023\/02\/DSC08299-1024x681.jpg 1024w, https:\/\/sites.ipleiria.pt\/isd\/files\/2023\/02\/DSC08299-300x200.jpg 300w, https:\/\/sites.ipleiria.pt\/isd\/files\/2023\/02\/DSC08299-768x511.jpg 768w, https:\/\/sites.ipleiria.pt\/isd\/files\/2023\/02\/DSC08299-1536x1022.jpg 1536w, https:\/\/sites.ipleiria.pt\/isd\/files\/2023\/02\/DSC08299-2048x1363.jpg 2048w, https:\/\/sites.ipleiria.pt\/isd\/files\/2023\/02\/DSC08299-1200x799.jpg 1200w\" sizes=\"auto, (max-width: 709px) 85vw, (max-width: 909px) 67vw, (max-width: 1362px) 62vw, 840px\" \/><\/figure>\n\n\n\n<figure class=\"wp-block-image size-large\"><img loading=\"lazy\" decoding=\"async\" width=\"1024\" height=\"681\" data-id=\"1132\" src=\"https:\/\/sites.ipleiria.pt\/isd\/files\/2023\/02\/DSC08300-1024x681.jpg\" alt=\"\" class=\"wp-image-1132\" srcset=\"https:\/\/sites.ipleiria.pt\/isd\/files\/2023\/02\/DSC08300-1024x681.jpg 1024w, https:\/\/sites.ipleiria.pt\/isd\/files\/2023\/02\/DSC08300-300x200.jpg 300w, https:\/\/sites.ipleiria.pt\/isd\/files\/2023\/02\/DSC08300-768x511.jpg 768w, https:\/\/sites.ipleiria.pt\/isd\/files\/2023\/02\/DSC08300-1536x1022.jpg 1536w, https:\/\/sites.ipleiria.pt\/isd\/files\/2023\/02\/DSC08300-2048x1363.jpg 2048w, https:\/\/sites.ipleiria.pt\/isd\/files\/2023\/02\/DSC08300-1200x799.jpg 1200w\" sizes=\"auto, (max-width: 709px) 85vw, (max-width: 909px) 67vw, (max-width: 1362px) 62vw, 840px\" \/><\/figure>\n<\/figure>\n","protected":false},"excerpt":{"rendered":"<p>Atelier de Light Painting, dinamizado pelo artista pl\u00e1stico Ant\u00f3nio Palmeira, IPDJ Leiria. Oficina Multim\u00e9dia, professores Maria Kowalski e Rui Gaspar<\/p>\n","protected":false},"author":2694,"featured_media":0,"parent":0,"menu_order":0,"comment_status":"closed","ping_status":"closed","template":"","meta":{"footnotes":""},"class_list":["post-1122","page","type-page","status-publish","hentry"],"_links":{"self":[{"href":"https:\/\/sites.ipleiria.pt\/isd\/wp-json\/wp\/v2\/pages\/1122","targetHints":{"allow":["GET"]}}],"collection":[{"href":"https:\/\/sites.ipleiria.pt\/isd\/wp-json\/wp\/v2\/pages"}],"about":[{"href":"https:\/\/sites.ipleiria.pt\/isd\/wp-json\/wp\/v2\/types\/page"}],"author":[{"embeddable":true,"href":"https:\/\/sites.ipleiria.pt\/isd\/wp-json\/wp\/v2\/users\/2694"}],"replies":[{"embeddable":true,"href":"https:\/\/sites.ipleiria.pt\/isd\/wp-json\/wp\/v2\/comments?post=1122"}],"version-history":[{"count":1,"href":"https:\/\/sites.ipleiria.pt\/isd\/wp-json\/wp\/v2\/pages\/1122\/revisions"}],"predecessor-version":[{"id":1136,"href":"https:\/\/sites.ipleiria.pt\/isd\/wp-json\/wp\/v2\/pages\/1122\/revisions\/1136"}],"wp:attachment":[{"href":"https:\/\/sites.ipleiria.pt\/isd\/wp-json\/wp\/v2\/media?parent=1122"}],"curies":[{"name":"wp","href":"https:\/\/api.w.org\/{rel}","templated":true}]}}