{"id":1137,"date":"2023-02-14T14:40:51","date_gmt":"2023-02-14T14:40:51","guid":{"rendered":"https:\/\/sites.ipleiria.pt\/isd\/?page_id=1137"},"modified":"2023-02-14T14:42:08","modified_gmt":"2023-02-14T14:42:08","slug":"frida-khalo-gustav-klimt-e-monet-exposicao-imersiva","status":"publish","type":"page","link":"https:\/\/sites.ipleiria.pt\/isd\/frida-khalo-gustav-klimt-e-monet-exposicao-imersiva\/","title":{"rendered":"Frida Khalo, Gustav Klimt e Monet &#8211; exposi\u00e7\u00e3o imersiva"},"content":{"rendered":"\n<p>Visita de estudo \u00e0s exposi\u00e7\u00f5es imersivas: Frida Khalo &#8211; A vida de um \u00edcone, Impressive Monet e Brilliant Klimt, na Alf\u00e2ndega do Porto, Immersivus Gallery <\/p>\n\n\n\n<p>No \u00e2mbito da Oficina Multim\u00e9dia<\/p>\n\n\n\n<figure class=\"wp-block-gallery has-nested-images columns-default is-cropped wp-block-gallery-1 is-layout-flex wp-block-gallery-is-layout-flex\">\n<figure class=\"wp-block-image size-large\"><img loading=\"lazy\" decoding=\"async\" width=\"1024\" height=\"682\" data-id=\"1142\" src=\"https:\/\/sites.ipleiria.pt\/isd\/files\/2023\/02\/Captura-de-ecra\u0303-2023-02-14-a\u0300s-14.31.48-1024x682.png\" alt=\"\" class=\"wp-image-1142\" srcset=\"https:\/\/sites.ipleiria.pt\/isd\/files\/2023\/02\/Captura-de-ecra\u0303-2023-02-14-a\u0300s-14.31.48-1024x682.png 1024w, https:\/\/sites.ipleiria.pt\/isd\/files\/2023\/02\/Captura-de-ecra\u0303-2023-02-14-a\u0300s-14.31.48-300x200.png 300w, https:\/\/sites.ipleiria.pt\/isd\/files\/2023\/02\/Captura-de-ecra\u0303-2023-02-14-a\u0300s-14.31.48-768x512.png 768w, https:\/\/sites.ipleiria.pt\/isd\/files\/2023\/02\/Captura-de-ecra\u0303-2023-02-14-a\u0300s-14.31.48.png 1037w\" sizes=\"auto, (max-width: 709px) 85vw, (max-width: 909px) 67vw, (max-width: 1362px) 62vw, 840px\" \/><figcaption>\u00a9Porto.pt<\/figcaption><\/figure>\n\n\n\n<figure class=\"wp-block-image size-large\"><img loading=\"lazy\" decoding=\"async\" width=\"755\" height=\"470\" data-id=\"1141\" src=\"https:\/\/sites.ipleiria.pt\/isd\/files\/2023\/02\/FRIDA_755x470.jpg\" alt=\"\" class=\"wp-image-1141\" srcset=\"https:\/\/sites.ipleiria.pt\/isd\/files\/2023\/02\/FRIDA_755x470.jpg 755w, https:\/\/sites.ipleiria.pt\/isd\/files\/2023\/02\/FRIDA_755x470-300x187.jpg 300w\" sizes=\"auto, (max-width: 755px) 85vw, 755px\" \/><\/figure>\n\n\n\n<figure class=\"wp-block-image size-large\"><img loading=\"lazy\" decoding=\"async\" width=\"550\" height=\"420\" data-id=\"1138\" src=\"https:\/\/sites.ipleiria.pt\/isd\/files\/2023\/02\/galeria_alf2_immersivus_gallery_iii.550x420.jpg\" alt=\"\" class=\"wp-image-1138\" srcset=\"https:\/\/sites.ipleiria.pt\/isd\/files\/2023\/02\/galeria_alf2_immersivus_gallery_iii.550x420.jpg 550w, https:\/\/sites.ipleiria.pt\/isd\/files\/2023\/02\/galeria_alf2_immersivus_gallery_iii.550x420-300x229.jpg 300w\" sizes=\"auto, (max-width: 550px) 85vw, 550px\" \/><\/figure>\n\n\n\n<figure class=\"wp-block-image size-large\"><img loading=\"lazy\" decoding=\"async\" width=\"1024\" height=\"684\" data-id=\"1140\" src=\"https:\/\/sites.ipleiria.pt\/isd\/files\/2023\/02\/image-1024x684.jpg\" alt=\"\" class=\"wp-image-1140\" srcset=\"https:\/\/sites.ipleiria.pt\/isd\/files\/2023\/02\/image-1024x684.jpg 1024w, https:\/\/sites.ipleiria.pt\/isd\/files\/2023\/02\/image-300x200.jpg 300w, https:\/\/sites.ipleiria.pt\/isd\/files\/2023\/02\/image-768x513.jpg 768w, https:\/\/sites.ipleiria.pt\/isd\/files\/2023\/02\/image-1536x1026.jpg 1536w, https:\/\/sites.ipleiria.pt\/isd\/files\/2023\/02\/image-1200x801.jpg 1200w, https:\/\/sites.ipleiria.pt\/isd\/files\/2023\/02\/image.jpg 1920w\" sizes=\"auto, (max-width: 709px) 85vw, (max-width: 909px) 67vw, (max-width: 1362px) 62vw, 840px\" \/><figcaption>\u00a9Jornal de Not\u00edcias<\/figcaption><\/figure>\n\n\n\n<figure class=\"wp-block-image size-large\"><img loading=\"lazy\" decoding=\"async\" width=\"1024\" height=\"683\" data-id=\"1139\" src=\"https:\/\/sites.ipleiria.pt\/isd\/files\/2023\/02\/impressive-monet-and-brilliant-klimt-1024x683.jpg\" alt=\"\" class=\"wp-image-1139\" srcset=\"https:\/\/sites.ipleiria.pt\/isd\/files\/2023\/02\/impressive-monet-and-brilliant-klimt-1024x683.jpg 1024w, https:\/\/sites.ipleiria.pt\/isd\/files\/2023\/02\/impressive-monet-and-brilliant-klimt-300x200.jpg 300w, https:\/\/sites.ipleiria.pt\/isd\/files\/2023\/02\/impressive-monet-and-brilliant-klimt-768x512.jpg 768w, https:\/\/sites.ipleiria.pt\/isd\/files\/2023\/02\/impressive-monet-and-brilliant-klimt.jpg 1200w\" sizes=\"auto, (max-width: 709px) 85vw, (max-width: 909px) 67vw, (max-width: 1362px) 62vw, 840px\" \/><figcaption>\u00a9Porto secreto<\/figcaption><\/figure>\n\n\n\n<figure class=\"wp-block-image size-large\"><img loading=\"lazy\" decoding=\"async\" width=\"931\" height=\"698\" data-id=\"1143\" src=\"https:\/\/sites.ipleiria.pt\/isd\/files\/2023\/02\/Captura-de-ecra\u0303-2023-02-14-a\u0300s-14.35.36-1.png\" alt=\"\" class=\"wp-image-1143\" srcset=\"https:\/\/sites.ipleiria.pt\/isd\/files\/2023\/02\/Captura-de-ecra\u0303-2023-02-14-a\u0300s-14.35.36-1.png 931w, https:\/\/sites.ipleiria.pt\/isd\/files\/2023\/02\/Captura-de-ecra\u0303-2023-02-14-a\u0300s-14.35.36-1-300x225.png 300w, https:\/\/sites.ipleiria.pt\/isd\/files\/2023\/02\/Captura-de-ecra\u0303-2023-02-14-a\u0300s-14.35.36-1-768x576.png 768w\" sizes=\"auto, (max-width: 709px) 85vw, (max-width: 909px) 67vw, (max-width: 1362px) 62vw, 840px\" \/><figcaption>\u00a9proximArte<\/figcaption><\/figure>\n<\/figure>\n","protected":false},"excerpt":{"rendered":"<p>Visita de estudo \u00e0s exposi\u00e7\u00f5es imersivas: Frida Khalo &#8211; A vida de um \u00edcone, Impressive Monet e Brilliant Klimt, na Alf\u00e2ndega do Porto, Immersivus Gallery No \u00e2mbito da Oficina Multim\u00e9dia<\/p>\n","protected":false},"author":2694,"featured_media":0,"parent":0,"menu_order":0,"comment_status":"closed","ping_status":"closed","template":"","meta":{"footnotes":""},"class_list":["post-1137","page","type-page","status-publish","hentry"],"_links":{"self":[{"href":"https:\/\/sites.ipleiria.pt\/isd\/wp-json\/wp\/v2\/pages\/1137","targetHints":{"allow":["GET"]}}],"collection":[{"href":"https:\/\/sites.ipleiria.pt\/isd\/wp-json\/wp\/v2\/pages"}],"about":[{"href":"https:\/\/sites.ipleiria.pt\/isd\/wp-json\/wp\/v2\/types\/page"}],"author":[{"embeddable":true,"href":"https:\/\/sites.ipleiria.pt\/isd\/wp-json\/wp\/v2\/users\/2694"}],"replies":[{"embeddable":true,"href":"https:\/\/sites.ipleiria.pt\/isd\/wp-json\/wp\/v2\/comments?post=1137"}],"version-history":[{"count":2,"href":"https:\/\/sites.ipleiria.pt\/isd\/wp-json\/wp\/v2\/pages\/1137\/revisions"}],"predecessor-version":[{"id":1148,"href":"https:\/\/sites.ipleiria.pt\/isd\/wp-json\/wp\/v2\/pages\/1137\/revisions\/1148"}],"wp:attachment":[{"href":"https:\/\/sites.ipleiria.pt\/isd\/wp-json\/wp\/v2\/media?parent=1137"}],"curies":[{"name":"wp","href":"https:\/\/api.w.org\/{rel}","templated":true}]}}