{"id":1155,"date":"2023-03-21T11:16:15","date_gmt":"2023-03-21T11:16:15","guid":{"rendered":"https:\/\/sites.ipleiria.pt\/isd\/?page_id=1155"},"modified":"2023-03-21T11:16:15","modified_gmt":"2023-03-21T11:16:15","slug":"visita-a-radio-iplay","status":"publish","type":"page","link":"https:\/\/sites.ipleiria.pt\/isd\/visita-a-radio-iplay\/","title":{"rendered":"Visita \u00e0 R\u00e1dio IPLay"},"content":{"rendered":"\n<p>Visita e experimenta\u00e7\u00e3o radionf\u00f3nica no \u00e2mbito da UC Oficina Multim\u00e9dia.<\/p>\n\n\n\n<figure class=\"wp-block-gallery has-nested-images columns-1 is-cropped wp-block-gallery-1 is-layout-flex wp-block-gallery-is-layout-flex\">\n<figure class=\"wp-block-image size-large\"><img loading=\"lazy\" decoding=\"async\" width=\"1024\" height=\"576\" data-id=\"1161\" src=\"https:\/\/sites.ipleiria.pt\/isd\/files\/2023\/03\/IMG-20230321-WA0000-1-1024x576.jpg\" alt=\"\" class=\"wp-image-1161\" srcset=\"https:\/\/sites.ipleiria.pt\/isd\/files\/2023\/03\/IMG-20230321-WA0000-1-1024x576.jpg 1024w, https:\/\/sites.ipleiria.pt\/isd\/files\/2023\/03\/IMG-20230321-WA0000-1-300x169.jpg 300w, https:\/\/sites.ipleiria.pt\/isd\/files\/2023\/03\/IMG-20230321-WA0000-1-768x432.jpg 768w, https:\/\/sites.ipleiria.pt\/isd\/files\/2023\/03\/IMG-20230321-WA0000-1-1536x864.jpg 1536w, https:\/\/sites.ipleiria.pt\/isd\/files\/2023\/03\/IMG-20230321-WA0000-1-1200x675.jpg 1200w, https:\/\/sites.ipleiria.pt\/isd\/files\/2023\/03\/IMG-20230321-WA0000-1.jpg 2048w\" sizes=\"auto, (max-width: 709px) 85vw, (max-width: 909px) 67vw, (max-width: 1362px) 62vw, 840px\" \/><\/figure>\n\n\n\n<figure class=\"wp-block-image size-large\"><img loading=\"lazy\" decoding=\"async\" width=\"1024\" height=\"576\" data-id=\"1160\" src=\"https:\/\/sites.ipleiria.pt\/isd\/files\/2023\/03\/IMG-20230321-WA0001-1-1024x576.jpg\" alt=\"\" class=\"wp-image-1160\" srcset=\"https:\/\/sites.ipleiria.pt\/isd\/files\/2023\/03\/IMG-20230321-WA0001-1-1024x576.jpg 1024w, https:\/\/sites.ipleiria.pt\/isd\/files\/2023\/03\/IMG-20230321-WA0001-1-300x169.jpg 300w, https:\/\/sites.ipleiria.pt\/isd\/files\/2023\/03\/IMG-20230321-WA0001-1-768x432.jpg 768w, https:\/\/sites.ipleiria.pt\/isd\/files\/2023\/03\/IMG-20230321-WA0001-1-1536x864.jpg 1536w, https:\/\/sites.ipleiria.pt\/isd\/files\/2023\/03\/IMG-20230321-WA0001-1-1200x675.jpg 1200w, https:\/\/sites.ipleiria.pt\/isd\/files\/2023\/03\/IMG-20230321-WA0001-1.jpg 2048w\" sizes=\"auto, (max-width: 709px) 85vw, (max-width: 909px) 67vw, (max-width: 1362px) 62vw, 840px\" \/><\/figure>\n\n\n\n<figure class=\"wp-block-image size-large\"><img loading=\"lazy\" decoding=\"async\" width=\"1024\" height=\"576\" data-id=\"1159\" src=\"https:\/\/sites.ipleiria.pt\/isd\/files\/2023\/03\/IMG-20230321-WA0002-1-1024x576.jpg\" alt=\"\" class=\"wp-image-1159\" srcset=\"https:\/\/sites.ipleiria.pt\/isd\/files\/2023\/03\/IMG-20230321-WA0002-1-1024x576.jpg 1024w, https:\/\/sites.ipleiria.pt\/isd\/files\/2023\/03\/IMG-20230321-WA0002-1-300x169.jpg 300w, https:\/\/sites.ipleiria.pt\/isd\/files\/2023\/03\/IMG-20230321-WA0002-1-768x432.jpg 768w, https:\/\/sites.ipleiria.pt\/isd\/files\/2023\/03\/IMG-20230321-WA0002-1-1536x864.jpg 1536w, https:\/\/sites.ipleiria.pt\/isd\/files\/2023\/03\/IMG-20230321-WA0002-1-1200x675.jpg 1200w, https:\/\/sites.ipleiria.pt\/isd\/files\/2023\/03\/IMG-20230321-WA0002-1.jpg 2048w\" sizes=\"auto, (max-width: 709px) 85vw, (max-width: 909px) 67vw, (max-width: 1362px) 62vw, 840px\" \/><\/figure>\n<\/figure>\n","protected":false},"excerpt":{"rendered":"<p>Visita e experimenta\u00e7\u00e3o radionf\u00f3nica no \u00e2mbito da UC Oficina Multim\u00e9dia.<\/p>\n","protected":false},"author":2694,"featured_media":0,"parent":0,"menu_order":0,"comment_status":"closed","ping_status":"closed","template":"","meta":{"footnotes":""},"class_list":["post-1155","page","type-page","status-publish","hentry"],"_links":{"self":[{"href":"https:\/\/sites.ipleiria.pt\/isd\/wp-json\/wp\/v2\/pages\/1155","targetHints":{"allow":["GET"]}}],"collection":[{"href":"https:\/\/sites.ipleiria.pt\/isd\/wp-json\/wp\/v2\/pages"}],"about":[{"href":"https:\/\/sites.ipleiria.pt\/isd\/wp-json\/wp\/v2\/types\/page"}],"author":[{"embeddable":true,"href":"https:\/\/sites.ipleiria.pt\/isd\/wp-json\/wp\/v2\/users\/2694"}],"replies":[{"embeddable":true,"href":"https:\/\/sites.ipleiria.pt\/isd\/wp-json\/wp\/v2\/comments?post=1155"}],"version-history":[{"count":1,"href":"https:\/\/sites.ipleiria.pt\/isd\/wp-json\/wp\/v2\/pages\/1155\/revisions"}],"predecessor-version":[{"id":1165,"href":"https:\/\/sites.ipleiria.pt\/isd\/wp-json\/wp\/v2\/pages\/1155\/revisions\/1165"}],"wp:attachment":[{"href":"https:\/\/sites.ipleiria.pt\/isd\/wp-json\/wp\/v2\/media?parent=1155"}],"curies":[{"name":"wp","href":"https:\/\/api.w.org\/{rel}","templated":true}]}}