{"id":1172,"date":"2023-07-12T11:44:23","date_gmt":"2023-07-12T11:44:23","guid":{"rendered":"https:\/\/sites.ipleiria.pt\/isd\/?page_id=1172"},"modified":"2023-07-12T12:01:47","modified_gmt":"2023-07-12T12:01:47","slug":"trabalho-final","status":"publish","type":"page","link":"https:\/\/sites.ipleiria.pt\/isd\/trabalho-final\/","title":{"rendered":"Gest\u00e3o e Programa\u00e7\u00e3o de Eventos"},"content":{"rendered":"\n<p>Projeto final no \u00e2mbito da UC Gest\u00e3o e Programa\u00e7\u00e3o de Eventos<\/p>\n\n\n\n<figure class=\"wp-block-gallery has-nested-images columns-1 wp-block-gallery-1 is-layout-flex wp-block-gallery-is-layout-flex\">\n<figure class=\"wp-block-image size-large\"><img loading=\"lazy\" decoding=\"async\" width=\"1024\" height=\"461\" data-id=\"1182\" src=\"https:\/\/sites.ipleiria.pt\/isd\/files\/2023\/07\/IMG_20230531_115827-1-1024x461.jpg\" alt=\"\" class=\"wp-image-1182\" srcset=\"https:\/\/sites.ipleiria.pt\/isd\/files\/2023\/07\/IMG_20230531_115827-1-1024x461.jpg 1024w, https:\/\/sites.ipleiria.pt\/isd\/files\/2023\/07\/IMG_20230531_115827-1-300x135.jpg 300w, https:\/\/sites.ipleiria.pt\/isd\/files\/2023\/07\/IMG_20230531_115827-1-768x345.jpg 768w, https:\/\/sites.ipleiria.pt\/isd\/files\/2023\/07\/IMG_20230531_115827-1-1536x691.jpg 1536w, https:\/\/sites.ipleiria.pt\/isd\/files\/2023\/07\/IMG_20230531_115827-1-2048x921.jpg 2048w, https:\/\/sites.ipleiria.pt\/isd\/files\/2023\/07\/IMG_20230531_115827-1-1200x540.jpg 1200w\" sizes=\"auto, (max-width: 709px) 85vw, (max-width: 909px) 67vw, (max-width: 1362px) 62vw, 840px\" \/><\/figure>\n\n\n\n<figure class=\"wp-block-image size-large\"><img loading=\"lazy\" decoding=\"async\" width=\"1024\" height=\"461\" data-id=\"1185\" src=\"https:\/\/sites.ipleiria.pt\/isd\/files\/2023\/07\/IMG_20230531_120826-1024x461.jpg\" alt=\"\" class=\"wp-image-1185\" srcset=\"https:\/\/sites.ipleiria.pt\/isd\/files\/2023\/07\/IMG_20230531_120826-1024x461.jpg 1024w, https:\/\/sites.ipleiria.pt\/isd\/files\/2023\/07\/IMG_20230531_120826-300x135.jpg 300w, https:\/\/sites.ipleiria.pt\/isd\/files\/2023\/07\/IMG_20230531_120826-768x345.jpg 768w, https:\/\/sites.ipleiria.pt\/isd\/files\/2023\/07\/IMG_20230531_120826-1536x691.jpg 1536w, https:\/\/sites.ipleiria.pt\/isd\/files\/2023\/07\/IMG_20230531_120826-2048x921.jpg 2048w, https:\/\/sites.ipleiria.pt\/isd\/files\/2023\/07\/IMG_20230531_120826-1200x540.jpg 1200w\" sizes=\"auto, (max-width: 709px) 85vw, (max-width: 909px) 67vw, (max-width: 1362px) 62vw, 840px\" \/><\/figure>\n\n\n\n<figure class=\"wp-block-image size-large\"><img loading=\"lazy\" decoding=\"async\" width=\"1024\" height=\"461\" data-id=\"1187\" src=\"https:\/\/sites.ipleiria.pt\/isd\/files\/2023\/07\/IMG_20230531_121040-1-1024x461.jpg\" alt=\"\" class=\"wp-image-1187\" srcset=\"https:\/\/sites.ipleiria.pt\/isd\/files\/2023\/07\/IMG_20230531_121040-1-1024x461.jpg 1024w, https:\/\/sites.ipleiria.pt\/isd\/files\/2023\/07\/IMG_20230531_121040-1-300x135.jpg 300w, https:\/\/sites.ipleiria.pt\/isd\/files\/2023\/07\/IMG_20230531_121040-1-768x345.jpg 768w, https:\/\/sites.ipleiria.pt\/isd\/files\/2023\/07\/IMG_20230531_121040-1-1536x691.jpg 1536w, https:\/\/sites.ipleiria.pt\/isd\/files\/2023\/07\/IMG_20230531_121040-1-2048x921.jpg 2048w, https:\/\/sites.ipleiria.pt\/isd\/files\/2023\/07\/IMG_20230531_121040-1-1200x540.jpg 1200w\" sizes=\"auto, (max-width: 709px) 85vw, (max-width: 909px) 67vw, (max-width: 1362px) 62vw, 840px\" \/><\/figure>\n\n\n\n<figure class=\"wp-block-image size-large\"><img loading=\"lazy\" decoding=\"async\" width=\"1024\" height=\"461\" data-id=\"1184\" src=\"https:\/\/sites.ipleiria.pt\/isd\/files\/2023\/07\/IMG_20230531_123114-1024x461.jpg\" alt=\"\" class=\"wp-image-1184\" srcset=\"https:\/\/sites.ipleiria.pt\/isd\/files\/2023\/07\/IMG_20230531_123114-1024x461.jpg 1024w, https:\/\/sites.ipleiria.pt\/isd\/files\/2023\/07\/IMG_20230531_123114-300x135.jpg 300w, https:\/\/sites.ipleiria.pt\/isd\/files\/2023\/07\/IMG_20230531_123114-768x345.jpg 768w, https:\/\/sites.ipleiria.pt\/isd\/files\/2023\/07\/IMG_20230531_123114-1536x691.jpg 1536w, https:\/\/sites.ipleiria.pt\/isd\/files\/2023\/07\/IMG_20230531_123114-2048x921.jpg 2048w, https:\/\/sites.ipleiria.pt\/isd\/files\/2023\/07\/IMG_20230531_123114-1200x540.jpg 1200w\" sizes=\"auto, (max-width: 709px) 85vw, (max-width: 909px) 67vw, (max-width: 1362px) 62vw, 840px\" \/><\/figure>\n\n\n\n<figure class=\"wp-block-image size-large\"><img loading=\"lazy\" decoding=\"async\" width=\"1024\" height=\"461\" data-id=\"1183\" src=\"https:\/\/sites.ipleiria.pt\/isd\/files\/2023\/07\/IMG_20230531_124239-1024x461.jpg\" alt=\"\" class=\"wp-image-1183\" srcset=\"https:\/\/sites.ipleiria.pt\/isd\/files\/2023\/07\/IMG_20230531_124239-1024x461.jpg 1024w, https:\/\/sites.ipleiria.pt\/isd\/files\/2023\/07\/IMG_20230531_124239-300x135.jpg 300w, https:\/\/sites.ipleiria.pt\/isd\/files\/2023\/07\/IMG_20230531_124239-768x345.jpg 768w, https:\/\/sites.ipleiria.pt\/isd\/files\/2023\/07\/IMG_20230531_124239-1536x691.jpg 1536w, https:\/\/sites.ipleiria.pt\/isd\/files\/2023\/07\/IMG_20230531_124239-2048x921.jpg 2048w, https:\/\/sites.ipleiria.pt\/isd\/files\/2023\/07\/IMG_20230531_124239-1200x540.jpg 1200w\" sizes=\"auto, (max-width: 709px) 85vw, (max-width: 909px) 67vw, (max-width: 1362px) 62vw, 840px\" \/><\/figure>\n\n\n\n<figure class=\"wp-block-image size-large\"><img loading=\"lazy\" decoding=\"async\" width=\"1024\" height=\"461\" data-id=\"1188\" src=\"https:\/\/sites.ipleiria.pt\/isd\/files\/2023\/07\/IMG_20230531_125139-1024x461.jpg\" alt=\"\" class=\"wp-image-1188\" srcset=\"https:\/\/sites.ipleiria.pt\/isd\/files\/2023\/07\/IMG_20230531_125139-1024x461.jpg 1024w, https:\/\/sites.ipleiria.pt\/isd\/files\/2023\/07\/IMG_20230531_125139-300x135.jpg 300w, https:\/\/sites.ipleiria.pt\/isd\/files\/2023\/07\/IMG_20230531_125139-768x345.jpg 768w, https:\/\/sites.ipleiria.pt\/isd\/files\/2023\/07\/IMG_20230531_125139-1536x691.jpg 1536w, https:\/\/sites.ipleiria.pt\/isd\/files\/2023\/07\/IMG_20230531_125139-2048x921.jpg 2048w, https:\/\/sites.ipleiria.pt\/isd\/files\/2023\/07\/IMG_20230531_125139-1200x540.jpg 1200w\" sizes=\"auto, (max-width: 709px) 85vw, (max-width: 909px) 67vw, (max-width: 1362px) 62vw, 840px\" \/><\/figure>\n\n\n\n<figure class=\"wp-block-image size-large is-style-default\"><img loading=\"lazy\" decoding=\"async\" width=\"1024\" height=\"461\" data-id=\"1186\" src=\"https:\/\/sites.ipleiria.pt\/isd\/files\/2023\/07\/IMG_20230531_125542-1-1024x461.jpg\" alt=\"\" class=\"wp-image-1186\" srcset=\"https:\/\/sites.ipleiria.pt\/isd\/files\/2023\/07\/IMG_20230531_125542-1-1024x461.jpg 1024w, https:\/\/sites.ipleiria.pt\/isd\/files\/2023\/07\/IMG_20230531_125542-1-300x135.jpg 300w, https:\/\/sites.ipleiria.pt\/isd\/files\/2023\/07\/IMG_20230531_125542-1-768x345.jpg 768w, https:\/\/sites.ipleiria.pt\/isd\/files\/2023\/07\/IMG_20230531_125542-1-1536x691.jpg 1536w, https:\/\/sites.ipleiria.pt\/isd\/files\/2023\/07\/IMG_20230531_125542-1-2048x921.jpg 2048w, https:\/\/sites.ipleiria.pt\/isd\/files\/2023\/07\/IMG_20230531_125542-1-1200x540.jpg 1200w\" sizes=\"auto, (max-width: 709px) 85vw, (max-width: 909px) 67vw, (max-width: 1362px) 62vw, 840px\" \/><\/figure>\n<\/figure>\n","protected":false},"excerpt":{"rendered":"<p>Projeto final no \u00e2mbito da UC Gest\u00e3o e Programa\u00e7\u00e3o de Eventos<\/p>\n","protected":false},"author":2694,"featured_media":0,"parent":0,"menu_order":0,"comment_status":"closed","ping_status":"closed","template":"","meta":{"footnotes":""},"class_list":["post-1172","page","type-page","status-publish","hentry"],"_links":{"self":[{"href":"https:\/\/sites.ipleiria.pt\/isd\/wp-json\/wp\/v2\/pages\/1172","targetHints":{"allow":["GET"]}}],"collection":[{"href":"https:\/\/sites.ipleiria.pt\/isd\/wp-json\/wp\/v2\/pages"}],"about":[{"href":"https:\/\/sites.ipleiria.pt\/isd\/wp-json\/wp\/v2\/types\/page"}],"author":[{"embeddable":true,"href":"https:\/\/sites.ipleiria.pt\/isd\/wp-json\/wp\/v2\/users\/2694"}],"replies":[{"embeddable":true,"href":"https:\/\/sites.ipleiria.pt\/isd\/wp-json\/wp\/v2\/comments?post=1172"}],"version-history":[{"count":3,"href":"https:\/\/sites.ipleiria.pt\/isd\/wp-json\/wp\/v2\/pages\/1172\/revisions"}],"predecessor-version":[{"id":1189,"href":"https:\/\/sites.ipleiria.pt\/isd\/wp-json\/wp\/v2\/pages\/1172\/revisions\/1189"}],"wp:attachment":[{"href":"https:\/\/sites.ipleiria.pt\/isd\/wp-json\/wp\/v2\/media?parent=1172"}],"curies":[{"name":"wp","href":"https:\/\/api.w.org\/{rel}","templated":true}]}}