{"id":157,"date":"2016-09-30T11:09:37","date_gmt":"2016-09-30T11:09:37","guid":{"rendered":"http:\/\/sites.ipleiria.pt\/isd\/?page_id=157"},"modified":"2016-10-03T15:35:56","modified_gmt":"2016-10-03T15:35:56","slug":"debate","status":"publish","type":"page","link":"https:\/\/sites.ipleiria.pt\/isd\/debate\/","title":{"rendered":"Debate na Livraria Arquivo"},"content":{"rendered":"<p>DEBATE\/AULA ABERTA<br \/>\n\u201cO corpo como constru\u00e7\u00e3o social\u201d<br \/>\n24 de maio | Livraria Arquivo<\/p>\n<p>Teve lugar na Livraria Arquivo, no dia 24 de maio, pelas 15h30, a sess\u00e3o intitulada \u201cO corpo como constru\u00e7\u00e3o social\u201d.<\/p>\n<p>A iniciativa, realizada no \u00e2mbito da UC de Oficina Multim\u00e9dia, foi promovida pelo Curso T\u00e9cnico Superior Profissional em Interven\u00e7\u00e3o Sociocultural e Desportiva da ESECS.<\/p>\n<p><img loading=\"lazy\" decoding=\"async\" class=\"alignnone size-full wp-image-163\" src=\"http:\/\/sites.ipleiria.pt\/isd\/files\/2016\/09\/13226755_10201856412609082_5373823452286578673_n.jpg\" alt=\"13226755_10201856412609082_5373823452286578673_n\" width=\"960\" height=\"720\" srcset=\"https:\/\/sites.ipleiria.pt\/isd\/files\/2016\/09\/13226755_10201856412609082_5373823452286578673_n.jpg 960w, https:\/\/sites.ipleiria.pt\/isd\/files\/2016\/09\/13226755_10201856412609082_5373823452286578673_n-300x225.jpg 300w, https:\/\/sites.ipleiria.pt\/isd\/files\/2016\/09\/13226755_10201856412609082_5373823452286578673_n-768x576.jpg 768w\" sizes=\"auto, (max-width: 709px) 85vw, (max-width: 909px) 67vw, (max-width: 1362px) 62vw, 840px\" \/><\/p>\n<p><img loading=\"lazy\" decoding=\"async\" class=\"alignnone size-full wp-image-164\" src=\"http:\/\/sites.ipleiria.pt\/isd\/files\/2016\/09\/13241113_10201856413089094_2698173327576390392_n.jpg\" alt=\"13241113_10201856413089094_2698173327576390392_n\" width=\"960\" height=\"720\" srcset=\"https:\/\/sites.ipleiria.pt\/isd\/files\/2016\/09\/13241113_10201856413089094_2698173327576390392_n.jpg 960w, https:\/\/sites.ipleiria.pt\/isd\/files\/2016\/09\/13241113_10201856413089094_2698173327576390392_n-300x225.jpg 300w, https:\/\/sites.ipleiria.pt\/isd\/files\/2016\/09\/13241113_10201856413089094_2698173327576390392_n-768x576.jpg 768w\" sizes=\"auto, (max-width: 709px) 85vw, (max-width: 909px) 67vw, (max-width: 1362px) 62vw, 840px\" \/><\/p>\n","protected":false},"excerpt":{"rendered":"<p>DEBATE\/AULA ABERTA \u201cO corpo como constru\u00e7\u00e3o social\u201d 24 de maio | Livraria Arquivo Teve lugar na Livraria Arquivo, no dia 24 de maio, pelas 15h30, a sess\u00e3o intitulada \u201cO corpo como constru\u00e7\u00e3o social\u201d. A iniciativa, realizada no \u00e2mbito da UC de Oficina Multim\u00e9dia, foi promovida pelo Curso T\u00e9cnico Superior Profissional em Interven\u00e7\u00e3o Sociocultural e Desportiva &hellip; <a href=\"https:\/\/sites.ipleiria.pt\/isd\/debate\/\" class=\"more-link\">Continuar a ler<span class=\"screen-reader-text\"> &#8220;Debate na Livraria Arquivo&#8221;<\/span><\/a><\/p>\n","protected":false},"author":2694,"featured_media":0,"parent":0,"menu_order":0,"comment_status":"closed","ping_status":"closed","template":"","meta":{"footnotes":""},"class_list":["post-157","page","type-page","status-publish","hentry"],"_links":{"self":[{"href":"https:\/\/sites.ipleiria.pt\/isd\/wp-json\/wp\/v2\/pages\/157","targetHints":{"allow":["GET"]}}],"collection":[{"href":"https:\/\/sites.ipleiria.pt\/isd\/wp-json\/wp\/v2\/pages"}],"about":[{"href":"https:\/\/sites.ipleiria.pt\/isd\/wp-json\/wp\/v2\/types\/page"}],"author":[{"embeddable":true,"href":"https:\/\/sites.ipleiria.pt\/isd\/wp-json\/wp\/v2\/users\/2694"}],"replies":[{"embeddable":true,"href":"https:\/\/sites.ipleiria.pt\/isd\/wp-json\/wp\/v2\/comments?post=157"}],"version-history":[{"count":4,"href":"https:\/\/sites.ipleiria.pt\/isd\/wp-json\/wp\/v2\/pages\/157\/revisions"}],"predecessor-version":[{"id":238,"href":"https:\/\/sites.ipleiria.pt\/isd\/wp-json\/wp\/v2\/pages\/157\/revisions\/238"}],"wp:attachment":[{"href":"https:\/\/sites.ipleiria.pt\/isd\/wp-json\/wp\/v2\/media?parent=157"}],"curies":[{"name":"wp","href":"https:\/\/api.w.org\/{rel}","templated":true}]}}