{"id":209,"date":"2016-10-03T15:09:06","date_gmt":"2016-10-03T15:09:06","guid":{"rendered":"http:\/\/sites.ipleiria.pt\/isd\/?page_id=209"},"modified":"2016-10-03T15:09:06","modified_gmt":"2016-10-03T15:09:06","slug":"aula-aberta-estrategias-para-a-iniciacao-a-leitura-musical","status":"publish","type":"page","link":"https:\/\/sites.ipleiria.pt\/isd\/aula-aberta-estrategias-para-a-iniciacao-a-leitura-musical\/","title":{"rendered":"Aula Aberta &#8211; Estrat\u00e9gias para a inicia\u00e7\u00e3o \u00e0 leitura musical"},"content":{"rendered":"<p><img loading=\"lazy\" decoding=\"async\" class=\"alignnone size-full wp-image-154\" src=\"http:\/\/sites.ipleiria.pt\/isd\/files\/2016\/09\/22-junho.jpg\" alt=\"22-junho\" width=\"842\" height=\"1191\" srcset=\"https:\/\/sites.ipleiria.pt\/isd\/files\/2016\/09\/22-junho.jpg 842w, https:\/\/sites.ipleiria.pt\/isd\/files\/2016\/09\/22-junho-212x300.jpg 212w, https:\/\/sites.ipleiria.pt\/isd\/files\/2016\/09\/22-junho-768x1086.jpg 768w, https:\/\/sites.ipleiria.pt\/isd\/files\/2016\/09\/22-junho-724x1024.jpg 724w\" sizes=\"auto, (max-width: 709px) 85vw, (max-width: 909px) 67vw, (max-width: 1362px) 62vw, 840px\" \/><\/p>\n<p><img loading=\"lazy\" decoding=\"async\" class=\"alignnone size-full wp-image-183\" src=\"http:\/\/sites.ipleiria.pt\/isd\/files\/2016\/09\/13710681_965940333523660_2911978208668094010_o.jpg\" alt=\"13710681_965940333523660_2911978208668094010_o\" width=\"1280\" height=\"853\" srcset=\"https:\/\/sites.ipleiria.pt\/isd\/files\/2016\/09\/13710681_965940333523660_2911978208668094010_o.jpg 1280w, https:\/\/sites.ipleiria.pt\/isd\/files\/2016\/09\/13710681_965940333523660_2911978208668094010_o-300x200.jpg 300w, https:\/\/sites.ipleiria.pt\/isd\/files\/2016\/09\/13710681_965940333523660_2911978208668094010_o-768x512.jpg 768w, https:\/\/sites.ipleiria.pt\/isd\/files\/2016\/09\/13710681_965940333523660_2911978208668094010_o-1024x682.jpg 1024w, https:\/\/sites.ipleiria.pt\/isd\/files\/2016\/09\/13710681_965940333523660_2911978208668094010_o-1200x800.jpg 1200w\" sizes=\"auto, (max-width: 709px) 85vw, (max-width: 909px) 67vw, (max-width: 1362px) 62vw, 840px\" \/><\/p>\n<p><img loading=\"lazy\" decoding=\"async\" class=\"alignnone size-full wp-image-184\" src=\"http:\/\/sites.ipleiria.pt\/isd\/files\/2016\/09\/13724813_965940433523650_1415227663569524327_o.jpg\" alt=\"13724813_965940433523650_1415227663569524327_o\" width=\"1280\" height=\"853\" srcset=\"https:\/\/sites.ipleiria.pt\/isd\/files\/2016\/09\/13724813_965940433523650_1415227663569524327_o.jpg 1280w, https:\/\/sites.ipleiria.pt\/isd\/files\/2016\/09\/13724813_965940433523650_1415227663569524327_o-300x200.jpg 300w, https:\/\/sites.ipleiria.pt\/isd\/files\/2016\/09\/13724813_965940433523650_1415227663569524327_o-768x512.jpg 768w, https:\/\/sites.ipleiria.pt\/isd\/files\/2016\/09\/13724813_965940433523650_1415227663569524327_o-1024x682.jpg 1024w, https:\/\/sites.ipleiria.pt\/isd\/files\/2016\/09\/13724813_965940433523650_1415227663569524327_o-1200x800.jpg 1200w\" sizes=\"auto, (max-width: 709px) 85vw, (max-width: 909px) 67vw, (max-width: 1362px) 62vw, 840px\" \/><\/p>\n<p>&nbsp;<\/p>\n","protected":false},"excerpt":{"rendered":"<p>&nbsp;<\/p>\n","protected":false},"author":2694,"featured_media":0,"parent":0,"menu_order":0,"comment_status":"closed","ping_status":"closed","template":"","meta":{"footnotes":""},"class_list":["post-209","page","type-page","status-publish","hentry"],"_links":{"self":[{"href":"https:\/\/sites.ipleiria.pt\/isd\/wp-json\/wp\/v2\/pages\/209","targetHints":{"allow":["GET"]}}],"collection":[{"href":"https:\/\/sites.ipleiria.pt\/isd\/wp-json\/wp\/v2\/pages"}],"about":[{"href":"https:\/\/sites.ipleiria.pt\/isd\/wp-json\/wp\/v2\/types\/page"}],"author":[{"embeddable":true,"href":"https:\/\/sites.ipleiria.pt\/isd\/wp-json\/wp\/v2\/users\/2694"}],"replies":[{"embeddable":true,"href":"https:\/\/sites.ipleiria.pt\/isd\/wp-json\/wp\/v2\/comments?post=209"}],"version-history":[{"count":1,"href":"https:\/\/sites.ipleiria.pt\/isd\/wp-json\/wp\/v2\/pages\/209\/revisions"}],"predecessor-version":[{"id":213,"href":"https:\/\/sites.ipleiria.pt\/isd\/wp-json\/wp\/v2\/pages\/209\/revisions\/213"}],"wp:attachment":[{"href":"https:\/\/sites.ipleiria.pt\/isd\/wp-json\/wp\/v2\/media?parent=209"}],"curies":[{"name":"wp","href":"https:\/\/api.w.org\/{rel}","templated":true}]}}