{"id":239,"date":"2016-10-03T15:41:24","date_gmt":"2016-10-03T15:41:24","guid":{"rendered":"http:\/\/sites.ipleiria.pt\/isd\/?page_id=239"},"modified":"2016-10-03T15:41:24","modified_gmt":"2016-10-03T15:41:24","slug":"visita-a-fundacao-calouste-gulbenkian-lisboa","status":"publish","type":"page","link":"https:\/\/sites.ipleiria.pt\/isd\/visita-a-fundacao-calouste-gulbenkian-lisboa\/","title":{"rendered":"Visita \u00e0 Funda\u00e7\u00e3o Calouste Gulbenkian, Lisboa."},"content":{"rendered":"<p>8 de junho de 2016<\/p>\n<p><img loading=\"lazy\" decoding=\"async\" class=\"alignnone size-full wp-image-241\" src=\"http:\/\/sites.ipleiria.pt\/isd\/files\/2016\/10\/dsc01110.jpg\" alt=\"dsc01110\" width=\"1000\" height=\"750\" srcset=\"https:\/\/sites.ipleiria.pt\/isd\/files\/2016\/10\/dsc01110.jpg 1000w, https:\/\/sites.ipleiria.pt\/isd\/files\/2016\/10\/dsc01110-300x225.jpg 300w, https:\/\/sites.ipleiria.pt\/isd\/files\/2016\/10\/dsc01110-768x576.jpg 768w\" sizes=\"auto, (max-width: 709px) 85vw, (max-width: 909px) 67vw, (max-width: 1362px) 62vw, 840px\" \/><\/p>\n<p><img loading=\"lazy\" decoding=\"async\" class=\"alignnone size-full wp-image-242\" src=\"http:\/\/sites.ipleiria.pt\/isd\/files\/2016\/10\/dsc01125.jpg\" alt=\"dsc01125\" width=\"700\" height=\"933\" srcset=\"https:\/\/sites.ipleiria.pt\/isd\/files\/2016\/10\/dsc01125.jpg 700w, https:\/\/sites.ipleiria.pt\/isd\/files\/2016\/10\/dsc01125-225x300.jpg 225w\" sizes=\"auto, (max-width: 700px) 85vw, 700px\" \/><\/p>\n<p><img loading=\"lazy\" decoding=\"async\" class=\"alignnone size-full wp-image-243\" src=\"http:\/\/sites.ipleiria.pt\/isd\/files\/2016\/10\/dsc01135.jpg\" alt=\"dsc01135\" width=\"1000\" height=\"750\" srcset=\"https:\/\/sites.ipleiria.pt\/isd\/files\/2016\/10\/dsc01135.jpg 1000w, https:\/\/sites.ipleiria.pt\/isd\/files\/2016\/10\/dsc01135-300x225.jpg 300w, https:\/\/sites.ipleiria.pt\/isd\/files\/2016\/10\/dsc01135-768x576.jpg 768w\" sizes=\"auto, (max-width: 709px) 85vw, (max-width: 909px) 67vw, (max-width: 1362px) 62vw, 840px\" \/><\/p>\n<p><img loading=\"lazy\" decoding=\"async\" class=\"alignnone size-full wp-image-245\" src=\"http:\/\/sites.ipleiria.pt\/isd\/files\/2016\/10\/dsc01177.jpg\" alt=\"dsc01177\" width=\"1000\" height=\"750\" srcset=\"https:\/\/sites.ipleiria.pt\/isd\/files\/2016\/10\/dsc01177.jpg 1000w, https:\/\/sites.ipleiria.pt\/isd\/files\/2016\/10\/dsc01177-300x225.jpg 300w, https:\/\/sites.ipleiria.pt\/isd\/files\/2016\/10\/dsc01177-768x576.jpg 768w\" sizes=\"auto, (max-width: 709px) 85vw, (max-width: 909px) 67vw, (max-width: 1362px) 62vw, 840px\" \/><\/p>\n<p><img loading=\"lazy\" decoding=\"async\" class=\"alignnone size-full wp-image-246\" src=\"http:\/\/sites.ipleiria.pt\/isd\/files\/2016\/10\/dsc01229.jpg\" alt=\"dsc01229\" width=\"700\" height=\"933\" srcset=\"https:\/\/sites.ipleiria.pt\/isd\/files\/2016\/10\/dsc01229.jpg 700w, https:\/\/sites.ipleiria.pt\/isd\/files\/2016\/10\/dsc01229-225x300.jpg 225w\" sizes=\"auto, (max-width: 700px) 85vw, 700px\" \/><\/p>\n<p><img loading=\"lazy\" decoding=\"async\" class=\"alignnone size-full wp-image-247\" src=\"http:\/\/sites.ipleiria.pt\/isd\/files\/2016\/10\/dsc01245.jpg\" alt=\"dsc01245\" width=\"700\" height=\"933\" srcset=\"https:\/\/sites.ipleiria.pt\/isd\/files\/2016\/10\/dsc01245.jpg 700w, https:\/\/sites.ipleiria.pt\/isd\/files\/2016\/10\/dsc01245-225x300.jpg 225w\" sizes=\"auto, (max-width: 700px) 85vw, 700px\" \/><\/p>\n<p><img loading=\"lazy\" decoding=\"async\" class=\"alignnone size-full wp-image-248\" src=\"http:\/\/sites.ipleiria.pt\/isd\/files\/2016\/10\/dsc01269.jpg\" alt=\"dsc01269\" width=\"700\" height=\"933\" srcset=\"https:\/\/sites.ipleiria.pt\/isd\/files\/2016\/10\/dsc01269.jpg 700w, https:\/\/sites.ipleiria.pt\/isd\/files\/2016\/10\/dsc01269-225x300.jpg 225w\" sizes=\"auto, (max-width: 700px) 85vw, 700px\" \/><\/p>\n","protected":false},"excerpt":{"rendered":"<p>8 de junho de 2016<\/p>\n","protected":false},"author":2694,"featured_media":0,"parent":0,"menu_order":0,"comment_status":"closed","ping_status":"closed","template":"","meta":{"footnotes":""},"class_list":["post-239","page","type-page","status-publish","hentry"],"_links":{"self":[{"href":"https:\/\/sites.ipleiria.pt\/isd\/wp-json\/wp\/v2\/pages\/239","targetHints":{"allow":["GET"]}}],"collection":[{"href":"https:\/\/sites.ipleiria.pt\/isd\/wp-json\/wp\/v2\/pages"}],"about":[{"href":"https:\/\/sites.ipleiria.pt\/isd\/wp-json\/wp\/v2\/types\/page"}],"author":[{"embeddable":true,"href":"https:\/\/sites.ipleiria.pt\/isd\/wp-json\/wp\/v2\/users\/2694"}],"replies":[{"embeddable":true,"href":"https:\/\/sites.ipleiria.pt\/isd\/wp-json\/wp\/v2\/comments?post=239"}],"version-history":[{"count":1,"href":"https:\/\/sites.ipleiria.pt\/isd\/wp-json\/wp\/v2\/pages\/239\/revisions"}],"predecessor-version":[{"id":252,"href":"https:\/\/sites.ipleiria.pt\/isd\/wp-json\/wp\/v2\/pages\/239\/revisions\/252"}],"wp:attachment":[{"href":"https:\/\/sites.ipleiria.pt\/isd\/wp-json\/wp\/v2\/media?parent=239"}],"curies":[{"name":"wp","href":"https:\/\/api.w.org\/{rel}","templated":true}]}}