{"id":259,"date":"2016-10-03T15:47:36","date_gmt":"2016-10-03T15:47:36","guid":{"rendered":"http:\/\/sites.ipleiria.pt\/isd\/?page_id=259"},"modified":"2019-12-09T15:57:48","modified_gmt":"2019-12-09T15:57:48","slug":"201516-3","status":"publish","type":"page","link":"https:\/\/sites.ipleiria.pt\/isd\/201516-3\/","title":{"rendered":"2016"},"content":{"rendered":"\n<p><a href=\"https:\/\/sites.ipleiria.pt\/isd\/exposicao-de-fotografia\/\">Exposi\u00e7\u00e3o de fotografia<\/a><\/p>\n\n\n\n<p><a href=\"https:\/\/sites.ipleiria.pt\/isd\/debate\/\">Debate na Livraria Arquivo<\/a><\/p>\n\n\n\n<p><a href=\"https:\/\/sites.ipleiria.pt\/isd\/encontro-de-literatura-para-a-infancia\/\">Encontro de Literatura para a Inf\u00e2ncia<\/a><\/p>\n\n\n\n<p><a href=\"https:\/\/sites.ipleiria.pt\/isd\/dia-mundial-da-crianca\/\">Dia Mundial da Crian\u00e7a<\/a><\/p>\n\n\n\n<p><a href=\"https:\/\/sites.ipleiria.pt\/isd\/380-2\/\">12\u00ba Encontro Nacional das Artes<\/a><\/p>\n\n\n\n<p><a href=\"https:\/\/sites.ipleiria.pt\/isd\/intervencoes-em-instituicoes\/\">Interven\u00e7\u00f5es em Institui\u00e7\u00f5es<\/a><\/p>\n\n\n\n<p><a href=\"https:\/\/sites.ipleiria.pt\/isd\/intervencoes-em-instituicoes\/\">All Dance 2016<\/a><\/p>\n\n\n\n<p><a href=\"https:\/\/sites.ipleiria.pt\/isd\/festival-a-porta\/\">Festival A Porta<\/a><\/p>\n","protected":false},"excerpt":{"rendered":"<p>Exposi\u00e7\u00e3o de fotografia Debate na Livraria Arquivo Encontro de Literatura para a Inf\u00e2ncia Dia Mundial da Crian\u00e7a 12\u00ba Encontro Nacional das Artes Interven\u00e7\u00f5es em Institui\u00e7\u00f5es All Dance 2016 Festival A Porta<\/p>\n","protected":false},"author":2694,"featured_media":0,"parent":0,"menu_order":0,"comment_status":"closed","ping_status":"closed","template":"","meta":{"footnotes":""},"class_list":["post-259","page","type-page","status-publish","hentry"],"_links":{"self":[{"href":"https:\/\/sites.ipleiria.pt\/isd\/wp-json\/wp\/v2\/pages\/259","targetHints":{"allow":["GET"]}}],"collection":[{"href":"https:\/\/sites.ipleiria.pt\/isd\/wp-json\/wp\/v2\/pages"}],"about":[{"href":"https:\/\/sites.ipleiria.pt\/isd\/wp-json\/wp\/v2\/types\/page"}],"author":[{"embeddable":true,"href":"https:\/\/sites.ipleiria.pt\/isd\/wp-json\/wp\/v2\/users\/2694"}],"replies":[{"embeddable":true,"href":"https:\/\/sites.ipleiria.pt\/isd\/wp-json\/wp\/v2\/comments?post=259"}],"version-history":[{"count":3,"href":"https:\/\/sites.ipleiria.pt\/isd\/wp-json\/wp\/v2\/pages\/259\/revisions"}],"predecessor-version":[{"id":946,"href":"https:\/\/sites.ipleiria.pt\/isd\/wp-json\/wp\/v2\/pages\/259\/revisions\/946"}],"wp:attachment":[{"href":"https:\/\/sites.ipleiria.pt\/isd\/wp-json\/wp\/v2\/media?parent=259"}],"curies":[{"name":"wp","href":"https:\/\/api.w.org\/{rel}","templated":true}]}}