{"id":269,"date":"2016-10-03T15:48:45","date_gmt":"2016-10-03T15:48:45","guid":{"rendered":"http:\/\/sites.ipleiria.pt\/isd\/?page_id=269"},"modified":"2019-12-09T15:59:53","modified_gmt":"2019-12-09T15:59:53","slug":"201617-3","status":"publish","type":"page","link":"https:\/\/sites.ipleiria.pt\/isd\/201617-3\/","title":{"rendered":"2017"},"content":{"rendered":"\n<p><a href=\"https:\/\/sites.ipleiria.pt\/isd\/all-dance-2017\/\">All Dance 2017<\/a><\/p>\n\n\n\n<p><a href=\"https:\/\/sites.ipleiria.pt\/isd\/jardim-escola-joao-de-deus\/\">Jardim Escola Jo\u00e3o de Deus<\/a><\/p>\n\n\n\n<p><a href=\"https:\/\/sites.ipleiria.pt\/isd\/intervencoes-em-instituicoes-2\/\">Interven\u00e7\u00f5es em Institui\u00e7\u00f5es<\/a><\/p>\n","protected":false},"excerpt":{"rendered":"<p>All Dance 2017 Jardim Escola Jo\u00e3o de Deus Interven\u00e7\u00f5es em Institui\u00e7\u00f5es<\/p>\n","protected":false},"author":2694,"featured_media":0,"parent":0,"menu_order":0,"comment_status":"closed","ping_status":"closed","template":"","meta":{"footnotes":""},"class_list":["post-269","page","type-page","status-publish","hentry"],"_links":{"self":[{"href":"https:\/\/sites.ipleiria.pt\/isd\/wp-json\/wp\/v2\/pages\/269","targetHints":{"allow":["GET"]}}],"collection":[{"href":"https:\/\/sites.ipleiria.pt\/isd\/wp-json\/wp\/v2\/pages"}],"about":[{"href":"https:\/\/sites.ipleiria.pt\/isd\/wp-json\/wp\/v2\/types\/page"}],"author":[{"embeddable":true,"href":"https:\/\/sites.ipleiria.pt\/isd\/wp-json\/wp\/v2\/users\/2694"}],"replies":[{"embeddable":true,"href":"https:\/\/sites.ipleiria.pt\/isd\/wp-json\/wp\/v2\/comments?post=269"}],"version-history":[{"count":2,"href":"https:\/\/sites.ipleiria.pt\/isd\/wp-json\/wp\/v2\/pages\/269\/revisions"}],"predecessor-version":[{"id":947,"href":"https:\/\/sites.ipleiria.pt\/isd\/wp-json\/wp\/v2\/pages\/269\/revisions\/947"}],"wp:attachment":[{"href":"https:\/\/sites.ipleiria.pt\/isd\/wp-json\/wp\/v2\/media?parent=269"}],"curies":[{"name":"wp","href":"https:\/\/api.w.org\/{rel}","templated":true}]}}