{"id":380,"date":"2016-11-27T15:12:45","date_gmt":"2016-11-27T15:12:45","guid":{"rendered":"http:\/\/sites.ipleiria.pt\/isd\/?page_id=380"},"modified":"2016-11-30T20:25:13","modified_gmt":"2016-11-30T20:25:13","slug":"380-2","status":"publish","type":"page","link":"https:\/\/sites.ipleiria.pt\/isd\/380-2\/","title":{"rendered":"12\u00ba Encontro Internacional das Artes"},"content":{"rendered":"<p>UMA PONTE DE CRIA\u00c7\u00c3O E MOSTRA ART\u00cdSTICAS<\/p>\n<p>ESE acolhe Exposi\u00e7\u00e3o de Fotografia IPL<\/p>\n<p>\u201cO corpo como constru\u00e7\u00e3o social\u201d \u00e9 o t\u00edtulo da exposi\u00e7\u00e3o que chegou a\u00a027 de novembro, pelas m\u00e3os de quatro estudantes do Polit\u00e9cnico de Leiria para a montagem da exposi\u00e7\u00e3o a ser visitada a partir das 10h45, na segunda-feira, 28 de novembro, na Escola Superior de Educa\u00e7\u00e3o do Polit\u00e9cnico de Viana.<\/p>\n<p>Segundo os respons\u00e1veis \u201cos participantes s\u00e3o desafiados a refletirem sobre as diferentes linguagens do corpo no s\u00e9culo XXI como uma constru\u00e7\u00e3o social e pol\u00edtica\u201d.<\/p>\n<p>A iniciativa surge integrada no\u00a0<a href=\"http:\/\/www.ipvc.pt\/ese-12-eia-aec\">12\u00ba Encontro Internacional das Artes<\/a>\u00a0e \u201cpretende fomentar o interc\u00e2mbio entre Polit\u00e9cnicos e cursos de CTeSP\u201d. O trabalho que estar\u00e1 patente na exposi\u00e7\u00e3o envolveu a colabora\u00e7\u00e3o de 25 alunos do CTeSP em Interven\u00e7\u00e3o Sociocultural e Desportiva do IPL.<\/p>\n<p><a href=\"http:\/\/www.ipvc.pt\/ese-acolhe-exposicao-fotos-ipl\">Toda a informa\u00e7\u00e3o<\/a><\/p>\n<p><img loading=\"lazy\" decoding=\"async\" class=\"alignnone size-full wp-image-375\" src=\"http:\/\/sites.ipleiria.pt\/isd\/files\/2016\/11\/12_encontro_internacional_das_artes_2016.png\" alt=\"12_encontro_internacional_das_artes_2016\" width=\"2480\" height=\"3508\" srcset=\"https:\/\/sites.ipleiria.pt\/isd\/files\/2016\/11\/12_encontro_internacional_das_artes_2016.png 2480w, https:\/\/sites.ipleiria.pt\/isd\/files\/2016\/11\/12_encontro_internacional_das_artes_2016-212x300.png 212w, https:\/\/sites.ipleiria.pt\/isd\/files\/2016\/11\/12_encontro_internacional_das_artes_2016-768x1086.png 768w, https:\/\/sites.ipleiria.pt\/isd\/files\/2016\/11\/12_encontro_internacional_das_artes_2016-724x1024.png 724w, https:\/\/sites.ipleiria.pt\/isd\/files\/2016\/11\/12_encontro_internacional_das_artes_2016-1200x1697.png 1200w\" sizes=\"auto, (max-width: 709px) 85vw, (max-width: 909px) 67vw, (max-width: 1362px) 62vw, 840px\" \/><\/p>\n<p>&nbsp;<\/p>\n<p><img loading=\"lazy\" decoding=\"async\" class=\"alignnone size-full wp-image-387\" src=\"http:\/\/sites.ipleiria.pt\/isd\/files\/2016\/11\/MG_6212.jpg\" alt=\"_mg_6212\" width=\"1772\" height=\"1181\" srcset=\"https:\/\/sites.ipleiria.pt\/isd\/files\/2016\/11\/MG_6212.jpg 1772w, https:\/\/sites.ipleiria.pt\/isd\/files\/2016\/11\/MG_6212-300x200.jpg 300w, https:\/\/sites.ipleiria.pt\/isd\/files\/2016\/11\/MG_6212-768x512.jpg 768w, https:\/\/sites.ipleiria.pt\/isd\/files\/2016\/11\/MG_6212-1024x682.jpg 1024w, https:\/\/sites.ipleiria.pt\/isd\/files\/2016\/11\/MG_6212-1200x800.jpg 1200w\" sizes=\"auto, (max-width: 709px) 85vw, (max-width: 909px) 67vw, (max-width: 1362px) 62vw, 840px\" \/><\/p>\n<p><img loading=\"lazy\" decoding=\"async\" class=\"alignnone size-full wp-image-388\" src=\"http:\/\/sites.ipleiria.pt\/isd\/files\/2016\/11\/MG_6271.jpg\" alt=\"_mg_6271\" width=\"1772\" height=\"1181\" srcset=\"https:\/\/sites.ipleiria.pt\/isd\/files\/2016\/11\/MG_6271.jpg 1772w, https:\/\/sites.ipleiria.pt\/isd\/files\/2016\/11\/MG_6271-300x200.jpg 300w, https:\/\/sites.ipleiria.pt\/isd\/files\/2016\/11\/MG_6271-768x512.jpg 768w, https:\/\/sites.ipleiria.pt\/isd\/files\/2016\/11\/MG_6271-1024x682.jpg 1024w, https:\/\/sites.ipleiria.pt\/isd\/files\/2016\/11\/MG_6271-1200x800.jpg 1200w\" sizes=\"auto, (max-width: 709px) 85vw, (max-width: 909px) 67vw, (max-width: 1362px) 62vw, 840px\" \/><\/p>\n<p><img loading=\"lazy\" decoding=\"async\" class=\"alignnone size-full wp-image-389\" src=\"http:\/\/sites.ipleiria.pt\/isd\/files\/2016\/11\/MG_6452.jpg\" alt=\"_mg_6452\" width=\"1772\" height=\"1181\" srcset=\"https:\/\/sites.ipleiria.pt\/isd\/files\/2016\/11\/MG_6452.jpg 1772w, https:\/\/sites.ipleiria.pt\/isd\/files\/2016\/11\/MG_6452-300x200.jpg 300w, https:\/\/sites.ipleiria.pt\/isd\/files\/2016\/11\/MG_6452-768x512.jpg 768w, https:\/\/sites.ipleiria.pt\/isd\/files\/2016\/11\/MG_6452-1024x682.jpg 1024w, https:\/\/sites.ipleiria.pt\/isd\/files\/2016\/11\/MG_6452-1200x800.jpg 1200w\" sizes=\"auto, (max-width: 709px) 85vw, (max-width: 909px) 67vw, (max-width: 1362px) 62vw, 840px\" \/><\/p>\n<p>&nbsp;<\/p>\n<p>&nbsp;<\/p>\n","protected":false},"excerpt":{"rendered":"<p>UMA PONTE DE CRIA\u00c7\u00c3O E MOSTRA ART\u00cdSTICAS ESE acolhe Exposi\u00e7\u00e3o de Fotografia IPL \u201cO corpo como constru\u00e7\u00e3o social\u201d \u00e9 o t\u00edtulo da exposi\u00e7\u00e3o que chegou a\u00a027 de novembro, pelas m\u00e3os de quatro estudantes do Polit\u00e9cnico de Leiria para a montagem da exposi\u00e7\u00e3o a ser visitada a partir das 10h45, na segunda-feira, 28 de novembro, na &hellip; <a href=\"https:\/\/sites.ipleiria.pt\/isd\/380-2\/\" class=\"more-link\">Continuar a ler<span class=\"screen-reader-text\"> &#8220;12\u00ba Encontro Internacional das Artes&#8221;<\/span><\/a><\/p>\n","protected":false},"author":2694,"featured_media":0,"parent":0,"menu_order":0,"comment_status":"closed","ping_status":"closed","template":"","meta":{"footnotes":""},"class_list":["post-380","page","type-page","status-publish","hentry"],"_links":{"self":[{"href":"https:\/\/sites.ipleiria.pt\/isd\/wp-json\/wp\/v2\/pages\/380","targetHints":{"allow":["GET"]}}],"collection":[{"href":"https:\/\/sites.ipleiria.pt\/isd\/wp-json\/wp\/v2\/pages"}],"about":[{"href":"https:\/\/sites.ipleiria.pt\/isd\/wp-json\/wp\/v2\/types\/page"}],"author":[{"embeddable":true,"href":"https:\/\/sites.ipleiria.pt\/isd\/wp-json\/wp\/v2\/users\/2694"}],"replies":[{"embeddable":true,"href":"https:\/\/sites.ipleiria.pt\/isd\/wp-json\/wp\/v2\/comments?post=380"}],"version-history":[{"count":4,"href":"https:\/\/sites.ipleiria.pt\/isd\/wp-json\/wp\/v2\/pages\/380\/revisions"}],"predecessor-version":[{"id":390,"href":"https:\/\/sites.ipleiria.pt\/isd\/wp-json\/wp\/v2\/pages\/380\/revisions\/390"}],"wp:attachment":[{"href":"https:\/\/sites.ipleiria.pt\/isd\/wp-json\/wp\/v2\/media?parent=380"}],"curies":[{"name":"wp","href":"https:\/\/api.w.org\/{rel}","templated":true}]}}