{"id":392,"date":"2017-01-06T11:53:46","date_gmt":"2017-01-06T11:53:46","guid":{"rendered":"http:\/\/sites.ipleiria.pt\/isd\/?page_id=392"},"modified":"2017-01-06T13:05:50","modified_gmt":"2017-01-06T13:05:50","slug":"intervencoes-em-instituicoes","status":"publish","type":"page","link":"https:\/\/sites.ipleiria.pt\/isd\/intervencoes-em-instituicoes\/","title":{"rendered":"Interven\u00e7\u00f5es em institui\u00e7\u00f5es"},"content":{"rendered":"<p><a href=\"http:\/\/www.inpulsar.pt\/\"><img loading=\"lazy\" decoding=\"async\" class=\"alignnone size-full wp-image-393\" src=\"http:\/\/sites.ipleiria.pt\/isd\/files\/2017\/01\/35a298d.png\" alt=\"\" width=\"646\" height=\"220\" srcset=\"https:\/\/sites.ipleiria.pt\/isd\/files\/2017\/01\/35a298d.png 646w, https:\/\/sites.ipleiria.pt\/isd\/files\/2017\/01\/35a298d-300x102.png 300w\" sizes=\"auto, (max-width: 646px) 85vw, 646px\" \/><\/a>A miss\u00e3o da InPulsar \u00e9 contribuir para a inclus\u00e3o social e econ\u00f3mica de popula\u00e7\u00f5es em situa\u00e7\u00e3o de vulnerabilidade e exclus\u00e3o social numa perspetiva de proximidade e de envolvimento das popula\u00e7\u00f5es, centrando a sua interven\u00e7\u00e3o no cidad\u00e3o e nas capacidades da pr\u00f3pria comunidade.<\/p>\n<p><img loading=\"lazy\" decoding=\"async\" class=\"alignnone size-full wp-image-428\" src=\"http:\/\/sites.ipleiria.pt\/isd\/files\/2017\/01\/Giros-de-rua-1.jpg\" alt=\"\" width=\"426\" height=\"493\" srcset=\"https:\/\/sites.ipleiria.pt\/isd\/files\/2017\/01\/Giros-de-rua-1.jpg 426w, https:\/\/sites.ipleiria.pt\/isd\/files\/2017\/01\/Giros-de-rua-1-259x300.jpg 259w\" sizes=\"auto, (max-width: 426px) 85vw, 426px\" \/><\/p>\n<p>O projeto <em>Giros na Rua<\/em> visa promover uma resposta de\u00a0proximidade junto de indiv\u00edduos em situa\u00e7\u00e3o de exclus\u00e3o social (nomeadamente\u00a0toxicodependentes, alco\u00f3licos, trabalhadores do sexo e arrumadores de carros) e\u00a0o acesso a direitos b\u00e1sicos de forma a garantir a diminui\u00e7\u00e3o de comportamentos\u00a0de risco dos consumidores de opi\u00e1ceos e o suporte daqueles que n\u00e3o est\u00e3o a ser\u00a0abrangidos pelos servi\u00e7os convencionais.<\/p>\n<p><img loading=\"lazy\" decoding=\"async\" class=\"alignnone size-full wp-image-394\" src=\"http:\/\/sites.ipleiria.pt\/isd\/files\/2017\/01\/C911D39F882A4E3CA3502ECA83A7648F.jpg\" alt=\"\" width=\"641\" height=\"854\" srcset=\"https:\/\/sites.ipleiria.pt\/isd\/files\/2017\/01\/C911D39F882A4E3CA3502ECA83A7648F.jpg 641w, https:\/\/sites.ipleiria.pt\/isd\/files\/2017\/01\/C911D39F882A4E3CA3502ECA83A7648F-225x300.jpg 225w\" sizes=\"auto, (max-width: 641px) 85vw, 641px\" \/><\/p>\n<p><img loading=\"lazy\" decoding=\"async\" class=\"alignnone size-full wp-image-395\" src=\"http:\/\/sites.ipleiria.pt\/isd\/files\/2017\/01\/CCD77C92D7CC48E3A649F84E995C167F.jpg\" alt=\"\" width=\"641\" height=\"854\" srcset=\"https:\/\/sites.ipleiria.pt\/isd\/files\/2017\/01\/CCD77C92D7CC48E3A649F84E995C167F.jpg 641w, https:\/\/sites.ipleiria.pt\/isd\/files\/2017\/01\/CCD77C92D7CC48E3A649F84E995C167F-225x300.jpg 225w\" sizes=\"auto, (max-width: 641px) 85vw, 641px\" \/><\/p>\n<p><img loading=\"lazy\" decoding=\"async\" class=\"alignnone wp-image-433 \" src=\"http:\/\/sites.ipleiria.pt\/isd\/files\/2017\/01\/image17-1200x661-1024x564.jpg\" width=\"534\" height=\"297\" \/><\/p>\n<p>O objetivo do Projeto passa por promover a inclus\u00e3o social de crian\u00e7as\/ jovens\u00a0e suas fam\u00edlias atrav\u00e9s de uma estrat\u00e9gia de interven\u00e7\u00e3o social que potencie a emancipa\u00e7\u00e3o\u00a0dos pr\u00f3prios benefici\u00e1rios.<\/p>\n<p><a href=\"http:\/\/oasisleiria.org\/wordpress\/\"><img loading=\"lazy\" decoding=\"async\" class=\"alignnone size-full wp-image-396\" src=\"http:\/\/sites.ipleiria.pt\/isd\/files\/2017\/01\/logo.jpg\" alt=\"\" width=\"436\" height=\"320\" srcset=\"https:\/\/sites.ipleiria.pt\/isd\/files\/2017\/01\/logo.jpg 436w, https:\/\/sites.ipleiria.pt\/isd\/files\/2017\/01\/logo-300x220.jpg 300w\" sizes=\"auto, (max-width: 436px) 85vw, 436px\" \/><\/a><\/p>\n<p>A OASIS (Organiza\u00e7\u00e3o de Apoio e Solidariedade para a Integra\u00e7\u00e3o Social),\u00a0destina-se a apoiar cidad\u00e3os de ambos os sexos, com idade igual ou superior a 16 anos, que sofram de defici\u00eancias f\u00edsicas e\/ou mentais.<\/p>\n<p><img loading=\"lazy\" decoding=\"async\" class=\"alignnone size-full wp-image-397\" src=\"http:\/\/sites.ipleiria.pt\/isd\/files\/2017\/01\/15556176_10209901214760981_205595083_o.jpg\" alt=\"\" width=\"1812\" height=\"1359\" srcset=\"https:\/\/sites.ipleiria.pt\/isd\/files\/2017\/01\/15556176_10209901214760981_205595083_o.jpg 1812w, https:\/\/sites.ipleiria.pt\/isd\/files\/2017\/01\/15556176_10209901214760981_205595083_o-300x225.jpg 300w, https:\/\/sites.ipleiria.pt\/isd\/files\/2017\/01\/15556176_10209901214760981_205595083_o-768x576.jpg 768w, https:\/\/sites.ipleiria.pt\/isd\/files\/2017\/01\/15556176_10209901214760981_205595083_o-1024x768.jpg 1024w, https:\/\/sites.ipleiria.pt\/isd\/files\/2017\/01\/15556176_10209901214760981_205595083_o-1200x900.jpg 1200w\" sizes=\"auto, (max-width: 709px) 85vw, (max-width: 909px) 67vw, (max-width: 1362px) 62vw, 840px\" \/><\/p>\n<p><img loading=\"lazy\" decoding=\"async\" class=\"alignnone size-full wp-image-401\" src=\"http:\/\/sites.ipleiria.pt\/isd\/files\/2017\/01\/15631105_10208082092269765_1771833804_o.jpg\" alt=\"\" width=\"1208\" height=\"680\" srcset=\"https:\/\/sites.ipleiria.pt\/isd\/files\/2017\/01\/15631105_10208082092269765_1771833804_o.jpg 1208w, https:\/\/sites.ipleiria.pt\/isd\/files\/2017\/01\/15631105_10208082092269765_1771833804_o-300x169.jpg 300w, https:\/\/sites.ipleiria.pt\/isd\/files\/2017\/01\/15631105_10208082092269765_1771833804_o-768x432.jpg 768w, https:\/\/sites.ipleiria.pt\/isd\/files\/2017\/01\/15631105_10208082092269765_1771833804_o-1024x576.jpg 1024w, https:\/\/sites.ipleiria.pt\/isd\/files\/2017\/01\/15631105_10208082092269765_1771833804_o-1200x675.jpg 1200w\" sizes=\"auto, (max-width: 709px) 85vw, (max-width: 909px) 67vw, (max-width: 1362px) 62vw, 840px\" \/><\/p>\n<p><img loading=\"lazy\" decoding=\"async\" class=\"alignnone size-full wp-image-400\" src=\"http:\/\/sites.ipleiria.pt\/isd\/files\/2017\/01\/15608755_10209901215480999_859076106_o.jpg\" alt=\"\" width=\"1812\" height=\"1359\" srcset=\"https:\/\/sites.ipleiria.pt\/isd\/files\/2017\/01\/15608755_10209901215480999_859076106_o.jpg 1812w, https:\/\/sites.ipleiria.pt\/isd\/files\/2017\/01\/15608755_10209901215480999_859076106_o-300x225.jpg 300w, https:\/\/sites.ipleiria.pt\/isd\/files\/2017\/01\/15608755_10209901215480999_859076106_o-768x576.jpg 768w, https:\/\/sites.ipleiria.pt\/isd\/files\/2017\/01\/15608755_10209901215480999_859076106_o-1024x768.jpg 1024w, https:\/\/sites.ipleiria.pt\/isd\/files\/2017\/01\/15608755_10209901215480999_859076106_o-1200x900.jpg 1200w\" sizes=\"auto, (max-width: 709px) 85vw, (max-width: 909px) 67vw, (max-width: 1362px) 62vw, 840px\" \/><\/p>\n<p><img loading=\"lazy\" decoding=\"async\" class=\"alignnone size-full wp-image-399\" src=\"http:\/\/sites.ipleiria.pt\/isd\/files\/2017\/01\/15608460_10209901211400897_1147040920_o.jpg\" alt=\"\" width=\"1359\" height=\"1812\" srcset=\"https:\/\/sites.ipleiria.pt\/isd\/files\/2017\/01\/15608460_10209901211400897_1147040920_o.jpg 1359w, https:\/\/sites.ipleiria.pt\/isd\/files\/2017\/01\/15608460_10209901211400897_1147040920_o-225x300.jpg 225w, https:\/\/sites.ipleiria.pt\/isd\/files\/2017\/01\/15608460_10209901211400897_1147040920_o-768x1024.jpg 768w, https:\/\/sites.ipleiria.pt\/isd\/files\/2017\/01\/15608460_10209901211400897_1147040920_o-1200x1600.jpg 1200w\" sizes=\"auto, (max-width: 709px) 85vw, (max-width: 909px) 67vw, (max-width: 1362px) 62vw, 840px\" \/><\/p>\n<p><img loading=\"lazy\" decoding=\"async\" class=\"alignnone size-full wp-image-402\" src=\"http:\/\/sites.ipleiria.pt\/isd\/files\/2017\/01\/15631418_10208082098469920_1105609801_o.jpg\" alt=\"\" width=\"930\" height=\"680\" srcset=\"https:\/\/sites.ipleiria.pt\/isd\/files\/2017\/01\/15631418_10208082098469920_1105609801_o.jpg 930w, https:\/\/sites.ipleiria.pt\/isd\/files\/2017\/01\/15631418_10208082098469920_1105609801_o-300x219.jpg 300w, https:\/\/sites.ipleiria.pt\/isd\/files\/2017\/01\/15631418_10208082098469920_1105609801_o-768x562.jpg 768w\" sizes=\"auto, (max-width: 709px) 85vw, (max-width: 909px) 67vw, (max-width: 1362px) 62vw, 840px\" \/><\/p>\n<p><img loading=\"lazy\" decoding=\"async\" class=\"alignnone size-full wp-image-403\" src=\"http:\/\/sites.ipleiria.pt\/isd\/files\/2017\/01\/15658189_10208082096949882_38434501_o.jpg\" alt=\"\" width=\"1812\" height=\"1018\" srcset=\"https:\/\/sites.ipleiria.pt\/isd\/files\/2017\/01\/15658189_10208082096949882_38434501_o.jpg 1812w, https:\/\/sites.ipleiria.pt\/isd\/files\/2017\/01\/15658189_10208082096949882_38434501_o-300x169.jpg 300w, https:\/\/sites.ipleiria.pt\/isd\/files\/2017\/01\/15658189_10208082096949882_38434501_o-768x431.jpg 768w, https:\/\/sites.ipleiria.pt\/isd\/files\/2017\/01\/15658189_10208082096949882_38434501_o-1024x575.jpg 1024w, https:\/\/sites.ipleiria.pt\/isd\/files\/2017\/01\/15658189_10208082096949882_38434501_o-1200x674.jpg 1200w\" sizes=\"auto, (max-width: 709px) 85vw, (max-width: 909px) 67vw, (max-width: 1362px) 62vw, 840px\" \/><\/p>\n<p>&nbsp;<\/p>\n<p><a href=\"http:\/\/aeddinis.ccems.pt\/\"><img loading=\"lazy\" decoding=\"async\" class=\"alignnone size-full wp-image-416\" src=\"http:\/\/sites.ipleiria.pt\/isd\/files\/2017\/01\/title.jpg\" alt=\"\" width=\"1258\" height=\"198\" srcset=\"https:\/\/sites.ipleiria.pt\/isd\/files\/2017\/01\/title.jpg 1258w, https:\/\/sites.ipleiria.pt\/isd\/files\/2017\/01\/title-300x47.jpg 300w, https:\/\/sites.ipleiria.pt\/isd\/files\/2017\/01\/title-768x121.jpg 768w, https:\/\/sites.ipleiria.pt\/isd\/files\/2017\/01\/title-1024x161.jpg 1024w, https:\/\/sites.ipleiria.pt\/isd\/files\/2017\/01\/title-1200x189.jpg 1200w\" sizes=\"auto, (max-width: 709px) 85vw, (max-width: 909px) 67vw, (max-width: 1362px) 62vw, 840px\" \/><\/a><\/p>\n<p>Miss\u00e3o: Educar e formar cidad\u00e3os, dotando-os das compet\u00eancias, conhecimentos e valores necess\u00e1rios ao sucesso pessoal e profissional, com vista \u00e0 integra\u00e7\u00e3o na vida activa de uma sociedade em constante mudan\u00e7a.<\/p>\n<p><img loading=\"lazy\" decoding=\"async\" class=\"alignnone size-full wp-image-417\" src=\"http:\/\/sites.ipleiria.pt\/isd\/files\/2017\/01\/15354144_1041378599322229_16244613_o.jpg\" alt=\"\" width=\"1681\" height=\"1437\" srcset=\"https:\/\/sites.ipleiria.pt\/isd\/files\/2017\/01\/15354144_1041378599322229_16244613_o.jpg 1681w, https:\/\/sites.ipleiria.pt\/isd\/files\/2017\/01\/15354144_1041378599322229_16244613_o-300x256.jpg 300w, https:\/\/sites.ipleiria.pt\/isd\/files\/2017\/01\/15354144_1041378599322229_16244613_o-768x657.jpg 768w, https:\/\/sites.ipleiria.pt\/isd\/files\/2017\/01\/15354144_1041378599322229_16244613_o-1024x875.jpg 1024w, https:\/\/sites.ipleiria.pt\/isd\/files\/2017\/01\/15354144_1041378599322229_16244613_o-1200x1026.jpg 1200w\" sizes=\"auto, (max-width: 709px) 85vw, (max-width: 909px) 67vw, (max-width: 1362px) 62vw, 840px\" \/><\/p>\n<p><img loading=\"lazy\" decoding=\"async\" class=\"alignnone size-full wp-image-418\" src=\"http:\/\/sites.ipleiria.pt\/isd\/files\/2017\/01\/15388758_1041378722655550_1447829645_o.jpg\" alt=\"\" width=\"1920\" height=\"1315\" srcset=\"https:\/\/sites.ipleiria.pt\/isd\/files\/2017\/01\/15388758_1041378722655550_1447829645_o.jpg 1920w, https:\/\/sites.ipleiria.pt\/isd\/files\/2017\/01\/15388758_1041378722655550_1447829645_o-300x205.jpg 300w, https:\/\/sites.ipleiria.pt\/isd\/files\/2017\/01\/15388758_1041378722655550_1447829645_o-768x526.jpg 768w, https:\/\/sites.ipleiria.pt\/isd\/files\/2017\/01\/15388758_1041378722655550_1447829645_o-1024x701.jpg 1024w, https:\/\/sites.ipleiria.pt\/isd\/files\/2017\/01\/15388758_1041378722655550_1447829645_o-1200x822.jpg 1200w\" sizes=\"auto, (max-width: 709px) 85vw, (max-width: 909px) 67vw, (max-width: 1362px) 62vw, 840px\" \/><\/p>\n<p><img loading=\"lazy\" decoding=\"async\" class=\"alignnone size-full wp-image-419\" src=\"http:\/\/sites.ipleiria.pt\/isd\/files\/2017\/01\/15397875_1041378649322224_2098046311_o.jpg\" alt=\"\" width=\"1920\" height=\"1440\" srcset=\"https:\/\/sites.ipleiria.pt\/isd\/files\/2017\/01\/15397875_1041378649322224_2098046311_o.jpg 1920w, https:\/\/sites.ipleiria.pt\/isd\/files\/2017\/01\/15397875_1041378649322224_2098046311_o-300x225.jpg 300w, https:\/\/sites.ipleiria.pt\/isd\/files\/2017\/01\/15397875_1041378649322224_2098046311_o-768x576.jpg 768w, https:\/\/sites.ipleiria.pt\/isd\/files\/2017\/01\/15397875_1041378649322224_2098046311_o-1024x768.jpg 1024w, https:\/\/sites.ipleiria.pt\/isd\/files\/2017\/01\/15397875_1041378649322224_2098046311_o-1200x900.jpg 1200w\" sizes=\"auto, (max-width: 709px) 85vw, (max-width: 909px) 67vw, (max-width: 1362px) 62vw, 840px\" \/><\/p>\n<p><img loading=\"lazy\" decoding=\"async\" class=\"alignnone size-full wp-image-420\" src=\"http:\/\/sites.ipleiria.pt\/isd\/files\/2017\/01\/15409694_1041378562655566_289621423_o.jpg\" alt=\"\" width=\"1920\" height=\"1440\" srcset=\"https:\/\/sites.ipleiria.pt\/isd\/files\/2017\/01\/15409694_1041378562655566_289621423_o.jpg 1920w, https:\/\/sites.ipleiria.pt\/isd\/files\/2017\/01\/15409694_1041378562655566_289621423_o-300x225.jpg 300w, https:\/\/sites.ipleiria.pt\/isd\/files\/2017\/01\/15409694_1041378562655566_289621423_o-768x576.jpg 768w, https:\/\/sites.ipleiria.pt\/isd\/files\/2017\/01\/15409694_1041378562655566_289621423_o-1024x768.jpg 1024w, https:\/\/sites.ipleiria.pt\/isd\/files\/2017\/01\/15409694_1041378562655566_289621423_o-1200x900.jpg 1200w\" sizes=\"auto, (max-width: 709px) 85vw, (max-width: 909px) 67vw, (max-width: 1362px) 62vw, 840px\" \/><\/p>\n<p><img loading=\"lazy\" decoding=\"async\" class=\"alignnone size-full wp-image-421\" src=\"http:\/\/sites.ipleiria.pt\/isd\/files\/2017\/01\/15540145_1049788575147898_1753770061_o.jpg\" alt=\"\" width=\"1440\" height=\"1920\" srcset=\"https:\/\/sites.ipleiria.pt\/isd\/files\/2017\/01\/15540145_1049788575147898_1753770061_o.jpg 1440w, https:\/\/sites.ipleiria.pt\/isd\/files\/2017\/01\/15540145_1049788575147898_1753770061_o-225x300.jpg 225w, https:\/\/sites.ipleiria.pt\/isd\/files\/2017\/01\/15540145_1049788575147898_1753770061_o-768x1024.jpg 768w, https:\/\/sites.ipleiria.pt\/isd\/files\/2017\/01\/15540145_1049788575147898_1753770061_o-1200x1600.jpg 1200w\" sizes=\"auto, (max-width: 709px) 85vw, (max-width: 909px) 67vw, (max-width: 1362px) 62vw, 840px\" \/><\/p>\n<p><img loading=\"lazy\" decoding=\"async\" class=\"alignnone size-full wp-image-422\" src=\"http:\/\/sites.ipleiria.pt\/isd\/files\/2017\/01\/15555407_1049788581814564_1879514286_o.jpg\" alt=\"\" width=\"1440\" height=\"1920\" srcset=\"https:\/\/sites.ipleiria.pt\/isd\/files\/2017\/01\/15555407_1049788581814564_1879514286_o.jpg 1440w, https:\/\/sites.ipleiria.pt\/isd\/files\/2017\/01\/15555407_1049788581814564_1879514286_o-225x300.jpg 225w, https:\/\/sites.ipleiria.pt\/isd\/files\/2017\/01\/15555407_1049788581814564_1879514286_o-768x1024.jpg 768w, https:\/\/sites.ipleiria.pt\/isd\/files\/2017\/01\/15555407_1049788581814564_1879514286_o-1200x1600.jpg 1200w\" sizes=\"auto, (max-width: 709px) 85vw, (max-width: 909px) 67vw, (max-width: 1362px) 62vw, 840px\" \/><\/p>\n<p><img loading=\"lazy\" decoding=\"async\" class=\"alignnone size-full wp-image-423\" src=\"http:\/\/sites.ipleiria.pt\/isd\/files\/2017\/01\/15555504_1049788588481230_1916469010_o.jpg\" alt=\"\" width=\"1920\" height=\"1211\" srcset=\"https:\/\/sites.ipleiria.pt\/isd\/files\/2017\/01\/15555504_1049788588481230_1916469010_o.jpg 1920w, https:\/\/sites.ipleiria.pt\/isd\/files\/2017\/01\/15555504_1049788588481230_1916469010_o-300x189.jpg 300w, https:\/\/sites.ipleiria.pt\/isd\/files\/2017\/01\/15555504_1049788588481230_1916469010_o-768x484.jpg 768w, https:\/\/sites.ipleiria.pt\/isd\/files\/2017\/01\/15555504_1049788588481230_1916469010_o-1024x646.jpg 1024w, https:\/\/sites.ipleiria.pt\/isd\/files\/2017\/01\/15555504_1049788588481230_1916469010_o-1200x757.jpg 1200w\" sizes=\"auto, (max-width: 709px) 85vw, (max-width: 909px) 67vw, (max-width: 1362px) 62vw, 840px\" \/><\/p>\n<p>&nbsp;<\/p>\n<p><a href=\"http:\/\/eb23marrazes-m.ccems.pt\/\"><img loading=\"lazy\" decoding=\"async\" class=\"alignnone size-full wp-image-431\" src=\"http:\/\/sites.ipleiria.pt\/isd\/files\/2017\/01\/Logo_Agrupamento.jpg\" alt=\"\" width=\"433\" height=\"269\" srcset=\"https:\/\/sites.ipleiria.pt\/isd\/files\/2017\/01\/Logo_Agrupamento.jpg 433w, https:\/\/sites.ipleiria.pt\/isd\/files\/2017\/01\/Logo_Agrupamento-300x186.jpg 300w\" sizes=\"auto, (max-width: 433px) 85vw, 433px\" \/><\/a><\/p>\n","protected":false},"excerpt":{"rendered":"<p>A miss\u00e3o da InPulsar \u00e9 contribuir para a inclus\u00e3o social e econ\u00f3mica de popula\u00e7\u00f5es em situa\u00e7\u00e3o de vulnerabilidade e exclus\u00e3o social numa perspetiva de proximidade e de envolvimento das popula\u00e7\u00f5es, centrando a sua interven\u00e7\u00e3o no cidad\u00e3o e nas capacidades da pr\u00f3pria comunidade. O projeto Giros na Rua visa promover uma resposta de\u00a0proximidade junto de indiv\u00edduos &hellip; <a href=\"https:\/\/sites.ipleiria.pt\/isd\/intervencoes-em-instituicoes\/\" class=\"more-link\">Continuar a ler<span class=\"screen-reader-text\"> &#8220;Interven\u00e7\u00f5es em institui\u00e7\u00f5es&#8221;<\/span><\/a><\/p>\n","protected":false},"author":2694,"featured_media":0,"parent":0,"menu_order":0,"comment_status":"closed","ping_status":"closed","template":"","meta":{"footnotes":""},"class_list":["post-392","page","type-page","status-publish","hentry"],"_links":{"self":[{"href":"https:\/\/sites.ipleiria.pt\/isd\/wp-json\/wp\/v2\/pages\/392","targetHints":{"allow":["GET"]}}],"collection":[{"href":"https:\/\/sites.ipleiria.pt\/isd\/wp-json\/wp\/v2\/pages"}],"about":[{"href":"https:\/\/sites.ipleiria.pt\/isd\/wp-json\/wp\/v2\/types\/page"}],"author":[{"embeddable":true,"href":"https:\/\/sites.ipleiria.pt\/isd\/wp-json\/wp\/v2\/users\/2694"}],"replies":[{"embeddable":true,"href":"https:\/\/sites.ipleiria.pt\/isd\/wp-json\/wp\/v2\/comments?post=392"}],"version-history":[{"count":14,"href":"https:\/\/sites.ipleiria.pt\/isd\/wp-json\/wp\/v2\/pages\/392\/revisions"}],"predecessor-version":[{"id":426,"href":"https:\/\/sites.ipleiria.pt\/isd\/wp-json\/wp\/v2\/pages\/392\/revisions\/426"}],"wp:attachment":[{"href":"https:\/\/sites.ipleiria.pt\/isd\/wp-json\/wp\/v2\/media?parent=392"}],"curies":[{"name":"wp","href":"https:\/\/api.w.org\/{rel}","templated":true}]}}