{"id":437,"date":"2017-03-15T17:28:21","date_gmt":"2017-03-15T17:28:21","guid":{"rendered":"http:\/\/sites.ipleiria.pt\/isd\/?page_id=437"},"modified":"2017-03-15T17:29:51","modified_gmt":"2017-03-15T17:29:51","slug":"all-dance-2016","status":"publish","type":"page","link":"https:\/\/sites.ipleiria.pt\/isd\/all-dance-2016\/","title":{"rendered":"All Dance 2016"},"content":{"rendered":"<p><img loading=\"lazy\" decoding=\"async\" class=\"alignnone size-full wp-image-438\" src=\"http:\/\/sites.ipleiria.pt\/isd\/files\/2017\/03\/DSC_0462.jpg\" alt=\"\" width=\"4288\" height=\"2848\" srcset=\"https:\/\/sites.ipleiria.pt\/isd\/files\/2017\/03\/DSC_0462.jpg 4288w, https:\/\/sites.ipleiria.pt\/isd\/files\/2017\/03\/DSC_0462-300x199.jpg 300w, https:\/\/sites.ipleiria.pt\/isd\/files\/2017\/03\/DSC_0462-768x510.jpg 768w, https:\/\/sites.ipleiria.pt\/isd\/files\/2017\/03\/DSC_0462-1024x680.jpg 1024w, https:\/\/sites.ipleiria.pt\/isd\/files\/2017\/03\/DSC_0462-1200x797.jpg 1200w\" sizes=\"auto, (max-width: 709px) 85vw, (max-width: 909px) 67vw, (max-width: 1362px) 62vw, 840px\" \/><\/p>\n<p>No dia em que o \u2018ALL Dance\u2019 saiu \u00e0 rua para distribuir ritmo, a m\u00fasica popular foi a primeira a alegrar as ruas de Leiria. A tenda de Natal da Pra\u00e7a Rodrigues Lobo foi inundada pelo \u2018ALL Dance\u2019 e, por toda a parte, fitas decorativas e as camisolas da organiza\u00e7\u00e3o espalharam a mensagem do evento. \u201cQuem dan\u00e7a com paix\u00e3o, enche o cora\u00e7\u00e3o&#8221; foi o slogan que, mais uma vez, trouxe \u00e0 tona a ideia de inclus\u00e3o do evento, tentando encaminhar at\u00e9 \u00e0 tenda o p\u00fablico mais diverso poss\u00edvel. A ades\u00e3o \u00e0 iniciativa cumpriu as expectativas e, ainda no in\u00edcio da tarde, mais de 150 pessoas j\u00e1 tinham visitado a tenda.<\/p>\n<p><em>in Di\u00e1rio de Coimbra<\/em><\/p>\n","protected":false},"excerpt":{"rendered":"<p>No dia em que o \u2018ALL Dance\u2019 saiu \u00e0 rua para distribuir ritmo, a m\u00fasica popular foi a primeira a alegrar as ruas de Leiria. A tenda de Natal da Pra\u00e7a Rodrigues Lobo foi inundada pelo \u2018ALL Dance\u2019 e, por toda a parte, fitas decorativas e as camisolas da organiza\u00e7\u00e3o espalharam a mensagem do evento. &hellip; <a href=\"https:\/\/sites.ipleiria.pt\/isd\/all-dance-2016\/\" class=\"more-link\">Continuar a ler<span class=\"screen-reader-text\"> &#8220;All Dance 2016&#8221;<\/span><\/a><\/p>\n","protected":false},"author":2694,"featured_media":0,"parent":0,"menu_order":0,"comment_status":"closed","ping_status":"closed","template":"","meta":{"footnotes":""},"class_list":["post-437","page","type-page","status-publish","hentry"],"_links":{"self":[{"href":"https:\/\/sites.ipleiria.pt\/isd\/wp-json\/wp\/v2\/pages\/437","targetHints":{"allow":["GET"]}}],"collection":[{"href":"https:\/\/sites.ipleiria.pt\/isd\/wp-json\/wp\/v2\/pages"}],"about":[{"href":"https:\/\/sites.ipleiria.pt\/isd\/wp-json\/wp\/v2\/types\/page"}],"author":[{"embeddable":true,"href":"https:\/\/sites.ipleiria.pt\/isd\/wp-json\/wp\/v2\/users\/2694"}],"replies":[{"embeddable":true,"href":"https:\/\/sites.ipleiria.pt\/isd\/wp-json\/wp\/v2\/comments?post=437"}],"version-history":[{"count":2,"href":"https:\/\/sites.ipleiria.pt\/isd\/wp-json\/wp\/v2\/pages\/437\/revisions"}],"predecessor-version":[{"id":443,"href":"https:\/\/sites.ipleiria.pt\/isd\/wp-json\/wp\/v2\/pages\/437\/revisions\/443"}],"wp:attachment":[{"href":"https:\/\/sites.ipleiria.pt\/isd\/wp-json\/wp\/v2\/media?parent=437"}],"curies":[{"name":"wp","href":"https:\/\/api.w.org\/{rel}","templated":true}]}}