{"id":445,"date":"2017-03-26T22:33:58","date_gmt":"2017-03-26T22:33:58","guid":{"rendered":"http:\/\/sites.ipleiria.pt\/isd\/?page_id=445"},"modified":"2017-03-26T22:34:42","modified_gmt":"2017-03-26T22:34:42","slug":"exposicao-ambientoesfera","status":"publish","type":"page","link":"https:\/\/sites.ipleiria.pt\/isd\/exposicao-ambientoesfera\/","title":{"rendered":"Exposi\u00e7\u00e3o Ambientoesfera"},"content":{"rendered":"<p>Exposi\u00e7\u00e3o <em>Ambientoesfera<\/em><\/p>\n<p>Oficina de Artes Pl\u00e1sticas<\/p>\n<p><img loading=\"lazy\" decoding=\"async\" class=\"alignnone size-full wp-image-446\" src=\"http:\/\/sites.ipleiria.pt\/isd\/files\/2017\/03\/Cartaz_exposicao_Ambientosfera.jpg\" alt=\"\" width=\"842\" height=\"1191\" srcset=\"https:\/\/sites.ipleiria.pt\/isd\/files\/2017\/03\/Cartaz_exposicao_Ambientosfera.jpg 842w, https:\/\/sites.ipleiria.pt\/isd\/files\/2017\/03\/Cartaz_exposicao_Ambientosfera-212x300.jpg 212w, https:\/\/sites.ipleiria.pt\/isd\/files\/2017\/03\/Cartaz_exposicao_Ambientosfera-768x1086.jpg 768w, https:\/\/sites.ipleiria.pt\/isd\/files\/2017\/03\/Cartaz_exposicao_Ambientosfera-724x1024.jpg 724w\" sizes=\"auto, (max-width: 709px) 85vw, (max-width: 909px) 67vw, (max-width: 1362px) 62vw, 840px\" \/><\/p>\n<p>&nbsp;<\/p>\n<p><img loading=\"lazy\" decoding=\"async\" class=\"alignnone size-full wp-image-451\" src=\"http:\/\/sites.ipleiria.pt\/isd\/files\/2017\/03\/IMG_3362-1.jpg\" alt=\"\" width=\"1134\" height=\"1701\" srcset=\"https:\/\/sites.ipleiria.pt\/isd\/files\/2017\/03\/IMG_3362-1.jpg 1134w, https:\/\/sites.ipleiria.pt\/isd\/files\/2017\/03\/IMG_3362-1-200x300.jpg 200w, https:\/\/sites.ipleiria.pt\/isd\/files\/2017\/03\/IMG_3362-1-768x1152.jpg 768w, https:\/\/sites.ipleiria.pt\/isd\/files\/2017\/03\/IMG_3362-1-683x1024.jpg 683w\" sizes=\"auto, (max-width: 709px) 85vw, (max-width: 909px) 67vw, (max-width: 1362px) 62vw, 840px\" \/><\/p>\n<p><img loading=\"lazy\" decoding=\"async\" class=\"alignnone size-full wp-image-452\" src=\"http:\/\/sites.ipleiria.pt\/isd\/files\/2017\/03\/IMG_3332-1.jpg\" alt=\"\" width=\"1701\" height=\"1134\" srcset=\"https:\/\/sites.ipleiria.pt\/isd\/files\/2017\/03\/IMG_3332-1.jpg 1701w, https:\/\/sites.ipleiria.pt\/isd\/files\/2017\/03\/IMG_3332-1-300x200.jpg 300w, https:\/\/sites.ipleiria.pt\/isd\/files\/2017\/03\/IMG_3332-1-768x512.jpg 768w, https:\/\/sites.ipleiria.pt\/isd\/files\/2017\/03\/IMG_3332-1-1024x683.jpg 1024w, https:\/\/sites.ipleiria.pt\/isd\/files\/2017\/03\/IMG_3332-1-1200x800.jpg 1200w\" sizes=\"auto, (max-width: 709px) 85vw, (max-width: 909px) 67vw, (max-width: 1362px) 62vw, 840px\" \/><\/p>\n<p><img loading=\"lazy\" decoding=\"async\" class=\"alignnone size-full wp-image-453\" src=\"http:\/\/sites.ipleiria.pt\/isd\/files\/2017\/03\/IMG_3334-1.jpg\" alt=\"\" width=\"1701\" height=\"1134\" srcset=\"https:\/\/sites.ipleiria.pt\/isd\/files\/2017\/03\/IMG_3334-1.jpg 1701w, https:\/\/sites.ipleiria.pt\/isd\/files\/2017\/03\/IMG_3334-1-300x200.jpg 300w, https:\/\/sites.ipleiria.pt\/isd\/files\/2017\/03\/IMG_3334-1-768x512.jpg 768w, https:\/\/sites.ipleiria.pt\/isd\/files\/2017\/03\/IMG_3334-1-1024x683.jpg 1024w, https:\/\/sites.ipleiria.pt\/isd\/files\/2017\/03\/IMG_3334-1-1200x800.jpg 1200w\" sizes=\"auto, (max-width: 709px) 85vw, (max-width: 909px) 67vw, (max-width: 1362px) 62vw, 840px\" \/><\/p>\n<p><img loading=\"lazy\" decoding=\"async\" class=\"alignnone size-full wp-image-454\" src=\"http:\/\/sites.ipleiria.pt\/isd\/files\/2017\/03\/IMG_3353-1.jpg\" alt=\"\" width=\"1701\" height=\"1134\" srcset=\"https:\/\/sites.ipleiria.pt\/isd\/files\/2017\/03\/IMG_3353-1.jpg 1701w, https:\/\/sites.ipleiria.pt\/isd\/files\/2017\/03\/IMG_3353-1-300x200.jpg 300w, https:\/\/sites.ipleiria.pt\/isd\/files\/2017\/03\/IMG_3353-1-768x512.jpg 768w, https:\/\/sites.ipleiria.pt\/isd\/files\/2017\/03\/IMG_3353-1-1024x683.jpg 1024w, https:\/\/sites.ipleiria.pt\/isd\/files\/2017\/03\/IMG_3353-1-1200x800.jpg 1200w\" sizes=\"auto, (max-width: 709px) 85vw, (max-width: 909px) 67vw, (max-width: 1362px) 62vw, 840px\" \/><\/p>\n","protected":false},"excerpt":{"rendered":"<p>Exposi\u00e7\u00e3o Ambientoesfera Oficina de Artes Pl\u00e1sticas &nbsp;<\/p>\n","protected":false},"author":2694,"featured_media":0,"parent":0,"menu_order":0,"comment_status":"closed","ping_status":"closed","template":"","meta":{"footnotes":""},"class_list":["post-445","page","type-page","status-publish","hentry"],"_links":{"self":[{"href":"https:\/\/sites.ipleiria.pt\/isd\/wp-json\/wp\/v2\/pages\/445","targetHints":{"allow":["GET"]}}],"collection":[{"href":"https:\/\/sites.ipleiria.pt\/isd\/wp-json\/wp\/v2\/pages"}],"about":[{"href":"https:\/\/sites.ipleiria.pt\/isd\/wp-json\/wp\/v2\/types\/page"}],"author":[{"embeddable":true,"href":"https:\/\/sites.ipleiria.pt\/isd\/wp-json\/wp\/v2\/users\/2694"}],"replies":[{"embeddable":true,"href":"https:\/\/sites.ipleiria.pt\/isd\/wp-json\/wp\/v2\/comments?post=445"}],"version-history":[{"count":2,"href":"https:\/\/sites.ipleiria.pt\/isd\/wp-json\/wp\/v2\/pages\/445\/revisions"}],"predecessor-version":[{"id":459,"href":"https:\/\/sites.ipleiria.pt\/isd\/wp-json\/wp\/v2\/pages\/445\/revisions\/459"}],"wp:attachment":[{"href":"https:\/\/sites.ipleiria.pt\/isd\/wp-json\/wp\/v2\/media?parent=445"}],"curies":[{"name":"wp","href":"https:\/\/api.w.org\/{rel}","templated":true}]}}