{"id":469,"date":"2017-04-05T13:47:31","date_gmt":"2017-04-05T13:47:31","guid":{"rendered":"http:\/\/sites.ipleiria.pt\/isd\/?page_id=469"},"modified":"2017-04-05T13:47:41","modified_gmt":"2017-04-05T13:47:41","slug":"visita-exposicao-casa-alta","status":"publish","type":"page","link":"https:\/\/sites.ipleiria.pt\/isd\/visita-exposicao-casa-alta\/","title":{"rendered":"Visita \u00e0 Exposi\u00e7\u00e3o &#8220;Casa Alta&#8221;"},"content":{"rendered":"<p><img loading=\"lazy\" decoding=\"async\" class=\"alignnone size-full wp-image-470\" src=\"http:\/\/sites.ipleiria.pt\/isd\/files\/2017\/04\/17457745_1268843429832045_1267429428326159737_n.jpg\" alt=\"\" width=\"682\" height=\"960\" srcset=\"https:\/\/sites.ipleiria.pt\/isd\/files\/2017\/04\/17457745_1268843429832045_1267429428326159737_n.jpg 682w, https:\/\/sites.ipleiria.pt\/isd\/files\/2017\/04\/17457745_1268843429832045_1267429428326159737_n-213x300.jpg 213w\" sizes=\"auto, (max-width: 682px) 85vw, 682px\" \/><\/p>\n<p>&nbsp;<\/p>\n<p><img loading=\"lazy\" decoding=\"async\" class=\"alignnone size-full wp-image-471\" src=\"http:\/\/sites.ipleiria.pt\/isd\/files\/2017\/04\/IMG_20170404_141135.jpg\" alt=\"\" width=\"1417\" height=\"1063\" srcset=\"https:\/\/sites.ipleiria.pt\/isd\/files\/2017\/04\/IMG_20170404_141135.jpg 1417w, https:\/\/sites.ipleiria.pt\/isd\/files\/2017\/04\/IMG_20170404_141135-300x225.jpg 300w, https:\/\/sites.ipleiria.pt\/isd\/files\/2017\/04\/IMG_20170404_141135-768x576.jpg 768w, https:\/\/sites.ipleiria.pt\/isd\/files\/2017\/04\/IMG_20170404_141135-1024x768.jpg 1024w, https:\/\/sites.ipleiria.pt\/isd\/files\/2017\/04\/IMG_20170404_141135-1200x900.jpg 1200w\" sizes=\"auto, (max-width: 709px) 85vw, (max-width: 909px) 67vw, (max-width: 1362px) 62vw, 840px\" \/><\/p>\n","protected":false},"excerpt":{"rendered":"<p>&nbsp;<\/p>\n","protected":false},"author":2694,"featured_media":0,"parent":0,"menu_order":0,"comment_status":"closed","ping_status":"closed","template":"","meta":{"footnotes":""},"class_list":["post-469","page","type-page","status-publish","hentry"],"_links":{"self":[{"href":"https:\/\/sites.ipleiria.pt\/isd\/wp-json\/wp\/v2\/pages\/469","targetHints":{"allow":["GET"]}}],"collection":[{"href":"https:\/\/sites.ipleiria.pt\/isd\/wp-json\/wp\/v2\/pages"}],"about":[{"href":"https:\/\/sites.ipleiria.pt\/isd\/wp-json\/wp\/v2\/types\/page"}],"author":[{"embeddable":true,"href":"https:\/\/sites.ipleiria.pt\/isd\/wp-json\/wp\/v2\/users\/2694"}],"replies":[{"embeddable":true,"href":"https:\/\/sites.ipleiria.pt\/isd\/wp-json\/wp\/v2\/comments?post=469"}],"version-history":[{"count":2,"href":"https:\/\/sites.ipleiria.pt\/isd\/wp-json\/wp\/v2\/pages\/469\/revisions"}],"predecessor-version":[{"id":476,"href":"https:\/\/sites.ipleiria.pt\/isd\/wp-json\/wp\/v2\/pages\/469\/revisions\/476"}],"wp:attachment":[{"href":"https:\/\/sites.ipleiria.pt\/isd\/wp-json\/wp\/v2\/media?parent=469"}],"curies":[{"name":"wp","href":"https:\/\/api.w.org\/{rel}","templated":true}]}}