{"id":57,"date":"2016-09-28T18:44:00","date_gmt":"2016-09-28T18:44:00","guid":{"rendered":"http:\/\/sites.ipleiria.pt\/isd\/?page_id=57"},"modified":"2020-02-06T14:06:15","modified_gmt":"2020-02-06T14:06:15","slug":"apresentacao","status":"publish","type":"page","link":"https:\/\/sites.ipleiria.pt\/isd\/","title":{"rendered":"Apresenta\u00e7\u00e3o"},"content":{"rendered":"<!--[if lt IE 9]><script>document.createElement('audio');<\/script><![endif]-->\n<audio class=\"wp-audio-shortcode\" id=\"audio-57-1\" preload=\"none\" style=\"width: 100%;\" controls=\"controls\"><source type=\"audio\/mpeg\" src=\"http:\/\/sites.ipleiria.pt\/isd\/files\/2019\/03\/Entrevista-TeSP-1-ano.mp3?_=1\" \/><a href=\"http:\/\/sites.ipleiria.pt\/isd\/files\/2019\/03\/Entrevista-TeSP-1-ano.mp3\">http:\/\/sites.ipleiria.pt\/isd\/files\/2019\/03\/Entrevista-TeSP-1-ano.mp3<\/a><\/audio>\n<p>O Curso de T\u00e9cnico Superior de Interven\u00e7\u00e3o Sociocultural e Desportiva pretende formar profissionais habilitados na \u00e1rea da interven\u00e7\u00e3o sociocultural e desportiva, capazes de gerir, conceber, dinamizar e implementar projetos e atividades de car\u00e1ter social, cultural, recreativo e desportivo, direcionados para diferentes p\u00fablicos \u2013 crian\u00e7as, jovens, adultos, idosos, pessoas com defici\u00eancia \u2013 com recurso a ferramentas tecnol\u00f3gicas, art\u00edsticas e desportivas e destinados a promover e estimular a integra\u00e7\u00e3o social, o desenvolvimento cultural e a ado\u00e7\u00e3o de estilos de vida saud\u00e1veis.<br \/>\n<span class=\"semi-bold\"><br \/>\nAtividades Principais<\/span><\/p>\n<ul>\n<li>Intervir em institui\u00e7\u00f5es culturais, recreativas e desportivas no acompanhamento de atividades com diferentes p\u00fablicos<\/li>\n<li>Conceber, dinamizar e gerir com autonomia projetos e atividades de \u00e2mbito sociocultural de natureza art\u00edstica e desportiva<\/li>\n<li>Intervir com t\u00e9cnicas e metodologias que envolvam as linguagens art\u00edsticas<\/li>\n<li>Intervir com t\u00e9cnicas e metodologias que envolvam a atividade f\u00edsica e desportiva<\/li>\n<li>Promover a intera\u00e7\u00e3o entre diferentes gera\u00e7\u00f5es, origens geogr\u00e1ficas e culturais<\/li>\n<li>Conceber, organizar e divulgar atividades art\u00edsticas e desportivas com institui\u00e7\u00f5es e\u00a0 comunidades locais visando a solu\u00e7\u00e3o criativa de problemas<\/li>\n<li>Gerir e supervisionar o desempenho individual de terceiros ou equipas de trabalho em contextos est\u00e1veis e estruturados<\/li>\n<li>Gerir a cria\u00e7\u00e3o e desenvolvimento de redes e parcerias entre equipas de profissionais de diferentes institui\u00e7\u00f5es<\/li>\n<li>Intervir no registo e organiza\u00e7\u00e3o de dados advindos da observa\u00e7\u00e3o e interven\u00e7\u00e3o nos diferentes contextos<\/li>\n<li>Supervisionar projetos de interven\u00e7\u00e3o e propor melhoria de pr\u00e1ticas<\/li>\n<\/ul>\n<h3>Plano curricular<\/h3>\n<div>\n<p><strong>1\u00ba ano<\/strong><\/p>\n<table id=\"cp_kg\" class=\"curricular-plan\">\n<thead>\n<tr>\n<th class=\"curricular_plan_cu_code align-center\">C\u00f3digo<\/th>\n<th class=\"curricular_plan_cu_title\">Unidade Curricular<\/th>\n<th class=\"curricular_plan_cu_period\" scope=\"col\">Per\u00edodo<\/th>\n<th class=\"curricular_plan_cu_ects\">ECTS<\/th>\n<th class=\"curricular_plan_cu_duration\">Horas de contacto<\/th>\n<\/tr>\n<\/thead>\n<tbody>\n<tr>\n<td class=\"curricular_plan_cu_code align-center\">4504105<\/td>\n<td class=\"curricular_plan_cu_title\">Exerc\u00edcio F\u00edsico e Sa\u00fade<\/td>\n<td class=\"curricular_plan_cu_period\">Semestral<\/td>\n<td class=\"curricular_plan_cu_ects\">6<\/td>\n<td class=\"curricular_plan_cu_duration\">60 horas<\/td>\n<\/tr>\n<\/tbody>\n<tbody>\n<tr>\n<td class=\"curricular_plan_cu_code align-center\">4504101<\/td>\n<td class=\"curricular_plan_cu_title\">Fundamentos da Anima\u00e7\u00e3o Semestral<\/td>\n<td class=\"curricular_plan_cu_period\">Semestral<\/td>\n<td class=\"curricular_plan_cu_ects\">6<\/td>\n<td class=\"curricular_plan_cu_duration\">60 horas<\/td>\n<\/tr>\n<\/tbody>\n<tbody>\n<tr>\n<td class=\"curricular_plan_cu_code align-center\">4504109<\/td>\n<td class=\"curricular_plan_cu_title\">Pr\u00e1ticas de Interven\u00e7\u00e3o Sociocultural e Desportiva<\/td>\n<td class=\"curricular_plan_cu_period\">Semestral<\/td>\n<td class=\"curricular_plan_cu_ects\">6<\/td>\n<td class=\"curricular_plan_cu_duration\">60 horas<\/td>\n<\/tr>\n<\/tbody>\n<tbody>\n<tr>\n<td class=\"curricular_plan_cu_code align-center\">4504102<\/td>\n<td class=\"curricular_plan_cu_title\">Comunica\u00e7\u00e3o em L\u00edngua Portuguesa<\/td>\n<td class=\"curricular_plan_cu_period\">Semestral<\/td>\n<td class=\"curricular_plan_cu_ects\">6<\/td>\n<td class=\"curricular_plan_cu_duration\">60 horas<\/td>\n<\/tr>\n<\/tbody>\n<tbody>\n<tr>\n<td class=\"curricular_plan_cu_code align-center\">4504106<\/td>\n<td class=\"curricular_plan_cu_title\">Gest\u00e3o e Programa\u00e7\u00e3o de Eventos<\/td>\n<td class=\"curricular_plan_cu_period\">Semestral<\/td>\n<td class=\"curricular_plan_cu_ects\">6<\/td>\n<td class=\"curricular_plan_cu_duration\">45 horas<\/td>\n<\/tr>\n<\/tbody>\n<tbody>\n<tr>\n<td class=\"curricular_plan_cu_code align-center\">4504104<\/td>\n<td class=\"curricular_plan_cu_title\">Oficina de Dan\u00e7a<\/td>\n<td class=\"curricular_plan_cu_period\">Semestral<\/td>\n<td class=\"curricular_plan_cu_ects\">6<\/td>\n<td class=\"curricular_plan_cu_duration\">75 horas<\/td>\n<\/tr>\n<\/tbody>\n<tbody>\n<tr>\n<td class=\"curricular_plan_cu_code align-center\">4504110<\/td>\n<td class=\"curricular_plan_cu_title\">Oficina de Desporto de Natureza<\/td>\n<td class=\"curricular_plan_cu_period\">Semestral<\/td>\n<td class=\"curricular_plan_cu_ects\">6<\/td>\n<td class=\"curricular_plan_cu_duration\">75 horas<\/td>\n<\/tr>\n<\/tbody>\n<tbody>\n<tr>\n<td class=\"curricular_plan_cu_code align-center\">4504107<\/td>\n<td class=\"curricular_plan_cu_title\">Oficina de Multim\u00e9dia<\/td>\n<td class=\"curricular_plan_cu_period\">Semestral<\/td>\n<td class=\"curricular_plan_cu_ects\">6<\/td>\n<td class=\"curricular_plan_cu_duration\">75 horas<\/td>\n<\/tr>\n<\/tbody>\n<tbody>\n<tr>\n<td class=\"curricular_plan_cu_code align-center\">4504103<\/td>\n<td class=\"curricular_plan_cu_title\">Oficina de M\u00fasica<\/td>\n<td class=\"curricular_plan_cu_period\">Semestral<\/td>\n<td class=\"curricular_plan_cu_ects\">6<\/td>\n<td class=\"curricular_plan_cu_duration\">75 horas<\/td>\n<\/tr>\n<\/tbody>\n<tbody>\n<tr>\n<td class=\"curricular_plan_cu_code align-center\">4504103<\/td>\n<td class=\"curricular_plan_cu_title\">Oficina de Teatro<\/td>\n<td class=\"curricular_plan_cu_period\">Semestral<\/td>\n<td class=\"curricular_plan_cu_ects\">6<\/td>\n<td class=\"curricular_plan_cu_duration\">75 horas<\/td>\n<\/tr>\n<\/tbody>\n<\/table>\n<p><strong>2\u00ba ano<\/strong><\/p>\n<table id=\"cp_pjm\" class=\"curricular-plan\">\n<thead>\n<tr>\n<th class=\"curricular_plan_cu_code align-center\">C\u00f3digo<\/th>\n<th class=\"curricular_plan_cu_title\">Unidade Curricular<\/th>\n<th class=\"curricular_plan_cu_period\" scope=\"col\">Per\u00edodo<\/th>\n<th class=\"curricular_plan_cu_ects\">ECTS<\/th>\n<th class=\"curricular_plan_cu_duration\">Horas de contacto<\/th>\n<\/tr>\n<\/thead>\n<tbody>\n<tr>\n<td class=\"curricular_plan_cu_code align-center\">4504112<\/td>\n<td class=\"curricular_plan_cu_title\">Psicologia do Desenvolvimento<\/td>\n<td class=\"curricular_plan_cu_period\">Semestral<\/td>\n<td class=\"curricular_plan_cu_ects\">6<\/td>\n<td class=\"curricular_plan_cu_duration\">60 horas<\/td>\n<\/tr>\n<\/tbody>\n<tbody>\n<tr>\n<td class=\"curricular_plan_cu_code align-center\">4504115<\/td>\n<td class=\"curricular_plan_cu_title\">Gest\u00e3o de Projetos de Interven\u00e7\u00e3o com a Comunidade<\/td>\n<td class=\"curricular_plan_cu_period\">Semestral<\/td>\n<td class=\"curricular_plan_cu_ects\">6<\/td>\n<td class=\"curricular_plan_cu_duration\">75 horas<\/td>\n<\/tr>\n<\/tbody>\n<tbody>\n<tr>\n<td class=\"curricular_plan_cu_code align-center\">4504111<\/td>\n<td class=\"curricular_plan_cu_title\">Museologia e Etnografia<\/td>\n<td class=\"curricular_plan_cu_period\">Semestral<\/td>\n<td class=\"curricular_plan_cu_ects\">6<\/td>\n<td class=\"curricular_plan_cu_duration\">45 horas<\/td>\n<\/tr>\n<\/tbody>\n<tbody>\n<tr>\n<td class=\"curricular_plan_cu_code align-center\">4504113<\/td>\n<td class=\"curricular_plan_cu_title\">Oficina de Artes Pl\u00e1sticas<\/td>\n<td class=\"curricular_plan_cu_period\">Semestral<\/td>\n<td class=\"curricular_plan_cu_ects\">6<\/td>\n<td class=\"curricular_plan_cu_duration\">75 horas<\/td>\n<\/tr>\n<\/tbody>\n<tbody>\n<tr>\n<td class=\"curricular_plan_cu_code align-center\">4504114<\/td>\n<td class=\"curricular_plan_cu_title\">Oficina de Jogos Motores<\/td>\n<td class=\"curricular_plan_cu_period\">Semestral<\/td>\n<td class=\"curricular_plan_cu_ects\">6<\/td>\n<td class=\"curricular_plan_cu_duration\">60 horas<\/td>\n<\/tr>\n<\/tbody>\n<tbody>\n<tr>\n<td class=\"curricular_plan_cu_code align-center\">4504116<\/td>\n<td class=\"curricular_plan_cu_title\">Est\u00e1gio<\/td>\n<td class=\"curricular_plan_cu_period\">Semestral<\/td>\n<td class=\"curricular_plan_cu_ects\">30<\/td>\n<td class=\"curricular_plan_cu_duration\">640 horas<\/td>\n<\/tr>\n<\/tbody>\n<\/table>\n<h3><\/h3>\n<h3>Prosseguimento de estudos<\/h3>\n<p>Para o TeSP em Interven\u00e7\u00e3o Sociocultural e Desportiva est\u00e3o dispensados da realiza\u00e7\u00e3o da prova de ingresso espec\u00edfica os candidatos \u00e0s licenciaturas em:<\/p>\n<ul>\n<li>Desporto e Bem-Estar<\/li>\n<li>Educa\u00e7\u00e3o B\u00e1sica<\/li>\n<li>Educa\u00e7\u00e3o Social<\/li>\n<li>Servi\u00e7o Social<\/li>\n<\/ul>\n<h3><\/h3>\n<h3>Mais informa\u00e7\u00f5es<\/h3>\n<div>\n<p>Para obter mais informa\u00e7\u00f5es sobre os TeSP e a oferta formativa do Polit\u00e9cnico de Leiria contacte-nos pelo e-mail\u00a0<a href=\"mailto:ctesp@ipleiria.pt\" target=\"_blank\" rel=\"noopener noreferrer\">ctesp@ipleiria.pt<\/a>.<\/p>\n<\/div>\n<\/div>\n","protected":false},"excerpt":{"rendered":"<p>O Curso de T\u00e9cnico Superior de Interven\u00e7\u00e3o Sociocultural e Desportiva pretende formar profissionais habilitados na \u00e1rea da interven\u00e7\u00e3o sociocultural e desportiva, capazes de gerir, conceber, dinamizar e implementar projetos e atividades de car\u00e1ter social, cultural, recreativo e desportivo, direcionados para diferentes p\u00fablicos \u2013 crian\u00e7as, jovens, adultos, idosos, pessoas com defici\u00eancia \u2013 com recurso a ferramentas &hellip; <a href=\"https:\/\/sites.ipleiria.pt\/isd\/\" class=\"more-link\">Continuar a ler<span class=\"screen-reader-text\"> &#8220;Apresenta\u00e7\u00e3o&#8221;<\/span><\/a><\/p>\n","protected":false},"author":2694,"featured_media":0,"parent":0,"menu_order":0,"comment_status":"closed","ping_status":"closed","template":"","meta":{"footnotes":""},"class_list":["post-57","page","type-page","status-publish","hentry"],"_links":{"self":[{"href":"https:\/\/sites.ipleiria.pt\/isd\/wp-json\/wp\/v2\/pages\/57","targetHints":{"allow":["GET"]}}],"collection":[{"href":"https:\/\/sites.ipleiria.pt\/isd\/wp-json\/wp\/v2\/pages"}],"about":[{"href":"https:\/\/sites.ipleiria.pt\/isd\/wp-json\/wp\/v2\/types\/page"}],"author":[{"embeddable":true,"href":"https:\/\/sites.ipleiria.pt\/isd\/wp-json\/wp\/v2\/users\/2694"}],"replies":[{"embeddable":true,"href":"https:\/\/sites.ipleiria.pt\/isd\/wp-json\/wp\/v2\/comments?post=57"}],"version-history":[{"count":7,"href":"https:\/\/sites.ipleiria.pt\/isd\/wp-json\/wp\/v2\/pages\/57\/revisions"}],"predecessor-version":[{"id":980,"href":"https:\/\/sites.ipleiria.pt\/isd\/wp-json\/wp\/v2\/pages\/57\/revisions\/980"}],"wp:attachment":[{"href":"https:\/\/sites.ipleiria.pt\/isd\/wp-json\/wp\/v2\/media?parent=57"}],"curies":[{"name":"wp","href":"https:\/\/api.w.org\/{rel}","templated":true}]}}