{"id":571,"date":"2017-12-02T16:24:26","date_gmt":"2017-12-02T16:24:26","guid":{"rendered":"http:\/\/sites.ipleiria.pt\/isd\/?page_id=571"},"modified":"2017-12-04T15:52:31","modified_gmt":"2017-12-04T15:52:31","slug":"all-dance-2017","status":"publish","type":"page","link":"https:\/\/sites.ipleiria.pt\/isd\/all-dance-2017\/","title":{"rendered":"All Dance 2017"},"content":{"rendered":"<p>O ALL Dance \u00e9 um evento de promo\u00e7\u00e3o da cultura e do patrim\u00f3nio atrav\u00e9s das dan\u00e7as tradicionais e populares.<\/p>\n<p>Este evento alcan\u00e7a na a 10\u00aa edi\u00e7\u00e3o e oferece uma experi\u00eancia diferente num ambiente construtivo cheio de significados e emo\u00e7\u00f5es vividas pelos jovens que ensinam as dan\u00e7as, pelos que recebem as instru\u00e7\u00f5es e pelos restantes que podem ser ex-alunos saudosos que v\u00eam reviver momentos da sua pr\u00f3pria forma\u00e7\u00e3o ou outros atra\u00eddos pela vontade de dan\u00e7ar.<\/p>\n<p><img loading=\"lazy\" decoding=\"async\" class=\"alignleft size-full wp-image-578\" src=\"http:\/\/sites.ipleiria.pt\/isd\/files\/2016\/09\/TeSP_ALL_DANCE.jpg\" alt=\"\" width=\"4160\" height=\"3120\" srcset=\"https:\/\/sites.ipleiria.pt\/isd\/files\/2016\/09\/TeSP_ALL_DANCE.jpg 4160w, https:\/\/sites.ipleiria.pt\/isd\/files\/2016\/09\/TeSP_ALL_DANCE-300x225.jpg 300w, https:\/\/sites.ipleiria.pt\/isd\/files\/2016\/09\/TeSP_ALL_DANCE-768x576.jpg 768w, https:\/\/sites.ipleiria.pt\/isd\/files\/2016\/09\/TeSP_ALL_DANCE-1024x768.jpg 1024w, https:\/\/sites.ipleiria.pt\/isd\/files\/2016\/09\/TeSP_ALL_DANCE-1200x900.jpg 1200w\" sizes=\"auto, (max-width: 709px) 85vw, (max-width: 909px) 67vw, (max-width: 1362px) 62vw, 840px\" \/><\/p>\n<p><img loading=\"lazy\" decoding=\"async\" class=\"alignleft size-full wp-image-573\" src=\"http:\/\/sites.ipleiria.pt\/isd\/files\/2017\/12\/24174346_1779853768693050_3449046134028968972_n.jpg\" alt=\"\" width=\"960\" height=\"720\" srcset=\"https:\/\/sites.ipleiria.pt\/isd\/files\/2017\/12\/24174346_1779853768693050_3449046134028968972_n.jpg 960w, https:\/\/sites.ipleiria.pt\/isd\/files\/2017\/12\/24174346_1779853768693050_3449046134028968972_n-300x225.jpg 300w, https:\/\/sites.ipleiria.pt\/isd\/files\/2017\/12\/24174346_1779853768693050_3449046134028968972_n-768x576.jpg 768w\" sizes=\"auto, (max-width: 709px) 85vw, (max-width: 909px) 67vw, (max-width: 1362px) 62vw, 840px\" \/><\/p>\n","protected":false},"excerpt":{"rendered":"<p>O ALL Dance \u00e9 um evento de promo\u00e7\u00e3o da cultura e do patrim\u00f3nio atrav\u00e9s das dan\u00e7as tradicionais e populares. Este evento alcan\u00e7a na a 10\u00aa edi\u00e7\u00e3o e oferece uma experi\u00eancia diferente num ambiente construtivo cheio de significados e emo\u00e7\u00f5es vividas pelos jovens que ensinam as dan\u00e7as, pelos que recebem as instru\u00e7\u00f5es e pelos restantes que &hellip; <a href=\"https:\/\/sites.ipleiria.pt\/isd\/all-dance-2017\/\" class=\"more-link\">Continuar a ler<span class=\"screen-reader-text\"> &#8220;All Dance 2017&#8221;<\/span><\/a><\/p>\n","protected":false},"author":2694,"featured_media":0,"parent":0,"menu_order":0,"comment_status":"closed","ping_status":"closed","template":"","meta":{"footnotes":""},"class_list":["post-571","page","type-page","status-publish","hentry"],"_links":{"self":[{"href":"https:\/\/sites.ipleiria.pt\/isd\/wp-json\/wp\/v2\/pages\/571","targetHints":{"allow":["GET"]}}],"collection":[{"href":"https:\/\/sites.ipleiria.pt\/isd\/wp-json\/wp\/v2\/pages"}],"about":[{"href":"https:\/\/sites.ipleiria.pt\/isd\/wp-json\/wp\/v2\/types\/page"}],"author":[{"embeddable":true,"href":"https:\/\/sites.ipleiria.pt\/isd\/wp-json\/wp\/v2\/users\/2694"}],"replies":[{"embeddable":true,"href":"https:\/\/sites.ipleiria.pt\/isd\/wp-json\/wp\/v2\/comments?post=571"}],"version-history":[{"count":2,"href":"https:\/\/sites.ipleiria.pt\/isd\/wp-json\/wp\/v2\/pages\/571\/revisions"}],"predecessor-version":[{"id":580,"href":"https:\/\/sites.ipleiria.pt\/isd\/wp-json\/wp\/v2\/pages\/571\/revisions\/580"}],"wp:attachment":[{"href":"https:\/\/sites.ipleiria.pt\/isd\/wp-json\/wp\/v2\/media?parent=571"}],"curies":[{"name":"wp","href":"https:\/\/api.w.org\/{rel}","templated":true}]}}