{"id":581,"date":"2017-12-04T15:55:33","date_gmt":"2017-12-04T15:55:33","guid":{"rendered":"http:\/\/sites.ipleiria.pt\/isd\/?page_id=581"},"modified":"2017-12-04T15:55:33","modified_gmt":"2017-12-04T15:55:33","slug":"jardim-escola-joao-de-deus","status":"publish","type":"page","link":"https:\/\/sites.ipleiria.pt\/isd\/jardim-escola-joao-de-deus\/","title":{"rendered":"Jardim Escola Jo\u00e3o de Deus"},"content":{"rendered":"<p>20 de outubro de 2017<\/p>\n<p>Implementa\u00e7\u00e3o de aula no Jardim Escola Jo\u00e3o de Deus &#8211; Leiria, no \u00e2mbito da <strong>UC Jogos Motores<\/strong><\/p>\n<p><img loading=\"lazy\" decoding=\"async\" class=\"alignleft size-full wp-image-582\" src=\"http:\/\/sites.ipleiria.pt\/isd\/files\/2017\/12\/FOTO_TESP_JEJD.jpg\" alt=\"\" width=\"4127\" height=\"2602\" srcset=\"https:\/\/sites.ipleiria.pt\/isd\/files\/2017\/12\/FOTO_TESP_JEJD.jpg 4127w, https:\/\/sites.ipleiria.pt\/isd\/files\/2017\/12\/FOTO_TESP_JEJD-300x189.jpg 300w, https:\/\/sites.ipleiria.pt\/isd\/files\/2017\/12\/FOTO_TESP_JEJD-768x484.jpg 768w, https:\/\/sites.ipleiria.pt\/isd\/files\/2017\/12\/FOTO_TESP_JEJD-1024x646.jpg 1024w, https:\/\/sites.ipleiria.pt\/isd\/files\/2017\/12\/FOTO_TESP_JEJD-1200x757.jpg 1200w\" sizes=\"auto, (max-width: 709px) 85vw, (max-width: 909px) 67vw, (max-width: 1362px) 62vw, 840px\" \/><\/p>\n","protected":false},"excerpt":{"rendered":"<p>20 de outubro de 2017 Implementa\u00e7\u00e3o de aula no Jardim Escola Jo\u00e3o de Deus &#8211; Leiria, no \u00e2mbito da UC Jogos Motores<\/p>\n","protected":false},"author":2694,"featured_media":0,"parent":0,"menu_order":0,"comment_status":"closed","ping_status":"closed","template":"","meta":{"footnotes":""},"class_list":["post-581","page","type-page","status-publish","hentry"],"_links":{"self":[{"href":"https:\/\/sites.ipleiria.pt\/isd\/wp-json\/wp\/v2\/pages\/581","targetHints":{"allow":["GET"]}}],"collection":[{"href":"https:\/\/sites.ipleiria.pt\/isd\/wp-json\/wp\/v2\/pages"}],"about":[{"href":"https:\/\/sites.ipleiria.pt\/isd\/wp-json\/wp\/v2\/types\/page"}],"author":[{"embeddable":true,"href":"https:\/\/sites.ipleiria.pt\/isd\/wp-json\/wp\/v2\/users\/2694"}],"replies":[{"embeddable":true,"href":"https:\/\/sites.ipleiria.pt\/isd\/wp-json\/wp\/v2\/comments?post=581"}],"version-history":[{"count":1,"href":"https:\/\/sites.ipleiria.pt\/isd\/wp-json\/wp\/v2\/pages\/581\/revisions"}],"predecessor-version":[{"id":586,"href":"https:\/\/sites.ipleiria.pt\/isd\/wp-json\/wp\/v2\/pages\/581\/revisions\/586"}],"wp:attachment":[{"href":"https:\/\/sites.ipleiria.pt\/isd\/wp-json\/wp\/v2\/media?parent=581"}],"curies":[{"name":"wp","href":"https:\/\/api.w.org\/{rel}","templated":true}]}}