{"id":594,"date":"2018-01-10T20:25:17","date_gmt":"2018-01-10T20:25:17","guid":{"rendered":"http:\/\/sites.ipleiria.pt\/isd\/?page_id=594"},"modified":"2018-01-10T20:36:07","modified_gmt":"2018-01-10T20:36:07","slug":"intervencoes-em-instituicoes-2","status":"publish","type":"page","link":"https:\/\/sites.ipleiria.pt\/isd\/intervencoes-em-instituicoes-2\/","title":{"rendered":"Interven\u00e7\u00f5es em Institui\u00e7\u00f5es"},"content":{"rendered":"<p><a href=\"http:\/\/www.paroquiadeleiria.pt\/p\/centro-de-acolhimento-de-leiria.html\"><img loading=\"lazy\" decoding=\"async\" class=\"alignleft size-full wp-image-603\" src=\"http:\/\/sites.ipleiria.pt\/isd\/files\/2018\/01\/CAL_500_png.png\" alt=\"\" width=\"231\" height=\"172\" \/><\/a><\/p>\n<p>&nbsp;<\/p>\n<p>&nbsp;<\/p>\n<p>&nbsp;<\/p>\n<p>&nbsp;<\/p>\n<p>Centro de Acolhimento de Leiria<\/p>\n<p>&nbsp;<\/p>\n<p>&nbsp;<\/p>\n<p><a href=\"http:\/\/www.amitei.pt\"><img loading=\"lazy\" decoding=\"async\" class=\"alignleft size-full wp-image-595\" src=\"http:\/\/sites.ipleiria.pt\/isd\/files\/2018\/01\/amitei.png\" alt=\"\" width=\"338\" height=\"110\" srcset=\"https:\/\/sites.ipleiria.pt\/isd\/files\/2018\/01\/amitei.png 338w, https:\/\/sites.ipleiria.pt\/isd\/files\/2018\/01\/amitei-300x98.png 300w\" sizes=\"auto, (max-width: 338px) 85vw, 338px\" \/><\/a><\/p>\n<p>&nbsp;<\/p>\n<p><img loading=\"lazy\" decoding=\"async\" class=\"alignleft size-full wp-image-596\" src=\"http:\/\/sites.ipleiria.pt\/isd\/files\/2018\/01\/1.png\" alt=\"\" width=\"811\" height=\"608\" srcset=\"https:\/\/sites.ipleiria.pt\/isd\/files\/2018\/01\/1.png 811w, https:\/\/sites.ipleiria.pt\/isd\/files\/2018\/01\/1-300x225.png 300w, https:\/\/sites.ipleiria.pt\/isd\/files\/2018\/01\/1-768x576.png 768w\" sizes=\"auto, (max-width: 811px) 85vw, 811px\" \/><img loading=\"lazy\" decoding=\"async\" class=\"alignleft size-full wp-image-597\" src=\"http:\/\/sites.ipleiria.pt\/isd\/files\/2018\/01\/Logo_Agrupamento.jpg\" alt=\"\" width=\"433\" height=\"269\" srcset=\"https:\/\/sites.ipleiria.pt\/isd\/files\/2018\/01\/Logo_Agrupamento.jpg 433w, https:\/\/sites.ipleiria.pt\/isd\/files\/2018\/01\/Logo_Agrupamento-300x186.jpg 300w\" sizes=\"auto, (max-width: 433px) 85vw, 433px\" \/><img loading=\"lazy\" decoding=\"async\" class=\"alignleft size-full wp-image-598\" src=\"http:\/\/sites.ipleiria.pt\/isd\/files\/2018\/01\/2.png\" alt=\"\" width=\"919\" height=\"613\" srcset=\"https:\/\/sites.ipleiria.pt\/isd\/files\/2018\/01\/2.png 919w, https:\/\/sites.ipleiria.pt\/isd\/files\/2018\/01\/2-300x200.png 300w, https:\/\/sites.ipleiria.pt\/isd\/files\/2018\/01\/2-768x512.png 768w\" sizes=\"auto, (max-width: 709px) 85vw, (max-width: 909px) 67vw, (max-width: 1362px) 62vw, 840px\" \/><img loading=\"lazy\" decoding=\"async\" class=\"alignleft size-full wp-image-396\" src=\"http:\/\/sites.ipleiria.pt\/isd\/files\/2017\/01\/logo.jpg\" alt=\"\" width=\"436\" height=\"320\" srcset=\"https:\/\/sites.ipleiria.pt\/isd\/files\/2017\/01\/logo.jpg 436w, https:\/\/sites.ipleiria.pt\/isd\/files\/2017\/01\/logo-300x220.jpg 300w\" sizes=\"auto, (max-width: 436px) 85vw, 436px\" \/><img loading=\"lazy\" decoding=\"async\" class=\"alignleft size-full wp-image-599\" src=\"http:\/\/sites.ipleiria.pt\/isd\/files\/2018\/01\/3.png\" alt=\"\" width=\"738\" height=\"553\" srcset=\"https:\/\/sites.ipleiria.pt\/isd\/files\/2018\/01\/3.png 738w, https:\/\/sites.ipleiria.pt\/isd\/files\/2018\/01\/3-300x225.png 300w\" sizes=\"auto, (max-width: 738px) 85vw, 738px\" \/><img loading=\"lazy\" decoding=\"async\" class=\"alignleft wp-image-601\" src=\"http:\/\/sites.ipleiria.pt\/isd\/files\/2018\/01\/17016854_621151214751968_2983531656654988727_o.jpg\" alt=\"\" width=\"455\" height=\"196\" srcset=\"https:\/\/sites.ipleiria.pt\/isd\/files\/2018\/01\/17016854_621151214751968_2983531656654988727_o.jpg 783w, https:\/\/sites.ipleiria.pt\/isd\/files\/2018\/01\/17016854_621151214751968_2983531656654988727_o-300x129.jpg 300w, https:\/\/sites.ipleiria.pt\/isd\/files\/2018\/01\/17016854_621151214751968_2983531656654988727_o-768x331.jpg 768w\" sizes=\"auto, (max-width: 455px) 85vw, 455px\" \/><img loading=\"lazy\" decoding=\"async\" class=\"alignleft size-full wp-image-602\" src=\"http:\/\/sites.ipleiria.pt\/isd\/files\/2018\/01\/5.png\" alt=\"\" width=\"484\" height=\"644\" srcset=\"https:\/\/sites.ipleiria.pt\/isd\/files\/2018\/01\/5.png 484w, https:\/\/sites.ipleiria.pt\/isd\/files\/2018\/01\/5-225x300.png 225w\" sizes=\"auto, (max-width: 484px) 85vw, 484px\" \/><img loading=\"lazy\" decoding=\"async\" class=\"alignleft size-full wp-image-416\" src=\"http:\/\/sites.ipleiria.pt\/isd\/files\/2017\/01\/title.jpg\" alt=\"\" width=\"1258\" height=\"198\" srcset=\"https:\/\/sites.ipleiria.pt\/isd\/files\/2017\/01\/title.jpg 1258w, https:\/\/sites.ipleiria.pt\/isd\/files\/2017\/01\/title-300x47.jpg 300w, https:\/\/sites.ipleiria.pt\/isd\/files\/2017\/01\/title-768x121.jpg 768w, https:\/\/sites.ipleiria.pt\/isd\/files\/2017\/01\/title-1024x161.jpg 1024w, https:\/\/sites.ipleiria.pt\/isd\/files\/2017\/01\/title-1200x189.jpg 1200w\" sizes=\"auto, (max-width: 709px) 85vw, (max-width: 909px) 67vw, (max-width: 1362px) 62vw, 840px\" \/><img loading=\"lazy\" decoding=\"async\" class=\"alignleft size-full wp-image-600\" src=\"http:\/\/sites.ipleiria.pt\/isd\/files\/2018\/01\/4.png\" alt=\"\" width=\"974\" height=\"649\" srcset=\"https:\/\/sites.ipleiria.pt\/isd\/files\/2018\/01\/4.png 974w, https:\/\/sites.ipleiria.pt\/isd\/files\/2018\/01\/4-300x200.png 300w, https:\/\/sites.ipleiria.pt\/isd\/files\/2018\/01\/4-768x512.png 768w\" sizes=\"auto, (max-width: 709px) 85vw, (max-width: 909px) 67vw, (max-width: 1362px) 62vw, 840px\" \/><\/p>\n<p>&nbsp;<\/p>\n<p>&nbsp;<\/p>\n<p>&nbsp;<\/p>\n<p>&nbsp;<\/p>\n<p>&nbsp;<\/p>\n<p>&nbsp;<\/p>\n<p>&nbsp;<\/p>\n<p>&nbsp;<\/p>\n<p>&nbsp;<\/p>\n<p>&nbsp;<\/p>\n<p>&nbsp;<\/p>\n<p>&nbsp;<\/p>\n<p>&nbsp;<\/p>\n<p>&nbsp;<\/p>\n<p>&nbsp;<\/p>\n<p>&nbsp;<\/p>\n<p><span>Save<\/span><span>Save<\/span><\/p>\n","protected":false},"excerpt":{"rendered":"<p>&nbsp; &nbsp; &nbsp; &nbsp; Centro de Acolhimento de Leiria &nbsp; &nbsp; &nbsp; &nbsp; &nbsp; &nbsp; &nbsp; &nbsp; &nbsp; &nbsp; &nbsp; &nbsp; &nbsp; &nbsp; &nbsp; &nbsp; &nbsp; &nbsp; &nbsp; SaveSave<\/p>\n","protected":false},"author":2694,"featured_media":0,"parent":0,"menu_order":0,"comment_status":"closed","ping_status":"closed","template":"","meta":{"footnotes":""},"class_list":["post-594","page","type-page","status-publish","hentry"],"_links":{"self":[{"href":"https:\/\/sites.ipleiria.pt\/isd\/wp-json\/wp\/v2\/pages\/594","targetHints":{"allow":["GET"]}}],"collection":[{"href":"https:\/\/sites.ipleiria.pt\/isd\/wp-json\/wp\/v2\/pages"}],"about":[{"href":"https:\/\/sites.ipleiria.pt\/isd\/wp-json\/wp\/v2\/types\/page"}],"author":[{"embeddable":true,"href":"https:\/\/sites.ipleiria.pt\/isd\/wp-json\/wp\/v2\/users\/2694"}],"replies":[{"embeddable":true,"href":"https:\/\/sites.ipleiria.pt\/isd\/wp-json\/wp\/v2\/comments?post=594"}],"version-history":[{"count":14,"href":"https:\/\/sites.ipleiria.pt\/isd\/wp-json\/wp\/v2\/pages\/594\/revisions"}],"predecessor-version":[{"id":620,"href":"https:\/\/sites.ipleiria.pt\/isd\/wp-json\/wp\/v2\/pages\/594\/revisions\/620"}],"wp:attachment":[{"href":"https:\/\/sites.ipleiria.pt\/isd\/wp-json\/wp\/v2\/media?parent=594"}],"curies":[{"name":"wp","href":"https:\/\/api.w.org\/{rel}","templated":true}]}}