{"id":622,"date":"2018-03-02T16:15:07","date_gmt":"2018-03-02T16:15:07","guid":{"rendered":"http:\/\/sites.ipleiria.pt\/isd\/?page_id=622"},"modified":"2018-03-02T16:16:40","modified_gmt":"2018-03-02T16:16:40","slug":"visita-ao-mimo-museu-da-imagem-em-movimento-2","status":"publish","type":"page","link":"https:\/\/sites.ipleiria.pt\/isd\/visita-ao-mimo-museu-da-imagem-em-movimento-2\/","title":{"rendered":"Visita ao m|i|mo &#8211; museu da imagem em movimento"},"content":{"rendered":"<p>no \u00e2mbito da <em>UC Oficina Multim\u00e9dia<\/em><\/p>\n<p>01 de mar\u00e7o de 2018<\/p>\n<p><img loading=\"lazy\" decoding=\"async\" class=\"alignleft size-full wp-image-625\" src=\"http:\/\/sites.ipleiria.pt\/isd\/files\/2018\/03\/IMG_20180301_103326.jpg\" alt=\"\" width=\"1512\" height=\"1134\" srcset=\"https:\/\/sites.ipleiria.pt\/isd\/files\/2018\/03\/IMG_20180301_103326.jpg 1512w, https:\/\/sites.ipleiria.pt\/isd\/files\/2018\/03\/IMG_20180301_103326-300x225.jpg 300w, https:\/\/sites.ipleiria.pt\/isd\/files\/2018\/03\/IMG_20180301_103326-768x576.jpg 768w, https:\/\/sites.ipleiria.pt\/isd\/files\/2018\/03\/IMG_20180301_103326-1024x768.jpg 1024w, https:\/\/sites.ipleiria.pt\/isd\/files\/2018\/03\/IMG_20180301_103326-1200x900.jpg 1200w\" sizes=\"auto, (max-width: 709px) 85vw, (max-width: 909px) 67vw, (max-width: 1362px) 62vw, 840px\" \/><img loading=\"lazy\" decoding=\"async\" class=\"alignleft size-full wp-image-624\" src=\"http:\/\/sites.ipleiria.pt\/isd\/files\/2018\/03\/IMG_20180301_103115.jpg\" alt=\"\" width=\"1512\" height=\"1134\" srcset=\"https:\/\/sites.ipleiria.pt\/isd\/files\/2018\/03\/IMG_20180301_103115.jpg 1512w, https:\/\/sites.ipleiria.pt\/isd\/files\/2018\/03\/IMG_20180301_103115-300x225.jpg 300w, https:\/\/sites.ipleiria.pt\/isd\/files\/2018\/03\/IMG_20180301_103115-768x576.jpg 768w, https:\/\/sites.ipleiria.pt\/isd\/files\/2018\/03\/IMG_20180301_103115-1024x768.jpg 1024w, https:\/\/sites.ipleiria.pt\/isd\/files\/2018\/03\/IMG_20180301_103115-1200x900.jpg 1200w\" sizes=\"auto, (max-width: 709px) 85vw, (max-width: 909px) 67vw, (max-width: 1362px) 62vw, 840px\" \/><img loading=\"lazy\" decoding=\"async\" class=\"alignleft size-full wp-image-623\" src=\"http:\/\/sites.ipleiria.pt\/isd\/files\/2018\/03\/IMG_20180301_102518.jpg\" alt=\"\" width=\"1512\" height=\"1134\" srcset=\"https:\/\/sites.ipleiria.pt\/isd\/files\/2018\/03\/IMG_20180301_102518.jpg 1512w, https:\/\/sites.ipleiria.pt\/isd\/files\/2018\/03\/IMG_20180301_102518-300x225.jpg 300w, https:\/\/sites.ipleiria.pt\/isd\/files\/2018\/03\/IMG_20180301_102518-768x576.jpg 768w, https:\/\/sites.ipleiria.pt\/isd\/files\/2018\/03\/IMG_20180301_102518-1024x768.jpg 1024w, https:\/\/sites.ipleiria.pt\/isd\/files\/2018\/03\/IMG_20180301_102518-1200x900.jpg 1200w\" sizes=\"auto, (max-width: 709px) 85vw, (max-width: 909px) 67vw, (max-width: 1362px) 62vw, 840px\" \/><\/p>\n<p>&nbsp;<\/p>\n<p><span>Save<\/span><span>Save<\/span><\/p>\n","protected":false},"excerpt":{"rendered":"<p>no \u00e2mbito da UC Oficina Multim\u00e9dia 01 de mar\u00e7o de 2018 &nbsp; SaveSave<\/p>\n","protected":false},"author":2694,"featured_media":0,"parent":0,"menu_order":0,"comment_status":"closed","ping_status":"closed","template":"","meta":{"footnotes":""},"class_list":["post-622","page","type-page","status-publish","hentry"],"_links":{"self":[{"href":"https:\/\/sites.ipleiria.pt\/isd\/wp-json\/wp\/v2\/pages\/622","targetHints":{"allow":["GET"]}}],"collection":[{"href":"https:\/\/sites.ipleiria.pt\/isd\/wp-json\/wp\/v2\/pages"}],"about":[{"href":"https:\/\/sites.ipleiria.pt\/isd\/wp-json\/wp\/v2\/types\/page"}],"author":[{"embeddable":true,"href":"https:\/\/sites.ipleiria.pt\/isd\/wp-json\/wp\/v2\/users\/2694"}],"replies":[{"embeddable":true,"href":"https:\/\/sites.ipleiria.pt\/isd\/wp-json\/wp\/v2\/comments?post=622"}],"version-history":[{"count":3,"href":"https:\/\/sites.ipleiria.pt\/isd\/wp-json\/wp\/v2\/pages\/622\/revisions"}],"predecessor-version":[{"id":631,"href":"https:\/\/sites.ipleiria.pt\/isd\/wp-json\/wp\/v2\/pages\/622\/revisions\/631"}],"wp:attachment":[{"href":"https:\/\/sites.ipleiria.pt\/isd\/wp-json\/wp\/v2\/media?parent=622"}],"curies":[{"name":"wp","href":"https:\/\/api.w.org\/{rel}","templated":true}]}}