{"id":642,"date":"2018-04-03T14:20:10","date_gmt":"2018-04-03T14:20:10","guid":{"rendered":"http:\/\/sites.ipleiria.pt\/isd\/?page_id=642"},"modified":"2018-04-03T14:24:18","modified_gmt":"2018-04-03T14:24:18","slug":"aula-aberta-de-dancas-tradicionais-oficina-de-danca-curso-tesp-intervencao-sociocultural-e-desportiva-all-dance-leiria","status":"publish","type":"page","link":"https:\/\/sites.ipleiria.pt\/isd\/aula-aberta-de-dancas-tradicionais-oficina-de-danca-curso-tesp-intervencao-sociocultural-e-desportiva-all-dance-leiria\/","title":{"rendered":"Aula aberta de Dan\u00e7as Tradicionais Oficina de Dan\u00e7a \u2013 ALL Dance Leiria"},"content":{"rendered":"<div id=\"fb-root\"><\/div>\n<p><script>(function(d, s, id) {  var js, fjs = d.getElementsByTagName(s)[0];  if (d.getElementById(id)) return;  js = d.createElement(s); js.id = id;  js.src = 'https:\/\/connect.facebook.net\/pt_PT\/sdk.js#xfbml=1&version=v2.12';  fjs.parentNode.insertBefore(js, fjs);}(document, 'script', 'facebook-jssdk'));<\/script><\/p>\n<div class=\"fb-video\" data-href=\"https:\/\/www.facebook.com\/AllDanceLeiria\/videos\/1512819725461731\/\" data-width=\"840\">\n<blockquote cite=\"https:\/\/www.facebook.com\/AllDanceLeiria\/videos\/1512819725461731\/\" class=\"fb-xfbml-parse-ignore\"><p><a href=\"https:\/\/www.facebook.com\/AllDanceLeiria\/videos\/1512819725461731\/\">Aula aberta de Dan\u00e7as Tradicionais Oficina de Dan\u00e7a \u2013 Curso TeSP Interven\u00e7\u00e3o Sociocultural e Desportiva ALL Dance Leiria<\/a><\/p>\n<p>V\u00eddeo da Aula aberta de dan\u00e7as tradicionais do Tesp Interven\u00e7\u00e3o Sociocultural e desportiva realizada no dia 18 de Dezembro 2017.Fica aqui um v\u00eddeo de despedida do 1 semestre. A todos os alunos umas boas f\u00e9rias e boas dan\u00e7as.<\/p>\n<p>Publicado por <a href=\"https:\/\/www.facebook.com\/AllDanceLeiria\/\">AllDance Leiria<\/a> em Sexta-feira, 12 de Janeiro de 2018<\/p><\/blockquote>\n<\/div>\n","protected":false},"excerpt":{"rendered":"<p>Aula aberta de Dan\u00e7as Tradicionais Oficina de Dan\u00e7a \u2013 Curso TeSP Interven\u00e7\u00e3o Sociocultural e Desportiva ALL Dance Leiria V\u00eddeo da Aula aberta de dan\u00e7as tradicionais do Tesp Interven\u00e7\u00e3o Sociocultural e desportiva realizada no dia 18 de Dezembro 2017.Fica aqui um v\u00eddeo de despedida do 1 semestre. A todos os alunos umas boas f\u00e9rias e boas &hellip; <a href=\"https:\/\/sites.ipleiria.pt\/isd\/aula-aberta-de-dancas-tradicionais-oficina-de-danca-curso-tesp-intervencao-sociocultural-e-desportiva-all-dance-leiria\/\" class=\"more-link\">Continuar a ler<span class=\"screen-reader-text\"> &#8220;Aula aberta de Dan\u00e7as Tradicionais Oficina de Dan\u00e7a \u2013 ALL Dance Leiria&#8221;<\/span><\/a><\/p>\n","protected":false},"author":2694,"featured_media":0,"parent":0,"menu_order":0,"comment_status":"closed","ping_status":"closed","template":"","meta":{"footnotes":""},"class_list":["post-642","page","type-page","status-publish","hentry"],"_links":{"self":[{"href":"https:\/\/sites.ipleiria.pt\/isd\/wp-json\/wp\/v2\/pages\/642","targetHints":{"allow":["GET"]}}],"collection":[{"href":"https:\/\/sites.ipleiria.pt\/isd\/wp-json\/wp\/v2\/pages"}],"about":[{"href":"https:\/\/sites.ipleiria.pt\/isd\/wp-json\/wp\/v2\/types\/page"}],"author":[{"embeddable":true,"href":"https:\/\/sites.ipleiria.pt\/isd\/wp-json\/wp\/v2\/users\/2694"}],"replies":[{"embeddable":true,"href":"https:\/\/sites.ipleiria.pt\/isd\/wp-json\/wp\/v2\/comments?post=642"}],"version-history":[{"count":2,"href":"https:\/\/sites.ipleiria.pt\/isd\/wp-json\/wp\/v2\/pages\/642\/revisions"}],"predecessor-version":[{"id":647,"href":"https:\/\/sites.ipleiria.pt\/isd\/wp-json\/wp\/v2\/pages\/642\/revisions\/647"}],"wp:attachment":[{"href":"https:\/\/sites.ipleiria.pt\/isd\/wp-json\/wp\/v2\/media?parent=642"}],"curies":[{"name":"wp","href":"https:\/\/api.w.org\/{rel}","templated":true}]}}