{"id":674,"date":"2018-04-25T16:56:38","date_gmt":"2018-04-25T16:56:38","guid":{"rendered":"http:\/\/sites.ipleiria.pt\/isd\/?page_id=674"},"modified":"2023-03-21T10:58:51","modified_gmt":"2023-03-21T10:58:51","slug":"674-2","status":"publish","type":"page","link":"https:\/\/sites.ipleiria.pt\/isd\/674-2\/","title":{"rendered":"R\u00e1dio IPLay"},"content":{"rendered":"<p>Atelier na R\u00e1dio IPLay &#8211; ESECS<\/p>\n<p>No \u00e2mbito da UC Oficina Multim\u00e9dia, com a presen\u00e7a da gestora de marketing e comunica\u00e7\u00e3o Maria Jo\u00e3o Novo.<\/p>\n<p><img loading=\"lazy\" decoding=\"async\" class=\"alignleft size-large wp-image-676\" src=\"http:\/\/sites.ipleiria.pt\/isd\/files\/2018\/04\/IMG_20180423_103739-1024x768.jpg\" alt=\"\" width=\"840\" height=\"630\" srcset=\"https:\/\/sites.ipleiria.pt\/isd\/files\/2018\/04\/IMG_20180423_103739-1024x768.jpg 1024w, https:\/\/sites.ipleiria.pt\/isd\/files\/2018\/04\/IMG_20180423_103739-300x225.jpg 300w, https:\/\/sites.ipleiria.pt\/isd\/files\/2018\/04\/IMG_20180423_103739-768x576.jpg 768w, https:\/\/sites.ipleiria.pt\/isd\/files\/2018\/04\/IMG_20180423_103739-1200x900.jpg 1200w, https:\/\/sites.ipleiria.pt\/isd\/files\/2018\/04\/IMG_20180423_103739.jpg 1417w\" sizes=\"auto, (max-width: 709px) 85vw, (max-width: 909px) 67vw, (max-width: 1362px) 62vw, 840px\" \/> <img loading=\"lazy\" decoding=\"async\" class=\"alignleft size-large wp-image-677\" src=\"http:\/\/sites.ipleiria.pt\/isd\/files\/2018\/04\/IMG_20180423_104756-1024x768.jpg\" alt=\"\" width=\"840\" height=\"630\" srcset=\"https:\/\/sites.ipleiria.pt\/isd\/files\/2018\/04\/IMG_20180423_104756-1024x768.jpg 1024w, https:\/\/sites.ipleiria.pt\/isd\/files\/2018\/04\/IMG_20180423_104756-300x225.jpg 300w, https:\/\/sites.ipleiria.pt\/isd\/files\/2018\/04\/IMG_20180423_104756-768x576.jpg 768w, https:\/\/sites.ipleiria.pt\/isd\/files\/2018\/04\/IMG_20180423_104756-1200x900.jpg 1200w, https:\/\/sites.ipleiria.pt\/isd\/files\/2018\/04\/IMG_20180423_104756.jpg 1417w\" sizes=\"auto, (max-width: 709px) 85vw, (max-width: 909px) 67vw, (max-width: 1362px) 62vw, 840px\" \/><\/p>\n<p>SaveSave<\/p>\n","protected":false},"excerpt":{"rendered":"<p>Atelier na R\u00e1dio IPLay &#8211; ESECS No \u00e2mbito da UC Oficina Multim\u00e9dia, com a presen\u00e7a da gestora de marketing e comunica\u00e7\u00e3o Maria Jo\u00e3o Novo. SaveSave<\/p>\n","protected":false},"author":2694,"featured_media":0,"parent":0,"menu_order":0,"comment_status":"closed","ping_status":"closed","template":"","meta":{"footnotes":""},"class_list":["post-674","page","type-page","status-publish","hentry"],"_links":{"self":[{"href":"https:\/\/sites.ipleiria.pt\/isd\/wp-json\/wp\/v2\/pages\/674","targetHints":{"allow":["GET"]}}],"collection":[{"href":"https:\/\/sites.ipleiria.pt\/isd\/wp-json\/wp\/v2\/pages"}],"about":[{"href":"https:\/\/sites.ipleiria.pt\/isd\/wp-json\/wp\/v2\/types\/page"}],"author":[{"embeddable":true,"href":"https:\/\/sites.ipleiria.pt\/isd\/wp-json\/wp\/v2\/users\/2694"}],"replies":[{"embeddable":true,"href":"https:\/\/sites.ipleiria.pt\/isd\/wp-json\/wp\/v2\/comments?post=674"}],"version-history":[{"count":5,"href":"https:\/\/sites.ipleiria.pt\/isd\/wp-json\/wp\/v2\/pages\/674\/revisions"}],"predecessor-version":[{"id":1154,"href":"https:\/\/sites.ipleiria.pt\/isd\/wp-json\/wp\/v2\/pages\/674\/revisions\/1154"}],"wp:attachment":[{"href":"https:\/\/sites.ipleiria.pt\/isd\/wp-json\/wp\/v2\/media?parent=674"}],"curies":[{"name":"wp","href":"https:\/\/api.w.org\/{rel}","templated":true}]}}